{"id":1045,"date":"2018-03-01T02:24:52","date_gmt":"2018-03-01T02:24:52","guid":{"rendered":"http:\/\/sw-themes.com\/porto_dummy\/?page_id=1045"},"modified":"2024-04-10T15:16:48","modified_gmt":"2024-04-10T13:16:48","slug":"ueber-uns","status":"publish","type":"page","link":"https:\/\/tabletpress-store.com\/cs\/ueber-uns\/","title":{"rendered":"O n\u00e1s"},"content":{"rendered":"<section class=\"wpb-content-wrapper\"><div class=\"vc_row wpb_row top-row vc_custom_1519871900664 text-center porto-inner-container\"><div class=\"porto-wrap-container container\"><div class=\"row\"><div class=\"mx-auto vc_column_container col-md-12 offset-xl-0 col-xl-8 offset-lg-0 col-lg-10\"><div class=\"wpb_wrapper vc_column-inner\">\n\t<div class=\"wpb_text_column wpb_content_element\" >\n\t\t<div class=\"wpb_wrapper\">\n\t\t\t<p style=\"text-align: left;\" class=\"translation-block\"><strong>Tabletov\u00e9 lisy<\/strong> pro pou\u017eit\u00ed ve farmaceutick\u00e9m odv\u011btv\u00ed nebo v oblasti potravinov\u00fdch dopl\u0148k\u016f jsou z\u00e1kladem jak\u00e9koli hospod\u00e1\u0159sk\u00e9 \u010dinnosti v\u00fdrobc\u016f. A to zcela nez\u00e1visle na tom, zda chcete pomoc\u00ed stroje vyr\u00e1b\u011bt velk\u00e9 \u0161ar\u017ee nebo zvl\u00e1dnuteln\u00e1 mno\u017estv\u00ed.<\/p>\n<p style=\"text-align: left;\">Nab\u00edz\u00edme v\u00e1m \u0159e\u0161en\u00ed na m\u00edru, abyste mohli okam\u017eit\u011b zah\u00e1jit v\u00fdrobu p\u0159esn\u011b podle sv\u00fdch pot\u0159eb. Va\u0161e v\u00fdhoda: D\u00edky celoevropsk\u00e9 doprav\u011b zdarma obdr\u017e\u00edte sv\u016fj lis na tablety za mimo\u0159\u00e1dn\u011b v\u00fdhodnou cenu.<\/p>\n<p style=\"text-align: left;\">D\u00edky na\u0161emu skladu v N\u011bmecku jsme schopni sami zajistit pot\u0159ebnou logistiku a dodat tak v\u00e1\u0161 lis na tablety podle po\u017eadavk\u016f v co nejkrat\u0161\u00ed dob\u011b.<\/p>\n<p style=\"text-align: left;\">Lisy na tablety od na\u0161\u00ed spole\u010dnosti nab\u00edzej\u00ed \u0161irokou \u0161k\u00e1lu mo\u017enost\u00ed. Pokud si jako v\u00fdrobce nejste jisti, kter\u00fd z nich nejl\u00e9pe vyhovuje va\u0161\u00ed v\u00fdrob\u011b, obra\u0165te se na n\u00e1s. Prost\u0159ednictv\u00edm kontaktn\u00edho formul\u00e1\u0159e, ale tak\u00e9 po\u0161tou a telefonicky v\u00e1m r\u00e1di porad\u00edme a pom\u016f\u017eeme vybrat ten spr\u00e1vn\u00fd tabletovac\u00ed lis pro v\u00e1\u0161 provoz.<\/p>\n<h2>Kde lze zakoupit lisy na tablety?<\/h2>\n<p style=\"text-align: left;\">Chcete vysoce kvalitn\u00ed <a href=\"https:\/\/tabletpress-store.com\/cs\/shop\/\">Tablettenpressen<\/a> s celosv\u011btovou dopravou? Nehledejte nic jin\u00e9ho ne\u017e Tabletpress Store! U n\u00e1s najdete v\u0161e, co pot\u0159ebujete pro sv\u00e9 tabletov\u00e9 lisy. Nab\u00edz\u00edme v\u00e1m \u0161irok\u00fd sortiment vysoce kvalitn\u00edch stroj\u016f, kter\u00e9 spl\u0148uj\u00ed po\u017eadavky komer\u010dn\u00ed v\u00fdroby.<\/p>\n<p style=\"text-align: left;\">My v <a href=\"https:\/\/tabletpress-store.com\/cs\/\">Tabletpress Store<\/a> v\u00edte, jak d\u016fle\u017eit\u00e1 je ve va\u0161em v\u00fdrobn\u00edm procesu efektivita a spolehlivost. Proto pe\u010dliv\u011b vyb\u00edr\u00e1me n\u00e1\u0161 sortiment a db\u00e1me na to, aby ka\u017ed\u00fd stroj spl\u0148oval na\u0161e p\u0159\u00edsn\u00e9 normy pro v\u00fdkon a \u017eivotnost. A\u0165 u\u017e jste v\u00fdrobce l\u00e9\u010div, potravin\u00e1\u0159sk\u00e1 spole\u010dnost nebo jak\u00fdkoli jin\u00fd obor, kde je t\u0159eba vyr\u00e1b\u011bt tablety, m\u00e1me pro v\u00e1s to spr\u00e1vn\u00e9 \u0159e\u0161en\u00ed.<\/p>\n<p style=\"text-align: left;\">Na\u0161e lisy na tablety jsou navr\u017eeny tak, aby poskytovaly konzistentn\u00ed v\u00fdsledky, tak\u017ee m\u016f\u017eete vyr\u00e1b\u011bt rovnom\u011brn\u00e9 tablety s p\u0159esnost\u00ed a preciznost\u00ed. M\u00e1me modely pro ka\u017ed\u00fd v\u00fdrobn\u00ed po\u017eadavek, od lis\u016f s jedn\u00edm stanovi\u0161t\u011bm a\u017e po vysokorychlostn\u00ed rota\u010dn\u00ed lisy. A d\u00edky na\u0161im celosv\u011btov\u00fdm mo\u017enostem p\u0159epravy si m\u016f\u017eete nechat za\u0159\u00edzen\u00ed pohodln\u011b doru\u010dit a\u017e k va\u0161im dve\u0159\u00edm, a\u0165 u\u017e jste kdekoli.<\/p>\n<p style=\"text-align: left;\">Pokud m\u00e1te z\u00e1jem o obchod Tabletpress Store, m\u016f\u017eete o\u010dek\u00e1vat vynikaj\u00edc\u00ed z\u00e1kaznick\u00fd servis na ka\u017ed\u00e9m kroku. N\u00e1\u0161 t\u00fdm odborn\u00edk\u016f v\u00e1m pom\u016f\u017ee vybrat ide\u00e1ln\u00ed stroj pro va\u0161e pot\u0159eby a poskytne v\u00e1m pr\u016fb\u011b\u017enou podporu, abyste byli spokojeni.<\/p>\n<p style=\"text-align: left;\">P\u0159i v\u00fdrob\u011b tablet\u016f se nespokojte s hor\u0161\u00edm vybaven\u00edm. D\u016fv\u011b\u0159ujte obchodu Tabletpress Store, pokud jde o vysoce kvalitn\u00ed stroje a spolehlivou dopravu po cel\u00e9m sv\u011bt\u011b. Prohl\u00e9dn\u011bte si na\u0161i nab\u00eddku je\u0161t\u011b dnes a posu\u0148te sv\u00e9 v\u00fdrobn\u00ed mo\u017enosti na vy\u0161\u0161\u00ed \u00farove\u0148!<\/p>\n\n\t\t<\/div>\n\t<\/div>\n<\/div><\/div><\/div><\/div><\/div><div class=\"vc_row wpb_row top-row vc_custom_1519878974553 porto-inner-container\"><div class=\"porto-wrap-container container\"><div class=\"row\"><div class=\"vc_column_container col-md-12\"><div class=\"wpb_wrapper vc_column-inner\"><div class=\"porto-u-heading  wpb_custom_95aa9a11c17ad45cfabaf210d84ee7cc porto-u-5420\"><div class=\"porto-u-main-heading\"><h2   style=\"font-family:Oswald;font-weight:700;color:#282d3b;margin-bottom: 30px;font-size:16px;line-height:16px;\">NA\u0160E SLU\u017dBY<\/h2><\/div><style>.porto-u-5420.porto-u-heading{text-align:left}<\/style><\/div><div class=\"vc_row wpb_row vc_inner row\"><div class=\"vc_column_container col-md-4\"><div class=\"wpb_wrapper vc_column-inner\"><div class=\"porto-sicon-box  wpb_custom_53e73a674388c5cfe74ddc58c1fd48fa style_1 default-icon\"><div class=\"porto-sicon-default\"><div class=\"porto-just-icon-wrapper porto-icon advanced\" style=\"color:#1e73be;border-style:solid;border-color:#1e73be;border-width:2px;width:56px;height:56px;line-height:56px;border-radius:56px;font-size:28px;\"><i class=\"fas fa-truck\"><\/i><\/div><\/div><div class=\"porto-sicon-header\"><h3 class=\"porto-sicon-title\" style=\"font-weight:700;font-size:15px;line-height:15px;color:#2b2b2d;\">DOPRAVA ZDARMA<\/h3><p style=\"font-size:14px;line-height:27px;color:#4a505e;\">\u017d\u00e1dn\u00e9 n\u00e1klady na dopravu - po cel\u00e9m sv\u011bt\u011b<\/p><\/div> <!-- header --><\/div><!-- porto-sicon-box --><\/div><\/div><div class=\"vc_column_container col-md-4\"><div class=\"wpb_wrapper vc_column-inner\"><div class=\"porto-sicon-box  wpb_custom_53e73a674388c5cfe74ddc58c1fd48fa style_1 default-icon\"><div class=\"porto-sicon-default\"><div class=\"porto-just-icon-wrapper porto-icon advanced\" style=\"color:#1e73be;border-style:solid;border-color:#1e73be;border-width:2px;width:56px;height:56px;line-height:56px;border-radius:56px;font-size:28px;\"><i class=\"fas fa-euro-sign\"><\/i><\/div><\/div><div class=\"porto-sicon-header\"><h3 class=\"porto-sicon-title\" style=\"font-weight:700;font-size:15px;line-height:15px;color:#2b2b2d;\">F\u00c9ROV\u00c9 CENY<\/h3><p style=\"font-size:14px;line-height:27px;color:#4a505e;\">Atraktivn\u00ed ceny pro na\u0161e z\u00e1kazn\u00edky<\/p><\/div> <!-- header --><\/div><!-- porto-sicon-box --><\/div><\/div><div class=\"vc_column_container col-md-4\"><div class=\"wpb_wrapper vc_column-inner\"><div class=\"porto-sicon-box  wpb_custom_53e73a674388c5cfe74ddc58c1fd48fa style_1 default-icon\"><div class=\"porto-sicon-default\"><div class=\"porto-just-icon-wrapper porto-icon advanced\" style=\"color:#1e73be;border-style:solid;border-color:#1e73be;border-width:2px;width:56px;height:56px;line-height:56px;border-radius:56px;font-size:28px;\"><i class=\"fas fa-shipping-fast\"><\/i><\/div><\/div><div class=\"porto-sicon-header\"><h3 class=\"porto-sicon-title\" style=\"font-weight:700;font-size:15px;line-height:15px;color:#2b2b2d;\">RYCHL\u00c9 DORU\u010cEN\u00cd<\/h3><p style=\"font-size:14px;line-height:27px;color:#4a505e;\">Rychl\u00e9 dod\u00e1n\u00ed z N\u011bmecka<\/p><\/div> <!-- header --><\/div><!-- porto-sicon-box --><\/div><\/div><\/div><div class=\"vc_empty_space\"   style=\"height: 32px\"><span class=\"vc_empty_space_inner\"><\/span><\/div><\/div><\/div><\/div><\/div><\/div>\n<\/section>","protected":false},"excerpt":{"rendered":"Tablettenpressen f\u00fcr den Einsatz im pharmazeutischen Bereich oder auch im Bereich der Nahrungserg\u00e4nzungsmittel sind die Grundlage f\u00fcr jede wirtschaftliche Bet\u00e4tigung von Herstellern. Dies ist ganz unabh\u00e4ngig davon, ob Sie mit der Maschine gro\u00dfe Chargen oder \u00fcberschaubare Mengen herstellen wollen. Wir liefern Ihnen ma\u00dfgeschneiderte L\u00f6sungen, damit Sie genau nach Ihren Bed\u00fcrfnissen sofort mit der Produktion starten [...]","protected":false},"author":1,"featured_media":0,"parent":0,"menu_order":0,"comment_status":"closed","ping_status":"closed","template":"","meta":{"footnotes":""},"class_list":["post-1045","page","type-page","status-publish","hentry"],"yoast_head":"<!-- This site is optimized with the Yoast SEO plugin v23.3 - https:\/\/yoast.com\/wordpress\/plugins\/seo\/ -->\n<title>\u00dcber uns - Hochwertige Tablettenpresse - Tabletpress Store<\/title>\n<meta name=\"description\" content=\"\u00dcber uns - Kaufen Sie Tablettenpresse Maschine und Ausr\u00fcstung. Konkurrenzf\u00e4higer Preis - Schnelle Lieferzeit - Sichere Zahlung - Strenge Qualit\u00e4t - 24\/7\" \/>\n<meta name=\"robots\" content=\"index, follow, max-snippet:-1, max-image-preview:large, max-video-preview:-1\" \/>\n<link rel=\"canonical\" href=\"https:\/\/tabletpress-store.com\/cs\/ueber-uns\/\" \/>\n<meta property=\"og:locale\" content=\"cs_CZ\" \/>\n<meta property=\"og:type\" content=\"article\" \/>\n<meta property=\"og:title\" content=\"\u00dcber uns - Hochwertige Tablettenpresse - Tabletpress Store\" \/>\n<meta property=\"og:description\" content=\"\u00dcber uns - Kaufen Sie Tablettenpresse Maschine und Ausr\u00fcstung. Konkurrenzf\u00e4higer Preis - Schnelle Lieferzeit - Sichere Zahlung - Strenge Qualit\u00e4t - 24\/7\" \/>\n<meta property=\"og:url\" content=\"https:\/\/tabletpress-store.com\/cs\/ueber-uns\/\" \/>\n<meta property=\"og:site_name\" content=\"Tablettenpressen\" \/>\n<meta property=\"article:modified_time\" content=\"2024-04-10T13:16:48+00:00\" \/>\n<meta name=\"twitter:card\" content=\"summary_large_image\" \/>\n<meta name=\"twitter:label1\" content=\"Odhadovan\u00e1 doba \u010dten\u00ed\" \/>\n\t<meta name=\"twitter:data1\" content=\"2 minuty\" \/>\n<script type=\"application\/ld+json\" class=\"yoast-schema-graph\">{\"@context\":\"https:\/\/schema.org\",\"@graph\":[{\"@type\":\"WebPage\",\"@id\":\"https:\/\/tabletpress-store.com\/ueber-uns\/\",\"url\":\"https:\/\/tabletpress-store.com\/ueber-uns\/\",\"name\":\"\u00dcber uns - Hochwertige Tablettenpresse - Tabletpress Store\",\"isPartOf\":{\"@id\":\"https:\/\/tabletpress-store.com\/pl\/#website\"},\"datePublished\":\"2018-03-01T02:24:52+00:00\",\"dateModified\":\"2024-04-10T13:16:48+00:00\",\"description\":\"\u00dcber uns - Kaufen Sie Tablettenpresse Maschine und Ausr\u00fcstung. Konkurrenzf\u00e4higer Preis - Schnelle Lieferzeit - Sichere Zahlung - Strenge Qualit\u00e4t - 24\/7\",\"breadcrumb\":{\"@id\":\"https:\/\/tabletpress-store.com\/ueber-uns\/#breadcrumb\"},\"inLanguage\":\"cs\",\"potentialAction\":[{\"@type\":\"ReadAction\",\"target\":[\"https:\/\/tabletpress-store.com\/ueber-uns\/\"]}]},{\"@type\":\"BreadcrumbList\",\"@id\":\"https:\/\/tabletpress-store.com\/ueber-uns\/#breadcrumb\",\"itemListElement\":[{\"@type\":\"ListItem\",\"position\":1,\"name\":\"Startseite\",\"item\":\"https:\/\/tabletpress-store.com\/\"},{\"@type\":\"ListItem\",\"position\":2,\"name\":\"\u00dcber uns\"}]},{\"@type\":\"WebSite\",\"@id\":\"https:\/\/tabletpress-store.com\/pl\/#website\",\"url\":\"https:\/\/tabletpress-store.com\/pl\/\",\"name\":\"Tabletpress Store\",\"description\":\"Tablettenpressen f\u00fcr die Produktion von Medikamenten oder Supplements\",\"publisher\":{\"@id\":\"https:\/\/tabletpress-store.com\/pl\/#organization\"},\"potentialAction\":[{\"@type\":\"SearchAction\",\"target\":{\"@type\":\"EntryPoint\",\"urlTemplate\":\"https:\/\/tabletpress-store.com\/pl\/?s={search_term_string}\"},\"query-input\":\"required name=search_term_string\"}],\"inLanguage\":\"cs\"},{\"@type\":\"Organization\",\"@id\":\"https:\/\/tabletpress-store.com\/pl\/#organization\",\"name\":\"Tabletpress Store\",\"url\":\"https:\/\/tabletpress-store.com\/pl\/\",\"logo\":{\"@type\":\"ImageObject\",\"inLanguage\":\"cs\",\"@id\":\"https:\/\/tabletpress-store.com\/pl\/#\/schema\/logo\/image\/\",\"url\":\"https:\/\/tabletpress-store.com\/wp-content\/uploads\/2023\/07\/tablettpress-store-logo.png\",\"contentUrl\":\"https:\/\/tabletpress-store.com\/wp-content\/uploads\/2023\/07\/tablettpress-store-logo.png\",\"width\":1800,\"height\":1800,\"caption\":\"Tabletpress Store\"},\"image\":{\"@id\":\"https:\/\/tabletpress-store.com\/pl\/#\/schema\/logo\/image\/\"}}]}<\/script>\n<!-- \/ Yoast SEO plugin. -->","yoast_head_json":{"title":"\u00dcber uns - Hochwertige Tablettenpresse - Tabletpress Store","description":"\u00dcber uns - Kaufen Sie Tablettenpresse Maschine und Ausr\u00fcstung. Konkurrenzf\u00e4higer Preis - Schnelle Lieferzeit - Sichere Zahlung - Strenge Qualit\u00e4t - 24\/7","robots":{"index":"index","follow":"follow","max-snippet":"max-snippet:-1","max-image-preview":"max-image-preview:large","max-video-preview":"max-video-preview:-1"},"canonical":"https:\/\/tabletpress-store.com\/cs\/ueber-uns\/","og_locale":"cs_CZ","og_type":"article","og_title":"\u00dcber uns - Hochwertige Tablettenpresse - Tabletpress Store","og_description":"\u00dcber uns - Kaufen Sie Tablettenpresse Maschine und Ausr\u00fcstung. Konkurrenzf\u00e4higer Preis - Schnelle Lieferzeit - Sichere Zahlung - Strenge Qualit\u00e4t - 24\/7","og_url":"https:\/\/tabletpress-store.com\/cs\/ueber-uns\/","og_site_name":"Tablettenpressen","article_modified_time":"2024-04-10T13:16:48+00:00","twitter_card":"summary_large_image","twitter_misc":{"Odhadovan\u00e1 doba \u010dten\u00ed":"2 minuty"},"schema":{"@context":"https:\/\/schema.org","@graph":[{"@type":"WebPage","@id":"https:\/\/tabletpress-store.com\/ueber-uns\/","url":"https:\/\/tabletpress-store.com\/ueber-uns\/","name":"\u00dcber uns - Hochwertige Tablettenpresse - Tabletpress Store","isPartOf":{"@id":"https:\/\/tabletpress-store.com\/pl\/#website"},"datePublished":"2018-03-01T02:24:52+00:00","dateModified":"2024-04-10T13:16:48+00:00","description":"\u00dcber uns - Kaufen Sie Tablettenpresse Maschine und Ausr\u00fcstung. Konkurrenzf\u00e4higer Preis - Schnelle Lieferzeit - Sichere Zahlung - Strenge Qualit\u00e4t - 24\/7","breadcrumb":{"@id":"https:\/\/tabletpress-store.com\/ueber-uns\/#breadcrumb"},"inLanguage":"cs","potentialAction":[{"@type":"ReadAction","target":["https:\/\/tabletpress-store.com\/ueber-uns\/"]}]},{"@type":"BreadcrumbList","@id":"https:\/\/tabletpress-store.com\/ueber-uns\/#breadcrumb","itemListElement":[{"@type":"ListItem","position":1,"name":"Startseite","item":"https:\/\/tabletpress-store.com\/"},{"@type":"ListItem","position":2,"name":"\u00dcber uns"}]},{"@type":"WebSite","@id":"https:\/\/tabletpress-store.com\/pl\/#website","url":"https:\/\/tabletpress-store.com\/pl\/","name":"Tabletpress Store","description":"Tablettenpressen f\u00fcr die Produktion von Medikamenten oder Supplements","publisher":{"@id":"https:\/\/tabletpress-store.com\/pl\/#organization"},"potentialAction":[{"@type":"SearchAction","target":{"@type":"EntryPoint","urlTemplate":"https:\/\/tabletpress-store.com\/pl\/?s={search_term_string}"},"query-input":"required name=search_term_string"}],"inLanguage":"cs"},{"@type":"Organization","@id":"https:\/\/tabletpress-store.com\/pl\/#organization","name":"Tabletpress Store","url":"https:\/\/tabletpress-store.com\/pl\/","logo":{"@type":"ImageObject","inLanguage":"cs","@id":"https:\/\/tabletpress-store.com\/pl\/#\/schema\/logo\/image\/","url":"https:\/\/tabletpress-store.com\/wp-content\/uploads\/2023\/07\/tablettpress-store-logo.png","contentUrl":"https:\/\/tabletpress-store.com\/wp-content\/uploads\/2023\/07\/tablettpress-store-logo.png","width":1800,"height":1800,"caption":"Tabletpress Store"},"image":{"@id":"https:\/\/tabletpress-store.com\/pl\/#\/schema\/logo\/image\/"}}]}},"_links":{"self":[{"href":"https:\/\/tabletpress-store.com\/cs\/wp-json\/wp\/v2\/pages\/1045","targetHints":{"allow":["GET"]}}],"collection":[{"href":"https:\/\/tabletpress-store.com\/cs\/wp-json\/wp\/v2\/pages"}],"about":[{"href":"https:\/\/tabletpress-store.com\/cs\/wp-json\/wp\/v2\/types\/page"}],"author":[{"embeddable":true,"href":"https:\/\/tabletpress-store.com\/cs\/wp-json\/wp\/v2\/users\/1"}],"replies":[{"embeddable":true,"href":"https:\/\/tabletpress-store.com\/cs\/wp-json\/wp\/v2\/comments?post=1045"}],"version-history":[{"count":17,"href":"https:\/\/tabletpress-store.com\/cs\/wp-json\/wp\/v2\/pages\/1045\/revisions"}],"predecessor-version":[{"id":2402,"href":"https:\/\/tabletpress-store.com\/cs\/wp-json\/wp\/v2\/pages\/1045\/revisions\/2402"}],"wp:attachment":[{"href":"https:\/\/tabletpress-store.com\/cs\/wp-json\/wp\/v2\/media?parent=1045"}],"curies":[{"name":"wp","href":"https:\/\/api.w.org\/{rel}","templated":true}]}}