{"id":2237,"date":"2023-07-15T11:15:12","date_gmt":"2023-07-15T09:15:12","guid":{"rendered":"https:\/\/tabletpress-store.com\/?page_id=2237"},"modified":"2024-09-09T20:45:00","modified_gmt":"2024-09-09T18:45:00","slug":"allgemeine-geschaeftsbedingungen","status":"publish","type":"page","link":"https:\/\/tabletpress-store.com\/cs\/allgemeine-geschaeftsbedingungen\/","title":{"rendered":"V\u0161eobecn\u00e9 obchodn\u00ed podm\u00ednky"},"content":{"rendered":"<section class=\"wpb-content-wrapper\"><div class=\"vc_row wpb_row row top-row\"><div class=\"vc_column_container col-md-12\"><div class=\"wpb_wrapper vc_column-inner\"><div class=\"porto-u-heading  wpb_custom_95aa9a11c17ad45cfabaf210d84ee7cc porto-u-2259\"><div class=\"porto-u-main-heading\"><h2  >V\u0161eobecn\u00e9 obchodn\u00ed podm\u00ednky<\/h2><\/div><div class=\"porto-u-sub-heading\" style=\"\">f\u00fcr dieses Angebot<\/p>\n<p><\/div><div class=\"porto-u-heading-spacer line_only\" style=\"height:1px;\"><span class=\"porto-u-headings-line\" style=\"border-style:solid;border-bottom-width:1px;border-color:#ccc;width:auto;\"><\/span><\/div><style>.porto-u-2259.porto-u-heading{text-align:center} .porto-u-2259 .porto-u-headings-line{float: unset;}<\/style><\/div><div class=\"vc_empty_space\"   style=\"height: 32px\"><span class=\"vc_empty_space_inner\"><\/span><\/div>\n\t<div class=\"wpb_text_column wpb_content_element\" >\n\t\t<div class=\"wpb_wrapper\">\n\t\t\t<p><strong>\u00a7 1 Rozsah, p\u0159edm\u011bt smlouvy a toto\u017enost prod\u00e1vaj\u00edc\u00edho<\/strong><\/p>\n<p>(1) N\u00e1sleduj\u00edc\u00ed ustanoven\u00ed se vztahuj\u00ed na v\u0161echny smlouvy mezi n\u00e1mi, tj.<\/p>\n<p class=\"p1\">Shanghai Pharmaceutical Machinery Co., Ltd<br \/>\nNo, 78, Building 250, Ai Guo road, Shanghai<br \/>\nChina<\/p>\n<p class=\"p1\">Telefon: 016097911653<br \/>\nE-Mail: <a href=\"https:\/\/web.archive.org\/web\/20211127201913\/mailto:stefanzhujun@gmail.com\">stefanzhujun@gmail.com<\/a><\/p>\n<p>jako prod\u00e1vaj\u00edc\u00edho a vy jako kupuj\u00edc\u00ed o prodeji a dod\u00e1n\u00ed n\u00e1mi nab\u00edzen\u00fdch polo\u017eek prost\u0159ednictv\u00edm internetov\u00e9 platformy eBay.<\/p>\n<p><strong>\u00a7 2 Spot\u0159ebitel a podnikatel<\/strong><\/p>\n<p>(1) Na\u0161e nab\u00eddky jsou zam\u011b\u0159eny jak na spot\u0159ebitele, tak na podnikatele.<\/p>\n<p>(2) Spot\u0159ebitelem je v tomto smyslu ka\u017ed\u00e1 fyzick\u00e1 osoba, kter\u00e1 s n\u00e1mi uzav\u0159e smlouvu za \u00fa\u010delem, kter\u00fd nelze p\u0159ev\u00e1\u017en\u011b p\u0159i\u010d\u00edst ani jej\u00ed obchodn\u00ed ani samostatn\u00e9 profesn\u00ed \u010dinnosti.<\/p>\n<p>(3) Podnikatelem je v tomto smyslu fyzick\u00e1 nebo pr\u00e1vnick\u00e1 osoba nebo spole\u010dnost zp\u016fsobil\u00e1 k pr\u00e1vn\u00edm \u00fakon\u016fm, kter\u00e1 p\u0159i uzav\u00edr\u00e1n\u00ed smlouvy s n\u00e1mi jedn\u00e1 v r\u00e1mci v\u00fdkonu sv\u00e9 obchodn\u00ed nebo samostatn\u00e9 v\u00fdd\u011ble\u010dn\u00e9 \u010dinnosti.<\/p>\n<p><strong>\u00a7 3 Dohody a informace o uzav\u0159en\u00ed smlouvy<\/strong><\/p>\n<p>(1) Jednotliv\u00e9 technick\u00e9 kroky vedouc\u00ed k uzav\u0159en\u00ed smlouvy, uzav\u0159en\u00ed smlouvy samotn\u00e9 a mo\u017enosti n\u00e1pravy prob\u00edhaj\u00ed podle n\u00e1sleduj\u00edc\u00edch ustanoven\u00ed.<\/p>\n<p>(2) Je-li n\u00e1mi polo\u017eka um\u00edst\u011bna na eBay, je aktivace str\u00e1nky polo\u017eky na eBay z\u00e1vaznou nab\u00eddkou k uzav\u0159en\u00ed kupn\u00ed smlouvy za podm\u00ednek uveden\u00fdch na str\u00e1nce polo\u017eky.<\/p>\n<p>(3) Pro uzav\u0159en\u00ed smlouvy plat\u00ed podm\u00ednky eBay. Odkaz na VOP eBay naleznete ve spodn\u00ed \u010d\u00e1sti ka\u017ed\u00e9 str\u00e1nky eBay.<\/p>\n<p>V obchodn\u00edch podm\u00ednk\u00e1ch eBay je uzav\u0159en\u00ed smlouvy upraveno n\u00e1sledovn\u011b, v z\u00e1vislosti na p\u0159\u00edslu\u0161n\u00e9m form\u00e1tu nab\u00eddky:<\/p>\n<p>\"\u00a7 6 Form\u00e1ty nab\u00eddek a uzav\u0159en\u00ed smlouvy (...)<br \/>\n(2) Zad\u00e1-li prod\u00e1vaj\u00edc\u00ed prost\u0159ednictv\u00edm slu\u017eeb eBay polo\u017eku ve form\u00e1tu aukce nebo pevn\u00e9 ceny, \u010din\u00ed z\u00e1vaznou nab\u00eddku na uzav\u0159en\u00ed smlouvy na tuto polo\u017eku. Stanov\u00ed p\u0159itom vyvol\u00e1vac\u00ed nebo pevnou cenu a lh\u016ftu, ve kter\u00e9 lze nab\u00eddku p\u0159ijmout (doba nab\u00eddky). Pokud prod\u00e1vaj\u00edc\u00ed v auk\u010dn\u00edm form\u00e1tu stanov\u00ed minim\u00e1ln\u00ed cenu, podl\u00e9h\u00e1 nab\u00eddka odkl\u00e1dac\u00ed podm\u00ednce dosa\u017een\u00ed minim\u00e1ln\u00ed ceny.<br \/>\n3. prod\u00e1vaj\u00edc\u00ed m\u016f\u017ee dodate\u010dn\u011b poskytovat nab\u00eddky v auk\u010dn\u00edm form\u00e1tu s funkc\u00ed buy-it-now. Toto m\u016f\u017ee kupuj\u00edc\u00ed uplatnit, pokud nebyla na polo\u017eku pod\u00e1na \u017e\u00e1dn\u00e1 nab\u00eddka nebo pokud je\u0161t\u011b nebylo dosa\u017eeno minim\u00e1ln\u00ed ceny. eBay si vyhrazuje pr\u00e1vo tuto funkci v budoucnu zm\u011bnit. (...)<br \/>\nU zbo\u017e\u00ed s pevnou cenou p\u0159ijme kupuj\u00edc\u00ed nab\u00eddku kliknut\u00edm na tla\u010d\u00edtko \u201eKoupit nyn\u00ed\u201c a n\u00e1sledn\u00fdm potvrzen\u00edm. U polo\u017eek s pevnou cenou, kde prod\u00e1vaj\u00edc\u00ed zvolil mo\u017enost \u201eokam\u017eit\u00e1 platba\u201c, kupuj\u00edc\u00ed akceptuje nab\u00eddku kliknut\u00edm na tla\u010d\u00edtko \u201eKoupit nyn\u00ed\u201c a dokon\u010den\u00edm bezprost\u0159edn\u011b n\u00e1sleduj\u00edc\u00edho platebn\u00edho procesu. Kupuj\u00edc\u00ed m\u016f\u017ee tak\u00e9 p\u0159ij\u00edmat nab\u00eddky na v\u00edce polo\u017eek vlo\u017een\u00edm polo\u017eek do n\u00e1kupn\u00edho ko\u0161\u00edku (pokud je k dispozici) a dokon\u010den\u00edm bezprost\u0159edn\u011b n\u00e1sleduj\u00edc\u00edho platebn\u00edho procesu.<br \/>\nV p\u0159\u00edpad\u011b aukc\u00ed p\u0159ij\u00edm\u00e1 kupuj\u00edc\u00ed nab\u00eddku pod\u00e1n\u00edm nab\u00eddky. P\u0159ijet\u00ed podl\u00e9h\u00e1 odkl\u00e1dac\u00ed podm\u00ednce, \u017ee kupuj\u00edc\u00ed na konci obdob\u00ed nab\u00eddky nab\u00eddne nejvy\u0161\u0161\u00ed nab\u00eddku. Nab\u00eddka zanik\u00e1, pokud jin\u00fd kupuj\u00edc\u00ed v pr\u016fb\u011bhu nab\u00eddkov\u00e9 doby pod\u00e1 vy\u0161\u0161\u00ed nab\u00eddku. (...)<br \/>\n6. v p\u0159\u00edpad\u011b p\u0159ed\u010dasn\u00e9ho ukon\u010den\u00ed nab\u00eddky prod\u00e1vaj\u00edc\u00edm je uzav\u0159ena smlouva mezi prod\u00e1vaj\u00edc\u00edm a uchaze\u010dem s nejvy\u0161\u0161\u00ed nab\u00eddkou, pokud prod\u00e1vaj\u00edc\u00ed nebyl opr\u00e1vn\u011bn nab\u00eddku st\u00e1hnout a zru\u0161it st\u00e1vaj\u00edc\u00ed nab\u00eddky.<br \/>\nKupuj\u00edc\u00ed mohou st\u00e1hnout nab\u00eddky pouze v p\u0159\u00edpad\u011b, \u017ee k tomu existuje opr\u00e1vn\u011bn\u00fd d\u016fvod. Po opr\u00e1vn\u011bn\u00e9m sta\u017een\u00ed nab\u00eddky nedoch\u00e1z\u00ed k uzav\u0159en\u00ed smlouvy mezi u\u017eivatelem, kter\u00fd je po skon\u010den\u00ed aukce z d\u016fvodu sta\u017een\u00ed nab\u00eddky op\u011bt nejvy\u0161\u0161\u00ed nab\u00eddkou, a prod\u00e1vaj\u00edc\u00edm.<br \/>\n8. v ur\u010dit\u00fdch kategori\u00edch m\u016f\u017ee prod\u00e1vaj\u00edc\u00ed p\u0159idat do sv\u00e9 nab\u00eddky funkci cenov\u00e9ho n\u00e1vrhu. Funkce n\u00e1vrhu ceny umo\u017e\u0148uje kupuj\u00edc\u00edm a prod\u00e1vaj\u00edc\u00edm vyjednat cenu za polo\u017eku. (...)<br \/>\n11. Pokud je polo\u017eka smaz\u00e1na z eBay p\u0159ed koncem obdob\u00ed seznamu, nen\u00ed uzav\u0159ena \u017e\u00e1dn\u00e1 \u00fa\u010dinn\u00e1 smlouva mezi kupuj\u00edc\u00edm a prod\u00e1vaj\u00edc\u00edm.\u201c<\/p>\n<p><strong>(4) Nakupujte prost\u0159ednictv\u00edm funkce \u201eKoupit nyn\u00ed\u201c nebo \u201eP\u0159ihazovat\u201c.<\/strong><\/p>\n<p>Kliknut\u00edm na tla\u010d\u00edtka \u201eKoupit nyn\u00ed\u201c nebo \u201eNab\u00eddn\u011bte\u201c obsa\u017een\u00e1 na str\u00e1nk\u00e1ch polo\u017eek je\u0161t\u011b neu\u010din\u00edte z\u00e1vazn\u00e9 smluvn\u00ed prohl\u00e1\u0161en\u00ed. I pot\u00e9 m\u00e1te mo\u017enost zkontrolovat v\u00e1mi poskytnut\u00e9 \u00fadaje a opravit je pomoc\u00ed funkce \u201eZp\u011bt\u201c va\u0161eho internetov\u00e9ho prohl\u00ed\u017ee\u010de nebo n\u00e1kup zru\u0161it. Tato mo\u017enost zanik\u00e1 a\u017e pot\u00e9, co u\u010din\u00edte z\u00e1vazn\u00e9 smluvn\u00ed prohl\u00e1\u0161en\u00ed. \u00dakon, kter\u00fdm p\u0159i n\u00e1kupu u\u010din\u00edte z\u00e1vazn\u00e9 smluvn\u00ed prohl\u00e1\u0161en\u00ed a kter\u00fdm se uzav\u00edr\u00e1 smlouva, ur\u010duje navigace v nab\u00eddce eBay.<\/p>\n<p><strong>(5) N\u00e1kup prost\u0159ednictv\u00edm n\u00e1kupn\u00edho ko\u0161\u00edku<\/strong><\/p>\n<p>Pokud je nab\u00edzen n\u00e1kup prost\u0159ednictv\u00edm n\u00e1kupn\u00edho ko\u0161\u00edku, vlo\u017e\u00edte zbo\u017e\u00ed ur\u010den\u00e9 k n\u00e1kupu do \u201en\u00e1kupn\u00edho ko\u0161\u00edku\u201c kliknut\u00edm na tla\u010d\u00edtko \u201eVlo\u017eit do ko\u0161\u00edku\u201c na str\u00e1nce s \u010dl\u00e1nkem. N\u00e1sledn\u011b se zobraz\u00ed \u201en\u00e1kupn\u00ed ko\u0161\u00edk\u201c. D\u00e1le m\u016f\u017eete pomoc\u00ed odpov\u00eddaj\u00edc\u00edho tla\u010d\u00edtka v naviga\u010dn\u00ed li\u0161t\u011b vyvolat \u201en\u00e1kupn\u00ed ko\u0161\u00edk\u201c a kdykoli v n\u011bm prov\u00e9st zm\u011bny. Po vyvol\u00e1n\u00ed str\u00e1nky \u201ePokra\u010dovat k pokladn\u011b\u201c a zad\u00e1n\u00ed doru\u010dovac\u00ed adresy a v\u00fdb\u011bru zp\u016fsobu platby se v\u0161echny \u00fadaje o objedn\u00e1vce znovu zobraz\u00ed na str\u00e1nce p\u0159ehledu objedn\u00e1vky.<\/p>\n<p>Pokud jako zp\u016fsob platby vyberete \"PayPal\", budete nejprve p\u0159esm\u011brov\u00e1ni do p\u0159ihla\u0161ovac\u00edho okna PayPal. Po \u00fasp\u011b\u0161n\u00e9m p\u0159ihl\u00e1\u0161en\u00ed do PayPal budete p\u0159esm\u011brov\u00e1ni na str\u00e1nku s p\u0159ehledem objedn\u00e1vek na eBay.<\/p>\n<p>P\u0159ed odesl\u00e1n\u00edm objedn\u00e1vky zde m\u00e1te mo\u017enost znovu zkontrolovat v\u0161echny \u00fadaje, zm\u011bnit - a to i prost\u0159ednictv\u00edm funkce \"Zp\u011bt\" Va\u0161eho internetov\u00e9ho prohl\u00ed\u017ee\u010de - nebo n\u00e1kup zru\u0161it.<\/p>\n<p>Kliknut\u00edm na tla\u010d\u00edtko \u201eKoupit a zaplatit\u201c prohla\u0161ujete pr\u00e1vn\u011b z\u00e1vazn\u00e9 p\u0159ijet\u00ed nab\u00eddky. T\u00edm je kupn\u00ed smlouva uzav\u0159ena.<\/p>\n<p><strong>(6) N\u00e1kup prost\u0159ednictv\u00edm funkce \u201eN\u00e1vrh ceny\u201c.<\/strong><\/p>\n<p>Pokud je nab\u00eddnuta funkce \"cenov\u00fd n\u00e1vrh\", m\u00e1te zde mo\u017enost n\u00e1m podat protinab\u00eddku. To se provede kliknut\u00edm na tla\u010d\u00edtko \"Odeslat cenov\u00fd n\u00e1vrh\" na str\u00e1nce polo\u017eky, zad\u00e1n\u00edm cenov\u00e9ho n\u00e1vrhu na n\u00e1sleduj\u00edc\u00ed str\u00e1nce, v\u00fdb\u011brem tla\u010d\u00edtka \"Zkontrolovat cenov\u00fd n\u00e1vrh\" a potvrzen\u00edm tla\u010d\u00edtka \"Odeslat cenov\u00fd n\u00e1vrh\" na n\u00e1sleduj\u00edc\u00ed str\u00e1nce. Jedn\u00e1 se o z\u00e1vaznou nab\u00eddku. Cenov\u00fdm n\u00e1vrhem, kter\u00fd n\u00e1m byl zasl\u00e1n, jste v\u00e1z\u00e1ni po dobu dvou dn\u016f. Pokud p\u0159ijmeme V\u00e1\u0161 cenov\u00fd n\u00e1vrh, je kupn\u00ed smlouva uzav\u0159ena.<\/p>\n<p>(7) Zpracov\u00e1n\u00ed objedn\u00e1vky a p\u0159ed\u00e1n\u00ed v\u0161ech informac\u00ed po\u017eadovan\u00fdch v souvislosti s uzav\u0159en\u00edm smlouvy prob\u00edh\u00e1 e-mailem. Jste tedy povinni zajistit, aby e-mailov\u00e1 adresa, kterou n\u00e1m poskytnete, byla spr\u00e1vn\u00e1 a aby bylo p\u0159ij\u00edm\u00e1n\u00ed e-mail\u016f technicky zaji\u0161t\u011bno, tedy zejm\u00e9na, aby nebylo blokov\u00e1no nap\u0159\u00edklad filtry SPAM.<\/p>\n<p><strong>\u00a7 4 Uchov\u00e1v\u00e1n\u00ed textu smlouvy a jazyk smlouvy<\/strong><\/p>\n<p>(1) \u00dapln\u00fd text smlouvy nebudeme uchov\u00e1vat. P\u0159ed odesl\u00e1n\u00edm objedn\u00e1vky si m\u016f\u017eete smluvn\u00ed \u00fadaje vytisknout prost\u0159ednictv\u00edm funkce tisku va\u0161eho internetov\u00e9ho prohl\u00ed\u017ee\u010de nebo je ulo\u017eit elektronicky. Pot\u00e9, co obdr\u017e\u00edme Va\u0161i objedn\u00e1vku, V\u00e1m budou e-mailem op\u011bt zasl\u00e1ny \u00fadaje o objedn\u00e1vce, V\u0161eobecn\u00e9 obchodn\u00ed podm\u00ednky v\u010detn\u011b z\u00e1konem po\u017eadovan\u00fdch informac\u00ed pro smlouvy na d\u00e1lku.<\/p>\n<p>(2) Jazykem dostupn\u00fdm pro uzav\u0159en\u00ed smlouvy je n\u011bm\u010dina.<\/p>\n<p><strong>\u00a7 5 Z\u00e1kladn\u00ed vlastnosti zbo\u017e\u00ed<\/strong><\/p>\n<p>Hlavn\u00ed vlastnosti zbo\u017e\u00ed naleznete v popisu polo\u017eky u ka\u017ed\u00e9 nab\u00eddky.<\/p>\n<p><strong>\u00a7 6 Ceny, n\u00e1klady na dopravu, n\u00e1klady na vr\u00e1cen\u00ed v p\u0159\u00edpad\u011b odvol\u00e1n\u00ed a platebn\u00ed podm\u00ednky<\/strong><\/p>\n<p>(1) Kupn\u00ed ceny uveden\u00e9 na p\u0159\u00edslu\u0161n\u00fdch str\u00e1nk\u00e1ch zbo\u017e\u00ed, kter\u00e9 m\u00e1te zaplatit, zahrnuj\u00ed z\u00e1konnou da\u0148 z p\u0159idan\u00e9 hodnoty.<\/p>\n<p>(2) Ke ka\u017ed\u00e9 objedn\u00e1vce jsou \u00fa\u010dtov\u00e1ny dodate\u010dn\u00e9 n\u00e1klady na dopravu. Lze je vyvolat pomoc\u00ed p\u0159\u00edslu\u0161n\u011b ozna\u010den\u00e9ho tla\u010d\u00edtka v popisu p\u0159\u00edslu\u0161n\u00e9 polo\u017eky, jsou zobrazeny samostatn\u011b v pr\u016fb\u011bhu objedn\u00e1vkov\u00e9ho procesu a hrad\u00edte je nav\u00edc, pokud nen\u00ed sl\u00edbeno bezplatn\u00e9 doru\u010den\u00ed.<\/p>\n<p>(3) V p\u0159\u00edpad\u011b odvol\u00e1n\u00ed ponesete p\u0159\u00edm\u00e9 n\u00e1klady na vr\u00e1cen\u00ed zbo\u017e\u00ed.<\/p>\n<p>(4) Dostupn\u00e9 zp\u016fsoby platby jsou uvedeny v popisu p\u0159\u00edslu\u0161n\u00e9 polo\u017eky.<\/p>\n<p>(5) Nen\u00ed-li u jednotliv\u00fdch zp\u016fsob\u016f platby uvedeno jinak, je V\u00e1mi splatn\u00e1 kupn\u00ed cena splatn\u00e1 okam\u017eit\u011b.<\/p>\n<p>(6) Pokud je n\u00e1kup na \u00fa\u010det proveden prost\u0159ednictv\u00edm PayPal, postoup\u00edme na\u0161i pohled\u00e1vku v\u016f\u010di v\u00e1m v pln\u00e9m rozsahu a neodvolateln\u011b spole\u010dnosti PayPal (Europe) S.\u00e0 r.l. et Cie, S.C.A., 22-24 Boulevard Royal, L-2449 Luxembourg. Souhlas\u00edte s t\u00edm, \u017ee PayPal (Europe) S.\u00e0 r.l. et Cie, S.C.A. m\u016f\u017ee prov\u00e9st kontrolu kreditu s pou\u017eit\u00edm p\u0159edlo\u017een\u00fdch \u00fadaj\u016f p\u0159ed p\u0159ijet\u00edm \u00fakolu. Vyhrazujeme si pr\u00e1vo odm\u00edtnout v\u00e1m tento zp\u016fsob platby v d\u016fsledku kontroly kreditu. Budete o tom informov\u00e1ni v procesu platby na eBay. Pokud je povolen n\u00e1kup na \u00fa\u010det p\u0159es PayPal, PayPal (Europe) S.\u00e0 r.l. et Cie, S.C.A. p\u0159ij\u00edm\u00e1 postoupen\u00ed, tak\u017ee platby za oddlu\u017een\u00ed mohou b\u00fdt provedeny pouze spole\u010dnosti PayPal (Europe) S.\u00e0 r.l. et Cie, S.C.A.. Doba splatnosti je 14 dn\u00ed od p\u0159evzet\u00ed zbo\u017e\u00ed.<\/p>\n<p><strong>\u00a7 7 Dodac\u00ed podm\u00ednky<\/strong><\/p>\n<p>Dodac\u00ed podm\u00ednky, term\u00edn dod\u00e1n\u00ed a p\u0159\u00edpadn\u00e1 st\u00e1vaj\u00edc\u00ed omezen\u00ed dod\u00e1n\u00ed naleznete v popisu p\u0159\u00edslu\u0161n\u00e9 polo\u017eky. Nen\u00ed-li v popisu polo\u017eky uvedeno jinak, bude zbo\u017e\u00ed dod\u00e1no do t\u0159\u00ed a\u017e p\u011bti dn\u016f od uzav\u0159en\u00ed smlouvy, v p\u0159\u00edpad\u011b sjednan\u00e9 platby p\u0159edem v\u0161ak a\u017e po datu va\u0161\u00ed platebn\u00ed instrukce.<\/p>\n<p><strong>\u00a7 8 Z\u00e1ruka<\/strong><\/p>\n<p>U zbo\u017e\u00ed existuj\u00ed z\u00e1konn\u00e1 pr\u00e1va z odpov\u011bdnosti za vady.<\/p>\n<p><strong>\u00a7 9 Z\u00e1ruky<\/strong><\/p>\n<p>Na str\u00e1nk\u00e1ch p\u0159\u00edslu\u0161n\u00fdch polo\u017eek a na speci\u00e1ln\u00edch informa\u010dn\u00edch str\u00e1nk\u00e1ch v obchod\u011b eBay najdete informace o p\u0159\u00edpadn\u00fdch dodate\u010dn\u00fdch z\u00e1ruk\u00e1ch a jejich p\u0159esn\u00e9 podm\u00ednky.<\/p>\n<p><strong>\u00a7 10 \u0158e\u0161en\u00ed spor\u016f \/ Platforma OS<\/strong><\/p>\n<p>(1) Evropsk\u00e1 komise nab\u00edz\u00ed spot\u0159ebitel\u016fm platformu pro mimosoudn\u00ed \u0159e\u0161en\u00ed spor\u016f online (tzv. platforma ODR) na adrese\u00a0<a href=\"https:\/\/web.archive.org\/web\/20211127201913\/https:\/\/ec.europa.eu\/consumers\/odr\/\">https:\/\/ec.europa.eu\/consumers\/odr\/<\/a>\u00a0na kterou se m\u016f\u017ee spot\u0159ebitel obr\u00e1tit v p\u0159\u00edpad\u011b nesouhlasu v souvislosti s kupn\u00ed smlouvou nebo smlouvou o poskytov\u00e1n\u00ed slu\u017eeb uzav\u0159enou online prost\u0159ednictv\u00edm elektronick\u00e9ho obchodu.<\/p>\n<p>(2) Nejsme povinni ani ochotni \u00fa\u010dastnit se \u0159\u00edzen\u00ed o \u0159e\u0161en\u00ed spor\u016f p\u0159ed spot\u0159ebitelsk\u00fdm rozhod\u010d\u00edm sen\u00e1tem.<\/p>\n\n\t\t<\/div>\n\t<\/div>\n<\/div><\/div><\/div>\n<\/section>","protected":false},"excerpt":{"rendered":"Allgemeine Gesch\u00e4ftsbedingungenf\u00fcr dieses Angebot \u00a7 1 Geltungsbereich, Vertragsgegenstand und Identit\u00e4t des Verk\u00e4ufers (1) Die nachfolgenden Bestimmungen gelten f\u00fcr alle Vertr\u00e4ge zwischen uns, n\u00e4mlich Shanghai Pharmaceutical Machinery Co., Ltd No, 78, Building 250, Ai Guo road, Shanghai China Telefon: 016097911653 E-Mail: stefanzhujun@gmail.com als Verk\u00e4ufer, und Ihnen als K\u00e4ufer \u00fcber den Verkauf und die Lieferung der von [...]","protected":false},"author":1,"featured_media":0,"parent":0,"menu_order":0,"comment_status":"closed","ping_status":"closed","template":"","meta":{"footnotes":""},"class_list":["post-2237","page","type-page","status-publish","hentry"],"yoast_head":"<!-- This site is optimized with the Yoast SEO plugin v23.3 - https:\/\/yoast.com\/wordpress\/plugins\/seo\/ -->\n<title>Allgemeine Gesch\u00e4ftsbedingungen - Hochwertige Tablettenpresse-<\/title>\n<meta name=\"description\" content=\"Allgemeine Gesch\u00e4ftsbedingungen - Kaufen Sie Tablettenpresse Maschine und Ausr\u00fcstung. Konkurrenzf\u00e4higer Preis - Schnelle Lieferzeit - Sichere Zahlung - Strenge Qualit\u00e4t - 24\/7\" \/>\n<meta name=\"robots\" content=\"index, follow, max-snippet:-1, max-image-preview:large, max-video-preview:-1\" \/>\n<link rel=\"canonical\" href=\"https:\/\/tabletpress-store.com\/cs\/allgemeine-geschaeftsbedingungen\/\" \/>\n<meta property=\"og:locale\" content=\"cs_CZ\" \/>\n<meta property=\"og:type\" content=\"article\" \/>\n<meta property=\"og:title\" content=\"Allgemeine Gesch\u00e4ftsbedingungen - Hochwertige Tablettenpresse-\" \/>\n<meta property=\"og:description\" content=\"Allgemeine Gesch\u00e4ftsbedingungen - Kaufen Sie Tablettenpresse Maschine und Ausr\u00fcstung. Konkurrenzf\u00e4higer Preis - Schnelle Lieferzeit - Sichere Zahlung - Strenge Qualit\u00e4t - 24\/7\" \/>\n<meta property=\"og:url\" content=\"https:\/\/tabletpress-store.com\/cs\/allgemeine-geschaeftsbedingungen\/\" \/>\n<meta property=\"og:site_name\" content=\"Tablettenpressen\" \/>\n<meta property=\"article:modified_time\" content=\"2024-09-09T18:45:00+00:00\" \/>\n<meta name=\"twitter:card\" content=\"summary_large_image\" \/>\n<meta name=\"twitter:label1\" content=\"Odhadovan\u00e1 doba \u010dten\u00ed\" \/>\n\t<meta name=\"twitter:data1\" content=\"9 minut\" \/>\n<script type=\"application\/ld+json\" class=\"yoast-schema-graph\">{\"@context\":\"https:\/\/schema.org\",\"@graph\":[{\"@type\":\"WebPage\",\"@id\":\"https:\/\/tabletpress-store.com\/allgemeine-geschaeftsbedingungen\/\",\"url\":\"https:\/\/tabletpress-store.com\/allgemeine-geschaeftsbedingungen\/\",\"name\":\"Allgemeine Gesch\u00e4ftsbedingungen - Hochwertige Tablettenpresse-\",\"isPartOf\":{\"@id\":\"https:\/\/tabletpress-store.com\/pl\/#website\"},\"datePublished\":\"2023-07-15T09:15:12+00:00\",\"dateModified\":\"2024-09-09T18:45:00+00:00\",\"description\":\"Allgemeine Gesch\u00e4ftsbedingungen - Kaufen Sie Tablettenpresse Maschine und Ausr\u00fcstung. Konkurrenzf\u00e4higer Preis - Schnelle Lieferzeit - Sichere Zahlung - Strenge Qualit\u00e4t - 24\/7\",\"breadcrumb\":{\"@id\":\"https:\/\/tabletpress-store.com\/allgemeine-geschaeftsbedingungen\/#breadcrumb\"},\"inLanguage\":\"cs\",\"potentialAction\":[{\"@type\":\"ReadAction\",\"target\":[\"https:\/\/tabletpress-store.com\/allgemeine-geschaeftsbedingungen\/\"]}]},{\"@type\":\"BreadcrumbList\",\"@id\":\"https:\/\/tabletpress-store.com\/allgemeine-geschaeftsbedingungen\/#breadcrumb\",\"itemListElement\":[{\"@type\":\"ListItem\",\"position\":1,\"name\":\"Startseite\",\"item\":\"https:\/\/tabletpress-store.com\/\"},{\"@type\":\"ListItem\",\"position\":2,\"name\":\"Allgemeine Gesch\u00e4ftsbedingungen\"}]},{\"@type\":\"WebSite\",\"@id\":\"https:\/\/tabletpress-store.com\/pl\/#website\",\"url\":\"https:\/\/tabletpress-store.com\/pl\/\",\"name\":\"Tabletpress Store\",\"description\":\"Tablettenpressen f\u00fcr die Produktion von Medikamenten oder Supplements\",\"publisher\":{\"@id\":\"https:\/\/tabletpress-store.com\/pl\/#organization\"},\"potentialAction\":[{\"@type\":\"SearchAction\",\"target\":{\"@type\":\"EntryPoint\",\"urlTemplate\":\"https:\/\/tabletpress-store.com\/pl\/?s={search_term_string}\"},\"query-input\":\"required name=search_term_string\"}],\"inLanguage\":\"cs\"},{\"@type\":\"Organization\",\"@id\":\"https:\/\/tabletpress-store.com\/pl\/#organization\",\"name\":\"Tabletpress Store\",\"url\":\"https:\/\/tabletpress-store.com\/pl\/\",\"logo\":{\"@type\":\"ImageObject\",\"inLanguage\":\"cs\",\"@id\":\"https:\/\/tabletpress-store.com\/pl\/#\/schema\/logo\/image\/\",\"url\":\"https:\/\/tabletpress-store.com\/wp-content\/uploads\/2023\/07\/tablettpress-store-logo.png\",\"contentUrl\":\"https:\/\/tabletpress-store.com\/wp-content\/uploads\/2023\/07\/tablettpress-store-logo.png\",\"width\":1800,\"height\":1800,\"caption\":\"Tabletpress Store\"},\"image\":{\"@id\":\"https:\/\/tabletpress-store.com\/pl\/#\/schema\/logo\/image\/\"}}]}<\/script>\n<!-- \/ Yoast SEO plugin. -->","yoast_head_json":{"title":"Allgemeine Gesch\u00e4ftsbedingungen - Hochwertige Tablettenpresse-","description":"Allgemeine Gesch\u00e4ftsbedingungen - Kaufen Sie Tablettenpresse Maschine und Ausr\u00fcstung. Konkurrenzf\u00e4higer Preis - Schnelle Lieferzeit - Sichere Zahlung - Strenge Qualit\u00e4t - 24\/7","robots":{"index":"index","follow":"follow","max-snippet":"max-snippet:-1","max-image-preview":"max-image-preview:large","max-video-preview":"max-video-preview:-1"},"canonical":"https:\/\/tabletpress-store.com\/cs\/allgemeine-geschaeftsbedingungen\/","og_locale":"cs_CZ","og_type":"article","og_title":"Allgemeine Gesch\u00e4ftsbedingungen - Hochwertige Tablettenpresse-","og_description":"Allgemeine Gesch\u00e4ftsbedingungen - Kaufen Sie Tablettenpresse Maschine und Ausr\u00fcstung. Konkurrenzf\u00e4higer Preis - Schnelle Lieferzeit - Sichere Zahlung - Strenge Qualit\u00e4t - 24\/7","og_url":"https:\/\/tabletpress-store.com\/cs\/allgemeine-geschaeftsbedingungen\/","og_site_name":"Tablettenpressen","article_modified_time":"2024-09-09T18:45:00+00:00","twitter_card":"summary_large_image","twitter_misc":{"Odhadovan\u00e1 doba \u010dten\u00ed":"9 minut"},"schema":{"@context":"https:\/\/schema.org","@graph":[{"@type":"WebPage","@id":"https:\/\/tabletpress-store.com\/allgemeine-geschaeftsbedingungen\/","url":"https:\/\/tabletpress-store.com\/allgemeine-geschaeftsbedingungen\/","name":"Allgemeine Gesch\u00e4ftsbedingungen - Hochwertige Tablettenpresse-","isPartOf":{"@id":"https:\/\/tabletpress-store.com\/pl\/#website"},"datePublished":"2023-07-15T09:15:12+00:00","dateModified":"2024-09-09T18:45:00+00:00","description":"Allgemeine Gesch\u00e4ftsbedingungen - Kaufen Sie Tablettenpresse Maschine und Ausr\u00fcstung. Konkurrenzf\u00e4higer Preis - Schnelle Lieferzeit - Sichere Zahlung - Strenge Qualit\u00e4t - 24\/7","breadcrumb":{"@id":"https:\/\/tabletpress-store.com\/allgemeine-geschaeftsbedingungen\/#breadcrumb"},"inLanguage":"cs","potentialAction":[{"@type":"ReadAction","target":["https:\/\/tabletpress-store.com\/allgemeine-geschaeftsbedingungen\/"]}]},{"@type":"BreadcrumbList","@id":"https:\/\/tabletpress-store.com\/allgemeine-geschaeftsbedingungen\/#breadcrumb","itemListElement":[{"@type":"ListItem","position":1,"name":"Startseite","item":"https:\/\/tabletpress-store.com\/"},{"@type":"ListItem","position":2,"name":"Allgemeine Gesch\u00e4ftsbedingungen"}]},{"@type":"WebSite","@id":"https:\/\/tabletpress-store.com\/pl\/#website","url":"https:\/\/tabletpress-store.com\/pl\/","name":"Tabletpress Store","description":"Tablettenpressen f\u00fcr die Produktion von Medikamenten oder Supplements","publisher":{"@id":"https:\/\/tabletpress-store.com\/pl\/#organization"},"potentialAction":[{"@type":"SearchAction","target":{"@type":"EntryPoint","urlTemplate":"https:\/\/tabletpress-store.com\/pl\/?s={search_term_string}"},"query-input":"required name=search_term_string"}],"inLanguage":"cs"},{"@type":"Organization","@id":"https:\/\/tabletpress-store.com\/pl\/#organization","name":"Tabletpress Store","url":"https:\/\/tabletpress-store.com\/pl\/","logo":{"@type":"ImageObject","inLanguage":"cs","@id":"https:\/\/tabletpress-store.com\/pl\/#\/schema\/logo\/image\/","url":"https:\/\/tabletpress-store.com\/wp-content\/uploads\/2023\/07\/tablettpress-store-logo.png","contentUrl":"https:\/\/tabletpress-store.com\/wp-content\/uploads\/2023\/07\/tablettpress-store-logo.png","width":1800,"height":1800,"caption":"Tabletpress Store"},"image":{"@id":"https:\/\/tabletpress-store.com\/pl\/#\/schema\/logo\/image\/"}}]}},"_links":{"self":[{"href":"https:\/\/tabletpress-store.com\/cs\/wp-json\/wp\/v2\/pages\/2237","targetHints":{"allow":["GET"]}}],"collection":[{"href":"https:\/\/tabletpress-store.com\/cs\/wp-json\/wp\/v2\/pages"}],"about":[{"href":"https:\/\/tabletpress-store.com\/cs\/wp-json\/wp\/v2\/types\/page"}],"author":[{"embeddable":true,"href":"https:\/\/tabletpress-store.com\/cs\/wp-json\/wp\/v2\/users\/1"}],"replies":[{"embeddable":true,"href":"https:\/\/tabletpress-store.com\/cs\/wp-json\/wp\/v2\/comments?post=2237"}],"version-history":[{"count":4,"href":"https:\/\/tabletpress-store.com\/cs\/wp-json\/wp\/v2\/pages\/2237\/revisions"}],"predecessor-version":[{"id":2363,"href":"https:\/\/tabletpress-store.com\/cs\/wp-json\/wp\/v2\/pages\/2237\/revisions\/2363"}],"wp:attachment":[{"href":"https:\/\/tabletpress-store.com\/cs\/wp-json\/wp\/v2\/media?parent=2237"}],"curies":[{"name":"wp","href":"https:\/\/api.w.org\/{rel}","templated":true}]}}