{"id":2240,"date":"2023-07-15T11:17:03","date_gmt":"2023-07-15T09:17:03","guid":{"rendered":"https:\/\/tabletpress-store.com\/?page_id=2240"},"modified":"2025-12-05T09:50:57","modified_gmt":"2025-12-05T08:50:57","slug":"widerrufsbelehrung","status":"publish","type":"page","link":"https:\/\/tabletpress-store.com\/cs\/widerrufsbelehrung\/","title":{"rendered":"Storno podm\u00ednky"},"content":{"rendered":"<section class=\"wpb-content-wrapper\"><div class=\"vc_row wpb_row row top-row\"><div class=\"vc_column_container col-md-12\"><div class=\"wpb_wrapper vc_column-inner\"><div class=\"porto-u-heading  wpb_custom_95aa9a11c17ad45cfabaf210d84ee7cc porto-u-2719\"><div class=\"porto-u-main-heading\"><h2  >Storno podm\u00ednky<\/h2><\/div><div class=\"porto-u-sub-heading\" style=\"\">\n<p><\/div><div class=\"porto-u-heading-spacer line_only\" style=\"height:1px;\"><span class=\"porto-u-headings-line\" style=\"border-style:solid;border-bottom-width:1px;border-color:#ccc;width:auto;\"><\/span><\/div><style>.porto-u-2719.porto-u-heading{text-align:center} .porto-u-2719 .porto-u-headings-line{float: unset;}<\/style><\/div><div class=\"vc_empty_space\"   style=\"height: 32px\"><span class=\"vc_empty_space_inner\"><\/span><\/div>\n\t<div class=\"wpb_text_column wpb_content_element\" >\n\t\t<div class=\"wpb_wrapper\">\n\t\t\t<p><strong>Pr\u00e1vo na odstoupen\u00ed od smlouvy<\/strong><\/p>\n<p>M\u00e1te pr\u00e1vo zru\u0161it tuto smlouvu do jednoho m\u011bs\u00edce bez ud\u00e1n\u00ed d\u016fvodu.<\/p>\n<p>Lh\u016fta pro odstoupen\u00ed od smlouvy je jeden m\u011bs\u00edc ode dne, kdy vy nebo v\u00e1mi jmenovan\u00e1 t\u0159et\u00ed osoba, kter\u00e1 nen\u00ed dopravcem,<\/p>\n<p>- zbo\u017e\u00ed (v p\u0159\u00edpad\u011b dod\u00e1n\u00ed jedn\u00e9 polo\u017eky nebo jednotn\u00e9 dod\u00e1vky v\u00edce polo\u017eek, kter\u00e9 jste si objednali v r\u00e1mci jedn\u00e9 objedn\u00e1vky) nebo<br \/>\n- posledn\u00ed zbo\u017e\u00ed (v p\u0159\u00edpad\u011b samostatn\u00e9 dod\u00e1vky v\u00edce zbo\u017e\u00ed, kter\u00e9 jste si objednali v r\u00e1mci jedn\u00e9 objedn\u00e1vky) pop\u0159<br \/>\n- p\u0159evzali posledn\u00ed d\u00edl\u010d\u00ed z\u00e1silku nebo posledn\u00ed kus (v p\u0159\u00edpad\u011b dod\u00e1n\u00ed jednoho zbo\u017e\u00ed nebo v\u00edce zbo\u017e\u00ed, kter\u00e9 jste si objednali v r\u00e1mci jednotn\u00e9 objedn\u00e1vky, v n\u011bkolika d\u00edl\u010d\u00edch z\u00e1silk\u00e1ch nebo kusech)<\/p>\n<p>Chcete-li uplatnit sv\u00e9 pr\u00e1vo na odstoupen\u00ed od smlouvy, mus\u00edte n\u00e1s informovat (Seidenstrasse GmbH, Ringstr. 1, 01968 Senftenberg, N\u011bmecko, telefon: 016097911653, e-mail: stefanzhujun@163.com) prost\u0159ednictv\u00edm jasn\u00e9ho prohl\u00e1\u0161en\u00ed (nap\u0159. po\u0161tou, faxem nebo e-mailem) o sv\u00e9m rozhodnut\u00ed odstoupit od t\u00e9to smlouvy. K tomuto \u00fa\u010delu m\u016f\u017eete vyu\u017e\u00edt p\u0159ilo\u017een\u00fd vzorov\u00fd formul\u00e1\u0159 pro odstoupen\u00ed od smlouvy, kter\u00fd v\u0161ak nen\u00ed povinn\u00fd. Aby byla dodr\u017eena lh\u016fta pro odstoupen\u00ed od smlouvy, posta\u010d\u00ed, kdy\u017e za\u0161lete ozn\u00e1men\u00ed o uplatn\u011bn\u00ed pr\u00e1va na odstoupen\u00ed od smlouvy p\u0159ed uplynut\u00edm lh\u016fty pro odstoupen\u00ed od smlouvy.<\/p>\n<p><strong>D\u016fsledky odstoupen\u00ed od smlouvy<\/strong><\/p>\n<p>Pokud odstoup\u00edte od t\u00e9to smlouvy, vr\u00e1t\u00edme v\u00e1m v\u0161echny platby, kter\u00e9 jsme od v\u00e1s obdr\u017eeli, v\u010detn\u011b n\u00e1klad\u016f na doru\u010den\u00ed (s v\u00fdjimkou dodate\u010dn\u00fdch n\u00e1klad\u016f vypl\u00fdvaj\u00edc\u00edch ze skute\u010dnosti, \u017ee jste si zvolili jin\u00fd druh doru\u010den\u00ed, ne\u017e je nejv\u00fdhodn\u011bj\u0161\u00ed standardn\u00ed doru\u010den\u00ed n\u00e1mi nab\u00edzen\u00e9). ), bez zbyte\u010dn\u00e9ho odkladu, nejpozd\u011bji do \u010dtrn\u00e1cti dn\u016f ode dne, kdy n\u00e1m bylo doru\u010deno ozn\u00e1men\u00ed o va\u0161em odstoupen\u00ed od t\u00e9to smlouvy. Pro toto splacen\u00ed pou\u017eijeme stejn\u00fd platebn\u00ed prost\u0159edek, kter\u00fd jste pou\u017eili pro p\u016fvodn\u00ed transakci, pokud se s v\u00e1mi v\u00fdslovn\u011b nedohodneme jinak; v \u017e\u00e1dn\u00e9m p\u0159\u00edpad\u011b v\u00e1m z tohoto spl\u00e1cen\u00ed nebudou \u00fa\u010dtov\u00e1ny \u017e\u00e1dn\u00e9 poplatky. Vr\u00e1cen\u00ed m\u016f\u017eeme odm\u00edtnout, dokud neobdr\u017e\u00edme zbo\u017e\u00ed zp\u011bt nebo dokud neprok\u00e1\u017eete, \u017ee jste zbo\u017e\u00ed vr\u00e1tili, podle toho, co nastane d\u0159\u00edve.<\/p>\n<p>Zbo\u017e\u00ed n\u00e1m mus\u00edte vr\u00e1tit nebo p\u0159edat neprodlen\u011b a v ka\u017ed\u00e9m p\u0159\u00edpad\u011b nejpozd\u011bji do \u010dtrn\u00e1cti dn\u016f ode dne, kdy n\u00e1m ozn\u00e1m\u00edte odvol\u00e1n\u00ed t\u00e9to smlouvy. Lh\u016fta je dodr\u017eena, pokud zbo\u017e\u00ed ode\u0161lete p\u0159ed uplynut\u00edm lh\u016fty \u010dtrn\u00e1cti dn\u016f.<\/p>\n<p>P\u0159\u00edm\u00e9 n\u00e1klady na vr\u00e1cen\u00ed zbo\u017e\u00ed nesete vy.<\/p>\n<p>P\u0159\u00edpadnou ztr\u00e1tu hodnoty zbo\u017e\u00ed mus\u00edte uhradit pouze v p\u0159\u00edpad\u011b, \u017ee ke ztr\u00e1t\u011b hodnoty do\u0161lo v d\u016fsledku nakl\u00e1d\u00e1n\u00ed se zbo\u017e\u00edm, kter\u00e9 nen\u00ed nutn\u00e9 pro kontrolu stavu, vlastnost\u00ed a funk\u010dnosti zbo\u017e\u00ed.<\/p>\n<p><strong>Vzorov\u00fd formul\u00e1\u0159 pro odstoupen\u00ed od smlouvy<\/strong><\/p>\n<p>(Pokud chcete odstoupit od smlouvy, vypl\u0148te pros\u00edm tento formul\u00e1\u0159 a ode\u0161lete jej zp\u011bt)<br \/>\n\u2013 An<br \/>\nSeidenstrasse GmbH<br \/>\nRingstr. 1<br \/>\n01968 Senftenberg OT Kleinkoschen<br \/>\nDeutschland<br \/>\nE-Mail:\u00a0<a href=\"https:\/\/web.archive.org\/web\/20211127194947\/mailto:stefanzhujun@163.com\">stefanzhujun@163.com<\/a><\/p>\n<p>&nbsp;<\/p>\n<p>Odvol\u00e1v\u00e1m\/my (*) t\u00edmto ru\u0161\u00edm mnou\/n\u00e1mi uzav\u0159enou smlouvu (*) na n\u00e1kup n\u00e1sleduj\u00edc\u00edho zbo\u017e\u00ed:<\/p>\n<p>\u2026\u2026\u2026\u2026\u2026\u2026\u2026\u2026\u2026\u2026\u2026\u2026\u2026\u2026\u2026\u2026\u2026\u2026\u2026\u2026\u2026\u2026\u2026\u2026\u2026\u2026\u2026\u2026\u2026\u2026\u2026\u2026\u2026\u2026\u2026\u2026\u2026\u2026\u2026\u2026\u2026<br \/>\nObjedn\u00e1no dne:<\/p>\n<p>\u2026\u2026\u2026\u2026\u2026\u2026\u2026\u2026\u2026\u2026\u2026\u2026\u2026\u2026\u2026\u2026\u2026\u2026\u2026\u2026\u2026\u2026\u2026\u2026\u2026\u2026\u2026\u2026\u2026\u2026\u2026\u2026\u2026\u2026\u2026\u2026\u2026\u2026\u2026\u2026\u2026<br \/>\nP\u0159ijato dne:<\/p>\n<p>\u2026\u2026\u2026\u2026\u2026\u2026\u2026\u2026\u2026\u2026\u2026\u2026\u2026\u2026\u2026\u2026\u2026\u2026\u2026\u2026\u2026\u2026\u2026\u2026\u2026\u2026\u2026\u2026\u2026\u2026\u2026\u2026\u2026\u2026\u2026\u2026\u2026\u2026\u2026\u2026\u2026<br \/>\nJm\u00e9no spot\u0159ebitele (spot\u0159ebitel\u016f):<\/p>\n<p>\u2026\u2026\u2026\u2026\u2026\u2026\u2026\u2026\u2026\u2026\u2026\u2026\u2026\u2026\u2026\u2026\u2026\u2026\u2026\u2026\u2026\u2026\u2026\u2026\u2026\u2026\u2026\u2026\u2026\u2026\u2026\u2026\u2026\u2026\u2026\u2026\u2026\u2026\u2026\u2026\u2026<br \/>\nAdresa spot\u0159ebitele (spot\u0159ebitel\u016f):<\/p>\n<p>\u2026\u2026\u2026\u2026\u2026\u2026\u2026\u2026\u2026\u2026\u2026\u2026\u2026\u2026\u2026\u2026\u2026\u2026\u2026\u2026\u2026\u2026\u2026\u2026\u2026\u2026\u2026\u2026\u2026\u2026\u2026\u2026\u2026\u2026\u2026\u2026\u2026\u2026\u2026\u2026\u2026<br \/>\nPodpis spot\u0159ebitele (spot\u0159ebitel\u016f) (pouze v p\u0159\u00edpad\u011b ozn\u00e1men\u00ed na pap\u00ed\u0159e):<\/p>\n<p>\u2026\u2026\u2026\u2026\u2026\u2026\u2026\u2026\u2026\u2026\u2026\u2026\u2026\u2026\u2026\u2026\u2026\u2026\u2026\u2026\u2026\u2026\u2026\u2026\u2026\u2026\u2026\u2026\u2026\u2026\u2026\u2026\u2026\u2026\u2026\u2026\u2026\u2026\u2026\u2026\u2026<br \/>\nDatum:<\/p>\n<p>\u2026\u2026\u2026\u2026\u2026\u2026\u2026\u2026\u2026\u2026\u2026\u2026\u2026\u2026\u2026\u2026\u2026\u2026\u2026\u2026\u2026\u2026\u2026\u2026\u2026\u2026\u2026\u2026\u2026\u2026\u2026\u2026\u2026\u2026\u2026\u2026\u2026\u2026\u2026\u2026\u2026<\/p>\n<p>(*) Nehod\u00edc\u00ed se \u0161krtn\u011bte.<\/p>\n<p>Konec storno podm\u00ednek<\/p>\n\n\t\t<\/div>\n\t<\/div>\n<\/div><\/div><\/div>\n<\/section>","protected":false},"excerpt":{"rendered":"Widerrufsbelehrung Widerrufsrecht Sie haben das Recht, binnen eines Monats ohne Angabe von Gr\u00fcnden diesen Vertrag zu widerrufen. Die Widerrufsfrist betr\u00e4gt einen Monat ab dem Tag, an dem Sie oder ein von Ihnen benannter Dritter, der nicht der Bef\u00f6rderer ist, \u2013 die Waren (bei Lieferung einer Ware oder einheitlicher Lieferung mehrerer Waren, die Sie im Rahmen [...]","protected":false},"author":1,"featured_media":0,"parent":0,"menu_order":0,"comment_status":"closed","ping_status":"closed","template":"","meta":{"footnotes":""},"class_list":["post-2240","page","type-page","status-publish","hentry"],"yoast_head":"<!-- This site is optimized with the Yoast SEO plugin v23.3 - https:\/\/yoast.com\/wordpress\/plugins\/seo\/ -->\n<title>Widerrufsbelehrung - Hochwertige Tablettenpresse- Tabletpress Store<\/title>\n<meta name=\"description\" content=\"Widerrufsbelehrung: Kaufen Sie Tablettenpressen und Zubeh\u00f6r zu konkurrenzf\u00e4higen Preisen. Profitieren Sie von schneller Lieferung, sicherer Zahlung, strenger Qualit\u00e4tskontrolle und 24\/7 Service.\" \/>\n<meta name=\"robots\" content=\"index, follow, max-snippet:-1, max-image-preview:large, max-video-preview:-1\" \/>\n<link rel=\"canonical\" href=\"https:\/\/tabletpress-store.com\/cs\/widerrufsbelehrung\/\" \/>\n<meta property=\"og:locale\" content=\"cs_CZ\" \/>\n<meta property=\"og:type\" content=\"article\" \/>\n<meta property=\"og:title\" content=\"Widerrufsbelehrung - Hochwertige Tablettenpresse- Tabletpress Store\" \/>\n<meta property=\"og:description\" content=\"Widerrufsbelehrung: Kaufen Sie Tablettenpressen und Zubeh\u00f6r zu konkurrenzf\u00e4higen Preisen. Profitieren Sie von schneller Lieferung, sicherer Zahlung, strenger Qualit\u00e4tskontrolle und 24\/7 Service.\" \/>\n<meta property=\"og:url\" content=\"https:\/\/tabletpress-store.com\/cs\/widerrufsbelehrung\/\" \/>\n<meta property=\"og:site_name\" content=\"Tablettenpressen\" \/>\n<meta property=\"article:modified_time\" content=\"2025-12-05T08:50:57+00:00\" \/>\n<meta name=\"twitter:card\" content=\"summary_large_image\" \/>\n<meta name=\"twitter:label1\" content=\"Odhadovan\u00e1 doba \u010dten\u00ed\" \/>\n\t<meta name=\"twitter:data1\" content=\"3 minuty\" \/>\n<script type=\"application\/ld+json\" class=\"yoast-schema-graph\">{\"@context\":\"https:\/\/schema.org\",\"@graph\":[{\"@type\":\"WebPage\",\"@id\":\"https:\/\/tabletpress-store.com\/widerrufsbelehrung\/\",\"url\":\"https:\/\/tabletpress-store.com\/widerrufsbelehrung\/\",\"name\":\"Widerrufsbelehrung - Hochwertige Tablettenpresse- Tabletpress Store\",\"isPartOf\":{\"@id\":\"https:\/\/tabletpress-store.com\/pl\/#website\"},\"datePublished\":\"2023-07-15T09:17:03+00:00\",\"dateModified\":\"2025-12-05T08:50:57+00:00\",\"description\":\"Widerrufsbelehrung: Kaufen Sie Tablettenpressen und Zubeh\u00f6r zu konkurrenzf\u00e4higen Preisen. Profitieren Sie von schneller Lieferung, sicherer Zahlung, strenger Qualit\u00e4tskontrolle und 24\/7 Service.\",\"breadcrumb\":{\"@id\":\"https:\/\/tabletpress-store.com\/widerrufsbelehrung\/#breadcrumb\"},\"inLanguage\":\"cs\",\"potentialAction\":[{\"@type\":\"ReadAction\",\"target\":[\"https:\/\/tabletpress-store.com\/widerrufsbelehrung\/\"]}]},{\"@type\":\"BreadcrumbList\",\"@id\":\"https:\/\/tabletpress-store.com\/widerrufsbelehrung\/#breadcrumb\",\"itemListElement\":[{\"@type\":\"ListItem\",\"position\":1,\"name\":\"Startseite\",\"item\":\"https:\/\/tabletpress-store.com\/\"},{\"@type\":\"ListItem\",\"position\":2,\"name\":\"Widerrufsbelehrung\"}]},{\"@type\":\"WebSite\",\"@id\":\"https:\/\/tabletpress-store.com\/pl\/#website\",\"url\":\"https:\/\/tabletpress-store.com\/pl\/\",\"name\":\"Tabletpress Store\",\"description\":\"Tablettenpressen f\u00fcr die Produktion von Medikamenten oder Supplements\",\"publisher\":{\"@id\":\"https:\/\/tabletpress-store.com\/pl\/#organization\"},\"potentialAction\":[{\"@type\":\"SearchAction\",\"target\":{\"@type\":\"EntryPoint\",\"urlTemplate\":\"https:\/\/tabletpress-store.com\/pl\/?s={search_term_string}\"},\"query-input\":\"required name=search_term_string\"}],\"inLanguage\":\"cs\"},{\"@type\":\"Organization\",\"@id\":\"https:\/\/tabletpress-store.com\/pl\/#organization\",\"name\":\"Tabletpress Store\",\"url\":\"https:\/\/tabletpress-store.com\/pl\/\",\"logo\":{\"@type\":\"ImageObject\",\"inLanguage\":\"cs\",\"@id\":\"https:\/\/tabletpress-store.com\/pl\/#\/schema\/logo\/image\/\",\"url\":\"https:\/\/tabletpress-store.com\/wp-content\/uploads\/2023\/07\/tablettpress-store-logo.png\",\"contentUrl\":\"https:\/\/tabletpress-store.com\/wp-content\/uploads\/2023\/07\/tablettpress-store-logo.png\",\"width\":1800,\"height\":1800,\"caption\":\"Tabletpress Store\"},\"image\":{\"@id\":\"https:\/\/tabletpress-store.com\/pl\/#\/schema\/logo\/image\/\"}}]}<\/script>\n<!-- \/ Yoast SEO plugin. -->","yoast_head_json":{"title":"Widerrufsbelehrung - Hochwertige Tablettenpresse- Tabletpress Store","description":"Widerrufsbelehrung: Kaufen Sie Tablettenpressen und Zubeh\u00f6r zu konkurrenzf\u00e4higen Preisen. Profitieren Sie von schneller Lieferung, sicherer Zahlung, strenger Qualit\u00e4tskontrolle und 24\/7 Service.","robots":{"index":"index","follow":"follow","max-snippet":"max-snippet:-1","max-image-preview":"max-image-preview:large","max-video-preview":"max-video-preview:-1"},"canonical":"https:\/\/tabletpress-store.com\/cs\/widerrufsbelehrung\/","og_locale":"cs_CZ","og_type":"article","og_title":"Widerrufsbelehrung - Hochwertige Tablettenpresse- Tabletpress Store","og_description":"Widerrufsbelehrung: Kaufen Sie Tablettenpressen und Zubeh\u00f6r zu konkurrenzf\u00e4higen Preisen. Profitieren Sie von schneller Lieferung, sicherer Zahlung, strenger Qualit\u00e4tskontrolle und 24\/7 Service.","og_url":"https:\/\/tabletpress-store.com\/cs\/widerrufsbelehrung\/","og_site_name":"Tablettenpressen","article_modified_time":"2025-12-05T08:50:57+00:00","twitter_card":"summary_large_image","twitter_misc":{"Odhadovan\u00e1 doba \u010dten\u00ed":"3 minuty"},"schema":{"@context":"https:\/\/schema.org","@graph":[{"@type":"WebPage","@id":"https:\/\/tabletpress-store.com\/widerrufsbelehrung\/","url":"https:\/\/tabletpress-store.com\/widerrufsbelehrung\/","name":"Widerrufsbelehrung - Hochwertige Tablettenpresse- Tabletpress Store","isPartOf":{"@id":"https:\/\/tabletpress-store.com\/pl\/#website"},"datePublished":"2023-07-15T09:17:03+00:00","dateModified":"2025-12-05T08:50:57+00:00","description":"Widerrufsbelehrung: Kaufen Sie Tablettenpressen und Zubeh\u00f6r zu konkurrenzf\u00e4higen Preisen. Profitieren Sie von schneller Lieferung, sicherer Zahlung, strenger Qualit\u00e4tskontrolle und 24\/7 Service.","breadcrumb":{"@id":"https:\/\/tabletpress-store.com\/widerrufsbelehrung\/#breadcrumb"},"inLanguage":"cs","potentialAction":[{"@type":"ReadAction","target":["https:\/\/tabletpress-store.com\/widerrufsbelehrung\/"]}]},{"@type":"BreadcrumbList","@id":"https:\/\/tabletpress-store.com\/widerrufsbelehrung\/#breadcrumb","itemListElement":[{"@type":"ListItem","position":1,"name":"Startseite","item":"https:\/\/tabletpress-store.com\/"},{"@type":"ListItem","position":2,"name":"Widerrufsbelehrung"}]},{"@type":"WebSite","@id":"https:\/\/tabletpress-store.com\/pl\/#website","url":"https:\/\/tabletpress-store.com\/pl\/","name":"Tabletpress Store","description":"Tablettenpressen f\u00fcr die Produktion von Medikamenten oder Supplements","publisher":{"@id":"https:\/\/tabletpress-store.com\/pl\/#organization"},"potentialAction":[{"@type":"SearchAction","target":{"@type":"EntryPoint","urlTemplate":"https:\/\/tabletpress-store.com\/pl\/?s={search_term_string}"},"query-input":"required name=search_term_string"}],"inLanguage":"cs"},{"@type":"Organization","@id":"https:\/\/tabletpress-store.com\/pl\/#organization","name":"Tabletpress Store","url":"https:\/\/tabletpress-store.com\/pl\/","logo":{"@type":"ImageObject","inLanguage":"cs","@id":"https:\/\/tabletpress-store.com\/pl\/#\/schema\/logo\/image\/","url":"https:\/\/tabletpress-store.com\/wp-content\/uploads\/2023\/07\/tablettpress-store-logo.png","contentUrl":"https:\/\/tabletpress-store.com\/wp-content\/uploads\/2023\/07\/tablettpress-store-logo.png","width":1800,"height":1800,"caption":"Tabletpress Store"},"image":{"@id":"https:\/\/tabletpress-store.com\/pl\/#\/schema\/logo\/image\/"}}]}},"_links":{"self":[{"href":"https:\/\/tabletpress-store.com\/cs\/wp-json\/wp\/v2\/pages\/2240","targetHints":{"allow":["GET"]}}],"collection":[{"href":"https:\/\/tabletpress-store.com\/cs\/wp-json\/wp\/v2\/pages"}],"about":[{"href":"https:\/\/tabletpress-store.com\/cs\/wp-json\/wp\/v2\/types\/page"}],"author":[{"embeddable":true,"href":"https:\/\/tabletpress-store.com\/cs\/wp-json\/wp\/v2\/users\/1"}],"replies":[{"embeddable":true,"href":"https:\/\/tabletpress-store.com\/cs\/wp-json\/wp\/v2\/comments?post=2240"}],"version-history":[{"count":4,"href":"https:\/\/tabletpress-store.com\/cs\/wp-json\/wp\/v2\/pages\/2240\/revisions"}],"predecessor-version":[{"id":2624,"href":"https:\/\/tabletpress-store.com\/cs\/wp-json\/wp\/v2\/pages\/2240\/revisions\/2624"}],"wp:attachment":[{"href":"https:\/\/tabletpress-store.com\/cs\/wp-json\/wp\/v2\/media?parent=2240"}],"curies":[{"name":"wp","href":"https:\/\/api.w.org\/{rel}","templated":true}]}}