{"id":2267,"date":"2023-07-16T14:29:36","date_gmt":"2023-07-16T12:29:36","guid":{"rendered":"https:\/\/tabletpress-store.com\/?post_type=product&#038;p=2267"},"modified":"2025-10-06T11:25:13","modified_gmt":"2025-10-06T09:25:13","slug":"zp-10b-rotary-tablet-press","status":"publish","type":"product","link":"https:\/\/tabletpress-store.com\/cs\/produkt\/zp-10b-rotary-tablet-press\/","title":{"rendered":"ZP-10B Rotary Tablet Press"},"content":{"rendered":"","protected":false},"excerpt":{"rendered":"<p><strong><strong>Odb\u011br v N\u011bmecku je mo\u017en\u00fd po domluv\u011b a za p\u0159\u00edplatek mohu p\u0159iv\u00e9zt stroj a\u017e k V\u00e1m dom\u016f, hotov\u011b. Nev\u00e1hejte n\u00e1s kontaktovat na \u010d\u00edsle +49 (0) 160 979 116 53 telefonicky nebo p\u0159es WhatsApp. Mluv\u00edm n\u011bmecky a anglicky<\/strong><\/strong><\/p>\n<p style=\"text-align: justify;\" class=\"translation-block\">Die <strong>ZP-10\/12B Rotary Tablet Press<\/strong> ist \u2013 wie es der Name bereits indiziert \u2013 eine leistungsstarke Rundl\u00e4ufer-Tablettenpresse, die es dem Anwender erm\u00f6glicht, schnell und effizient gro\u00dfe Mengen qualitativ hochwertiger Tabletten zu produzieren.<\/p>\n<p style=\"text-align: justify;\">Zu den fortschrittlichen Merkmalen der ZP-10\/12B Rotary Tablet Press geh\u00f6ren eine digitale Schnittstelle und eine \u00e4u\u00dferst komfortable Bedienkonsole. Zusammen machen sie es dem Bediener leicht, die Maschine zu bedienen, ohne zeitaufw\u00e4ndige und umst\u00e4ndliche manuelle Einstellungen an Bolzen und Schrauben vornehmen zu m\u00fcssen.<\/p>\n<p style=\"text-align: justify;\">Abholung in Deutschland ist nach Vereinbarung m\u00f6glich und gegen einen Aufpreis kann ich die Maschine zu Ihnen nach Hause bringen,\u00a0 mit Nachnahme. Kontaktieren Sie uns gern unter der Rufnummer <a href=\"tel:4916097911653\"><strong>+49 (0) 160 979 116 53<\/strong><\/a>\u00a0by phone call or WhatsApp.<\/p>\n<p>You can pick up the press in our stock house in Germany, besides,\u00a0 we can also deliver the press to your company or home in all EU countries using cash on delivery. Please feel free to contact with uns under the number +49(0)160 979 116 53 via WhatsApp or make a phone call.<\/p>","protected":false},"featured_media":2270,"template":"","meta":[],"product_brand":[],"product_cat":[15],"product_tag":[],"class_list":{"0":"post-2267","1":"product","2":"type-product","3":"status-publish","4":"has-post-thumbnail","6":"product_cat-tablettenpressen","8":"first","9":"instock","10":"taxable","11":"shipping-taxable","12":"purchasable","13":"product-type-simple"},"yoast_head":"<!-- This site is optimized with the Yoast SEO plugin v23.3 - https:\/\/yoast.com\/wordpress\/plugins\/seo\/ -->\n<title>ZP-10B Rotary Tablet Press - Hochwertige Tablettenpresse-<\/title>\n<meta name=\"description\" content=\"ZP-10B Rotary Tablet Press - Prod\u00e1m stroj a za\u0159\u00edzen\u00ed na lisov\u00e1n\u00ed tablet. Konkuren\u010dn\u00ed cena - Rychl\u00e1 dodac\u00ed lh\u016fta - Bezpe\u010dn\u00e1 platba - P\u0159\u00edsn\u00e1 kvalita - 24\/7\" \/>\n<meta name=\"robots\" content=\"index, follow, max-snippet:-1, max-image-preview:large, max-video-preview:-1\" \/>\n<link rel=\"canonical\" href=\"https:\/\/tabletpress-store.com\/cs\/produkt\/zp-10b-rotary-tablet-press\/\" \/>\n<meta property=\"og:locale\" content=\"cs_CZ\" \/>\n<meta property=\"og:type\" content=\"article\" \/>\n<meta property=\"og:title\" content=\"ZP-10B Rotary Tablet Press - Hochwertige Tablettenpresse-\" \/>\n<meta property=\"og:description\" content=\"ZP-10B Rotary Tablet Press - Prod\u00e1m stroj a za\u0159\u00edzen\u00ed na lisov\u00e1n\u00ed tablet. Konkuren\u010dn\u00ed cena - Rychl\u00e1 dodac\u00ed lh\u016fta - Bezpe\u010dn\u00e1 platba - P\u0159\u00edsn\u00e1 kvalita - 24\/7\" \/>\n<meta property=\"og:url\" content=\"https:\/\/tabletpress-store.com\/cs\/produkt\/zp-10b-rotary-tablet-press\/\" \/>\n<meta property=\"og:site_name\" content=\"Tablettenpressen\" \/>\n<meta property=\"article:modified_time\" content=\"2025-10-06T09:25:13+00:00\" \/>\n<meta property=\"og:image\" content=\"https:\/\/tabletpress-store.com\/wp-content\/uploads\/2023\/07\/zp130a-scaled.jpg\" \/>\n\t<meta property=\"og:image:width\" content=\"2560\" \/>\n\t<meta property=\"og:image:height\" content=\"1920\" \/>\n\t<meta property=\"og:image:type\" content=\"image\/jpeg\" \/>\n<meta name=\"twitter:card\" content=\"summary_large_image\" \/>\n<meta name=\"twitter:label1\" content=\"Odhadovan\u00e1 doba \u010dten\u00ed\" \/>\n\t<meta name=\"twitter:data1\" content=\"1 minuta\" \/>\n<script type=\"application\/ld+json\" class=\"yoast-schema-graph\">{\"@context\":\"https:\/\/schema.org\",\"@graph\":[{\"@type\":\"WebPage\",\"@id\":\"https:\/\/tabletpress-store.com\/produkt\/zp-10b-rotary-tablet-press\/\",\"url\":\"https:\/\/tabletpress-store.com\/produkt\/zp-10b-rotary-tablet-press\/\",\"name\":\"ZP-10B Rotary Tablet Press - Hochwertige Tablettenpresse-\",\"isPartOf\":{\"@id\":\"https:\/\/tabletpress-store.com\/pl\/#website\"},\"primaryImageOfPage\":{\"@id\":\"https:\/\/tabletpress-store.com\/produkt\/zp-10b-rotary-tablet-press\/#primaryimage\"},\"image\":{\"@id\":\"https:\/\/tabletpress-store.com\/produkt\/zp-10b-rotary-tablet-press\/#primaryimage\"},\"thumbnailUrl\":\"https:\/\/tabletpress-store.com\/wp-content\/uploads\/2023\/07\/zp130a-scaled.jpg\",\"datePublished\":\"2023-07-16T12:29:36+00:00\",\"dateModified\":\"2025-10-06T09:25:13+00:00\",\"description\":\"ZP-10B Rotary Tablet Press - Prod\u00e1m stroj a za\u0159\u00edzen\u00ed na lisov\u00e1n\u00ed tablet. Konkuren\u010dn\u00ed cena - Rychl\u00e1 dodac\u00ed lh\u016fta - Bezpe\u010dn\u00e1 platba - P\u0159\u00edsn\u00e1 kvalita - 24\/7\",\"breadcrumb\":{\"@id\":\"https:\/\/tabletpress-store.com\/produkt\/zp-10b-rotary-tablet-press\/#breadcrumb\"},\"inLanguage\":\"cs\",\"potentialAction\":[{\"@type\":\"ReadAction\",\"target\":[\"https:\/\/tabletpress-store.com\/produkt\/zp-10b-rotary-tablet-press\/\"]}]},{\"@type\":\"ImageObject\",\"inLanguage\":\"cs\",\"@id\":\"https:\/\/tabletpress-store.com\/produkt\/zp-10b-rotary-tablet-press\/#primaryimage\",\"url\":\"https:\/\/tabletpress-store.com\/wp-content\/uploads\/2023\/07\/zp130a-scaled.jpg\",\"contentUrl\":\"https:\/\/tabletpress-store.com\/wp-content\/uploads\/2023\/07\/zp130a-scaled.jpg\",\"width\":2560,\"height\":1920,\"caption\":\"Bestellung der Rundlauftablettenpresse ZP-10B\"},{\"@type\":\"BreadcrumbList\",\"@id\":\"https:\/\/tabletpress-store.com\/produkt\/zp-10b-rotary-tablet-press\/#breadcrumb\",\"itemListElement\":[{\"@type\":\"ListItem\",\"position\":1,\"name\":\"Startseite\",\"item\":\"https:\/\/tabletpress-store.com\/\"},{\"@type\":\"ListItem\",\"position\":2,\"name\":\"Shop\",\"item\":\"https:\/\/tabletpress-store.com\/shop\/\"},{\"@type\":\"ListItem\",\"position\":3,\"name\":\"ZP-10B Rotary Tablet Press\"}]},{\"@type\":\"WebSite\",\"@id\":\"https:\/\/tabletpress-store.com\/pl\/#website\",\"url\":\"https:\/\/tabletpress-store.com\/pl\/\",\"name\":\"Tabletpress Store\",\"description\":\"Tablettenpressen f\u00fcr die Produktion von Medikamenten oder Supplements\",\"publisher\":{\"@id\":\"https:\/\/tabletpress-store.com\/pl\/#organization\"},\"potentialAction\":[{\"@type\":\"SearchAction\",\"target\":{\"@type\":\"EntryPoint\",\"urlTemplate\":\"https:\/\/tabletpress-store.com\/pl\/?s={search_term_string}\"},\"query-input\":\"required name=search_term_string\"}],\"inLanguage\":\"cs\"},{\"@type\":\"Organization\",\"@id\":\"https:\/\/tabletpress-store.com\/pl\/#organization\",\"name\":\"Tabletpress Store\",\"url\":\"https:\/\/tabletpress-store.com\/pl\/\",\"logo\":{\"@type\":\"ImageObject\",\"inLanguage\":\"cs\",\"@id\":\"https:\/\/tabletpress-store.com\/pl\/#\/schema\/logo\/image\/\",\"url\":\"https:\/\/tabletpress-store.com\/wp-content\/uploads\/2023\/07\/tablettpress-store-logo.png\",\"contentUrl\":\"https:\/\/tabletpress-store.com\/wp-content\/uploads\/2023\/07\/tablettpress-store-logo.png\",\"width\":1800,\"height\":1800,\"caption\":\"Tabletpress Store\"},\"image\":{\"@id\":\"https:\/\/tabletpress-store.com\/pl\/#\/schema\/logo\/image\/\"}}]}<\/script>\n<!-- \/ Yoast SEO plugin. -->","yoast_head_json":{"title":"ZP-10B Rotary Tablet Press - Hochwertige Tablettenpresse-","description":"ZP-10B Rotary Tablet Press - Prod\u00e1m stroj a za\u0159\u00edzen\u00ed na lisov\u00e1n\u00ed tablet. Konkuren\u010dn\u00ed cena - Rychl\u00e1 dodac\u00ed lh\u016fta - Bezpe\u010dn\u00e1 platba - P\u0159\u00edsn\u00e1 kvalita - 24\/7","robots":{"index":"index","follow":"follow","max-snippet":"max-snippet:-1","max-image-preview":"max-image-preview:large","max-video-preview":"max-video-preview:-1"},"canonical":"https:\/\/tabletpress-store.com\/cs\/produkt\/zp-10b-rotary-tablet-press\/","og_locale":"cs_CZ","og_type":"article","og_title":"ZP-10B Rotary Tablet Press - Hochwertige Tablettenpresse-","og_description":"ZP-10B Rotary Tablet Press - Prod\u00e1m stroj a za\u0159\u00edzen\u00ed na lisov\u00e1n\u00ed tablet. Konkuren\u010dn\u00ed cena - Rychl\u00e1 dodac\u00ed lh\u016fta - Bezpe\u010dn\u00e1 platba - P\u0159\u00edsn\u00e1 kvalita - 24\/7","og_url":"https:\/\/tabletpress-store.com\/cs\/produkt\/zp-10b-rotary-tablet-press\/","og_site_name":"Tablettenpressen","article_modified_time":"2025-10-06T09:25:13+00:00","og_image":[{"width":2560,"height":1920,"url":"https:\/\/tabletpress-store.com\/wp-content\/uploads\/2023\/07\/zp130a-scaled.jpg","type":"image\/jpeg"}],"twitter_card":"summary_large_image","twitter_misc":{"Odhadovan\u00e1 doba \u010dten\u00ed":"1 minuta"},"schema":{"@context":"https:\/\/schema.org","@graph":[{"@type":"WebPage","@id":"https:\/\/tabletpress-store.com\/produkt\/zp-10b-rotary-tablet-press\/","url":"https:\/\/tabletpress-store.com\/produkt\/zp-10b-rotary-tablet-press\/","name":"ZP-10B Rotary Tablet Press - Hochwertige Tablettenpresse-","isPartOf":{"@id":"https:\/\/tabletpress-store.com\/pl\/#website"},"primaryImageOfPage":{"@id":"https:\/\/tabletpress-store.com\/produkt\/zp-10b-rotary-tablet-press\/#primaryimage"},"image":{"@id":"https:\/\/tabletpress-store.com\/produkt\/zp-10b-rotary-tablet-press\/#primaryimage"},"thumbnailUrl":"https:\/\/tabletpress-store.com\/wp-content\/uploads\/2023\/07\/zp130a-scaled.jpg","datePublished":"2023-07-16T12:29:36+00:00","dateModified":"2025-10-06T09:25:13+00:00","description":"ZP-10B Rotary Tablet Press - Prod\u00e1m stroj a za\u0159\u00edzen\u00ed na lisov\u00e1n\u00ed tablet. Konkuren\u010dn\u00ed cena - Rychl\u00e1 dodac\u00ed lh\u016fta - Bezpe\u010dn\u00e1 platba - P\u0159\u00edsn\u00e1 kvalita - 24\/7","breadcrumb":{"@id":"https:\/\/tabletpress-store.com\/produkt\/zp-10b-rotary-tablet-press\/#breadcrumb"},"inLanguage":"cs","potentialAction":[{"@type":"ReadAction","target":["https:\/\/tabletpress-store.com\/produkt\/zp-10b-rotary-tablet-press\/"]}]},{"@type":"ImageObject","inLanguage":"cs","@id":"https:\/\/tabletpress-store.com\/produkt\/zp-10b-rotary-tablet-press\/#primaryimage","url":"https:\/\/tabletpress-store.com\/wp-content\/uploads\/2023\/07\/zp130a-scaled.jpg","contentUrl":"https:\/\/tabletpress-store.com\/wp-content\/uploads\/2023\/07\/zp130a-scaled.jpg","width":2560,"height":1920,"caption":"Bestellung der Rundlauftablettenpresse ZP-10B"},{"@type":"BreadcrumbList","@id":"https:\/\/tabletpress-store.com\/produkt\/zp-10b-rotary-tablet-press\/#breadcrumb","itemListElement":[{"@type":"ListItem","position":1,"name":"Startseite","item":"https:\/\/tabletpress-store.com\/"},{"@type":"ListItem","position":2,"name":"Shop","item":"https:\/\/tabletpress-store.com\/shop\/"},{"@type":"ListItem","position":3,"name":"ZP-10B Rotary Tablet Press"}]},{"@type":"WebSite","@id":"https:\/\/tabletpress-store.com\/pl\/#website","url":"https:\/\/tabletpress-store.com\/pl\/","name":"Tabletpress Store","description":"Tablettenpressen f\u00fcr die Produktion von Medikamenten oder Supplements","publisher":{"@id":"https:\/\/tabletpress-store.com\/pl\/#organization"},"potentialAction":[{"@type":"SearchAction","target":{"@type":"EntryPoint","urlTemplate":"https:\/\/tabletpress-store.com\/pl\/?s={search_term_string}"},"query-input":"required name=search_term_string"}],"inLanguage":"cs"},{"@type":"Organization","@id":"https:\/\/tabletpress-store.com\/pl\/#organization","name":"Tabletpress Store","url":"https:\/\/tabletpress-store.com\/pl\/","logo":{"@type":"ImageObject","inLanguage":"cs","@id":"https:\/\/tabletpress-store.com\/pl\/#\/schema\/logo\/image\/","url":"https:\/\/tabletpress-store.com\/wp-content\/uploads\/2023\/07\/tablettpress-store-logo.png","contentUrl":"https:\/\/tabletpress-store.com\/wp-content\/uploads\/2023\/07\/tablettpress-store-logo.png","width":1800,"height":1800,"caption":"Tabletpress Store"},"image":{"@id":"https:\/\/tabletpress-store.com\/pl\/#\/schema\/logo\/image\/"}}]}},"_links":{"self":[{"href":"https:\/\/tabletpress-store.com\/cs\/wp-json\/wp\/v2\/product\/2267","targetHints":{"allow":["GET"]}}],"collection":[{"href":"https:\/\/tabletpress-store.com\/cs\/wp-json\/wp\/v2\/product"}],"about":[{"href":"https:\/\/tabletpress-store.com\/cs\/wp-json\/wp\/v2\/types\/product"}],"wp:featuredmedia":[{"embeddable":true,"href":"https:\/\/tabletpress-store.com\/cs\/wp-json\/wp\/v2\/media\/2270"}],"wp:attachment":[{"href":"https:\/\/tabletpress-store.com\/cs\/wp-json\/wp\/v2\/media?parent=2267"}],"wp:term":[{"taxonomy":"product_brand","embeddable":true,"href":"https:\/\/tabletpress-store.com\/cs\/wp-json\/wp\/v2\/product_brand?post=2267"},{"taxonomy":"product_cat","embeddable":true,"href":"https:\/\/tabletpress-store.com\/cs\/wp-json\/wp\/v2\/product_cat?post=2267"},{"taxonomy":"product_tag","embeddable":true,"href":"https:\/\/tabletpress-store.com\/cs\/wp-json\/wp\/v2\/product_tag?post=2267"}],"curies":[{"name":"wp","href":"https:\/\/api.w.org\/{rel}","templated":true}]}}