{"id":2366,"date":"2024-01-13T10:55:08","date_gmt":"2024-01-13T09:55:08","guid":{"rendered":"https:\/\/tabletpress-store.com\/?post_type=product&#038;p=2366"},"modified":"2026-01-06T09:26:58","modified_gmt":"2026-01-06T08:26:58","slug":"tdp-1-5-single-punch-tablet-press","status":"publish","type":"product","link":"https:\/\/tabletpress-store.com\/cs\/produkt\/tdp-1-5-single-punch-tablet-press\/","title":{"rendered":"THDP 5 Desktop Tablet Press"},"content":{"rendered":"<p>THDP 5 je flexibiln\u00ed a snadno ovladateln\u00fd stoln\u00ed tabletovac\u00ed lis, kter\u00fd nab\u00edz\u00ed pozoruhodn\u00e9 objemy, v\u00fdkon a flexibilitu. Tento stroj, kter\u00fd je schopen pracovat na elekt\u0159inu nebo manu\u00e1ln\u011b, je ide\u00e1ln\u00ed volbou pro ka\u017ed\u00e9ho, kdo pot\u0159ebuje vysoce kvalitn\u00ed lis pro malos\u00e9riovou v\u00fdrobu a zku\u0161ebn\u00ed provoz, co\u017e z n\u011bj \u010din\u00ed ide\u00e1ln\u00ed volbu pro v\u00fdzkum a v\u00fdvoj nebo podobn\u00e9 aplikace.<\/p>\n<p>Vyzvednut\u00ed v N\u011bmecku je mo\u017en\u00e9 po domluv\u011b a za p\u0159\u00edplatek v\u00e1m mohu stroj doru\u010dit a\u017e dom\u016f, na dob\u00edrku. Nev\u00e1hejte n\u00e1s kontaktovat telefonicky na \u010d\u00edsle +49 (0) 160 979 116 53 nebo p\u0159es WhatsApp.<\/p>\n<p>Tisk si m\u016f\u017eete vyzvednout v na\u0161em skladu v N\u011bmecku, krom\u011b toho v\u00e1m jej m\u016f\u017eeme doru\u010dit a\u017e k v\u00e1m dom\u016f do firmy nebo na dob\u00edrku ve v\u0161ech zem\u00edch EU. Nev\u00e1hejte n\u00e1s kontaktovat na \u010d\u00edsle +49(0)160 979 116 53 p\u0159es WhatsApp nebo n\u00e1m zavolejte.<\/p>\n<p>Nab\u00edz\u00edme \u0159adu vysoce kvalitn\u00edch tabletovac\u00edch lis\u016f, kter\u00e9 jsou p\u0159izp\u016fsobeny pot\u0159eb\u00e1m na\u0161ich z\u00e1kazn\u00edk\u016f. Na\u0161e v\u00fdrobky se vyzna\u010duj\u00ed spolehlivost\u00ed a \u00fa\u010dinnost\u00ed, co\u017e z nich \u010din\u00ed ide\u00e1ln\u00ed volbu pro farmaceutick\u00fd a potravin\u00e1\u0159sk\u00fd pr\u016fmysl.<\/p>\n<p><strong><strong>Odb\u011br v N\u011bmecku je mo\u017en\u00fd po domluv\u011b a za p\u0159\u00edplatek mohu p\u0159iv\u00e9zt stroj a\u017e k V\u00e1m dom\u016f, hotov\u011b. Nev\u00e1hejte n\u00e1s kontaktovat na \u010d\u00edsle +49 (0) 160 979 116 53 telefonicky nebo p\u0159es WhatsApp. Mluv\u00edm n\u011bmecky a anglicky<\/strong><\/strong><\/p>\n<h3>Overview<br \/>\n4,200 Tablets per Hour, 50 kN of Pressure<\/h3>\n<p>Default Mold (\u00f86mm x1~6mm\/\u00f80.23\u2033 x0.04~0.23\u2033)<br \/>\nThe machine is suitable for most dry powder tablets, milk tablets, effervescent tablets, and other products.<\/p>\n<table width=\"374\">\n<tbody>\n<tr>\n<td width=\"187\">Model<\/td>\n<td width=\"187\">THDP-5<\/td>\n<\/tr>\n<tr>\n<td width=\"187\">Max.Pressure<\/td>\n<td width=\"187\">50kN<\/td>\n<\/tr>\n<tr>\n<td width=\"187\">Max.Tablet Diameter<\/td>\n<td width=\"187\">15mm\/0.59\u201d<\/td>\n<\/tr>\n<tr>\n<td width=\"187\">Max.Tablet Thickness<\/td>\n<td width=\"187\">7mm\/0.27\u201d<\/td>\n<\/tr>\n<tr>\n<td width=\"187\">Max.Filling Depth<\/td>\n<td width=\"187\">18mm\/0.70\u201d<\/td>\n<\/tr>\n<tr>\n<td width=\"187\">Production Capacity<\/td>\n<td width=\"187\">4200pcs\/hour<\/td>\n<\/tr>\n<tr>\n<td width=\"187\">Weight<\/td>\n<td width=\"187\">55kg<\/td>\n<\/tr>\n<tr>\n<td width=\"187\">Dimension<\/td>\n<td width=\"187\">480*460*620mm<\/td>\n<\/tr>\n<tr>\n<td width=\"187\">Motor Power<\/td>\n<td width=\"187\">750w<\/td>\n<\/tr>\n<\/tbody>\n<\/table>\n<h3>Jak pou\u017e\u00edvat stoln\u00ed tabletovac\u00ed lis THDP 5?<\/h3>\n<p data-start=\"99\" data-end=\"750\">Stoln\u00ed tabletovac\u00ed lis THDP 5 je ide\u00e1ln\u00edm \u0159e\u0161en\u00edm pro mal\u00e9 a\u017e st\u0159edn\u00ed objemy v\u00fdroby v laborato\u0159\u00edch, l\u00e9k\u00e1rn\u00e1ch, v\u00fdzkumn\u00fdch centrech nebo malos\u00e9riovou v\u00fdrobu. D\u00edky kompaktn\u00edmu designu kombinuje profesion\u00e1ln\u00ed v\u00fdkon s \u00fasporou m\u00edsta a vysokou u\u017eivatelskou p\u0159\u00edv\u011btivost\u00ed. THDP 5 se ovl\u00e1d\u00e1 extr\u00e9mn\u011b jednodu\u0161e a intuitivn\u011b \u2013 lze jej uv\u00e9st do provozu ve velmi kr\u00e1tk\u00e9m \u010dase bez nutnosti specializovan\u00fdch znalost\u00ed. V\u0161echna nastaven\u00ed, jako je tlakov\u00e1 s\u00edla, hloubka pln\u011bn\u00ed a rychlost lisu, lze ru\u010dn\u011b a p\u0159esn\u011b nastavit, co\u017e zaru\u010duje maxim\u00e1ln\u00ed flexibilitu p\u0159i v\u00fdrob\u011b tablet.<\/p>\n<p data-start=\"752\" data-end=\"1354\">Robustn\u00ed konstrukce z vysoce kvalitn\u00edch materi\u00e1l\u016f zaji\u0161\u0165uje nejen odolnost, ale tak\u00e9 konzistentn\u011b vysokou kvalitu lisov\u00e1n\u00ed. S maxim\u00e1ln\u00ed lisovac\u00ed silou a\u017e 50 kN vyr\u00e1b\u00ed THDP 5 bez n\u00e1mahy tablety z \u0161irok\u00e9 \u0161k\u00e1ly pr\u00e1\u0161k\u016f nebo granul\u00ed. Stroj se dokonale hod\u00ed pro v\u00fdrobu dopl\u0148k\u016f stravy, farmaceutick\u00fdch produkt\u016f, chemick\u00fdch tablet nebo dokonce technick\u00fdch pelet. Jeho \u00fa\u010dinnost a reprodukovatelnost z n\u011bj \u010din\u00ed nepostradateln\u00fd n\u00e1stroj pro v\u00fdvojov\u00e9 procesy nebo s\u00e9riovou v\u00fdrobu mal\u00fdch d\u00e1vek.<\/p>\n<p data-start=\"1356\" data-end=\"1846\" data-is-last-node=\"\" data-is-only-node=\"\">Dal\u0161\u00ed v\u00fdhodou je snadn\u00e9 \u010di\u0161t\u011bn\u00ed a \u00fadr\u017eba \u2013 v\u0161echny relevantn\u00ed komponenty jsou snadno p\u0159\u00edstupn\u00e9, co\u017e minimalizuje prostoje a spl\u0148uje hygienick\u00e9 po\u017eadavky. THDP 5 je nejen funk\u010dn\u00ed, ale i bezpe\u010dn\u00fd: integrovan\u00e1 bezpe\u010dnostn\u00ed za\u0159\u00edzen\u00ed a nouzov\u00fd vyp\u00edna\u010d zaji\u0161\u0165uj\u00ed maxim\u00e1ln\u00ed provozn\u00ed spolehlivost. Ka\u017ed\u00fd, kdo hled\u00e1 v\u00fdkonn\u00e9, kompaktn\u00ed a cenov\u011b dostupn\u00e9 \u0159e\u0161en\u00ed pro v\u00fdrobu tablet, shled\u00e1 THDP 5 vynikaj\u00edc\u00ed volbou.<\/p>\n<h3 data-start=\"154\" data-end=\"259\"><strong data-start=\"154\" data-end=\"259\">Stoln\u00ed tabletovac\u00ed lis THDP 5 \u2013 P\u0159esn\u00e1 a spolehliv\u00e1 v\u00fdroba tablet pro laborato\u0159e a mal\u00e9 v\u00fdrobn\u00ed s\u00e9rie<\/strong><\/h3>\n<p data-start=\"261\" data-end=\"625\">Stoln\u00ed tabletovac\u00ed lis THDP 5 je perfektn\u00edm \u0159e\u0161en\u00edm pro laborato\u0159e, l\u00e9k\u00e1rny a mal\u00e9 v\u00fdrobn\u00ed z\u00e1vody, kter\u00e9 vy\u017eaduj\u00ed nejvy\u0161\u0161\u00ed p\u0159esnost a efektivitu p\u0159i v\u00fdrob\u011b tablet. D\u00edky sv\u00e9mu kompaktn\u00edmu designu kombinuje tento stoln\u00ed lis nejmodern\u011bj\u0161\u00ed technologii se snadn\u00fdm pou\u017eit\u00edm, co\u017e umo\u017e\u0148uje bezprobl\u00e9mov\u00e9 zpracov\u00e1n\u00ed i slo\u017eit\u00fdch receptur.<\/p>\n<p data-start=\"627\" data-end=\"975\">THDP 5 se vyzna\u010duje vynikaj\u00edc\u00ed kompresn\u00ed silou a p\u0159esn\u00fdm d\u00e1vkov\u00e1n\u00edm, co\u017e umo\u017e\u0148uje v\u00fdrobu tablet r\u016fzn\u00fdch velikost\u00ed, tvar\u016f a stup\u0148\u016f tvrdosti. Nastaviteln\u00e9 parametry umo\u017e\u0148uj\u00ed p\u0159esn\u00e9 p\u0159izp\u016fsoben\u00ed specifick\u00fdm po\u017eadavk\u016fm, co\u017e z n\u011bj \u010din\u00ed ide\u00e1ln\u00ed za\u0159\u00edzen\u00ed pro laboratorn\u00ed experimenty, prototypy nebo malos\u00e9riovou v\u00fdrobu.<\/p>\n<p data-start=\"977\" data-end=\"1340\">THDP 5 je navr\u017een pro intuitivn\u00ed ovl\u00e1d\u00e1n\u00ed a p\u0159ehledn\u00fd ovl\u00e1dac\u00ed panel umo\u017e\u0148uje rychl\u00e9 nastaven\u00ed a snadn\u00e9 p\u0159ep\u00edn\u00e1n\u00ed mezi r\u016fzn\u00fdmi v\u00fdrobn\u00edmi d\u00e1vkami. Integrovan\u00fd bezpe\u010dnostn\u00ed mechanismus zaji\u0161\u0165uje spolehliv\u00fd a bezpe\u010dn\u00fd provoz a zaru\u010duje tak plynul\u00fd v\u00fdrobn\u00ed proces.<\/p>\n<p data-start=\"1342\" data-end=\"1777\">Stoln\u00ed lis je vyroben z vysoce kvalitn\u00edch materi\u00e1l\u016f, kter\u00e9 zaru\u010duj\u00ed odolnost a stabilitu. Snadno se \u010dist\u00ed a udr\u017euje, co\u017e umo\u017e\u0148uje nep\u0159etr\u017eitou v\u00fdrobu bez p\u0159eru\u0161en\u00ed. THDP 5 je vhodn\u00fd pro pou\u017eit\u00ed ve v\u00fdzkumn\u00fdch a v\u00fdvojov\u00fdch laborato\u0159\u00edch, l\u00e9k\u00e1rn\u00e1ch, mal\u00fdch v\u00fdrobn\u00edch z\u00e1vodech, p\u0159i v\u00fdrob\u011b dopl\u0148k\u016f stravy a p\u0159i v\u00fdrob\u011b prototyp\u016f a mal\u00fdch s\u00e9ri\u00ed.<\/p>\n<p data-start=\"1779\" data-end=\"2056\">Se stoln\u00edm tabletovac\u00edm lisem THDP 5 investujete do p\u0159esnosti, efektivity a bezpe\u010dnosti. Tento stoln\u00ed lis je ide\u00e1ln\u00ed volbou pro ka\u017ed\u00e9ho, kdo hled\u00e1 spolehliv\u00e9 a flexibiln\u00ed \u0159e\u0161en\u00ed pro v\u00fdrobu tablet a chce dos\u00e1hnout nejvy\u0161\u0161\u00ed kvality v ka\u017ed\u00e9 d\u00e1vce.<\/p>","protected":false},"excerpt":{"rendered":"<p><strong><strong>Odb\u011br v N\u011bmecku je mo\u017en\u00fd po domluv\u011b a za p\u0159\u00edplatek mohu p\u0159iv\u00e9zt stroj a\u017e k V\u00e1m dom\u016f, hotov\u011b. Nev\u00e1hejte n\u00e1s kontaktovat na \u010d\u00edsle +49 (0) 160 979 116 53 telefonicky nebo p\u0159es WhatsApp. Mluv\u00edm n\u011bmecky a anglicky<\/strong><\/strong><\/p>","protected":false},"featured_media":2562,"template":"","meta":[],"product_brand":[],"product_cat":[15],"product_tag":[],"class_list":{"0":"post-2366","1":"product","2":"type-product","3":"status-publish","4":"has-post-thumbnail","6":"product_cat-tablettenpressen","8":"first","9":"instock","10":"taxable","11":"shipping-taxable","12":"purchasable","13":"product-type-simple"},"yoast_head":"<!-- This site is optimized with the Yoast SEO plugin v23.3 - https:\/\/yoast.com\/wordpress\/plugins\/seo\/ -->\n<title>THDP 5 Desktop Tablet Press - Hochwertige Tablettenpresse-<\/title>\n<meta name=\"description\" content=\"THDP 5 Desktop Tablet Press - Prod\u00e1m stroj a za\u0159\u00edzen\u00ed na lisov\u00e1n\u00ed tablet. Konkuren\u010dn\u00ed cena - Rychl\u00e1 dodac\u00ed lh\u016fta - Bezpe\u010dn\u00e1 platba - P\u0159\u00edsn\u00e1 kvalita - 24\/7\" \/>\n<meta name=\"robots\" content=\"index, follow, max-snippet:-1, max-image-preview:large, max-video-preview:-1\" \/>\n<link rel=\"canonical\" href=\"https:\/\/tabletpress-store.com\/cs\/produkt\/tdp-1-5-single-punch-tablet-press\/\" \/>\n<meta property=\"og:locale\" content=\"cs_CZ\" \/>\n<meta property=\"og:type\" content=\"article\" \/>\n<meta property=\"og:title\" content=\"THDP 5 Desktop Tablet Press - Hochwertige Tablettenpresse-\" \/>\n<meta property=\"og:description\" content=\"THDP 5 Desktop Tablet Press - Prod\u00e1m stroj a za\u0159\u00edzen\u00ed na lisov\u00e1n\u00ed tablet. Konkuren\u010dn\u00ed cena - Rychl\u00e1 dodac\u00ed lh\u016fta - Bezpe\u010dn\u00e1 platba - P\u0159\u00edsn\u00e1 kvalita - 24\/7\" \/>\n<meta property=\"og:url\" content=\"https:\/\/tabletpress-store.com\/cs\/produkt\/tdp-1-5-single-punch-tablet-press\/\" \/>\n<meta property=\"og:site_name\" content=\"Tablettenpressen\" \/>\n<meta property=\"article:modified_time\" content=\"2026-01-06T08:26:58+00:00\" \/>\n<meta property=\"og:image\" content=\"https:\/\/tabletpress-store.com\/wp-content\/uploads\/2024\/01\/THDP-5-1-600x600.webp.png\" \/>\n\t<meta property=\"og:image:width\" content=\"600\" \/>\n\t<meta property=\"og:image:height\" content=\"600\" \/>\n\t<meta property=\"og:image:type\" content=\"image\/png\" \/>\n<meta name=\"twitter:card\" content=\"summary_large_image\" \/>\n<meta name=\"twitter:label1\" content=\"Odhadovan\u00e1 doba \u010dten\u00ed\" \/>\n\t<meta name=\"twitter:data1\" content=\"5 minut\" \/>\n<script type=\"application\/ld+json\" class=\"yoast-schema-graph\">{\"@context\":\"https:\/\/schema.org\",\"@graph\":[{\"@type\":\"WebPage\",\"@id\":\"https:\/\/tabletpress-store.com\/produkt\/tdp-1-5-single-punch-tablet-press\/\",\"url\":\"https:\/\/tabletpress-store.com\/produkt\/tdp-1-5-single-punch-tablet-press\/\",\"name\":\"THDP 5 Desktop Tablet Press - Hochwertige Tablettenpresse-\",\"isPartOf\":{\"@id\":\"https:\/\/tabletpress-store.com\/pl\/#website\"},\"primaryImageOfPage\":{\"@id\":\"https:\/\/tabletpress-store.com\/produkt\/tdp-1-5-single-punch-tablet-press\/#primaryimage\"},\"image\":{\"@id\":\"https:\/\/tabletpress-store.com\/produkt\/tdp-1-5-single-punch-tablet-press\/#primaryimage\"},\"thumbnailUrl\":\"https:\/\/tabletpress-store.com\/wp-content\/uploads\/2024\/01\/THDP-5-1-600x600.webp.png\",\"datePublished\":\"2024-01-13T09:55:08+00:00\",\"dateModified\":\"2026-01-06T08:26:58+00:00\",\"description\":\"THDP 5 Desktop Tablet Press - Prod\u00e1m stroj a za\u0159\u00edzen\u00ed na lisov\u00e1n\u00ed tablet. Konkuren\u010dn\u00ed cena - Rychl\u00e1 dodac\u00ed lh\u016fta - Bezpe\u010dn\u00e1 platba - P\u0159\u00edsn\u00e1 kvalita - 24\/7\",\"breadcrumb\":{\"@id\":\"https:\/\/tabletpress-store.com\/produkt\/tdp-1-5-single-punch-tablet-press\/#breadcrumb\"},\"inLanguage\":\"cs\",\"potentialAction\":[{\"@type\":\"ReadAction\",\"target\":[\"https:\/\/tabletpress-store.com\/produkt\/tdp-1-5-single-punch-tablet-press\/\"]}]},{\"@type\":\"ImageObject\",\"inLanguage\":\"cs\",\"@id\":\"https:\/\/tabletpress-store.com\/produkt\/tdp-1-5-single-punch-tablet-press\/#primaryimage\",\"url\":\"https:\/\/tabletpress-store.com\/wp-content\/uploads\/2024\/01\/THDP-5-1-600x600.webp.png\",\"contentUrl\":\"https:\/\/tabletpress-store.com\/wp-content\/uploads\/2024\/01\/THDP-5-1-600x600.webp.png\",\"width\":600,\"height\":600,\"caption\":\"rotary tablet press tdp 5\"},{\"@type\":\"BreadcrumbList\",\"@id\":\"https:\/\/tabletpress-store.com\/produkt\/tdp-1-5-single-punch-tablet-press\/#breadcrumb\",\"itemListElement\":[{\"@type\":\"ListItem\",\"position\":1,\"name\":\"Startseite\",\"item\":\"https:\/\/tabletpress-store.com\/\"},{\"@type\":\"ListItem\",\"position\":2,\"name\":\"Shop\",\"item\":\"https:\/\/tabletpress-store.com\/shop\/\"},{\"@type\":\"ListItem\",\"position\":3,\"name\":\"THDP 5 Desktop Tablet Press\"}]},{\"@type\":\"WebSite\",\"@id\":\"https:\/\/tabletpress-store.com\/pl\/#website\",\"url\":\"https:\/\/tabletpress-store.com\/pl\/\",\"name\":\"Tabletpress Store\",\"description\":\"Tablettenpressen f\u00fcr die Produktion von Medikamenten oder Supplements\",\"publisher\":{\"@id\":\"https:\/\/tabletpress-store.com\/pl\/#organization\"},\"potentialAction\":[{\"@type\":\"SearchAction\",\"target\":{\"@type\":\"EntryPoint\",\"urlTemplate\":\"https:\/\/tabletpress-store.com\/pl\/?s={search_term_string}\"},\"query-input\":\"required name=search_term_string\"}],\"inLanguage\":\"cs\"},{\"@type\":\"Organization\",\"@id\":\"https:\/\/tabletpress-store.com\/pl\/#organization\",\"name\":\"Tabletpress Store\",\"url\":\"https:\/\/tabletpress-store.com\/pl\/\",\"logo\":{\"@type\":\"ImageObject\",\"inLanguage\":\"cs\",\"@id\":\"https:\/\/tabletpress-store.com\/pl\/#\/schema\/logo\/image\/\",\"url\":\"https:\/\/tabletpress-store.com\/wp-content\/uploads\/2023\/07\/tablettpress-store-logo.png\",\"contentUrl\":\"https:\/\/tabletpress-store.com\/wp-content\/uploads\/2023\/07\/tablettpress-store-logo.png\",\"width\":1800,\"height\":1800,\"caption\":\"Tabletpress Store\"},\"image\":{\"@id\":\"https:\/\/tabletpress-store.com\/pl\/#\/schema\/logo\/image\/\"}}]}<\/script>\n<!-- \/ Yoast SEO plugin. -->","yoast_head_json":{"title":"THDP 5 Desktop Tablet Press - Hochwertige Tablettenpresse-","description":"THDP 5 Desktop Tablet Press - Prod\u00e1m stroj a za\u0159\u00edzen\u00ed na lisov\u00e1n\u00ed tablet. Konkuren\u010dn\u00ed cena - Rychl\u00e1 dodac\u00ed lh\u016fta - Bezpe\u010dn\u00e1 platba - P\u0159\u00edsn\u00e1 kvalita - 24\/7","robots":{"index":"index","follow":"follow","max-snippet":"max-snippet:-1","max-image-preview":"max-image-preview:large","max-video-preview":"max-video-preview:-1"},"canonical":"https:\/\/tabletpress-store.com\/cs\/produkt\/tdp-1-5-single-punch-tablet-press\/","og_locale":"cs_CZ","og_type":"article","og_title":"THDP 5 Desktop Tablet Press - Hochwertige Tablettenpresse-","og_description":"THDP 5 Desktop Tablet Press - Prod\u00e1m stroj a za\u0159\u00edzen\u00ed na lisov\u00e1n\u00ed tablet. Konkuren\u010dn\u00ed cena - Rychl\u00e1 dodac\u00ed lh\u016fta - Bezpe\u010dn\u00e1 platba - P\u0159\u00edsn\u00e1 kvalita - 24\/7","og_url":"https:\/\/tabletpress-store.com\/cs\/produkt\/tdp-1-5-single-punch-tablet-press\/","og_site_name":"Tablettenpressen","article_modified_time":"2026-01-06T08:26:58+00:00","og_image":[{"width":600,"height":600,"url":"https:\/\/tabletpress-store.com\/wp-content\/uploads\/2024\/01\/THDP-5-1-600x600.webp.png","type":"image\/png"}],"twitter_card":"summary_large_image","twitter_misc":{"Odhadovan\u00e1 doba \u010dten\u00ed":"5 minut"},"schema":{"@context":"https:\/\/schema.org","@graph":[{"@type":"WebPage","@id":"https:\/\/tabletpress-store.com\/produkt\/tdp-1-5-single-punch-tablet-press\/","url":"https:\/\/tabletpress-store.com\/produkt\/tdp-1-5-single-punch-tablet-press\/","name":"THDP 5 Desktop Tablet Press - Hochwertige Tablettenpresse-","isPartOf":{"@id":"https:\/\/tabletpress-store.com\/pl\/#website"},"primaryImageOfPage":{"@id":"https:\/\/tabletpress-store.com\/produkt\/tdp-1-5-single-punch-tablet-press\/#primaryimage"},"image":{"@id":"https:\/\/tabletpress-store.com\/produkt\/tdp-1-5-single-punch-tablet-press\/#primaryimage"},"thumbnailUrl":"https:\/\/tabletpress-store.com\/wp-content\/uploads\/2024\/01\/THDP-5-1-600x600.webp.png","datePublished":"2024-01-13T09:55:08+00:00","dateModified":"2026-01-06T08:26:58+00:00","description":"THDP 5 Desktop Tablet Press - Prod\u00e1m stroj a za\u0159\u00edzen\u00ed na lisov\u00e1n\u00ed tablet. Konkuren\u010dn\u00ed cena - Rychl\u00e1 dodac\u00ed lh\u016fta - Bezpe\u010dn\u00e1 platba - P\u0159\u00edsn\u00e1 kvalita - 24\/7","breadcrumb":{"@id":"https:\/\/tabletpress-store.com\/produkt\/tdp-1-5-single-punch-tablet-press\/#breadcrumb"},"inLanguage":"cs","potentialAction":[{"@type":"ReadAction","target":["https:\/\/tabletpress-store.com\/produkt\/tdp-1-5-single-punch-tablet-press\/"]}]},{"@type":"ImageObject","inLanguage":"cs","@id":"https:\/\/tabletpress-store.com\/produkt\/tdp-1-5-single-punch-tablet-press\/#primaryimage","url":"https:\/\/tabletpress-store.com\/wp-content\/uploads\/2024\/01\/THDP-5-1-600x600.webp.png","contentUrl":"https:\/\/tabletpress-store.com\/wp-content\/uploads\/2024\/01\/THDP-5-1-600x600.webp.png","width":600,"height":600,"caption":"rotary tablet press tdp 5"},{"@type":"BreadcrumbList","@id":"https:\/\/tabletpress-store.com\/produkt\/tdp-1-5-single-punch-tablet-press\/#breadcrumb","itemListElement":[{"@type":"ListItem","position":1,"name":"Startseite","item":"https:\/\/tabletpress-store.com\/"},{"@type":"ListItem","position":2,"name":"Shop","item":"https:\/\/tabletpress-store.com\/shop\/"},{"@type":"ListItem","position":3,"name":"THDP 5 Desktop Tablet Press"}]},{"@type":"WebSite","@id":"https:\/\/tabletpress-store.com\/pl\/#website","url":"https:\/\/tabletpress-store.com\/pl\/","name":"Tabletpress Store","description":"Tablettenpressen f\u00fcr die Produktion von Medikamenten oder Supplements","publisher":{"@id":"https:\/\/tabletpress-store.com\/pl\/#organization"},"potentialAction":[{"@type":"SearchAction","target":{"@type":"EntryPoint","urlTemplate":"https:\/\/tabletpress-store.com\/pl\/?s={search_term_string}"},"query-input":"required name=search_term_string"}],"inLanguage":"cs"},{"@type":"Organization","@id":"https:\/\/tabletpress-store.com\/pl\/#organization","name":"Tabletpress Store","url":"https:\/\/tabletpress-store.com\/pl\/","logo":{"@type":"ImageObject","inLanguage":"cs","@id":"https:\/\/tabletpress-store.com\/pl\/#\/schema\/logo\/image\/","url":"https:\/\/tabletpress-store.com\/wp-content\/uploads\/2023\/07\/tablettpress-store-logo.png","contentUrl":"https:\/\/tabletpress-store.com\/wp-content\/uploads\/2023\/07\/tablettpress-store-logo.png","width":1800,"height":1800,"caption":"Tabletpress Store"},"image":{"@id":"https:\/\/tabletpress-store.com\/pl\/#\/schema\/logo\/image\/"}}]}},"_links":{"self":[{"href":"https:\/\/tabletpress-store.com\/cs\/wp-json\/wp\/v2\/product\/2366","targetHints":{"allow":["GET"]}}],"collection":[{"href":"https:\/\/tabletpress-store.com\/cs\/wp-json\/wp\/v2\/product"}],"about":[{"href":"https:\/\/tabletpress-store.com\/cs\/wp-json\/wp\/v2\/types\/product"}],"wp:featuredmedia":[{"embeddable":true,"href":"https:\/\/tabletpress-store.com\/cs\/wp-json\/wp\/v2\/media\/2562"}],"wp:attachment":[{"href":"https:\/\/tabletpress-store.com\/cs\/wp-json\/wp\/v2\/media?parent=2366"}],"wp:term":[{"taxonomy":"product_brand","embeddable":true,"href":"https:\/\/tabletpress-store.com\/cs\/wp-json\/wp\/v2\/product_brand?post=2366"},{"taxonomy":"product_cat","embeddable":true,"href":"https:\/\/tabletpress-store.com\/cs\/wp-json\/wp\/v2\/product_cat?post=2366"},{"taxonomy":"product_tag","embeddable":true,"href":"https:\/\/tabletpress-store.com\/cs\/wp-json\/wp\/v2\/product_tag?post=2366"}],"curies":[{"name":"wp","href":"https:\/\/api.w.org\/{rel}","templated":true}]}}