{"id":1045,"date":"2018-03-01T02:24:52","date_gmt":"2018-03-01T02:24:52","guid":{"rendered":"http:\/\/sw-themes.com\/porto_dummy\/?page_id=1045"},"modified":"2024-04-10T15:16:48","modified_gmt":"2024-04-10T13:16:48","slug":"ueber-uns","status":"publish","type":"page","link":"https:\/\/tabletpress-store.com\/en\/ueber-uns\/","title":{"rendered":"About us"},"content":{"rendered":"<section class=\"wpb-content-wrapper\"><div class=\"vc_row wpb_row top-row vc_custom_1519871900664 text-center porto-inner-container\"><div class=\"porto-wrap-container container\"><div class=\"row\"><div class=\"mx-auto vc_column_container col-md-12 offset-xl-0 col-xl-8 offset-lg-0 col-lg-10\"><div class=\"wpb_wrapper vc_column-inner\">\n\t<div class=\"wpb_text_column wpb_content_element\" >\n\t\t<div class=\"wpb_wrapper\">\n\t\t\t<p style=\"text-align: left;\" class=\"translation-block\"><strong>Tablet presses<\/strong> for use in the pharmaceutical sector or in the area of food supplements are the basis for any economic activity of manufacturers. This is completely independent of whether you want to produce large batches or manageable quantities with the machine.<\/p>\n<p style=\"text-align: left;\">We provide you with tailor-made solutions so that you can start production immediately exactly according to your needs. Your advantage: Through Europe-wide free shipping, you receive your tablet press at a particularly favorable price.<\/p>\n<p style=\"text-align: left;\">Due to our warehouse in Germany, we are able to handle the necessary logistics ourselves and thus deliver your tablet press as requested within the shortest possible time.<\/p>\n<p style=\"text-align: left;\">Tablet presses from our company offer a wide range of possibilities. If you as a manufacturer are unsure which of them best suits your production, you should contact us. Via the contact form, but also by mail and by phone, we will be happy to provide you with advice and assistance and help you select the right tablet press for your operation.<\/p>\n<h2>Where can you buy tablet presses?<\/h2>\n<p style=\"text-align: left;\">Would you like high-quality <a href=\"https:\/\/tabletpress-store.com\/en\/shop\/\">Tablet Press<\/a> with worldwide shipping? Look no further than Tabletpress Store! With us, you'll find everything you need for your tablet presses. We offer you a wide range of high-quality machines that meet the requirements of commercial production.<\/p>\n<p style=\"text-align: left;\">We at <a href=\"https:\/\/tabletpress-store.com\/en\/\">Tabletpress Store<\/a> know how important efficiency and reliability are in your production process. That's why we carefully select our range and ensure that every machine meets our strict standards for performance and durability. Whether you are a pharmaceutical manufacturer, a food company or any other industry where tablets need to be produced, we have the right solution for you.<\/p>\n<p style=\"text-align: left;\">Our tablet presses are designed to deliver consistent results so you can produce uniform tablets with precision and accuracy. From single-station presses to high-speed rotary presses, we have models for every production requirement. And with our worldwide shipping options, you can have your equipment conveniently delivered right to your door, no matter where you are.<\/p>\n<p style=\"text-align: left;\">If you're interested in Tabletpress Store, you can expect outstanding customer service every step of the way. Our team of experts will help you choose the perfect machine for your needs and provide ongoing support to ensure your satisfaction.<\/p>\n<p style=\"text-align: left;\">Don't settle for inferior equipment when it comes to your tablet production. Trust Tabletpress Store when it comes to high quality machines and reliable worldwide shipping. Browse our range today and take your production capabilities to the next level!<\/p>\n\n\t\t<\/div>\n\t<\/div>\n<\/div><\/div><\/div><\/div><\/div><div class=\"vc_row wpb_row top-row vc_custom_1519878974553 porto-inner-container\"><div class=\"porto-wrap-container container\"><div class=\"row\"><div class=\"vc_column_container col-md-12\"><div class=\"wpb_wrapper vc_column-inner\"><div class=\"porto-u-heading  wpb_custom_95aa9a11c17ad45cfabaf210d84ee7cc porto-u-3447\"><div class=\"porto-u-main-heading\"><h2   style=\"font-family:Oswald;font-weight:700;color:#282d3b;margin-bottom: 30px;font-size:16px;line-height:16px;\">OUR SERVICE<\/h2><\/div><style>.porto-u-3447.porto-u-heading{text-align:left}<\/style><\/div><div class=\"vc_row wpb_row vc_inner row\"><div class=\"vc_column_container col-md-4\"><div class=\"wpb_wrapper vc_column-inner\"><div class=\"porto-sicon-box  wpb_custom_53e73a674388c5cfe74ddc58c1fd48fa style_1 default-icon\"><div class=\"porto-sicon-default\"><div class=\"porto-just-icon-wrapper porto-icon advanced\" style=\"color:#1e73be;border-style:solid;border-color:#1e73be;border-width:2px;width:56px;height:56px;line-height:56px;border-radius:56px;font-size:28px;\"><i class=\"fas fa-truck\"><\/i><\/div><\/div><div class=\"porto-sicon-header\"><h3 class=\"porto-sicon-title\" style=\"font-weight:700;font-size:15px;line-height:15px;color:#2b2b2d;\">FREE SHIPPING<\/h3><p style=\"font-size:14px;line-height:27px;color:#4a505e;\">No shipping costs - Worldwide<\/p><\/div> <!-- header --><\/div><!-- porto-sicon-box --><\/div><\/div><div class=\"vc_column_container col-md-4\"><div class=\"wpb_wrapper vc_column-inner\"><div class=\"porto-sicon-box  wpb_custom_53e73a674388c5cfe74ddc58c1fd48fa style_1 default-icon\"><div class=\"porto-sicon-default\"><div class=\"porto-just-icon-wrapper porto-icon advanced\" style=\"color:#1e73be;border-style:solid;border-color:#1e73be;border-width:2px;width:56px;height:56px;line-height:56px;border-radius:56px;font-size:28px;\"><i class=\"fas fa-euro-sign\"><\/i><\/div><\/div><div class=\"porto-sicon-header\"><h3 class=\"porto-sicon-title\" style=\"font-weight:700;font-size:15px;line-height:15px;color:#2b2b2d;\">FAIR PRICES<\/h3><p style=\"font-size:14px;line-height:27px;color:#4a505e;\">Attractive prices for our customers<\/p><\/div> <!-- header --><\/div><!-- porto-sicon-box --><\/div><\/div><div class=\"vc_column_container col-md-4\"><div class=\"wpb_wrapper vc_column-inner\"><div class=\"porto-sicon-box  wpb_custom_53e73a674388c5cfe74ddc58c1fd48fa style_1 default-icon\"><div class=\"porto-sicon-default\"><div class=\"porto-just-icon-wrapper porto-icon advanced\" style=\"color:#1e73be;border-style:solid;border-color:#1e73be;border-width:2px;width:56px;height:56px;line-height:56px;border-radius:56px;font-size:28px;\"><i class=\"fas fa-shipping-fast\"><\/i><\/div><\/div><div class=\"porto-sicon-header\"><h3 class=\"porto-sicon-title\" style=\"font-weight:700;font-size:15px;line-height:15px;color:#2b2b2d;\">FAST SHIPPING<\/h3><p style=\"font-size:14px;line-height:27px;color:#4a505e;\">Fast shipping from Germany<\/p><\/div> <!-- header --><\/div><!-- porto-sicon-box --><\/div><\/div><\/div><div class=\"vc_empty_space\"   style=\"height: 32px\"><span class=\"vc_empty_space_inner\"><\/span><\/div><\/div><\/div><\/div><\/div><\/div>\n<\/section>","protected":false},"excerpt":{"rendered":"Tablettenpressen f\u00fcr den Einsatz im pharmazeutischen Bereich oder auch im Bereich der Nahrungserg\u00e4nzungsmittel sind die Grundlage f\u00fcr jede wirtschaftliche Bet\u00e4tigung von Herstellern. Dies ist ganz unabh\u00e4ngig davon, ob Sie mit der Maschine gro\u00dfe Chargen oder \u00fcberschaubare Mengen herstellen wollen. Wir liefern Ihnen ma\u00dfgeschneiderte L\u00f6sungen, damit Sie genau nach Ihren Bed\u00fcrfnissen sofort mit der Produktion starten [...]","protected":false},"author":1,"featured_media":0,"parent":0,"menu_order":0,"comment_status":"closed","ping_status":"closed","template":"","meta":{"footnotes":""},"class_list":["post-1045","page","type-page","status-publish","hentry"],"yoast_head":"<!-- This site is optimized with the Yoast SEO plugin v23.3 - https:\/\/yoast.com\/wordpress\/plugins\/seo\/ -->\n<title>\u00dcber uns - Hochwertige Tablettenpresse - Tabletpress Store<\/title>\n<meta name=\"description\" content=\"\u00dcber uns - Kaufen Sie Tablettenpresse Maschine und Ausr\u00fcstung. Konkurrenzf\u00e4higer Preis - Schnelle Lieferzeit - Sichere Zahlung - Strenge Qualit\u00e4t - 24\/7\" \/>\n<meta name=\"robots\" content=\"index, follow, max-snippet:-1, max-image-preview:large, max-video-preview:-1\" \/>\n<link rel=\"canonical\" href=\"https:\/\/tabletpress-store.com\/en\/ueber-uns\/\" \/>\n<meta property=\"og:locale\" content=\"en_US\" \/>\n<meta property=\"og:type\" content=\"article\" \/>\n<meta property=\"og:title\" content=\"\u00dcber uns - Hochwertige Tablettenpresse - Tabletpress Store\" \/>\n<meta property=\"og:description\" content=\"\u00dcber uns - Kaufen Sie Tablettenpresse Maschine und Ausr\u00fcstung. Konkurrenzf\u00e4higer Preis - Schnelle Lieferzeit - Sichere Zahlung - Strenge Qualit\u00e4t - 24\/7\" \/>\n<meta property=\"og:url\" content=\"https:\/\/tabletpress-store.com\/en\/ueber-uns\/\" \/>\n<meta property=\"og:site_name\" content=\"Tablettenpressen\" \/>\n<meta property=\"article:modified_time\" content=\"2024-04-10T13:16:48+00:00\" \/>\n<meta name=\"twitter:card\" content=\"summary_large_image\" \/>\n<meta name=\"twitter:label1\" content=\"Est. reading time\" \/>\n\t<meta name=\"twitter:data1\" content=\"2 minutes\" \/>\n<script type=\"application\/ld+json\" class=\"yoast-schema-graph\">{\"@context\":\"https:\/\/schema.org\",\"@graph\":[{\"@type\":\"WebPage\",\"@id\":\"https:\/\/tabletpress-store.com\/ueber-uns\/\",\"url\":\"https:\/\/tabletpress-store.com\/ueber-uns\/\",\"name\":\"\u00dcber uns - Hochwertige Tablettenpresse - Tabletpress Store\",\"isPartOf\":{\"@id\":\"https:\/\/tabletpress-store.com\/pl\/#website\"},\"datePublished\":\"2018-03-01T02:24:52+00:00\",\"dateModified\":\"2024-04-10T13:16:48+00:00\",\"description\":\"\u00dcber uns - Kaufen Sie Tablettenpresse Maschine und Ausr\u00fcstung. Konkurrenzf\u00e4higer Preis - Schnelle Lieferzeit - Sichere Zahlung - Strenge Qualit\u00e4t - 24\/7\",\"breadcrumb\":{\"@id\":\"https:\/\/tabletpress-store.com\/ueber-uns\/#breadcrumb\"},\"inLanguage\":\"en-US\",\"potentialAction\":[{\"@type\":\"ReadAction\",\"target\":[\"https:\/\/tabletpress-store.com\/ueber-uns\/\"]}]},{\"@type\":\"BreadcrumbList\",\"@id\":\"https:\/\/tabletpress-store.com\/ueber-uns\/#breadcrumb\",\"itemListElement\":[{\"@type\":\"ListItem\",\"position\":1,\"name\":\"Startseite\",\"item\":\"https:\/\/tabletpress-store.com\/\"},{\"@type\":\"ListItem\",\"position\":2,\"name\":\"\u00dcber uns\"}]},{\"@type\":\"WebSite\",\"@id\":\"https:\/\/tabletpress-store.com\/pl\/#website\",\"url\":\"https:\/\/tabletpress-store.com\/pl\/\",\"name\":\"Tabletpress Store\",\"description\":\"Tablettenpressen f\u00fcr die Produktion von Medikamenten oder Supplements\",\"publisher\":{\"@id\":\"https:\/\/tabletpress-store.com\/pl\/#organization\"},\"potentialAction\":[{\"@type\":\"SearchAction\",\"target\":{\"@type\":\"EntryPoint\",\"urlTemplate\":\"https:\/\/tabletpress-store.com\/pl\/?s={search_term_string}\"},\"query-input\":\"required name=search_term_string\"}],\"inLanguage\":\"en-US\"},{\"@type\":\"Organization\",\"@id\":\"https:\/\/tabletpress-store.com\/pl\/#organization\",\"name\":\"Tabletpress Store\",\"url\":\"https:\/\/tabletpress-store.com\/pl\/\",\"logo\":{\"@type\":\"ImageObject\",\"inLanguage\":\"en-US\",\"@id\":\"https:\/\/tabletpress-store.com\/pl\/#\/schema\/logo\/image\/\",\"url\":\"https:\/\/tabletpress-store.com\/wp-content\/uploads\/2023\/07\/tablettpress-store-logo.png\",\"contentUrl\":\"https:\/\/tabletpress-store.com\/wp-content\/uploads\/2023\/07\/tablettpress-store-logo.png\",\"width\":1800,\"height\":1800,\"caption\":\"Tabletpress Store\"},\"image\":{\"@id\":\"https:\/\/tabletpress-store.com\/pl\/#\/schema\/logo\/image\/\"}}]}<\/script>\n<!-- \/ Yoast SEO plugin. -->","yoast_head_json":{"title":"\u00dcber uns - Hochwertige Tablettenpresse - Tabletpress Store","description":"\u00dcber uns - Kaufen Sie Tablettenpresse Maschine und Ausr\u00fcstung. Konkurrenzf\u00e4higer Preis - Schnelle Lieferzeit - Sichere Zahlung - Strenge Qualit\u00e4t - 24\/7","robots":{"index":"index","follow":"follow","max-snippet":"max-snippet:-1","max-image-preview":"max-image-preview:large","max-video-preview":"max-video-preview:-1"},"canonical":"https:\/\/tabletpress-store.com\/en\/ueber-uns\/","og_locale":"en_US","og_type":"article","og_title":"\u00dcber uns - Hochwertige Tablettenpresse - Tabletpress Store","og_description":"\u00dcber uns - Kaufen Sie Tablettenpresse Maschine und Ausr\u00fcstung. Konkurrenzf\u00e4higer Preis - Schnelle Lieferzeit - Sichere Zahlung - Strenge Qualit\u00e4t - 24\/7","og_url":"https:\/\/tabletpress-store.com\/en\/ueber-uns\/","og_site_name":"Tablettenpressen","article_modified_time":"2024-04-10T13:16:48+00:00","twitter_card":"summary_large_image","twitter_misc":{"Est. reading time":"2 minutes"},"schema":{"@context":"https:\/\/schema.org","@graph":[{"@type":"WebPage","@id":"https:\/\/tabletpress-store.com\/ueber-uns\/","url":"https:\/\/tabletpress-store.com\/ueber-uns\/","name":"\u00dcber uns - Hochwertige Tablettenpresse - Tabletpress Store","isPartOf":{"@id":"https:\/\/tabletpress-store.com\/pl\/#website"},"datePublished":"2018-03-01T02:24:52+00:00","dateModified":"2024-04-10T13:16:48+00:00","description":"\u00dcber uns - Kaufen Sie Tablettenpresse Maschine und Ausr\u00fcstung. Konkurrenzf\u00e4higer Preis - Schnelle Lieferzeit - Sichere Zahlung - Strenge Qualit\u00e4t - 24\/7","breadcrumb":{"@id":"https:\/\/tabletpress-store.com\/ueber-uns\/#breadcrumb"},"inLanguage":"en-US","potentialAction":[{"@type":"ReadAction","target":["https:\/\/tabletpress-store.com\/ueber-uns\/"]}]},{"@type":"BreadcrumbList","@id":"https:\/\/tabletpress-store.com\/ueber-uns\/#breadcrumb","itemListElement":[{"@type":"ListItem","position":1,"name":"Startseite","item":"https:\/\/tabletpress-store.com\/"},{"@type":"ListItem","position":2,"name":"\u00dcber uns"}]},{"@type":"WebSite","@id":"https:\/\/tabletpress-store.com\/pl\/#website","url":"https:\/\/tabletpress-store.com\/pl\/","name":"Tabletpress Store","description":"Tablettenpressen f\u00fcr die Produktion von Medikamenten oder Supplements","publisher":{"@id":"https:\/\/tabletpress-store.com\/pl\/#organization"},"potentialAction":[{"@type":"SearchAction","target":{"@type":"EntryPoint","urlTemplate":"https:\/\/tabletpress-store.com\/pl\/?s={search_term_string}"},"query-input":"required name=search_term_string"}],"inLanguage":"en-US"},{"@type":"Organization","@id":"https:\/\/tabletpress-store.com\/pl\/#organization","name":"Tabletpress Store","url":"https:\/\/tabletpress-store.com\/pl\/","logo":{"@type":"ImageObject","inLanguage":"en-US","@id":"https:\/\/tabletpress-store.com\/pl\/#\/schema\/logo\/image\/","url":"https:\/\/tabletpress-store.com\/wp-content\/uploads\/2023\/07\/tablettpress-store-logo.png","contentUrl":"https:\/\/tabletpress-store.com\/wp-content\/uploads\/2023\/07\/tablettpress-store-logo.png","width":1800,"height":1800,"caption":"Tabletpress Store"},"image":{"@id":"https:\/\/tabletpress-store.com\/pl\/#\/schema\/logo\/image\/"}}]}},"_links":{"self":[{"href":"https:\/\/tabletpress-store.com\/en\/wp-json\/wp\/v2\/pages\/1045","targetHints":{"allow":["GET"]}}],"collection":[{"href":"https:\/\/tabletpress-store.com\/en\/wp-json\/wp\/v2\/pages"}],"about":[{"href":"https:\/\/tabletpress-store.com\/en\/wp-json\/wp\/v2\/types\/page"}],"author":[{"embeddable":true,"href":"https:\/\/tabletpress-store.com\/en\/wp-json\/wp\/v2\/users\/1"}],"replies":[{"embeddable":true,"href":"https:\/\/tabletpress-store.com\/en\/wp-json\/wp\/v2\/comments?post=1045"}],"version-history":[{"count":17,"href":"https:\/\/tabletpress-store.com\/en\/wp-json\/wp\/v2\/pages\/1045\/revisions"}],"predecessor-version":[{"id":2402,"href":"https:\/\/tabletpress-store.com\/en\/wp-json\/wp\/v2\/pages\/1045\/revisions\/2402"}],"wp:attachment":[{"href":"https:\/\/tabletpress-store.com\/en\/wp-json\/wp\/v2\/media?parent=1045"}],"curies":[{"name":"wp","href":"https:\/\/api.w.org\/{rel}","templated":true}]}}