{"id":2240,"date":"2023-07-15T11:17:03","date_gmt":"2023-07-15T09:17:03","guid":{"rendered":"https:\/\/tabletpress-store.com\/?page_id=2240"},"modified":"2025-12-05T09:50:57","modified_gmt":"2025-12-05T08:50:57","slug":"widerrufsbelehrung","status":"publish","type":"page","link":"https:\/\/tabletpress-store.com\/en\/widerrufsbelehrung\/","title":{"rendered":"Cancellation policy"},"content":{"rendered":"<section class=\"wpb-content-wrapper\"><div class=\"vc_row wpb_row row top-row\"><div class=\"vc_column_container col-md-12\"><div class=\"wpb_wrapper vc_column-inner\"><div class=\"porto-u-heading  wpb_custom_95aa9a11c17ad45cfabaf210d84ee7cc porto-u-1447\"><div class=\"porto-u-main-heading\"><h2  >Cancellation policy<\/h2><\/div><div class=\"porto-u-sub-heading\" style=\"\">\n<p><\/div><div class=\"porto-u-heading-spacer line_only\" style=\"height:1px;\"><span class=\"porto-u-headings-line\" style=\"border-style:solid;border-bottom-width:1px;border-color:#ccc;width:auto;\"><\/span><\/div><style>.porto-u-1447.porto-u-heading{text-align:center} .porto-u-1447 .porto-u-headings-line{float: unset;}<\/style><\/div><div class=\"vc_empty_space\"   style=\"height: 32px\"><span class=\"vc_empty_space_inner\"><\/span><\/div>\n\t<div class=\"wpb_text_column wpb_content_element\" >\n\t\t<div class=\"wpb_wrapper\">\n\t\t\t<p><strong>Right of withdrawal<\/strong><\/p>\n<p>You have the right to cancel this contract within one month without giving any reason.<\/p>\n<p>The withdrawal period is one month from the day on which you or a third party named by you who is not the carrier,<\/p>\n<p>- the goods (in the case of delivery of one item or uniform delivery of several items that you have ordered as part of a single order) or<br \/>\n- the last goods (in the case of separate delivery of several goods that you have ordered as part of a single order) or<br \/>\n- have taken possession of the last partial shipment or the last piece (in case of delivery of one good or several goods, which you have ordered within the scope of a uniform order, in several partial shipments or pieces).<\/p>\n<p>To exercise your right of withdrawal, you must inform us (,Seidenstrasse GmbH, Ringstr. 1, 01968 Senftenberg, Germany, phone: 016097911653, e-mail: stefanzhujun@163.com) by means of a clear declaration (e.g. a letter sent by post, fax or e-mail) of your decision to withdraw from this contract. You can use the attached sample withdrawal form for this purpose, which is, however, not mandatory. In order to comply with the withdrawal period, it is sufficient that you send the notification of the exercise of the right of withdrawal before the expiry of the withdrawal period.<\/p>\n<p><strong>Consequences of the withdrawal<\/strong><\/p>\n<p>If you revoke this contract, we shall reimburse you all payments we have received from you, including delivery costs (with the exception of additional costs resulting from the fact that you have chosen a type of delivery other than the most favorable standard delivery offered by us), without undue delay and no later than within fourteen days from the day on which we received the notification of your revocation of this contract. For this repayment, we will use the same means of payment that you used for the original transaction, unless expressly agreed otherwise with you; in no case will you be charged any fees because of this repayment. We can refuse the repayment until we have received the goods back or until you have provided proof that you have returned the goods, whichever is the earlier.<\/p>\n<p>You must return or hand over the goods to us immediately and in any case no later than within fourteen days from the day on which you notify us of the revocation of this contract. The deadline is met if you send the goods before the expiry of the period of fourteen days.<\/p>\n<p>You bear the direct costs of returning the goods.<\/p>\n<p>You only have to pay for any loss of value of the goods if this loss of value is due to the handling of the goods which is not necessary for the inspection of the condition, properties and functioning of the goods.<\/p>\n<p><strong>Sample cancellation form<\/strong><\/p>\n<p>(If you want to cancel the contract, please fill out this form and send it back)<br \/>\n- To<br \/>\nSeidenstrasse GmbH<br \/>\nRingstr. 1<br \/>\n01968 Senftenberg OT Kleinkoschen<br \/>\nGermany<br \/>\nEmail:\u00a0<a href=\"https:\/\/web.archive.org\/web\/20211127194947\/mailto:stefanzhujun@163.com\">stefanzhujun@163.com<\/a><\/p>\n<p>&nbsp;<\/p>\n<p>I\/we (*) hereby revoke the contract concluded by me\/us (*) for the purchase of the following goods:<\/p>\n<p>\u2026\u2026\u2026\u2026\u2026\u2026\u2026\u2026\u2026\u2026\u2026\u2026\u2026\u2026\u2026\u2026\u2026\u2026\u2026\u2026\u2026\u2026\u2026\u2026\u2026\u2026\u2026\u2026\u2026\u2026\u2026\u2026\u2026\u2026\u2026\u2026\u2026\u2026\u2026\u2026\u2026<br \/>\nOrdered on:<\/p>\n<p>\u2026\u2026\u2026\u2026\u2026\u2026\u2026\u2026\u2026\u2026\u2026\u2026\u2026\u2026\u2026\u2026\u2026\u2026\u2026\u2026\u2026\u2026\u2026\u2026\u2026\u2026\u2026\u2026\u2026\u2026\u2026\u2026\u2026\u2026\u2026\u2026\u2026\u2026\u2026\u2026\u2026<br \/>\nReceived on:<\/p>\n<p>\u2026\u2026\u2026\u2026\u2026\u2026\u2026\u2026\u2026\u2026\u2026\u2026\u2026\u2026\u2026\u2026\u2026\u2026\u2026\u2026\u2026\u2026\u2026\u2026\u2026\u2026\u2026\u2026\u2026\u2026\u2026\u2026\u2026\u2026\u2026\u2026\u2026\u2026\u2026\u2026\u2026<br \/>\nName of consumer(s):<\/p>\n<p>\u2026\u2026\u2026\u2026\u2026\u2026\u2026\u2026\u2026\u2026\u2026\u2026\u2026\u2026\u2026\u2026\u2026\u2026\u2026\u2026\u2026\u2026\u2026\u2026\u2026\u2026\u2026\u2026\u2026\u2026\u2026\u2026\u2026\u2026\u2026\u2026\u2026\u2026\u2026\u2026\u2026<br \/>\nAddress of the consumer(s):<\/p>\n<p>\u2026\u2026\u2026\u2026\u2026\u2026\u2026\u2026\u2026\u2026\u2026\u2026\u2026\u2026\u2026\u2026\u2026\u2026\u2026\u2026\u2026\u2026\u2026\u2026\u2026\u2026\u2026\u2026\u2026\u2026\u2026\u2026\u2026\u2026\u2026\u2026\u2026\u2026\u2026\u2026\u2026<br \/>\nSignature of the consumer(s) (only in case of notification on paper):<\/p>\n<p>\u2026\u2026\u2026\u2026\u2026\u2026\u2026\u2026\u2026\u2026\u2026\u2026\u2026\u2026\u2026\u2026\u2026\u2026\u2026\u2026\u2026\u2026\u2026\u2026\u2026\u2026\u2026\u2026\u2026\u2026\u2026\u2026\u2026\u2026\u2026\u2026\u2026\u2026\u2026\u2026\u2026<br \/>\nDate:<\/p>\n<p>\u2026\u2026\u2026\u2026\u2026\u2026\u2026\u2026\u2026\u2026\u2026\u2026\u2026\u2026\u2026\u2026\u2026\u2026\u2026\u2026\u2026\u2026\u2026\u2026\u2026\u2026\u2026\u2026\u2026\u2026\u2026\u2026\u2026\u2026\u2026\u2026\u2026\u2026\u2026\u2026\u2026<\/p>\n<p>(*) Delete as applicable.<\/p>\n<p>End of the cancellation policy<\/p>\n\n\t\t<\/div>\n\t<\/div>\n<\/div><\/div><\/div>\n<\/section>","protected":false},"excerpt":{"rendered":"Widerrufsbelehrung Widerrufsrecht Sie haben das Recht, binnen eines Monats ohne Angabe von Gr\u00fcnden diesen Vertrag zu widerrufen. Die Widerrufsfrist betr\u00e4gt einen Monat ab dem Tag, an dem Sie oder ein von Ihnen benannter Dritter, der nicht der Bef\u00f6rderer ist, \u2013 die Waren (bei Lieferung einer Ware oder einheitlicher Lieferung mehrerer Waren, die Sie im Rahmen [...]","protected":false},"author":1,"featured_media":0,"parent":0,"menu_order":0,"comment_status":"closed","ping_status":"closed","template":"","meta":{"footnotes":""},"class_list":["post-2240","page","type-page","status-publish","hentry"],"yoast_head":"<!-- This site is optimized with the Yoast SEO plugin v23.3 - https:\/\/yoast.com\/wordpress\/plugins\/seo\/ -->\n<title>Widerrufsbelehrung - Hochwertige Tablettenpresse- Tabletpress Store<\/title>\n<meta name=\"description\" content=\"Widerrufsbelehrung: Kaufen Sie Tablettenpressen und Zubeh\u00f6r zu konkurrenzf\u00e4higen Preisen. Profitieren Sie von schneller Lieferung, sicherer Zahlung, strenger Qualit\u00e4tskontrolle und 24\/7 Service.\" \/>\n<meta name=\"robots\" content=\"index, follow, max-snippet:-1, max-image-preview:large, max-video-preview:-1\" \/>\n<link rel=\"canonical\" href=\"https:\/\/tabletpress-store.com\/en\/widerrufsbelehrung\/\" \/>\n<meta property=\"og:locale\" content=\"en_US\" \/>\n<meta property=\"og:type\" content=\"article\" \/>\n<meta property=\"og:title\" content=\"Widerrufsbelehrung - Hochwertige Tablettenpresse- Tabletpress Store\" \/>\n<meta property=\"og:description\" content=\"Widerrufsbelehrung: Kaufen Sie Tablettenpressen und Zubeh\u00f6r zu konkurrenzf\u00e4higen Preisen. Profitieren Sie von schneller Lieferung, sicherer Zahlung, strenger Qualit\u00e4tskontrolle und 24\/7 Service.\" \/>\n<meta property=\"og:url\" content=\"https:\/\/tabletpress-store.com\/en\/widerrufsbelehrung\/\" \/>\n<meta property=\"og:site_name\" content=\"Tablettenpressen\" \/>\n<meta property=\"article:modified_time\" content=\"2025-12-05T08:50:57+00:00\" \/>\n<meta name=\"twitter:card\" content=\"summary_large_image\" \/>\n<meta name=\"twitter:label1\" content=\"Est. reading time\" \/>\n\t<meta name=\"twitter:data1\" content=\"3 minutes\" \/>\n<script type=\"application\/ld+json\" class=\"yoast-schema-graph\">{\"@context\":\"https:\/\/schema.org\",\"@graph\":[{\"@type\":\"WebPage\",\"@id\":\"https:\/\/tabletpress-store.com\/widerrufsbelehrung\/\",\"url\":\"https:\/\/tabletpress-store.com\/widerrufsbelehrung\/\",\"name\":\"Widerrufsbelehrung - Hochwertige Tablettenpresse- Tabletpress Store\",\"isPartOf\":{\"@id\":\"https:\/\/tabletpress-store.com\/pl\/#website\"},\"datePublished\":\"2023-07-15T09:17:03+00:00\",\"dateModified\":\"2025-12-05T08:50:57+00:00\",\"description\":\"Widerrufsbelehrung: Kaufen Sie Tablettenpressen und Zubeh\u00f6r zu konkurrenzf\u00e4higen Preisen. Profitieren Sie von schneller Lieferung, sicherer Zahlung, strenger Qualit\u00e4tskontrolle und 24\/7 Service.\",\"breadcrumb\":{\"@id\":\"https:\/\/tabletpress-store.com\/widerrufsbelehrung\/#breadcrumb\"},\"inLanguage\":\"en-US\",\"potentialAction\":[{\"@type\":\"ReadAction\",\"target\":[\"https:\/\/tabletpress-store.com\/widerrufsbelehrung\/\"]}]},{\"@type\":\"BreadcrumbList\",\"@id\":\"https:\/\/tabletpress-store.com\/widerrufsbelehrung\/#breadcrumb\",\"itemListElement\":[{\"@type\":\"ListItem\",\"position\":1,\"name\":\"Startseite\",\"item\":\"https:\/\/tabletpress-store.com\/\"},{\"@type\":\"ListItem\",\"position\":2,\"name\":\"Widerrufsbelehrung\"}]},{\"@type\":\"WebSite\",\"@id\":\"https:\/\/tabletpress-store.com\/pl\/#website\",\"url\":\"https:\/\/tabletpress-store.com\/pl\/\",\"name\":\"Tabletpress Store\",\"description\":\"Tablettenpressen f\u00fcr die Produktion von Medikamenten oder Supplements\",\"publisher\":{\"@id\":\"https:\/\/tabletpress-store.com\/pl\/#organization\"},\"potentialAction\":[{\"@type\":\"SearchAction\",\"target\":{\"@type\":\"EntryPoint\",\"urlTemplate\":\"https:\/\/tabletpress-store.com\/pl\/?s={search_term_string}\"},\"query-input\":\"required name=search_term_string\"}],\"inLanguage\":\"en-US\"},{\"@type\":\"Organization\",\"@id\":\"https:\/\/tabletpress-store.com\/pl\/#organization\",\"name\":\"Tabletpress Store\",\"url\":\"https:\/\/tabletpress-store.com\/pl\/\",\"logo\":{\"@type\":\"ImageObject\",\"inLanguage\":\"en-US\",\"@id\":\"https:\/\/tabletpress-store.com\/pl\/#\/schema\/logo\/image\/\",\"url\":\"https:\/\/tabletpress-store.com\/wp-content\/uploads\/2023\/07\/tablettpress-store-logo.png\",\"contentUrl\":\"https:\/\/tabletpress-store.com\/wp-content\/uploads\/2023\/07\/tablettpress-store-logo.png\",\"width\":1800,\"height\":1800,\"caption\":\"Tabletpress Store\"},\"image\":{\"@id\":\"https:\/\/tabletpress-store.com\/pl\/#\/schema\/logo\/image\/\"}}]}<\/script>\n<!-- \/ Yoast SEO plugin. -->","yoast_head_json":{"title":"Widerrufsbelehrung - Hochwertige Tablettenpresse- Tabletpress Store","description":"Widerrufsbelehrung: Kaufen Sie Tablettenpressen und Zubeh\u00f6r zu konkurrenzf\u00e4higen Preisen. Profitieren Sie von schneller Lieferung, sicherer Zahlung, strenger Qualit\u00e4tskontrolle und 24\/7 Service.","robots":{"index":"index","follow":"follow","max-snippet":"max-snippet:-1","max-image-preview":"max-image-preview:large","max-video-preview":"max-video-preview:-1"},"canonical":"https:\/\/tabletpress-store.com\/en\/widerrufsbelehrung\/","og_locale":"en_US","og_type":"article","og_title":"Widerrufsbelehrung - Hochwertige Tablettenpresse- Tabletpress Store","og_description":"Widerrufsbelehrung: Kaufen Sie Tablettenpressen und Zubeh\u00f6r zu konkurrenzf\u00e4higen Preisen. Profitieren Sie von schneller Lieferung, sicherer Zahlung, strenger Qualit\u00e4tskontrolle und 24\/7 Service.","og_url":"https:\/\/tabletpress-store.com\/en\/widerrufsbelehrung\/","og_site_name":"Tablettenpressen","article_modified_time":"2025-12-05T08:50:57+00:00","twitter_card":"summary_large_image","twitter_misc":{"Est. reading time":"3 minutes"},"schema":{"@context":"https:\/\/schema.org","@graph":[{"@type":"WebPage","@id":"https:\/\/tabletpress-store.com\/widerrufsbelehrung\/","url":"https:\/\/tabletpress-store.com\/widerrufsbelehrung\/","name":"Widerrufsbelehrung - Hochwertige Tablettenpresse- Tabletpress Store","isPartOf":{"@id":"https:\/\/tabletpress-store.com\/pl\/#website"},"datePublished":"2023-07-15T09:17:03+00:00","dateModified":"2025-12-05T08:50:57+00:00","description":"Widerrufsbelehrung: Kaufen Sie Tablettenpressen und Zubeh\u00f6r zu konkurrenzf\u00e4higen Preisen. Profitieren Sie von schneller Lieferung, sicherer Zahlung, strenger Qualit\u00e4tskontrolle und 24\/7 Service.","breadcrumb":{"@id":"https:\/\/tabletpress-store.com\/widerrufsbelehrung\/#breadcrumb"},"inLanguage":"en-US","potentialAction":[{"@type":"ReadAction","target":["https:\/\/tabletpress-store.com\/widerrufsbelehrung\/"]}]},{"@type":"BreadcrumbList","@id":"https:\/\/tabletpress-store.com\/widerrufsbelehrung\/#breadcrumb","itemListElement":[{"@type":"ListItem","position":1,"name":"Startseite","item":"https:\/\/tabletpress-store.com\/"},{"@type":"ListItem","position":2,"name":"Widerrufsbelehrung"}]},{"@type":"WebSite","@id":"https:\/\/tabletpress-store.com\/pl\/#website","url":"https:\/\/tabletpress-store.com\/pl\/","name":"Tabletpress Store","description":"Tablettenpressen f\u00fcr die Produktion von Medikamenten oder Supplements","publisher":{"@id":"https:\/\/tabletpress-store.com\/pl\/#organization"},"potentialAction":[{"@type":"SearchAction","target":{"@type":"EntryPoint","urlTemplate":"https:\/\/tabletpress-store.com\/pl\/?s={search_term_string}"},"query-input":"required name=search_term_string"}],"inLanguage":"en-US"},{"@type":"Organization","@id":"https:\/\/tabletpress-store.com\/pl\/#organization","name":"Tabletpress Store","url":"https:\/\/tabletpress-store.com\/pl\/","logo":{"@type":"ImageObject","inLanguage":"en-US","@id":"https:\/\/tabletpress-store.com\/pl\/#\/schema\/logo\/image\/","url":"https:\/\/tabletpress-store.com\/wp-content\/uploads\/2023\/07\/tablettpress-store-logo.png","contentUrl":"https:\/\/tabletpress-store.com\/wp-content\/uploads\/2023\/07\/tablettpress-store-logo.png","width":1800,"height":1800,"caption":"Tabletpress Store"},"image":{"@id":"https:\/\/tabletpress-store.com\/pl\/#\/schema\/logo\/image\/"}}]}},"_links":{"self":[{"href":"https:\/\/tabletpress-store.com\/en\/wp-json\/wp\/v2\/pages\/2240","targetHints":{"allow":["GET"]}}],"collection":[{"href":"https:\/\/tabletpress-store.com\/en\/wp-json\/wp\/v2\/pages"}],"about":[{"href":"https:\/\/tabletpress-store.com\/en\/wp-json\/wp\/v2\/types\/page"}],"author":[{"embeddable":true,"href":"https:\/\/tabletpress-store.com\/en\/wp-json\/wp\/v2\/users\/1"}],"replies":[{"embeddable":true,"href":"https:\/\/tabletpress-store.com\/en\/wp-json\/wp\/v2\/comments?post=2240"}],"version-history":[{"count":4,"href":"https:\/\/tabletpress-store.com\/en\/wp-json\/wp\/v2\/pages\/2240\/revisions"}],"predecessor-version":[{"id":2624,"href":"https:\/\/tabletpress-store.com\/en\/wp-json\/wp\/v2\/pages\/2240\/revisions\/2624"}],"wp:attachment":[{"href":"https:\/\/tabletpress-store.com\/en\/wp-json\/wp\/v2\/media?parent=2240"}],"curies":[{"name":"wp","href":"https:\/\/api.w.org\/{rel}","templated":true}]}}