{"id":2366,"date":"2024-01-13T10:55:08","date_gmt":"2024-01-13T09:55:08","guid":{"rendered":"https:\/\/tabletpress-store.com\/?post_type=product&#038;p=2366"},"modified":"2026-01-06T09:26:58","modified_gmt":"2026-01-06T08:26:58","slug":"tdp-1-5-single-punch-tablet-press","status":"publish","type":"product","link":"https:\/\/tabletpress-store.com\/en\/product\/tdp-1-5-single-punch-tablet-press\/","title":{"rendered":"THDP 5 Desktop Tablet Press"},"content":{"rendered":"<p>Die THDP 5 ist eine flexibel und einfach zu verwaltende Desktop-Format Tablettenpresse, die bemerkenswerte Mengen, Leistung und Flexibilit\u00e4t bietet. In der Lage mit Strom oder mit Handkraft zu laufen, ist dieses Ger\u00e4t die perfekte Wahl f\u00fcr jeden, der eine hochwertige Presse f\u00fcr Kleinserien-Fertigung und Probel\u00e4ufe ben\u00f6tigt, dies macht sie ideal f\u00fcr R &amp; D oder \u00e4hnliche Anwendungen.<\/p>\n<p>Abholung in Deutschland ist nach Vereinbarung m\u00f6glich und gegen einen Aufpreis kann ich die Maschine zu Ihnen nach Hause bringen, mit Nachnahme. Kontaktieren Sie uns gern unter der Rufnummer +49 (0) 160 979 116 53 by phone call or WhatsApp.<\/p>\n<p>You can pick up the press in our stock house in Germany, besides, we can also deliver the press to your company or home in all EU countries using cash on delivery. Please feel free to contact with uns under the number +49(0)160 979 116 53 via WhatsApp or make a phone call.<\/p>\n<p>We offer a variety of high-quality tablet presses that are tailored to the needs of our customers. Our products are characterized by their reliability and efficiency, making them the ideal choice for the pharmaceutical and food industries.<\/p>\n<p><strong><strong>We can deliver tablet press machines to Poland, Holland, France, Germany, Czech Republic<\/strong><\/strong><\/p>\n<h3>Overview<br \/>\n4,200 Tablets per Hour, 50 kN of Pressure<\/h3>\n<p>Default Mold (\u00f86mm x1~6mm\/\u00f80.23\u2033 x0.04~0.23\u2033)<br \/>\nThe machine is suitable for most dry powder tablets, milk tablets, effervescent tablets, and other products.<\/p>\n<table width=\"374\">\n<tbody>\n<tr>\n<td width=\"187\">Model<\/td>\n<td width=\"187\">THDP-5<\/td>\n<\/tr>\n<tr>\n<td width=\"187\">Max.Pressure<\/td>\n<td width=\"187\">50kN<\/td>\n<\/tr>\n<tr>\n<td width=\"187\">Max.Tablet Diameter<\/td>\n<td width=\"187\">15mm\/0.59\u201d<\/td>\n<\/tr>\n<tr>\n<td width=\"187\">Max.Tablet Thickness<\/td>\n<td width=\"187\">7mm\/0.27\u201d<\/td>\n<\/tr>\n<tr>\n<td width=\"187\">Max.Filling Depth<\/td>\n<td width=\"187\">18mm\/0.70\u201d<\/td>\n<\/tr>\n<tr>\n<td width=\"187\">Production Capacity<\/td>\n<td width=\"187\">4200pcs\/hour<\/td>\n<\/tr>\n<tr>\n<td width=\"187\">Weight<\/td>\n<td width=\"187\">55kg<\/td>\n<\/tr>\n<tr>\n<td width=\"187\">Dimension<\/td>\n<td width=\"187\">480*460*620mm<\/td>\n<\/tr>\n<tr>\n<td width=\"187\">Motor Power<\/td>\n<td width=\"187\">750w<\/td>\n<\/tr>\n<\/tbody>\n<\/table>\n<h3>How to use the THDP 5 desktop tablet press?<\/h3>\n<p data-start=\"99\" data-end=\"750\">The THDP 5 desktop tablet press is the ideal solution for small to medium production volumes in laboratories, pharmacies, research centers, or small-batch production. Thanks to its compact design, it combines professional performance with space savings and high user-friendliness. The THDP 5 is extremely simple and intuitive to operate \u2013 it can be commissioned in a very short time without the need for special expertise. All settings such as pressure force, fill depth, and press speed can be manually and precisely adjusted, guaranteeing maximum flexibility in tablet production.<\/p>\n<p data-start=\"752\" data-end=\"1354\">The robust construction made of high-quality materials ensures not only durability but also consistently high press quality. With a maximum press force of up to 50 kN, the THDP 5 effortlessly produces tablets from a wide variety of powders or granules. The machine is perfectly suited for the production of dietary supplements, pharmaceutical products, chemical tablets, or even technical pellets. Its efficiency and reproducibility make it an indispensable tool for development processes or the serial production of small batches.<\/p>\n<p data-start=\"1356\" data-end=\"1846\" data-is-last-node=\"\" data-is-only-node=\"\">Another advantage is its ease of cleaning and maintenance \u2013 all relevant components are easily accessible, minimizing downtime and meeting hygiene requirements. The THDP 5 is not only functional but also safe: integrated safety devices and an emergency stop switch ensure maximum operational reliability. Anyone looking for a powerful, compact, and economical solution for tablet production will find the THDP 5 an excellent choice.<\/p>\n<h3 data-start=\"154\" data-end=\"259\"><strong data-start=\"154\" data-end=\"259\">THDP 5 Desktop Tablet Press \u2013 Precise and reliable tablet production for laboratory and small series production<\/strong><\/h3>\n<p data-start=\"261\" data-end=\"625\">The THDP 5 Desktop Tablet Press is the perfect solution for laboratories, pharmacies, and small production facilities that require the highest precision and efficiency in tablet production. With its compact design, this tabletop press combines state-of-the-art technology with ease of operation, allowing even complex formulations to be processed with ease.<\/p>\n<p data-start=\"627\" data-end=\"975\">The THDP 5 impresses with its outstanding compression force and precise dosing, allowing it to produce tablets of various sizes, shapes, and hardnesses. Adjustable parameters allow precise adaptation to specific requirements, making it ideal for laboratory tests, prototypes, or small-batch production.<\/p>\n<p data-start=\"977\" data-end=\"1340\">The THDP 5 is intuitive to operate, and a clear control panel allows for quick settings and uncomplicated changeovers between different production batches. An integrated safety mechanism ensures reliable and safe operation, ensuring smooth production processes.<\/p>\n<p data-start=\"1342\" data-end=\"1777\">The tabletop press is made of high-quality materials that guarantee durability and stability. It is easy to clean and maintain, allowing for continuous production without interruptions. The THDP 5 is used in research and development laboratories, pharmacies, and small manufacturing facilities, in the production of nutritional supplements, as well as in the production of prototypes and small batches.<\/p>\n<p data-start=\"1779\" data-end=\"2056\">With the THDP 5 Desktop Tablet Press, you're investing in precision, efficiency, and safety. This tabletop press is the ideal choice for anyone seeking a reliable and flexible tablet production solution and wanting to achieve the highest quality in every batch.<\/p>","protected":false},"excerpt":{"rendered":"<p><strong><strong>We can deliver tablet press machines to Poland, Holland, France, Germany, Czech Republic<\/strong><\/strong><\/p>","protected":false},"featured_media":2562,"template":"","meta":[],"product_brand":[],"product_cat":[15],"product_tag":[],"class_list":{"0":"post-2366","1":"product","2":"type-product","3":"status-publish","4":"has-post-thumbnail","6":"product_cat-tablettenpressen","8":"first","9":"instock","10":"taxable","11":"shipping-taxable","12":"purchasable","13":"product-type-simple"},"yoast_head":"<!-- This site is optimized with the Yoast SEO plugin v23.3 - https:\/\/yoast.com\/wordpress\/plugins\/seo\/ -->\n<title>THDP 5 Desktop Tablet Press - Hochwertige Tablettenpresse-<\/title>\n<meta name=\"description\" content=\"THDP 5 Desktop Tablet Press - Prod\u00e1m stroj a za\u0159\u00edzen\u00ed na lisov\u00e1n\u00ed tablet. Konkuren\u010dn\u00ed cena - Rychl\u00e1 dodac\u00ed lh\u016fta - Bezpe\u010dn\u00e1 platba - P\u0159\u00edsn\u00e1 kvalita - 24\/7\" \/>\n<meta name=\"robots\" content=\"index, follow, max-snippet:-1, max-image-preview:large, max-video-preview:-1\" \/>\n<link rel=\"canonical\" href=\"https:\/\/tabletpress-store.com\/en\/product\/tdp-1-5-single-punch-tablet-press\/\" \/>\n<meta property=\"og:locale\" content=\"en_US\" \/>\n<meta property=\"og:type\" content=\"article\" \/>\n<meta property=\"og:title\" content=\"THDP 5 Desktop Tablet Press - Hochwertige Tablettenpresse-\" \/>\n<meta property=\"og:description\" content=\"THDP 5 Desktop Tablet Press - Prod\u00e1m stroj a za\u0159\u00edzen\u00ed na lisov\u00e1n\u00ed tablet. Konkuren\u010dn\u00ed cena - Rychl\u00e1 dodac\u00ed lh\u016fta - Bezpe\u010dn\u00e1 platba - P\u0159\u00edsn\u00e1 kvalita - 24\/7\" \/>\n<meta property=\"og:url\" content=\"https:\/\/tabletpress-store.com\/en\/product\/tdp-1-5-single-punch-tablet-press\/\" \/>\n<meta property=\"og:site_name\" content=\"Tablettenpressen\" \/>\n<meta property=\"article:modified_time\" content=\"2026-01-06T08:26:58+00:00\" \/>\n<meta property=\"og:image\" content=\"https:\/\/tabletpress-store.com\/wp-content\/uploads\/2024\/01\/THDP-5-1-600x600.webp.png\" \/>\n\t<meta property=\"og:image:width\" content=\"600\" \/>\n\t<meta property=\"og:image:height\" content=\"600\" \/>\n\t<meta property=\"og:image:type\" content=\"image\/png\" \/>\n<meta name=\"twitter:card\" content=\"summary_large_image\" \/>\n<meta name=\"twitter:label1\" content=\"Est. reading time\" \/>\n\t<meta name=\"twitter:data1\" content=\"5 minutes\" \/>\n<script type=\"application\/ld+json\" class=\"yoast-schema-graph\">{\"@context\":\"https:\/\/schema.org\",\"@graph\":[{\"@type\":\"WebPage\",\"@id\":\"https:\/\/tabletpress-store.com\/produkt\/tdp-1-5-single-punch-tablet-press\/\",\"url\":\"https:\/\/tabletpress-store.com\/produkt\/tdp-1-5-single-punch-tablet-press\/\",\"name\":\"THDP 5 Desktop Tablet Press - Hochwertige Tablettenpresse-\",\"isPartOf\":{\"@id\":\"https:\/\/tabletpress-store.com\/pl\/#website\"},\"primaryImageOfPage\":{\"@id\":\"https:\/\/tabletpress-store.com\/produkt\/tdp-1-5-single-punch-tablet-press\/#primaryimage\"},\"image\":{\"@id\":\"https:\/\/tabletpress-store.com\/produkt\/tdp-1-5-single-punch-tablet-press\/#primaryimage\"},\"thumbnailUrl\":\"https:\/\/tabletpress-store.com\/wp-content\/uploads\/2024\/01\/THDP-5-1-600x600.webp.png\",\"datePublished\":\"2024-01-13T09:55:08+00:00\",\"dateModified\":\"2026-01-06T08:26:58+00:00\",\"description\":\"THDP 5 Desktop Tablet Press - Prod\u00e1m stroj a za\u0159\u00edzen\u00ed na lisov\u00e1n\u00ed tablet. Konkuren\u010dn\u00ed cena - Rychl\u00e1 dodac\u00ed lh\u016fta - Bezpe\u010dn\u00e1 platba - P\u0159\u00edsn\u00e1 kvalita - 24\/7\",\"breadcrumb\":{\"@id\":\"https:\/\/tabletpress-store.com\/produkt\/tdp-1-5-single-punch-tablet-press\/#breadcrumb\"},\"inLanguage\":\"en-US\",\"potentialAction\":[{\"@type\":\"ReadAction\",\"target\":[\"https:\/\/tabletpress-store.com\/produkt\/tdp-1-5-single-punch-tablet-press\/\"]}]},{\"@type\":\"ImageObject\",\"inLanguage\":\"en-US\",\"@id\":\"https:\/\/tabletpress-store.com\/produkt\/tdp-1-5-single-punch-tablet-press\/#primaryimage\",\"url\":\"https:\/\/tabletpress-store.com\/wp-content\/uploads\/2024\/01\/THDP-5-1-600x600.webp.png\",\"contentUrl\":\"https:\/\/tabletpress-store.com\/wp-content\/uploads\/2024\/01\/THDP-5-1-600x600.webp.png\",\"width\":600,\"height\":600,\"caption\":\"rotary tablet press tdp 5\"},{\"@type\":\"BreadcrumbList\",\"@id\":\"https:\/\/tabletpress-store.com\/produkt\/tdp-1-5-single-punch-tablet-press\/#breadcrumb\",\"itemListElement\":[{\"@type\":\"ListItem\",\"position\":1,\"name\":\"Startseite\",\"item\":\"https:\/\/tabletpress-store.com\/\"},{\"@type\":\"ListItem\",\"position\":2,\"name\":\"Shop\",\"item\":\"https:\/\/tabletpress-store.com\/shop\/\"},{\"@type\":\"ListItem\",\"position\":3,\"name\":\"THDP 5 Desktop Tablet Press\"}]},{\"@type\":\"WebSite\",\"@id\":\"https:\/\/tabletpress-store.com\/pl\/#website\",\"url\":\"https:\/\/tabletpress-store.com\/pl\/\",\"name\":\"Tabletpress Store\",\"description\":\"Tablettenpressen f\u00fcr die Produktion von Medikamenten oder Supplements\",\"publisher\":{\"@id\":\"https:\/\/tabletpress-store.com\/pl\/#organization\"},\"potentialAction\":[{\"@type\":\"SearchAction\",\"target\":{\"@type\":\"EntryPoint\",\"urlTemplate\":\"https:\/\/tabletpress-store.com\/pl\/?s={search_term_string}\"},\"query-input\":\"required name=search_term_string\"}],\"inLanguage\":\"en-US\"},{\"@type\":\"Organization\",\"@id\":\"https:\/\/tabletpress-store.com\/pl\/#organization\",\"name\":\"Tabletpress Store\",\"url\":\"https:\/\/tabletpress-store.com\/pl\/\",\"logo\":{\"@type\":\"ImageObject\",\"inLanguage\":\"en-US\",\"@id\":\"https:\/\/tabletpress-store.com\/pl\/#\/schema\/logo\/image\/\",\"url\":\"https:\/\/tabletpress-store.com\/wp-content\/uploads\/2023\/07\/tablettpress-store-logo.png\",\"contentUrl\":\"https:\/\/tabletpress-store.com\/wp-content\/uploads\/2023\/07\/tablettpress-store-logo.png\",\"width\":1800,\"height\":1800,\"caption\":\"Tabletpress Store\"},\"image\":{\"@id\":\"https:\/\/tabletpress-store.com\/pl\/#\/schema\/logo\/image\/\"}}]}<\/script>\n<!-- \/ Yoast SEO plugin. -->","yoast_head_json":{"title":"THDP 5 Desktop Tablet Press - Hochwertige Tablettenpresse-","description":"THDP 5 Desktop Tablet Press - Prod\u00e1m stroj a za\u0159\u00edzen\u00ed na lisov\u00e1n\u00ed tablet. Konkuren\u010dn\u00ed cena - Rychl\u00e1 dodac\u00ed lh\u016fta - Bezpe\u010dn\u00e1 platba - P\u0159\u00edsn\u00e1 kvalita - 24\/7","robots":{"index":"index","follow":"follow","max-snippet":"max-snippet:-1","max-image-preview":"max-image-preview:large","max-video-preview":"max-video-preview:-1"},"canonical":"https:\/\/tabletpress-store.com\/en\/product\/tdp-1-5-single-punch-tablet-press\/","og_locale":"en_US","og_type":"article","og_title":"THDP 5 Desktop Tablet Press - Hochwertige Tablettenpresse-","og_description":"THDP 5 Desktop Tablet Press - Prod\u00e1m stroj a za\u0159\u00edzen\u00ed na lisov\u00e1n\u00ed tablet. Konkuren\u010dn\u00ed cena - Rychl\u00e1 dodac\u00ed lh\u016fta - Bezpe\u010dn\u00e1 platba - P\u0159\u00edsn\u00e1 kvalita - 24\/7","og_url":"https:\/\/tabletpress-store.com\/en\/product\/tdp-1-5-single-punch-tablet-press\/","og_site_name":"Tablettenpressen","article_modified_time":"2026-01-06T08:26:58+00:00","og_image":[{"width":600,"height":600,"url":"https:\/\/tabletpress-store.com\/wp-content\/uploads\/2024\/01\/THDP-5-1-600x600.webp.png","type":"image\/png"}],"twitter_card":"summary_large_image","twitter_misc":{"Est. reading time":"5 minutes"},"schema":{"@context":"https:\/\/schema.org","@graph":[{"@type":"WebPage","@id":"https:\/\/tabletpress-store.com\/produkt\/tdp-1-5-single-punch-tablet-press\/","url":"https:\/\/tabletpress-store.com\/produkt\/tdp-1-5-single-punch-tablet-press\/","name":"THDP 5 Desktop Tablet Press - Hochwertige Tablettenpresse-","isPartOf":{"@id":"https:\/\/tabletpress-store.com\/pl\/#website"},"primaryImageOfPage":{"@id":"https:\/\/tabletpress-store.com\/produkt\/tdp-1-5-single-punch-tablet-press\/#primaryimage"},"image":{"@id":"https:\/\/tabletpress-store.com\/produkt\/tdp-1-5-single-punch-tablet-press\/#primaryimage"},"thumbnailUrl":"https:\/\/tabletpress-store.com\/wp-content\/uploads\/2024\/01\/THDP-5-1-600x600.webp.png","datePublished":"2024-01-13T09:55:08+00:00","dateModified":"2026-01-06T08:26:58+00:00","description":"THDP 5 Desktop Tablet Press - Prod\u00e1m stroj a za\u0159\u00edzen\u00ed na lisov\u00e1n\u00ed tablet. Konkuren\u010dn\u00ed cena - Rychl\u00e1 dodac\u00ed lh\u016fta - Bezpe\u010dn\u00e1 platba - P\u0159\u00edsn\u00e1 kvalita - 24\/7","breadcrumb":{"@id":"https:\/\/tabletpress-store.com\/produkt\/tdp-1-5-single-punch-tablet-press\/#breadcrumb"},"inLanguage":"en-US","potentialAction":[{"@type":"ReadAction","target":["https:\/\/tabletpress-store.com\/produkt\/tdp-1-5-single-punch-tablet-press\/"]}]},{"@type":"ImageObject","inLanguage":"en-US","@id":"https:\/\/tabletpress-store.com\/produkt\/tdp-1-5-single-punch-tablet-press\/#primaryimage","url":"https:\/\/tabletpress-store.com\/wp-content\/uploads\/2024\/01\/THDP-5-1-600x600.webp.png","contentUrl":"https:\/\/tabletpress-store.com\/wp-content\/uploads\/2024\/01\/THDP-5-1-600x600.webp.png","width":600,"height":600,"caption":"rotary tablet press tdp 5"},{"@type":"BreadcrumbList","@id":"https:\/\/tabletpress-store.com\/produkt\/tdp-1-5-single-punch-tablet-press\/#breadcrumb","itemListElement":[{"@type":"ListItem","position":1,"name":"Startseite","item":"https:\/\/tabletpress-store.com\/"},{"@type":"ListItem","position":2,"name":"Shop","item":"https:\/\/tabletpress-store.com\/shop\/"},{"@type":"ListItem","position":3,"name":"THDP 5 Desktop Tablet Press"}]},{"@type":"WebSite","@id":"https:\/\/tabletpress-store.com\/pl\/#website","url":"https:\/\/tabletpress-store.com\/pl\/","name":"Tabletpress Store","description":"Tablettenpressen f\u00fcr die Produktion von Medikamenten oder Supplements","publisher":{"@id":"https:\/\/tabletpress-store.com\/pl\/#organization"},"potentialAction":[{"@type":"SearchAction","target":{"@type":"EntryPoint","urlTemplate":"https:\/\/tabletpress-store.com\/pl\/?s={search_term_string}"},"query-input":"required name=search_term_string"}],"inLanguage":"en-US"},{"@type":"Organization","@id":"https:\/\/tabletpress-store.com\/pl\/#organization","name":"Tabletpress Store","url":"https:\/\/tabletpress-store.com\/pl\/","logo":{"@type":"ImageObject","inLanguage":"en-US","@id":"https:\/\/tabletpress-store.com\/pl\/#\/schema\/logo\/image\/","url":"https:\/\/tabletpress-store.com\/wp-content\/uploads\/2023\/07\/tablettpress-store-logo.png","contentUrl":"https:\/\/tabletpress-store.com\/wp-content\/uploads\/2023\/07\/tablettpress-store-logo.png","width":1800,"height":1800,"caption":"Tabletpress Store"},"image":{"@id":"https:\/\/tabletpress-store.com\/pl\/#\/schema\/logo\/image\/"}}]}},"_links":{"self":[{"href":"https:\/\/tabletpress-store.com\/en\/wp-json\/wp\/v2\/product\/2366","targetHints":{"allow":["GET"]}}],"collection":[{"href":"https:\/\/tabletpress-store.com\/en\/wp-json\/wp\/v2\/product"}],"about":[{"href":"https:\/\/tabletpress-store.com\/en\/wp-json\/wp\/v2\/types\/product"}],"wp:featuredmedia":[{"embeddable":true,"href":"https:\/\/tabletpress-store.com\/en\/wp-json\/wp\/v2\/media\/2562"}],"wp:attachment":[{"href":"https:\/\/tabletpress-store.com\/en\/wp-json\/wp\/v2\/media?parent=2366"}],"wp:term":[{"taxonomy":"product_brand","embeddable":true,"href":"https:\/\/tabletpress-store.com\/en\/wp-json\/wp\/v2\/product_brand?post=2366"},{"taxonomy":"product_cat","embeddable":true,"href":"https:\/\/tabletpress-store.com\/en\/wp-json\/wp\/v2\/product_cat?post=2366"},{"taxonomy":"product_tag","embeddable":true,"href":"https:\/\/tabletpress-store.com\/en\/wp-json\/wp\/v2\/product_tag?post=2366"}],"curies":[{"name":"wp","href":"https:\/\/api.w.org\/{rel}","templated":true}]}}