{"id":12,"date":"2016-06-20T09:22:56","date_gmt":"2016-06-20T09:22:56","guid":{"rendered":"https:\/\/tabletpress-store.com\/?page_id=12"},"modified":"2025-05-09T20:21:23","modified_gmt":"2025-05-09T18:21:23","slug":"shop","status":"publish","type":"page","link":"https:\/\/tabletpress-store.com\/fr\/shop\/","title":{"rendered":"Shop"},"content":{"rendered":"<section class=\"wpb-content-wrapper\"><div class=\"vc_row wpb_row row top-row\"><div class=\"vc_column_container col-md-12\"><div class=\"wpb_wrapper vc_column-inner\">\n\t<div class=\"wpb_text_column wpb_content_element\" >\n\t\t<div class=\"wpb_wrapper\">\n\t\t\t<h3>Quelles sont les diff\u00e9rences entre les presses \u00e0 comprim\u00e9s ?<\/h3>\n<p>Les presses \u00e0 comprim\u00e9s, \u00e9galement appel\u00e9es presses \u00e0 comprim\u00e9s ou presses \u00e0 pilules, jouent un r\u00f4le crucial dans l'industrie pharmaceutique et de transformation. Ces machines sont con\u00e7ues pour la production efficace de comprim\u00e9s de diff\u00e9rentes formes, tailles et formulations. Il existe diff\u00e9rents types de presses \u00e0 comprim\u00e9s disponibles sur le march\u00e9, qui partagent g\u00e9n\u00e9ralement certaines caract\u00e9ristiques communes et diff\u00e8rent sous certains aspects en fonction de leur utilisation pr\u00e9vue et des exigences de production.<\/p>\n<p>La conception des presses \u00e0 comprim\u00e9s constitue une distinction essentielle. Les deux principales cat\u00e9gories sont les presses \u00e0 comprim\u00e9s \u00e0 tampon unique et les presses \u00e0 comprim\u00e9s rotatives. Les machines \u00e0 tampon unique sont adapt\u00e9es \u00e0 la production de petites quantit\u00e9s et sont simples et faciles \u00e0 utiliser. Les presses \u00e0 comprim\u00e9s rotatives, en revanche, sont plus avanc\u00e9es et conviennent \u00e0 la production de plus grandes quantit\u00e9s. Elles sont connues pour leur capacit\u00e9 de production plus \u00e9lev\u00e9e et leurs fonctions d'automatisation qui contribuent \u00e0 une plus grande efficacit\u00e9.<\/p>\n<p>Le processus de compression des comprim\u00e9s comprend plusieurs \u00e9tapes, dont l'alimentation en poudre, la compression et l'\u00e9jection. Diff\u00e9rentes machines peuvent utiliser diff\u00e9rents m\u00e9canismes pour r\u00e9aliser ces \u00e9tapes, par exemple l'alimentation par gravit\u00e9, l'alimentation forc\u00e9e ou la pr\u00e9compression. Le choix du m\u00e9canisme d\u00e9pend des caract\u00e9ristiques des mati\u00e8res premi\u00e8res et des propri\u00e9t\u00e9s souhait\u00e9es des comprim\u00e9s.<\/p>\n<p>De plus, les presses \u00e0 comprim\u00e9s se distinguent par leur syst\u00e8me d'outillage, avec des outils \u00e0 pointes multiples et \u00e0 pointe unique disponibles. Les outils \u00e0 pointes multiples augmentent la production en pressant plusieurs comprim\u00e9s en m\u00eame temps, tandis que les outils \u00e0 pointe unique sont g\u00e9n\u00e9ralement utilis\u00e9s pour des formulations sp\u00e9ciales ou des lots plus petits.<\/p>\n<p>Un autre facteur d\u00e9cisif est le degr\u00e9 d'automatisation et les fonctions de contr\u00f4le. Les presses \u00e0 comprim\u00e9s modernes sont souvent \u00e9quip\u00e9es de technologies avanc\u00e9es telles que des interfaces \u00e0 \u00e9cran tactile, une surveillance en temps r\u00e9el et l'enregistrement des donn\u00e9es. Ces caract\u00e9ristiques contribuent \u00e0 la pr\u00e9cision, \u00e0 la coh\u00e9rence et au respect des normes r\u00e9glementaires dans l'industrie pharmaceutique.<\/p>\n<p>Les presses \u00e0 comprim\u00e9s se distinguent par leur conception, leur capacit\u00e9 de production, leurs syst\u00e8mes d'outillage et leurs fonctions d'automatisation. Le choix de la presse \u00e0 comprim\u00e9s la plus adapt\u00e9e d\u00e9pend des exigences de production sp\u00e9cifiques, de la port\u00e9e et des fonctionnalit\u00e9s souhait\u00e9es du processus de fabrication.<\/p>\n\n\t\t<\/div>\n\t<\/div>\n<\/div><\/div><\/div>\n<\/section>","protected":false},"excerpt":{"rendered":"Was sind die Unterschiede zwischen Tablettenpressen? Tablettenpressen, auch bekannt als Tablettenpressen oder Pillenpressen, spielen eine entscheidende Rolle in der pharmazeutischen und verarbeitenden Industrie. Diese Maschinen sind f\u00fcr die effiziente Herstellung von Tabletten in verschiedenen Formen, Gr\u00f6\u00dfen und Formulierungen konzipiert. Auf dem Markt sind verschiedene Arten von Tablettenpressen erh\u00e4ltlich, die im Allgemeinen einige gemeinsame Merkmale aufweisen [...]","protected":false},"author":1,"featured_media":0,"parent":0,"menu_order":0,"comment_status":"closed","ping_status":"closed","template":"","meta":{"footnotes":""},"class_list":["post-12","page","type-page","status-publish","hentry"],"yoast_head":"<!-- This site is optimized with the Yoast SEO plugin v23.3 - https:\/\/yoast.com\/wordpress\/plugins\/seo\/ -->\n<title>Tablettenpresse | G\u00fcnstige Preise | Schneller Versand<\/title>\n<meta name=\"description\" content=\"Tablettenpresse f\u00fcr die Produktion von Medikamenten oder Supplements? Jetzt bestellen! Attraktive Preise \u2713 Schneller und kostenfreier Versand\" \/>\n<meta name=\"robots\" content=\"index, follow, max-snippet:-1, max-image-preview:large, max-video-preview:-1\" \/>\n<link rel=\"canonical\" href=\"https:\/\/tabletpress-store.com\/fr\/shop\/\" \/>\n<meta property=\"og:locale\" content=\"fr_FR\" \/>\n<meta property=\"og:type\" content=\"article\" \/>\n<meta property=\"og:title\" content=\"Tablettenpresse | G\u00fcnstige Preise | Schneller Versand\" \/>\n<meta property=\"og:description\" content=\"Tablettenpresse f\u00fcr die Produktion von Medikamenten oder Supplements? Jetzt bestellen! Attraktive Preise \u2713 Schneller und kostenfreier Versand\" \/>\n<meta property=\"og:url\" content=\"https:\/\/tabletpress-store.com\/fr\/shop\/\" \/>\n<meta property=\"og:site_name\" content=\"Tablettenpressen\" \/>\n<meta property=\"article:modified_time\" content=\"2025-05-09T18:21:23+00:00\" \/>\n<meta name=\"twitter:card\" content=\"summary_large_image\" \/>\n<meta name=\"twitter:label1\" content=\"Dur\u00e9e de lecture estim\u00e9e\" \/>\n\t<meta name=\"twitter:data1\" content=\"2 minutes\" \/>\n<script type=\"application\/ld+json\" class=\"yoast-schema-graph\">{\"@context\":\"https:\/\/schema.org\",\"@graph\":[{\"@type\":\"WebPage\",\"@id\":\"https:\/\/tabletpress-store.com\/shop\/\",\"url\":\"https:\/\/tabletpress-store.com\/shop\/\",\"name\":\"Tablettenpresse | G\u00fcnstige Preise | Schneller Versand\",\"isPartOf\":{\"@id\":\"https:\/\/tabletpress-store.com\/pl\/#website\"},\"datePublished\":\"2016-06-20T09:22:56+00:00\",\"dateModified\":\"2025-05-09T18:21:23+00:00\",\"description\":\"Tablettenpresse f\u00fcr die Produktion von Medikamenten oder Supplements? Jetzt bestellen! Attraktive Preise \u2713 Schneller und kostenfreier Versand\",\"breadcrumb\":{\"@id\":\"https:\/\/tabletpress-store.com\/shop\/#breadcrumb\"},\"inLanguage\":\"fr-FR\",\"potentialAction\":[{\"@type\":\"ReadAction\",\"target\":[\"https:\/\/tabletpress-store.com\/shop\/\"]}]},{\"@type\":\"BreadcrumbList\",\"@id\":\"https:\/\/tabletpress-store.com\/shop\/#breadcrumb\",\"itemListElement\":[{\"@type\":\"ListItem\",\"position\":1,\"name\":\"Startseite\",\"item\":\"https:\/\/tabletpress-store.com\/\"},{\"@type\":\"ListItem\",\"position\":2,\"name\":\"Shop\"}]},{\"@type\":\"WebSite\",\"@id\":\"https:\/\/tabletpress-store.com\/pl\/#website\",\"url\":\"https:\/\/tabletpress-store.com\/pl\/\",\"name\":\"Tabletpress Store\",\"description\":\"Tablettenpressen f\u00fcr die Produktion von Medikamenten oder Supplements\",\"publisher\":{\"@id\":\"https:\/\/tabletpress-store.com\/pl\/#organization\"},\"potentialAction\":[{\"@type\":\"SearchAction\",\"target\":{\"@type\":\"EntryPoint\",\"urlTemplate\":\"https:\/\/tabletpress-store.com\/pl\/?s={search_term_string}\"},\"query-input\":\"required name=search_term_string\"}],\"inLanguage\":\"fr-FR\"},{\"@type\":\"Organization\",\"@id\":\"https:\/\/tabletpress-store.com\/pl\/#organization\",\"name\":\"Tabletpress Store\",\"url\":\"https:\/\/tabletpress-store.com\/pl\/\",\"logo\":{\"@type\":\"ImageObject\",\"inLanguage\":\"fr-FR\",\"@id\":\"https:\/\/tabletpress-store.com\/pl\/#\/schema\/logo\/image\/\",\"url\":\"https:\/\/tabletpress-store.com\/wp-content\/uploads\/2023\/07\/tablettpress-store-logo.png\",\"contentUrl\":\"https:\/\/tabletpress-store.com\/wp-content\/uploads\/2023\/07\/tablettpress-store-logo.png\",\"width\":1800,\"height\":1800,\"caption\":\"Tabletpress Store\"},\"image\":{\"@id\":\"https:\/\/tabletpress-store.com\/pl\/#\/schema\/logo\/image\/\"}}]}<\/script>\n<!-- \/ Yoast SEO plugin. -->","yoast_head_json":{"title":"Tablettenpresse | G\u00fcnstige Preise | Schneller Versand","description":"Tablettenpresse f\u00fcr die Produktion von Medikamenten oder Supplements? Jetzt bestellen! Attraktive Preise \u2713 Schneller und kostenfreier Versand","robots":{"index":"index","follow":"follow","max-snippet":"max-snippet:-1","max-image-preview":"max-image-preview:large","max-video-preview":"max-video-preview:-1"},"canonical":"https:\/\/tabletpress-store.com\/fr\/shop\/","og_locale":"fr_FR","og_type":"article","og_title":"Tablettenpresse | G\u00fcnstige Preise | Schneller Versand","og_description":"Tablettenpresse f\u00fcr die Produktion von Medikamenten oder Supplements? Jetzt bestellen! Attraktive Preise \u2713 Schneller und kostenfreier Versand","og_url":"https:\/\/tabletpress-store.com\/fr\/shop\/","og_site_name":"Tablettenpressen","article_modified_time":"2025-05-09T18:21:23+00:00","twitter_card":"summary_large_image","twitter_misc":{"Dur\u00e9e de lecture estim\u00e9e":"2 minutes"},"schema":{"@context":"https:\/\/schema.org","@graph":[{"@type":"WebPage","@id":"https:\/\/tabletpress-store.com\/shop\/","url":"https:\/\/tabletpress-store.com\/shop\/","name":"Tablettenpresse | G\u00fcnstige Preise | Schneller Versand","isPartOf":{"@id":"https:\/\/tabletpress-store.com\/pl\/#website"},"datePublished":"2016-06-20T09:22:56+00:00","dateModified":"2025-05-09T18:21:23+00:00","description":"Tablettenpresse f\u00fcr die Produktion von Medikamenten oder Supplements? Jetzt bestellen! Attraktive Preise \u2713 Schneller und kostenfreier Versand","breadcrumb":{"@id":"https:\/\/tabletpress-store.com\/shop\/#breadcrumb"},"inLanguage":"fr-FR","potentialAction":[{"@type":"ReadAction","target":["https:\/\/tabletpress-store.com\/shop\/"]}]},{"@type":"BreadcrumbList","@id":"https:\/\/tabletpress-store.com\/shop\/#breadcrumb","itemListElement":[{"@type":"ListItem","position":1,"name":"Startseite","item":"https:\/\/tabletpress-store.com\/"},{"@type":"ListItem","position":2,"name":"Shop"}]},{"@type":"WebSite","@id":"https:\/\/tabletpress-store.com\/pl\/#website","url":"https:\/\/tabletpress-store.com\/pl\/","name":"Tabletpress Store","description":"Tablettenpressen f\u00fcr die Produktion von Medikamenten oder Supplements","publisher":{"@id":"https:\/\/tabletpress-store.com\/pl\/#organization"},"potentialAction":[{"@type":"SearchAction","target":{"@type":"EntryPoint","urlTemplate":"https:\/\/tabletpress-store.com\/pl\/?s={search_term_string}"},"query-input":"required name=search_term_string"}],"inLanguage":"fr-FR"},{"@type":"Organization","@id":"https:\/\/tabletpress-store.com\/pl\/#organization","name":"Tabletpress Store","url":"https:\/\/tabletpress-store.com\/pl\/","logo":{"@type":"ImageObject","inLanguage":"fr-FR","@id":"https:\/\/tabletpress-store.com\/pl\/#\/schema\/logo\/image\/","url":"https:\/\/tabletpress-store.com\/wp-content\/uploads\/2023\/07\/tablettpress-store-logo.png","contentUrl":"https:\/\/tabletpress-store.com\/wp-content\/uploads\/2023\/07\/tablettpress-store-logo.png","width":1800,"height":1800,"caption":"Tabletpress Store"},"image":{"@id":"https:\/\/tabletpress-store.com\/pl\/#\/schema\/logo\/image\/"}}]}},"_links":{"self":[{"href":"https:\/\/tabletpress-store.com\/fr\/wp-json\/wp\/v2\/pages\/12","targetHints":{"allow":["GET"]}}],"collection":[{"href":"https:\/\/tabletpress-store.com\/fr\/wp-json\/wp\/v2\/pages"}],"about":[{"href":"https:\/\/tabletpress-store.com\/fr\/wp-json\/wp\/v2\/types\/page"}],"author":[{"embeddable":true,"href":"https:\/\/tabletpress-store.com\/fr\/wp-json\/wp\/v2\/users\/1"}],"replies":[{"embeddable":true,"href":"https:\/\/tabletpress-store.com\/fr\/wp-json\/wp\/v2\/comments?post=12"}],"version-history":[{"count":7,"href":"https:\/\/tabletpress-store.com\/fr\/wp-json\/wp\/v2\/pages\/12\/revisions"}],"predecessor-version":[{"id":2575,"href":"https:\/\/tabletpress-store.com\/fr\/wp-json\/wp\/v2\/pages\/12\/revisions\/2575"}],"wp:attachment":[{"href":"https:\/\/tabletpress-store.com\/fr\/wp-json\/wp\/v2\/media?parent=12"}],"curies":[{"name":"wp","href":"https:\/\/api.w.org\/{rel}","templated":true}]}}