{"id":2225,"date":"2023-07-15T10:46:39","date_gmt":"2023-07-15T08:46:39","guid":{"rendered":"https:\/\/tabletpress-store.com\/?page_id=2225"},"modified":"2023-07-15T10:46:39","modified_gmt":"2023-07-15T08:46:39","slug":"zahlungsarten","status":"publish","type":"page","link":"https:\/\/tabletpress-store.com\/fr\/zahlungsarten\/","title":{"rendered":"Modes de paiement"},"content":{"rendered":"<section class=\"wpb-content-wrapper\"><div class=\"vc_row wpb_row row top-row\"><div class=\"vc_column_container col-md-12 text-left\"><div class=\"wpb_wrapper vc_column-inner\"><div class=\"porto-u-heading  wpb_custom_95aa9a11c17ad45cfabaf210d84ee7cc porto-u-7295\"><div class=\"porto-u-main-heading\"><h2  >Modes de paiement<\/h2><\/div><div class=\"porto-u-sub-heading\" style=\"\">Moyens de paiement accept\u00e9s<\/p>\n<p>&nbsp;<\/div><div class=\"porto-u-heading-spacer line_only\" style=\"height:1px;\"><span class=\"porto-u-headings-line\" style=\"border-style:solid;border-bottom-width:1px;border-color:#ccc;width:auto;\"><\/span><\/div><style>.porto-u-7295.porto-u-heading{text-align:center} .porto-u-7295 .porto-u-headings-line{float: unset;}<\/style><\/div><div class=\"vc_empty_space\"   style=\"height: 32px\"><span class=\"vc_empty_space_inner\"><\/span><\/div>\n\t<div class=\"wpb_text_column wpb_content_element\" >\n\t\t<div class=\"wpb_wrapper\">\n\t\t\t<ul>\n<li>Pr\u00e9paiement par virement bancaire<\/li>\n<li>Paiement par virement bancaire instantan\u00e9 \/ Klarna<\/li>\n<li>Paiement par carte de cr\u00e9dit<\/li>\n<\/ul>\n<p><strong>Plus de d\u00e9tails sur le paiement<\/strong><\/p>\n<p>Si vous payez par carte de cr\u00e9dit, votre compte de carte de cr\u00e9dit sera d\u00e9bit\u00e9 \u00e0 la conclusion du contrat.<\/p>\n<p>Si vous avez des questions, n'h\u00e9sitez pas \u00e0 nous contacter via notre <a href=\"https:\/\/tabletpress-store.com\/fr\/kontakt\/\">Kontaktseite<\/a>.<\/p>\n\n\t\t<\/div>\n\t<\/div>\n<\/div><\/div><\/div>\n<\/section>","protected":false},"excerpt":{"rendered":"ZahlungsartenAkzeptierte Zahlungsm\u00f6glichkeiten &nbsp; Vorkasse per \u00dcberweisung Zahlung per Sofort\u00fcberweisung \/ Klarna Zahlung per Kreditkarte Weitere Einzelheiten zur Zahlung Bei Zahlung per Kreditkarte erfolgt die Belastung Ihres Kreditkartenkontos mit Vertragsschluss. Bei Fragen kontaktieren Sie uns gern \u00fcber unsere Kontaktseite.","protected":false},"author":1,"featured_media":0,"parent":0,"menu_order":0,"comment_status":"closed","ping_status":"closed","template":"","meta":{"footnotes":""},"class_list":["post-2225","page","type-page","status-publish","hentry"],"yoast_head":"<!-- This site is optimized with the Yoast SEO plugin v23.3 - https:\/\/yoast.com\/wordpress\/plugins\/seo\/ -->\n<title>Zahlungsarten - Hochwertige Tablettenpresse- Tabletpress Store<\/title>\n<meta name=\"description\" content=\"Zahlungsarten - Kaufen Sie Tablettenpresse Maschine und Ausr\u00fcstung. Konkurrenzf\u00e4higer Preis - Schnelle Lieferzeit - Sichere Zahlung - Strenge Qualit\u00e4t - 24\/7\" \/>\n<meta name=\"robots\" content=\"index, follow, max-snippet:-1, max-image-preview:large, max-video-preview:-1\" \/>\n<link rel=\"canonical\" href=\"https:\/\/tabletpress-store.com\/fr\/zahlungsarten\/\" \/>\n<meta property=\"og:locale\" content=\"fr_FR\" \/>\n<meta property=\"og:type\" content=\"article\" \/>\n<meta property=\"og:title\" content=\"Zahlungsarten - Hochwertige Tablettenpresse- Tabletpress Store\" \/>\n<meta property=\"og:description\" content=\"Zahlungsarten - Kaufen Sie Tablettenpresse Maschine und Ausr\u00fcstung. Konkurrenzf\u00e4higer Preis - Schnelle Lieferzeit - Sichere Zahlung - Strenge Qualit\u00e4t - 24\/7\" \/>\n<meta property=\"og:url\" content=\"https:\/\/tabletpress-store.com\/fr\/zahlungsarten\/\" \/>\n<meta property=\"og:site_name\" content=\"Tablettenpressen\" \/>\n<meta name=\"twitter:card\" content=\"summary_large_image\" \/>\n<script type=\"application\/ld+json\" class=\"yoast-schema-graph\">{\"@context\":\"https:\/\/schema.org\",\"@graph\":[{\"@type\":\"WebPage\",\"@id\":\"https:\/\/tabletpress-store.com\/zahlungsarten\/\",\"url\":\"https:\/\/tabletpress-store.com\/zahlungsarten\/\",\"name\":\"Zahlungsarten - Hochwertige Tablettenpresse- Tabletpress Store\",\"isPartOf\":{\"@id\":\"https:\/\/tabletpress-store.com\/pl\/#website\"},\"datePublished\":\"2023-07-15T08:46:39+00:00\",\"dateModified\":\"2023-07-15T08:46:39+00:00\",\"description\":\"Zahlungsarten - Kaufen Sie Tablettenpresse Maschine und Ausr\u00fcstung. Konkurrenzf\u00e4higer Preis - Schnelle Lieferzeit - Sichere Zahlung - Strenge Qualit\u00e4t - 24\/7\",\"breadcrumb\":{\"@id\":\"https:\/\/tabletpress-store.com\/zahlungsarten\/#breadcrumb\"},\"inLanguage\":\"fr-FR\",\"potentialAction\":[{\"@type\":\"ReadAction\",\"target\":[\"https:\/\/tabletpress-store.com\/zahlungsarten\/\"]}]},{\"@type\":\"BreadcrumbList\",\"@id\":\"https:\/\/tabletpress-store.com\/zahlungsarten\/#breadcrumb\",\"itemListElement\":[{\"@type\":\"ListItem\",\"position\":1,\"name\":\"Startseite\",\"item\":\"https:\/\/tabletpress-store.com\/\"},{\"@type\":\"ListItem\",\"position\":2,\"name\":\"Zahlungsarten\"}]},{\"@type\":\"WebSite\",\"@id\":\"https:\/\/tabletpress-store.com\/pl\/#website\",\"url\":\"https:\/\/tabletpress-store.com\/pl\/\",\"name\":\"Tabletpress Store\",\"description\":\"Tablettenpressen f\u00fcr die Produktion von Medikamenten oder Supplements\",\"publisher\":{\"@id\":\"https:\/\/tabletpress-store.com\/pl\/#organization\"},\"potentialAction\":[{\"@type\":\"SearchAction\",\"target\":{\"@type\":\"EntryPoint\",\"urlTemplate\":\"https:\/\/tabletpress-store.com\/pl\/?s={search_term_string}\"},\"query-input\":\"required name=search_term_string\"}],\"inLanguage\":\"fr-FR\"},{\"@type\":\"Organization\",\"@id\":\"https:\/\/tabletpress-store.com\/pl\/#organization\",\"name\":\"Tabletpress Store\",\"url\":\"https:\/\/tabletpress-store.com\/pl\/\",\"logo\":{\"@type\":\"ImageObject\",\"inLanguage\":\"fr-FR\",\"@id\":\"https:\/\/tabletpress-store.com\/pl\/#\/schema\/logo\/image\/\",\"url\":\"https:\/\/tabletpress-store.com\/wp-content\/uploads\/2023\/07\/tablettpress-store-logo.png\",\"contentUrl\":\"https:\/\/tabletpress-store.com\/wp-content\/uploads\/2023\/07\/tablettpress-store-logo.png\",\"width\":1800,\"height\":1800,\"caption\":\"Tabletpress Store\"},\"image\":{\"@id\":\"https:\/\/tabletpress-store.com\/pl\/#\/schema\/logo\/image\/\"}}]}<\/script>\n<!-- \/ Yoast SEO plugin. -->","yoast_head_json":{"title":"Zahlungsarten - Hochwertige Tablettenpresse- Tabletpress Store","description":"Zahlungsarten - Kaufen Sie Tablettenpresse Maschine und Ausr\u00fcstung. Konkurrenzf\u00e4higer Preis - Schnelle Lieferzeit - Sichere Zahlung - Strenge Qualit\u00e4t - 24\/7","robots":{"index":"index","follow":"follow","max-snippet":"max-snippet:-1","max-image-preview":"max-image-preview:large","max-video-preview":"max-video-preview:-1"},"canonical":"https:\/\/tabletpress-store.com\/fr\/zahlungsarten\/","og_locale":"fr_FR","og_type":"article","og_title":"Zahlungsarten - Hochwertige Tablettenpresse- Tabletpress Store","og_description":"Zahlungsarten - Kaufen Sie Tablettenpresse Maschine und Ausr\u00fcstung. Konkurrenzf\u00e4higer Preis - Schnelle Lieferzeit - Sichere Zahlung - Strenge Qualit\u00e4t - 24\/7","og_url":"https:\/\/tabletpress-store.com\/fr\/zahlungsarten\/","og_site_name":"Tablettenpressen","twitter_card":"summary_large_image","schema":{"@context":"https:\/\/schema.org","@graph":[{"@type":"WebPage","@id":"https:\/\/tabletpress-store.com\/zahlungsarten\/","url":"https:\/\/tabletpress-store.com\/zahlungsarten\/","name":"Zahlungsarten - Hochwertige Tablettenpresse- Tabletpress Store","isPartOf":{"@id":"https:\/\/tabletpress-store.com\/pl\/#website"},"datePublished":"2023-07-15T08:46:39+00:00","dateModified":"2023-07-15T08:46:39+00:00","description":"Zahlungsarten - Kaufen Sie Tablettenpresse Maschine und Ausr\u00fcstung. Konkurrenzf\u00e4higer Preis - Schnelle Lieferzeit - Sichere Zahlung - Strenge Qualit\u00e4t - 24\/7","breadcrumb":{"@id":"https:\/\/tabletpress-store.com\/zahlungsarten\/#breadcrumb"},"inLanguage":"fr-FR","potentialAction":[{"@type":"ReadAction","target":["https:\/\/tabletpress-store.com\/zahlungsarten\/"]}]},{"@type":"BreadcrumbList","@id":"https:\/\/tabletpress-store.com\/zahlungsarten\/#breadcrumb","itemListElement":[{"@type":"ListItem","position":1,"name":"Startseite","item":"https:\/\/tabletpress-store.com\/"},{"@type":"ListItem","position":2,"name":"Zahlungsarten"}]},{"@type":"WebSite","@id":"https:\/\/tabletpress-store.com\/pl\/#website","url":"https:\/\/tabletpress-store.com\/pl\/","name":"Tabletpress Store","description":"Tablettenpressen f\u00fcr die Produktion von Medikamenten oder Supplements","publisher":{"@id":"https:\/\/tabletpress-store.com\/pl\/#organization"},"potentialAction":[{"@type":"SearchAction","target":{"@type":"EntryPoint","urlTemplate":"https:\/\/tabletpress-store.com\/pl\/?s={search_term_string}"},"query-input":"required name=search_term_string"}],"inLanguage":"fr-FR"},{"@type":"Organization","@id":"https:\/\/tabletpress-store.com\/pl\/#organization","name":"Tabletpress Store","url":"https:\/\/tabletpress-store.com\/pl\/","logo":{"@type":"ImageObject","inLanguage":"fr-FR","@id":"https:\/\/tabletpress-store.com\/pl\/#\/schema\/logo\/image\/","url":"https:\/\/tabletpress-store.com\/wp-content\/uploads\/2023\/07\/tablettpress-store-logo.png","contentUrl":"https:\/\/tabletpress-store.com\/wp-content\/uploads\/2023\/07\/tablettpress-store-logo.png","width":1800,"height":1800,"caption":"Tabletpress Store"},"image":{"@id":"https:\/\/tabletpress-store.com\/pl\/#\/schema\/logo\/image\/"}}]}},"_links":{"self":[{"href":"https:\/\/tabletpress-store.com\/fr\/wp-json\/wp\/v2\/pages\/2225","targetHints":{"allow":["GET"]}}],"collection":[{"href":"https:\/\/tabletpress-store.com\/fr\/wp-json\/wp\/v2\/pages"}],"about":[{"href":"https:\/\/tabletpress-store.com\/fr\/wp-json\/wp\/v2\/types\/page"}],"author":[{"embeddable":true,"href":"https:\/\/tabletpress-store.com\/fr\/wp-json\/wp\/v2\/users\/1"}],"replies":[{"embeddable":true,"href":"https:\/\/tabletpress-store.com\/fr\/wp-json\/wp\/v2\/comments?post=2225"}],"version-history":[{"count":7,"href":"https:\/\/tabletpress-store.com\/fr\/wp-json\/wp\/v2\/pages\/2225\/revisions"}],"predecessor-version":[{"id":2232,"href":"https:\/\/tabletpress-store.com\/fr\/wp-json\/wp\/v2\/pages\/2225\/revisions\/2232"}],"wp:attachment":[{"href":"https:\/\/tabletpress-store.com\/fr\/wp-json\/wp\/v2\/media?parent=2225"}],"curies":[{"name":"wp","href":"https:\/\/api.w.org\/{rel}","templated":true}]}}