{"id":2237,"date":"2023-07-15T11:15:12","date_gmt":"2023-07-15T09:15:12","guid":{"rendered":"https:\/\/tabletpress-store.com\/?page_id=2237"},"modified":"2024-09-09T20:45:00","modified_gmt":"2024-09-09T18:45:00","slug":"allgemeine-geschaeftsbedingungen","status":"publish","type":"page","link":"https:\/\/tabletpress-store.com\/fr\/allgemeine-geschaeftsbedingungen\/","title":{"rendered":"Conditions g\u00e9n\u00e9rales de vente"},"content":{"rendered":"<section class=\"wpb-content-wrapper\"><div class=\"vc_row wpb_row row top-row\"><div class=\"vc_column_container col-md-12\"><div class=\"wpb_wrapper vc_column-inner\"><div class=\"porto-u-heading  wpb_custom_95aa9a11c17ad45cfabaf210d84ee7cc porto-u-3469\"><div class=\"porto-u-main-heading\"><h2  >Conditions g\u00e9n\u00e9rales de vente<\/h2><\/div><div class=\"porto-u-sub-heading\" style=\"\">f\u00fcr dieses Angebot<\/p>\n<p><\/div><div class=\"porto-u-heading-spacer line_only\" style=\"height:1px;\"><span class=\"porto-u-headings-line\" style=\"border-style:solid;border-bottom-width:1px;border-color:#ccc;width:auto;\"><\/span><\/div><style>.porto-u-3469.porto-u-heading{text-align:center} .porto-u-3469 .porto-u-headings-line{float: unset;}<\/style><\/div><div class=\"vc_empty_space\"   style=\"height: 32px\"><span class=\"vc_empty_space_inner\"><\/span><\/div>\n\t<div class=\"wpb_text_column wpb_content_element\" >\n\t\t<div class=\"wpb_wrapper\">\n\t\t\t<p><strong>\u00a7 1 Champ d'application, objet du contrat et identit\u00e9 du vendeur<\/strong><\/p>\n<p>(1) Les dispositions suivantes s'appliquent \u00e0 tous les contrats entre nous, \u00e0 savoir :<\/p>\n<p class=\"p1\">Shanghai Pharmaceutical Machinery Co., Ltd<br \/>\nNo, 78, Building 250, Ai Guo road, Shanghai<br \/>\nChina<\/p>\n<p class=\"p1\">Telefon: 016097911653<br \/>\nE-Mail: <a href=\"https:\/\/web.archive.org\/web\/20211127201913\/mailto:stefanzhujun@gmail.com\">stefanzhujun@gmail.com<\/a><\/p>\n<p>en tant que vendeur, et vous en tant qu'acheteur concernant la vente et la livraison des articles que nous proposons via la plateforme Internet eBay.<\/p>\n<p><strong>\u00a7 2 Consommateur et entrepreneur<\/strong><\/p>\n<p>(1) Nos offres s'adressent aussi bien aux consommateurs qu'aux entrepreneurs.<\/p>\n<p>(2) Un consommateur au sens pr\u00e9sent est toute personne physique qui conclut un contrat avec nous \u00e0 des fins qui ne peuvent \u00eatre principalement attribu\u00e9es ni \u00e0 son activit\u00e9 commerciale ni \u00e0 son activit\u00e9 professionnelle ind\u00e9pendante.<\/p>\n<p>(3) Un entrepreneur au sens pr\u00e9sent est une personne physique ou morale ou une soci\u00e9t\u00e9 de personnes dot\u00e9e de la capacit\u00e9 juridique qui agit dans l'exercice de son activit\u00e9 professionnelle commerciale ou ind\u00e9pendante lors de la conclusion du contrat avec nous.<\/p>\n<p><strong>\u00a7 3 Accords et informations sur la conclusion du contrat<\/strong><\/p>\n<p>(1) Les diff\u00e9rentes \u00e9tapes techniques conduisant \u00e0 la conclusion du contrat, la conclusion du contrat lui-m\u00eame et les possibilit\u00e9s de correction se d\u00e9roulent conform\u00e9ment aux dispositions suivantes.<\/p>\n<p>(2) Si un article est plac\u00e9 par nous sur eBay, l'activation de la page de l'article sur eBay constitue l'offre ferme de conclure un contrat d'achat dans les conditions contenues dans la page de l'article.<\/p>\n<p>(3) Les conditions g\u00e9n\u00e9rales de vente d'eBay s'appliquent \u00e0 la conclusion du contrat. Vous trouverez un lien vers les conditions g\u00e9n\u00e9rales de vente d'eBay au bas de chaque page eBay.<\/p>\n<p>Dans les conditions g\u00e9n\u00e9rales d'eBay, la conclusion du contrat est r\u00e9gie comme suit, en fonction du format respectif de l'offre :<\/p>\n<p>\u00ab \u00a7 6 Formats des offres et conclusion du contrat (...)<br \/>\n(2) Si un vendeur place un objet dans le format d'ench\u00e8res ou de prix fixe via les services eBay, il fait une offre ferme de conclure un contrat pour cet objet. Ce faisant, il d\u00e9termine un prix de d\u00e9part ou fixe et un d\u00e9lai dans lequel l'offre peut \u00eatre accept\u00e9e (d\u00e9lai d'offre). Si le vendeur fixe un prix minimum dans le format d'ench\u00e8res, l'offre est soumise \u00e0 la condition suspensive que le prix minimum soit atteint.<br \/>\n3. Le vendeur peut \u00e9galement proposer des offres sous forme d'ench\u00e8res avec une fonction d'achat imm\u00e9diat. Cette fonction peut \u00eatre utilis\u00e9e par un acheteur tant qu'aucune ench\u00e8re n'a \u00e9t\u00e9 plac\u00e9e sur l'objet ou qu'un prix minimum n'a pas encore \u00e9t\u00e9 atteint. eBay se r\u00e9serve le droit de modifier cette fonction \u00e0 l'avenir. (...)<br \/>\nPour les articles \u00e0 prix fixe, l'acheteur accepte l'offre en cliquant sur le bouton \u00ab Acheter maintenant \u00bb puis en confirmant. Pour les articles \u00e0 prix fixe pour lesquels le vendeur a s\u00e9lectionn\u00e9 l'option \u00ab paiement imm\u00e9diat \u00bb, l'acheteur accepte l'offre en cliquant sur le bouton \u00ab Acheter maintenant \u00bb et en effectuant le processus de paiement qui suit imm\u00e9diatement. L'acheteur peut \u00e9galement accepter des offres pour plusieurs articles en pla\u00e7ant les articles dans le panier (si disponible) et en effectuant le processus de paiement qui suit imm\u00e9diatement.<br \/>\nDans le cas d'une vente aux ench\u00e8res, l'acheteur accepte l'offre en soumettant une ench\u00e8re. L'acceptation est soumise \u00e0 la condition suspensive que l'acheteur soit le plus offrant \u00e0 la fin de la p\u00e9riode d'ench\u00e8res. Une ench\u00e8re expire si un autre acheteur soumet une ench\u00e8re plus \u00e9lev\u00e9e pendant la p\u00e9riode d'ench\u00e8res. (...)<br \/>\n6. en cas de r\u00e9siliation anticip\u00e9e de l'offre par le vendeur, un contrat est conclu entre le vendeur et le plus offrant, \u00e0 moins que le vendeur n'ait le droit de retirer l'offre et d'annuler les ench\u00e8res pr\u00e9sentes.<br \/>\nLes acheteurs ne peuvent retirer leurs offres que s'ils ont une raison valable de le faire. Apr\u00e8s un retrait d'offre justifi\u00e9, aucun contrat n'est conclu entre l'utilisateur, qui est \u00e0 nouveau le plus offrant apr\u00e8s l'expiration de l'ench\u00e8re en raison du retrait de l'offre, et le vendeur.<br \/>\n8. dans certaines cat\u00e9gories le vendeur peut ajouter une fonction de suggestion de prix \u00e0 son offre. La fonction de suggestion de prix permet aux acheteurs et aux vendeurs de n\u00e9gocier le prix d'un article. (...)<br \/>\n11. Si un article est supprim\u00e9 d'eBay avant la fin de la p\u00e9riode de mise en vente, aucun contrat effectif n'est conclu entre l'acheteur et le vendeur.<\/p>\n<p><strong>(4) Achat via la fonction \u00ab\u00a0Acheter maintenant\u00a0\u00bb ou \u00ab\u00a0Ench\u00e9rir\u00a0\u00bb<\/strong><\/p>\n<p>En cliquant sur les boutons \u00ab Acheter maintenant \u00bb ou \u00ab Ench\u00e9rir \u00bb figurant sur les pages des articles, vous ne faites pas encore de d\u00e9claration contractuelle contraignante. Vous avez \u00e9galement la possibilit\u00e9 de v\u00e9rifier les informations que vous avez fournies et de les corriger \u00e0 l'aide de la fonction \u00ab Retour \u00bb de votre navigateur Internet ou d'annuler l'achat. Cette possibilit\u00e9 n'existe qu'une fois que vous avez fait une d\u00e9claration contractuelle contraignante. L'action par laquelle vous faites une d\u00e9claration contractuelle contraignante lors d'un achat et par laquelle le contrat est conclu est d\u00e9termin\u00e9e par la navigation dans le menu d'eBay.<\/p>\n<p><strong>(5) Achat via le panier<\/strong><\/p>\n<p>Si un achat est propos\u00e9 via le panier, vous placez les produits que vous souhaitez acheter dans le \u00ab panier \u00bb en cliquant sur le bouton \u00ab Ajouter au panier \u00bb figurant sur la page de l'article. Le \u00ab panier \u00bb s'affiche alors. Vous pouvez \u00e9galement utiliser le bouton correspondant dans la barre de navigation pour appeler le \u00ab panier \u00bb et y apporter des modifications \u00e0 tout moment. Apr\u00e8s avoir appel\u00e9 la page \u00ab Continuer vers la commande \u00bb et saisi l'adresse de livraison et s\u00e9lectionn\u00e9 le mode de paiement, toutes les donn\u00e9es de la commande s'affichent \u00e0 nouveau sur la page d'aper\u00e7u de la commande.<\/p>\n<p>Si vous s\u00e9lectionnez \u00ab PayPal \u00bb comme mode de paiement, vous serez d'abord redirig\u00e9 vers une fen\u00eatre de connexion PayPal. Une fois connect\u00e9 avec succ\u00e8s \u00e0 PayPal, vous serez redirig\u00e9 vers la page d'aper\u00e7u de la commande sur eBay.<\/p>\n<p>Avant d'envoyer la commande, vous avez ici la possibilit\u00e9 de v\u00e9rifier \u00e0 nouveau toutes les informations, de les modifier - ceci \u00e9galement via la fonction \"Retour\" de votre navigateur Internet - ou d'annuler l'achat.<\/p>\n<p>En cliquant sur le bouton \u00ab Acheter et payer \u00bb, vous d\u00e9clarez accepter l'offre de mani\u00e8re juridiquement contraignante. Le contrat d'achat est ainsi conclu.<\/p>\n<p><strong>(6) Achat via la fonction \u00ab Proposition de prix \u00bb<\/strong><\/p>\n<p>Dans la mesure o\u00f9 la fonction \u00ab proposition de prix \u00bb est propos\u00e9e, vous avez ici la possibilit\u00e9 de nous soumettre une contre-offre. Pour ce faire, cliquez sur le bouton \u00ab Envoyer une proposition de prix \u00bb sur la page de l'article, saisissez votre proposition de prix sur la page suivante, s\u00e9lectionnez le bouton \u00ab V\u00e9rifier la proposition de prix \u00bb et confirmez le bouton \u00ab Envoyer une proposition de prix \u00bb sur la page suivante. Il s'agit d'une offre ferme. Vous \u00eates li\u00e9 par la proposition de prix qui nous a \u00e9t\u00e9 envoy\u00e9e pendant deux jours. Si nous acceptons votre proposition de prix, le contrat d'achat est conclu.<\/p>\n<p>(7) Le traitement de la commande et la transmission de toutes les informations n\u00e9cessaires \u00e0 la conclusion du contrat s'effectuent par courrier \u00e9lectronique. Vous \u00eates donc tenu de vous assurer que l'adresse \u00e9lectronique que vous nous fournissez est correcte et que la r\u00e9ception des courriers \u00e9lectroniques est techniquement garantie, c'est-\u00e0-dire notamment qu'elle n'est pas bloqu\u00e9e par des filtres anti-spam, par exemple.<\/p>\n<p><strong>\u00a7 4 Conservation du texte du contrat et langue du contrat<\/strong><\/p>\n<p>(1) Nous n'enregistrons pas le texte complet du contrat. Avant d'envoyer la commande, vous pouvez imprimer les donn\u00e9es du contrat via la fonction d'impression de votre navigateur Internet ou les enregistrer \u00e9lectroniquement. Apr\u00e8s r\u00e9ception de votre commande, nous vous enverrons \u00e0 nouveau par e-mail les donn\u00e9es de la commande, les conditions g\u00e9n\u00e9rales de vente, y compris les informations requises par la loi pour les contrats \u00e0 distance.<\/p>\n<p>(2) La langue disponible pour la conclusion du contrat est l'allemand.<\/p>\n<p><strong>\u00a7 5 Caract\u00e9ristiques essentielles des marchandises<\/strong><\/p>\n<p>Les principales caract\u00e9ristiques des marchandises peuvent \u00eatre trouv\u00e9es dans la description de l'article de chaque offre.<\/p>\n<p><strong>\u00a7 6 Prix, frais d'exp\u00e9dition, frais de retour en cas de r\u00e9vocation et conditions de paiement<\/strong><\/p>\n<p>(1) Les prix d'achat indiqu\u00e9s sur les pages des articles respectifs \u00e0 votre charge incluent la taxe sur la valeur ajout\u00e9e l\u00e9gale.<\/p>\n<p>(2) Des frais d'exp\u00e9dition suppl\u00e9mentaires sont factur\u00e9s pour chaque commande. Ils peuvent \u00eatre consult\u00e9s via un bouton pr\u00e9vu \u00e0 cet effet dans la description de l'article concern\u00e9, sont indiqu\u00e9s s\u00e9par\u00e9ment au cours du processus de commande et sont \u00e0 votre charge en sus, sauf si une livraison gratuite est promise.<\/p>\n<p>(3) En cas de r\u00e9vocation, vous devrez supporter les frais directs de renvoi de la marchandise.<\/p>\n<p>(4) Les modes de paiement disponibles sont r\u00e9pertori\u00e9s dans la description de l'article concern\u00e9.<\/p>\n<p>(5) Sauf indication contraire dans les diff\u00e9rents modes de paiement, le prix d'achat que vous devez payer est exigible imm\u00e9diatement.<\/p>\n<p>(6) Si un achat sur facture est effectu\u00e9 via PayPal, nous c\u00e9dons notre cr\u00e9ance \u00e0 votre encontre en totalit\u00e9 et de mani\u00e8re irr\u00e9vocable \u00e0 PayPal (Europe) S.\u00e0 r.l. et Cie, S.C.A., 22-24 Boulevard Royal, L-2449 Luxembourg. Vous acceptez que PayPal (Europe) S.\u00e0 r.l. et Cie, S.C.A. puisse effectuer un contr\u00f4le de solvabilit\u00e9 \u00e0 l'aide des donn\u00e9es transmises avant d'accepter la cession. Nous nous r\u00e9servons le droit de vous refuser ce mode de paiement \u00e0 la suite du contr\u00f4le de solvabilit\u00e9. Vous en serez inform\u00e9 lors du processus de paiement sur eBay. Si l'achat sur facture via PayPal est autoris\u00e9, PayPal (Europe) S.\u00e0 r.l. et Cie, S.C.A. accepte la cession, de sorte que les paiements lib\u00e9ratoires ne peuvent \u00eatre effectu\u00e9s qu'\u00e0 PayPal (Europe) S.\u00e0 r.l. et Cie, S.C.A.. Le d\u00e9lai de paiement est de 14 jours \u00e0 compter de la r\u00e9ception de la marchandise.<\/p>\n<p><strong>\u00a7 7 Conditions de livraison<\/strong><\/p>\n<p>Les conditions de livraison, la date de livraison et les \u00e9ventuelles restrictions de livraison existantes sont indiqu\u00e9es dans la description de l'article concern\u00e9. Sauf indication contraire dans la description de l'article, la livraison aura lieu dans les trois \u00e0 cinq jours suivant la conclusion du contrat, mais en cas de paiement anticip\u00e9 convenu, uniquement apr\u00e8s la date de votre ordre de paiement.<\/p>\n<p><strong>\u00a7 8 Garantie<\/strong><\/p>\n<p>Les droits l\u00e9gaux de responsabilit\u00e9 pour les d\u00e9fauts s'appliquent aux marchandises.<\/p>\n<p><strong>\u00a7 9 Garanties<\/strong><\/p>\n<p>Sur les pages des articles respectifs et sur les pages d'informations sp\u00e9ciales de la boutique eBay, vous trouverez des informations sur les \u00e9ventuelles garanties suppl\u00e9mentaires et leurs conditions exactes.<\/p>\n<p><strong>\u00a7 10 R\u00e8glement des litiges \/ Plateforme OS<\/strong><\/p>\n<p>(1) La Commission europ\u00e9enne propose une plateforme permettant aux consommateurs de r\u00e9gler leurs litiges \u00e0 l'amiable en ligne (plateforme dite ODR) \u00e0 l'adresse\u00a0<a href=\"https:\/\/web.archive.org\/web\/20211127201913\/https:\/\/ec.europa.eu\/consumers\/odr\/\">https:\/\/ec.europa.eu\/consumers\/odr\/<\/a>\u00a0auquel le consommateur peut s'adresser en cas de d\u00e9saccord dans le cadre d'un contrat d'achat ou de service conclu en ligne via le commerce \u00e9lectronique.<\/p>\n<p>(2) Nous ne sommes pas oblig\u00e9s ni dispos\u00e9s \u00e0 participer \u00e0 une proc\u00e9dure de r\u00e8glement des litiges devant un conseil d\u2019arbitrage de consommation.<\/p>\n\n\t\t<\/div>\n\t<\/div>\n<\/div><\/div><\/div>\n<\/section>","protected":false},"excerpt":{"rendered":"Allgemeine Gesch\u00e4ftsbedingungenf\u00fcr dieses Angebot \u00a7 1 Geltungsbereich, Vertragsgegenstand und Identit\u00e4t des Verk\u00e4ufers (1) Die nachfolgenden Bestimmungen gelten f\u00fcr alle Vertr\u00e4ge zwischen uns, n\u00e4mlich Shanghai Pharmaceutical Machinery Co., Ltd No, 78, Building 250, Ai Guo road, Shanghai China Telefon: 016097911653 E-Mail: stefanzhujun@gmail.com als Verk\u00e4ufer, und Ihnen als K\u00e4ufer \u00fcber den Verkauf und die Lieferung der von [...]","protected":false},"author":1,"featured_media":0,"parent":0,"menu_order":0,"comment_status":"closed","ping_status":"closed","template":"","meta":{"footnotes":""},"class_list":["post-2237","page","type-page","status-publish","hentry"],"yoast_head":"<!-- This site is optimized with the Yoast SEO plugin v23.3 - https:\/\/yoast.com\/wordpress\/plugins\/seo\/ -->\n<title>Allgemeine Gesch\u00e4ftsbedingungen - Hochwertige Tablettenpresse-<\/title>\n<meta name=\"description\" content=\"Allgemeine Gesch\u00e4ftsbedingungen - Kaufen Sie Tablettenpresse Maschine und Ausr\u00fcstung. Konkurrenzf\u00e4higer Preis - Schnelle Lieferzeit - Sichere Zahlung - Strenge Qualit\u00e4t - 24\/7\" \/>\n<meta name=\"robots\" content=\"index, follow, max-snippet:-1, max-image-preview:large, max-video-preview:-1\" \/>\n<link rel=\"canonical\" href=\"https:\/\/tabletpress-store.com\/fr\/allgemeine-geschaeftsbedingungen\/\" \/>\n<meta property=\"og:locale\" content=\"fr_FR\" \/>\n<meta property=\"og:type\" content=\"article\" \/>\n<meta property=\"og:title\" content=\"Allgemeine Gesch\u00e4ftsbedingungen - Hochwertige Tablettenpresse-\" \/>\n<meta property=\"og:description\" content=\"Allgemeine Gesch\u00e4ftsbedingungen - Kaufen Sie Tablettenpresse Maschine und Ausr\u00fcstung. Konkurrenzf\u00e4higer Preis - Schnelle Lieferzeit - Sichere Zahlung - Strenge Qualit\u00e4t - 24\/7\" \/>\n<meta property=\"og:url\" content=\"https:\/\/tabletpress-store.com\/fr\/allgemeine-geschaeftsbedingungen\/\" \/>\n<meta property=\"og:site_name\" content=\"Tablettenpressen\" \/>\n<meta property=\"article:modified_time\" content=\"2024-09-09T18:45:00+00:00\" \/>\n<meta name=\"twitter:card\" content=\"summary_large_image\" \/>\n<meta name=\"twitter:label1\" content=\"Dur\u00e9e de lecture estim\u00e9e\" \/>\n\t<meta name=\"twitter:data1\" content=\"9 minutes\" \/>\n<script type=\"application\/ld+json\" class=\"yoast-schema-graph\">{\"@context\":\"https:\/\/schema.org\",\"@graph\":[{\"@type\":\"WebPage\",\"@id\":\"https:\/\/tabletpress-store.com\/allgemeine-geschaeftsbedingungen\/\",\"url\":\"https:\/\/tabletpress-store.com\/allgemeine-geschaeftsbedingungen\/\",\"name\":\"Allgemeine Gesch\u00e4ftsbedingungen - Hochwertige Tablettenpresse-\",\"isPartOf\":{\"@id\":\"https:\/\/tabletpress-store.com\/pl\/#website\"},\"datePublished\":\"2023-07-15T09:15:12+00:00\",\"dateModified\":\"2024-09-09T18:45:00+00:00\",\"description\":\"Allgemeine Gesch\u00e4ftsbedingungen - Kaufen Sie Tablettenpresse Maschine und Ausr\u00fcstung. Konkurrenzf\u00e4higer Preis - Schnelle Lieferzeit - Sichere Zahlung - Strenge Qualit\u00e4t - 24\/7\",\"breadcrumb\":{\"@id\":\"https:\/\/tabletpress-store.com\/allgemeine-geschaeftsbedingungen\/#breadcrumb\"},\"inLanguage\":\"fr-FR\",\"potentialAction\":[{\"@type\":\"ReadAction\",\"target\":[\"https:\/\/tabletpress-store.com\/allgemeine-geschaeftsbedingungen\/\"]}]},{\"@type\":\"BreadcrumbList\",\"@id\":\"https:\/\/tabletpress-store.com\/allgemeine-geschaeftsbedingungen\/#breadcrumb\",\"itemListElement\":[{\"@type\":\"ListItem\",\"position\":1,\"name\":\"Startseite\",\"item\":\"https:\/\/tabletpress-store.com\/\"},{\"@type\":\"ListItem\",\"position\":2,\"name\":\"Allgemeine Gesch\u00e4ftsbedingungen\"}]},{\"@type\":\"WebSite\",\"@id\":\"https:\/\/tabletpress-store.com\/pl\/#website\",\"url\":\"https:\/\/tabletpress-store.com\/pl\/\",\"name\":\"Tabletpress Store\",\"description\":\"Tablettenpressen f\u00fcr die Produktion von Medikamenten oder Supplements\",\"publisher\":{\"@id\":\"https:\/\/tabletpress-store.com\/pl\/#organization\"},\"potentialAction\":[{\"@type\":\"SearchAction\",\"target\":{\"@type\":\"EntryPoint\",\"urlTemplate\":\"https:\/\/tabletpress-store.com\/pl\/?s={search_term_string}\"},\"query-input\":\"required name=search_term_string\"}],\"inLanguage\":\"fr-FR\"},{\"@type\":\"Organization\",\"@id\":\"https:\/\/tabletpress-store.com\/pl\/#organization\",\"name\":\"Tabletpress Store\",\"url\":\"https:\/\/tabletpress-store.com\/pl\/\",\"logo\":{\"@type\":\"ImageObject\",\"inLanguage\":\"fr-FR\",\"@id\":\"https:\/\/tabletpress-store.com\/pl\/#\/schema\/logo\/image\/\",\"url\":\"https:\/\/tabletpress-store.com\/wp-content\/uploads\/2023\/07\/tablettpress-store-logo.png\",\"contentUrl\":\"https:\/\/tabletpress-store.com\/wp-content\/uploads\/2023\/07\/tablettpress-store-logo.png\",\"width\":1800,\"height\":1800,\"caption\":\"Tabletpress Store\"},\"image\":{\"@id\":\"https:\/\/tabletpress-store.com\/pl\/#\/schema\/logo\/image\/\"}}]}<\/script>\n<!-- \/ Yoast SEO plugin. -->","yoast_head_json":{"title":"Allgemeine Gesch\u00e4ftsbedingungen - Hochwertige Tablettenpresse-","description":"Allgemeine Gesch\u00e4ftsbedingungen - Kaufen Sie Tablettenpresse Maschine und Ausr\u00fcstung. Konkurrenzf\u00e4higer Preis - Schnelle Lieferzeit - Sichere Zahlung - Strenge Qualit\u00e4t - 24\/7","robots":{"index":"index","follow":"follow","max-snippet":"max-snippet:-1","max-image-preview":"max-image-preview:large","max-video-preview":"max-video-preview:-1"},"canonical":"https:\/\/tabletpress-store.com\/fr\/allgemeine-geschaeftsbedingungen\/","og_locale":"fr_FR","og_type":"article","og_title":"Allgemeine Gesch\u00e4ftsbedingungen - Hochwertige Tablettenpresse-","og_description":"Allgemeine Gesch\u00e4ftsbedingungen - Kaufen Sie Tablettenpresse Maschine und Ausr\u00fcstung. Konkurrenzf\u00e4higer Preis - Schnelle Lieferzeit - Sichere Zahlung - Strenge Qualit\u00e4t - 24\/7","og_url":"https:\/\/tabletpress-store.com\/fr\/allgemeine-geschaeftsbedingungen\/","og_site_name":"Tablettenpressen","article_modified_time":"2024-09-09T18:45:00+00:00","twitter_card":"summary_large_image","twitter_misc":{"Dur\u00e9e de lecture estim\u00e9e":"9 minutes"},"schema":{"@context":"https:\/\/schema.org","@graph":[{"@type":"WebPage","@id":"https:\/\/tabletpress-store.com\/allgemeine-geschaeftsbedingungen\/","url":"https:\/\/tabletpress-store.com\/allgemeine-geschaeftsbedingungen\/","name":"Allgemeine Gesch\u00e4ftsbedingungen - Hochwertige Tablettenpresse-","isPartOf":{"@id":"https:\/\/tabletpress-store.com\/pl\/#website"},"datePublished":"2023-07-15T09:15:12+00:00","dateModified":"2024-09-09T18:45:00+00:00","description":"Allgemeine Gesch\u00e4ftsbedingungen - Kaufen Sie Tablettenpresse Maschine und Ausr\u00fcstung. Konkurrenzf\u00e4higer Preis - Schnelle Lieferzeit - Sichere Zahlung - Strenge Qualit\u00e4t - 24\/7","breadcrumb":{"@id":"https:\/\/tabletpress-store.com\/allgemeine-geschaeftsbedingungen\/#breadcrumb"},"inLanguage":"fr-FR","potentialAction":[{"@type":"ReadAction","target":["https:\/\/tabletpress-store.com\/allgemeine-geschaeftsbedingungen\/"]}]},{"@type":"BreadcrumbList","@id":"https:\/\/tabletpress-store.com\/allgemeine-geschaeftsbedingungen\/#breadcrumb","itemListElement":[{"@type":"ListItem","position":1,"name":"Startseite","item":"https:\/\/tabletpress-store.com\/"},{"@type":"ListItem","position":2,"name":"Allgemeine Gesch\u00e4ftsbedingungen"}]},{"@type":"WebSite","@id":"https:\/\/tabletpress-store.com\/pl\/#website","url":"https:\/\/tabletpress-store.com\/pl\/","name":"Tabletpress Store","description":"Tablettenpressen f\u00fcr die Produktion von Medikamenten oder Supplements","publisher":{"@id":"https:\/\/tabletpress-store.com\/pl\/#organization"},"potentialAction":[{"@type":"SearchAction","target":{"@type":"EntryPoint","urlTemplate":"https:\/\/tabletpress-store.com\/pl\/?s={search_term_string}"},"query-input":"required name=search_term_string"}],"inLanguage":"fr-FR"},{"@type":"Organization","@id":"https:\/\/tabletpress-store.com\/pl\/#organization","name":"Tabletpress Store","url":"https:\/\/tabletpress-store.com\/pl\/","logo":{"@type":"ImageObject","inLanguage":"fr-FR","@id":"https:\/\/tabletpress-store.com\/pl\/#\/schema\/logo\/image\/","url":"https:\/\/tabletpress-store.com\/wp-content\/uploads\/2023\/07\/tablettpress-store-logo.png","contentUrl":"https:\/\/tabletpress-store.com\/wp-content\/uploads\/2023\/07\/tablettpress-store-logo.png","width":1800,"height":1800,"caption":"Tabletpress Store"},"image":{"@id":"https:\/\/tabletpress-store.com\/pl\/#\/schema\/logo\/image\/"}}]}},"_links":{"self":[{"href":"https:\/\/tabletpress-store.com\/fr\/wp-json\/wp\/v2\/pages\/2237","targetHints":{"allow":["GET"]}}],"collection":[{"href":"https:\/\/tabletpress-store.com\/fr\/wp-json\/wp\/v2\/pages"}],"about":[{"href":"https:\/\/tabletpress-store.com\/fr\/wp-json\/wp\/v2\/types\/page"}],"author":[{"embeddable":true,"href":"https:\/\/tabletpress-store.com\/fr\/wp-json\/wp\/v2\/users\/1"}],"replies":[{"embeddable":true,"href":"https:\/\/tabletpress-store.com\/fr\/wp-json\/wp\/v2\/comments?post=2237"}],"version-history":[{"count":4,"href":"https:\/\/tabletpress-store.com\/fr\/wp-json\/wp\/v2\/pages\/2237\/revisions"}],"predecessor-version":[{"id":2363,"href":"https:\/\/tabletpress-store.com\/fr\/wp-json\/wp\/v2\/pages\/2237\/revisions\/2363"}],"wp:attachment":[{"href":"https:\/\/tabletpress-store.com\/fr\/wp-json\/wp\/v2\/media?parent=2237"}],"curies":[{"name":"wp","href":"https:\/\/api.w.org\/{rel}","templated":true}]}}