{"id":2240,"date":"2023-07-15T11:17:03","date_gmt":"2023-07-15T09:17:03","guid":{"rendered":"https:\/\/tabletpress-store.com\/?page_id=2240"},"modified":"2025-12-05T09:50:57","modified_gmt":"2025-12-05T08:50:57","slug":"widerrufsbelehrung","status":"publish","type":"page","link":"https:\/\/tabletpress-store.com\/fr\/widerrufsbelehrung\/","title":{"rendered":"Politique d'annulation"},"content":{"rendered":"<section class=\"wpb-content-wrapper\"><div class=\"vc_row wpb_row row top-row\"><div class=\"vc_column_container col-md-12\"><div class=\"wpb_wrapper vc_column-inner\"><div class=\"porto-u-heading  wpb_custom_95aa9a11c17ad45cfabaf210d84ee7cc porto-u-7467\"><div class=\"porto-u-main-heading\"><h2  >Politique d'annulation<\/h2><\/div><div class=\"porto-u-sub-heading\" style=\"\">\n<p><\/div><div class=\"porto-u-heading-spacer line_only\" style=\"height:1px;\"><span class=\"porto-u-headings-line\" style=\"border-style:solid;border-bottom-width:1px;border-color:#ccc;width:auto;\"><\/span><\/div><style>.porto-u-7467.porto-u-heading{text-align:center} .porto-u-7467 .porto-u-headings-line{float: unset;}<\/style><\/div><div class=\"vc_empty_space\"   style=\"height: 32px\"><span class=\"vc_empty_space_inner\"><\/span><\/div>\n\t<div class=\"wpb_text_column wpb_content_element\" >\n\t\t<div class=\"wpb_wrapper\">\n\t\t\t<p><strong>Droit de r\u00e9tractation<\/strong><\/p>\n<p>Vous avez le droit de r\u00e9silier ce contrat dans un d\u00e9lai d'un mois sans donner de motif.<\/p>\n<p>Le d\u00e9lai de r\u00e9tractation est d'un mois \u00e0 compter du jour o\u00f9 vous-m\u00eame, ou un tiers autre que le transporteur et d\u00e9sign\u00e9 par vous,<\/p>\n<p>- les marchandises (en cas de livraison d'un seul article ou de livraison uniforme de plusieurs articles que vous avez command\u00e9s dans le cadre d'une seule commande) ou<br \/>\n- la derni\u00e8re marchandise (en cas de livraison s\u00e9par\u00e9e de plusieurs marchandises que vous avez command\u00e9es dans le cadre d'une seule commande) ou<br \/>\n- avoir pris possession du dernier envoi partiel ou de la derni\u00e8re pi\u00e8ce (en cas de livraison d'un bien ou de plusieurs biens, que vous avez command\u00e9s dans le cadre d'une commande unique, en plusieurs envois partiels ou pi\u00e8ces).<\/p>\n<p>Pour exercer votre droit de r\u00e9tractation, vous devez nous informer (Seidenstrasse GmbH, Ringstr. 1, 01968 Senftenberg, Allemagne, t\u00e9l\u00e9phone : 016097911653, e-mail : stefanzhujun@163.com) au moyen d'une d\u00e9claration d\u00e9nu\u00e9e d'ambigu\u00eft\u00e9 (par exemple, une lettre envoy\u00e9e par la poste, un fax ou un e-mail) de votre d\u00e9cision de vous r\u00e9tracter du pr\u00e9sent contrat. Vous pouvez utiliser \u00e0 cet effet le mod\u00e8le de formulaire de r\u00e9tractation ci-joint, mais ce n'est pas obligatoire. Pour respecter le d\u00e9lai de r\u00e9tractation, il suffit que vous envoyiez la notification de l'exercice du droit de r\u00e9tractation avant l'expiration du d\u00e9lai de r\u00e9tractation.<\/p>\n<p><strong>Cons\u00e9quences du retrait<\/strong><\/p>\n<p>En cas de r\u00e9vocation de votre part du pr\u00e9sent contrat, nous vous rembourserons tous les paiements re\u00e7us de vous, y compris les frais de livraison (\u00e0 l\u2019exception des frais suppl\u00e9mentaires d\u00e9coulant du fait que vous avez choisi, le cas \u00e9ch\u00e9ant, un mode de livraison autre que le mode de livraison standard le moins co\u00fbteux propos\u00e9 par nous), sans retard excessif et au plus tard dans les quatorze jours \u00e0 compter du jour o\u00f9 nous avons re\u00e7u la notification de votre r\u00e9vocation du pr\u00e9sent contrat. Pour ce remboursement, nous utiliserons le m\u00eame moyen de paiement que celui que vous avez utilis\u00e9 pour la transaction initiale, sauf accord expr\u00e8s contraire avec vous ; en aucun cas, des frais ne vous seront factur\u00e9s en raison de ce remboursement. Nous pouvons refuser le remboursement jusqu\u2019\u00e0 ce que nous ayons re\u00e7u les marchandises ou jusqu\u2019\u00e0 ce que vous ayez fourni la preuve que vous avez renvoy\u00e9 les marchandises, la date retenue \u00e9tant celle du premier de ces faits.<\/p>\n<p>Vous devez nous renvoyer ou nous remettre les marchandises imm\u00e9diatement et en tout \u00e9tat de cause au plus tard dans les quatorze jours \u00e0 compter du jour o\u00f9 vous nous avez notifi\u00e9 la r\u00e9vocation du pr\u00e9sent contrat. Le d\u00e9lai est respect\u00e9 si vous renvoyez les marchandises avant l'expiration du d\u00e9lai de quatorze jours.<\/p>\n<p>Vous assumez les frais directs de retour des marchandises.<\/p>\n<p>Vous ne devez payer pour toute perte de valeur des marchandises que si cette perte de valeur est due \u00e0 une manipulation des marchandises qui n'est pas n\u00e9cessaire \u00e0 l'inspection de l'\u00e9tat, des propri\u00e9t\u00e9s et du fonctionnement des marchandises.<\/p>\n<p><strong>Exemple de formulaire d'annulation<\/strong><\/p>\n<p>(Si vous souhaitez annuler le contrat, veuillez remplir ce formulaire et le renvoyer)<br \/>\n\u2013 An<br \/>\nSeidenstrasse GmbH<br \/>\nRingstr. 1<br \/>\n01968 Senftenberg OT Kleinkoschen<br \/>\nDeutschland<br \/>\nE-Mail:\u00a0<a href=\"https:\/\/web.archive.org\/web\/20211127194947\/mailto:stefanzhujun@163.com\">stefanzhujun@163.com<\/a><\/p>\n<p>&nbsp;<\/p>\n<p>Je\/nous (*) r\u00e9voque\/r\u00e9voquons par la pr\u00e9sente le contrat conclu par moi\/nous (*) pour l'achat des biens suivants :<\/p>\n<p>\u2026\u2026\u2026\u2026\u2026\u2026\u2026\u2026\u2026\u2026\u2026\u2026\u2026\u2026\u2026\u2026\u2026\u2026\u2026\u2026\u2026\u2026\u2026\u2026\u2026\u2026\u2026\u2026\u2026\u2026\u2026\u2026\u2026\u2026\u2026\u2026\u2026\u2026\u2026\u2026\u2026<br \/>\nCommand\u00e9 le :<\/p>\n<p>\u2026\u2026\u2026\u2026\u2026\u2026\u2026\u2026\u2026\u2026\u2026\u2026\u2026\u2026\u2026\u2026\u2026\u2026\u2026\u2026\u2026\u2026\u2026\u2026\u2026\u2026\u2026\u2026\u2026\u2026\u2026\u2026\u2026\u2026\u2026\u2026\u2026\u2026\u2026\u2026\u2026<br \/>\nRe\u00e7u le :<\/p>\n<p>\u2026\u2026\u2026\u2026\u2026\u2026\u2026\u2026\u2026\u2026\u2026\u2026\u2026\u2026\u2026\u2026\u2026\u2026\u2026\u2026\u2026\u2026\u2026\u2026\u2026\u2026\u2026\u2026\u2026\u2026\u2026\u2026\u2026\u2026\u2026\u2026\u2026\u2026\u2026\u2026\u2026<br \/>\nNom du\/des consommateur(s) :<\/p>\n<p>\u2026\u2026\u2026\u2026\u2026\u2026\u2026\u2026\u2026\u2026\u2026\u2026\u2026\u2026\u2026\u2026\u2026\u2026\u2026\u2026\u2026\u2026\u2026\u2026\u2026\u2026\u2026\u2026\u2026\u2026\u2026\u2026\u2026\u2026\u2026\u2026\u2026\u2026\u2026\u2026\u2026<br \/>\nAdresse du\/des consommateur(s) :<\/p>\n<p>\u2026\u2026\u2026\u2026\u2026\u2026\u2026\u2026\u2026\u2026\u2026\u2026\u2026\u2026\u2026\u2026\u2026\u2026\u2026\u2026\u2026\u2026\u2026\u2026\u2026\u2026\u2026\u2026\u2026\u2026\u2026\u2026\u2026\u2026\u2026\u2026\u2026\u2026\u2026\u2026\u2026<br \/>\nSignature du\/des consommateur(s) (uniquement en cas de notification sur papier) :<\/p>\n<p>\u2026\u2026\u2026\u2026\u2026\u2026\u2026\u2026\u2026\u2026\u2026\u2026\u2026\u2026\u2026\u2026\u2026\u2026\u2026\u2026\u2026\u2026\u2026\u2026\u2026\u2026\u2026\u2026\u2026\u2026\u2026\u2026\u2026\u2026\u2026\u2026\u2026\u2026\u2026\u2026\u2026<br \/>\nDate:<\/p>\n<p>\u2026\u2026\u2026\u2026\u2026\u2026\u2026\u2026\u2026\u2026\u2026\u2026\u2026\u2026\u2026\u2026\u2026\u2026\u2026\u2026\u2026\u2026\u2026\u2026\u2026\u2026\u2026\u2026\u2026\u2026\u2026\u2026\u2026\u2026\u2026\u2026\u2026\u2026\u2026\u2026\u2026<\/p>\n<p>(*) Supprimer la mention inutile.<\/p>\n<p>Fin de la politique d'annulation<\/p>\n\n\t\t<\/div>\n\t<\/div>\n<\/div><\/div><\/div>\n<\/section>","protected":false},"excerpt":{"rendered":"Widerrufsbelehrung Widerrufsrecht Sie haben das Recht, binnen eines Monats ohne Angabe von Gr\u00fcnden diesen Vertrag zu widerrufen. Die Widerrufsfrist betr\u00e4gt einen Monat ab dem Tag, an dem Sie oder ein von Ihnen benannter Dritter, der nicht der Bef\u00f6rderer ist, \u2013 die Waren (bei Lieferung einer Ware oder einheitlicher Lieferung mehrerer Waren, die Sie im Rahmen [...]","protected":false},"author":1,"featured_media":0,"parent":0,"menu_order":0,"comment_status":"closed","ping_status":"closed","template":"","meta":{"footnotes":""},"class_list":["post-2240","page","type-page","status-publish","hentry"],"yoast_head":"<!-- This site is optimized with the Yoast SEO plugin v23.3 - https:\/\/yoast.com\/wordpress\/plugins\/seo\/ -->\n<title>Widerrufsbelehrung - Hochwertige Tablettenpresse- Tabletpress Store<\/title>\n<meta name=\"description\" content=\"Widerrufsbelehrung: Kaufen Sie Tablettenpressen und Zubeh\u00f6r zu konkurrenzf\u00e4higen Preisen. Profitieren Sie von schneller Lieferung, sicherer Zahlung, strenger Qualit\u00e4tskontrolle und 24\/7 Service.\" \/>\n<meta name=\"robots\" content=\"index, follow, max-snippet:-1, max-image-preview:large, max-video-preview:-1\" \/>\n<link rel=\"canonical\" href=\"https:\/\/tabletpress-store.com\/fr\/widerrufsbelehrung\/\" \/>\n<meta property=\"og:locale\" content=\"fr_FR\" \/>\n<meta property=\"og:type\" content=\"article\" \/>\n<meta property=\"og:title\" content=\"Widerrufsbelehrung - Hochwertige Tablettenpresse- Tabletpress Store\" \/>\n<meta property=\"og:description\" content=\"Widerrufsbelehrung: Kaufen Sie Tablettenpressen und Zubeh\u00f6r zu konkurrenzf\u00e4higen Preisen. Profitieren Sie von schneller Lieferung, sicherer Zahlung, strenger Qualit\u00e4tskontrolle und 24\/7 Service.\" \/>\n<meta property=\"og:url\" content=\"https:\/\/tabletpress-store.com\/fr\/widerrufsbelehrung\/\" \/>\n<meta property=\"og:site_name\" content=\"Tablettenpressen\" \/>\n<meta property=\"article:modified_time\" content=\"2025-12-05T08:50:57+00:00\" \/>\n<meta name=\"twitter:card\" content=\"summary_large_image\" \/>\n<meta name=\"twitter:label1\" content=\"Dur\u00e9e de lecture estim\u00e9e\" \/>\n\t<meta name=\"twitter:data1\" content=\"3 minutes\" \/>\n<script type=\"application\/ld+json\" class=\"yoast-schema-graph\">{\"@context\":\"https:\/\/schema.org\",\"@graph\":[{\"@type\":\"WebPage\",\"@id\":\"https:\/\/tabletpress-store.com\/widerrufsbelehrung\/\",\"url\":\"https:\/\/tabletpress-store.com\/widerrufsbelehrung\/\",\"name\":\"Widerrufsbelehrung - Hochwertige Tablettenpresse- Tabletpress Store\",\"isPartOf\":{\"@id\":\"https:\/\/tabletpress-store.com\/pl\/#website\"},\"datePublished\":\"2023-07-15T09:17:03+00:00\",\"dateModified\":\"2025-12-05T08:50:57+00:00\",\"description\":\"Widerrufsbelehrung: Kaufen Sie Tablettenpressen und Zubeh\u00f6r zu konkurrenzf\u00e4higen Preisen. Profitieren Sie von schneller Lieferung, sicherer Zahlung, strenger Qualit\u00e4tskontrolle und 24\/7 Service.\",\"breadcrumb\":{\"@id\":\"https:\/\/tabletpress-store.com\/widerrufsbelehrung\/#breadcrumb\"},\"inLanguage\":\"fr-FR\",\"potentialAction\":[{\"@type\":\"ReadAction\",\"target\":[\"https:\/\/tabletpress-store.com\/widerrufsbelehrung\/\"]}]},{\"@type\":\"BreadcrumbList\",\"@id\":\"https:\/\/tabletpress-store.com\/widerrufsbelehrung\/#breadcrumb\",\"itemListElement\":[{\"@type\":\"ListItem\",\"position\":1,\"name\":\"Startseite\",\"item\":\"https:\/\/tabletpress-store.com\/\"},{\"@type\":\"ListItem\",\"position\":2,\"name\":\"Widerrufsbelehrung\"}]},{\"@type\":\"WebSite\",\"@id\":\"https:\/\/tabletpress-store.com\/pl\/#website\",\"url\":\"https:\/\/tabletpress-store.com\/pl\/\",\"name\":\"Tabletpress Store\",\"description\":\"Tablettenpressen f\u00fcr die Produktion von Medikamenten oder Supplements\",\"publisher\":{\"@id\":\"https:\/\/tabletpress-store.com\/pl\/#organization\"},\"potentialAction\":[{\"@type\":\"SearchAction\",\"target\":{\"@type\":\"EntryPoint\",\"urlTemplate\":\"https:\/\/tabletpress-store.com\/pl\/?s={search_term_string}\"},\"query-input\":\"required name=search_term_string\"}],\"inLanguage\":\"fr-FR\"},{\"@type\":\"Organization\",\"@id\":\"https:\/\/tabletpress-store.com\/pl\/#organization\",\"name\":\"Tabletpress Store\",\"url\":\"https:\/\/tabletpress-store.com\/pl\/\",\"logo\":{\"@type\":\"ImageObject\",\"inLanguage\":\"fr-FR\",\"@id\":\"https:\/\/tabletpress-store.com\/pl\/#\/schema\/logo\/image\/\",\"url\":\"https:\/\/tabletpress-store.com\/wp-content\/uploads\/2023\/07\/tablettpress-store-logo.png\",\"contentUrl\":\"https:\/\/tabletpress-store.com\/wp-content\/uploads\/2023\/07\/tablettpress-store-logo.png\",\"width\":1800,\"height\":1800,\"caption\":\"Tabletpress Store\"},\"image\":{\"@id\":\"https:\/\/tabletpress-store.com\/pl\/#\/schema\/logo\/image\/\"}}]}<\/script>\n<!-- \/ Yoast SEO plugin. -->","yoast_head_json":{"title":"Widerrufsbelehrung - Hochwertige Tablettenpresse- Tabletpress Store","description":"Widerrufsbelehrung: Kaufen Sie Tablettenpressen und Zubeh\u00f6r zu konkurrenzf\u00e4higen Preisen. Profitieren Sie von schneller Lieferung, sicherer Zahlung, strenger Qualit\u00e4tskontrolle und 24\/7 Service.","robots":{"index":"index","follow":"follow","max-snippet":"max-snippet:-1","max-image-preview":"max-image-preview:large","max-video-preview":"max-video-preview:-1"},"canonical":"https:\/\/tabletpress-store.com\/fr\/widerrufsbelehrung\/","og_locale":"fr_FR","og_type":"article","og_title":"Widerrufsbelehrung - Hochwertige Tablettenpresse- Tabletpress Store","og_description":"Widerrufsbelehrung: Kaufen Sie Tablettenpressen und Zubeh\u00f6r zu konkurrenzf\u00e4higen Preisen. Profitieren Sie von schneller Lieferung, sicherer Zahlung, strenger Qualit\u00e4tskontrolle und 24\/7 Service.","og_url":"https:\/\/tabletpress-store.com\/fr\/widerrufsbelehrung\/","og_site_name":"Tablettenpressen","article_modified_time":"2025-12-05T08:50:57+00:00","twitter_card":"summary_large_image","twitter_misc":{"Dur\u00e9e de lecture estim\u00e9e":"3 minutes"},"schema":{"@context":"https:\/\/schema.org","@graph":[{"@type":"WebPage","@id":"https:\/\/tabletpress-store.com\/widerrufsbelehrung\/","url":"https:\/\/tabletpress-store.com\/widerrufsbelehrung\/","name":"Widerrufsbelehrung - Hochwertige Tablettenpresse- Tabletpress Store","isPartOf":{"@id":"https:\/\/tabletpress-store.com\/pl\/#website"},"datePublished":"2023-07-15T09:17:03+00:00","dateModified":"2025-12-05T08:50:57+00:00","description":"Widerrufsbelehrung: Kaufen Sie Tablettenpressen und Zubeh\u00f6r zu konkurrenzf\u00e4higen Preisen. Profitieren Sie von schneller Lieferung, sicherer Zahlung, strenger Qualit\u00e4tskontrolle und 24\/7 Service.","breadcrumb":{"@id":"https:\/\/tabletpress-store.com\/widerrufsbelehrung\/#breadcrumb"},"inLanguage":"fr-FR","potentialAction":[{"@type":"ReadAction","target":["https:\/\/tabletpress-store.com\/widerrufsbelehrung\/"]}]},{"@type":"BreadcrumbList","@id":"https:\/\/tabletpress-store.com\/widerrufsbelehrung\/#breadcrumb","itemListElement":[{"@type":"ListItem","position":1,"name":"Startseite","item":"https:\/\/tabletpress-store.com\/"},{"@type":"ListItem","position":2,"name":"Widerrufsbelehrung"}]},{"@type":"WebSite","@id":"https:\/\/tabletpress-store.com\/pl\/#website","url":"https:\/\/tabletpress-store.com\/pl\/","name":"Tabletpress Store","description":"Tablettenpressen f\u00fcr die Produktion von Medikamenten oder Supplements","publisher":{"@id":"https:\/\/tabletpress-store.com\/pl\/#organization"},"potentialAction":[{"@type":"SearchAction","target":{"@type":"EntryPoint","urlTemplate":"https:\/\/tabletpress-store.com\/pl\/?s={search_term_string}"},"query-input":"required name=search_term_string"}],"inLanguage":"fr-FR"},{"@type":"Organization","@id":"https:\/\/tabletpress-store.com\/pl\/#organization","name":"Tabletpress Store","url":"https:\/\/tabletpress-store.com\/pl\/","logo":{"@type":"ImageObject","inLanguage":"fr-FR","@id":"https:\/\/tabletpress-store.com\/pl\/#\/schema\/logo\/image\/","url":"https:\/\/tabletpress-store.com\/wp-content\/uploads\/2023\/07\/tablettpress-store-logo.png","contentUrl":"https:\/\/tabletpress-store.com\/wp-content\/uploads\/2023\/07\/tablettpress-store-logo.png","width":1800,"height":1800,"caption":"Tabletpress Store"},"image":{"@id":"https:\/\/tabletpress-store.com\/pl\/#\/schema\/logo\/image\/"}}]}},"_links":{"self":[{"href":"https:\/\/tabletpress-store.com\/fr\/wp-json\/wp\/v2\/pages\/2240","targetHints":{"allow":["GET"]}}],"collection":[{"href":"https:\/\/tabletpress-store.com\/fr\/wp-json\/wp\/v2\/pages"}],"about":[{"href":"https:\/\/tabletpress-store.com\/fr\/wp-json\/wp\/v2\/types\/page"}],"author":[{"embeddable":true,"href":"https:\/\/tabletpress-store.com\/fr\/wp-json\/wp\/v2\/users\/1"}],"replies":[{"embeddable":true,"href":"https:\/\/tabletpress-store.com\/fr\/wp-json\/wp\/v2\/comments?post=2240"}],"version-history":[{"count":4,"href":"https:\/\/tabletpress-store.com\/fr\/wp-json\/wp\/v2\/pages\/2240\/revisions"}],"predecessor-version":[{"id":2624,"href":"https:\/\/tabletpress-store.com\/fr\/wp-json\/wp\/v2\/pages\/2240\/revisions\/2624"}],"wp:attachment":[{"href":"https:\/\/tabletpress-store.com\/fr\/wp-json\/wp\/v2\/media?parent=2240"}],"curies":[{"name":"wp","href":"https:\/\/api.w.org\/{rel}","templated":true}]}}