{"id":2246,"date":"2023-07-15T11:38:25","date_gmt":"2023-07-15T09:38:25","guid":{"rendered":"https:\/\/tabletpress-store.com\/?page_id=2246"},"modified":"2024-01-09T12:39:29","modified_gmt":"2024-01-09T11:39:29","slug":"impressum","status":"publish","type":"page","link":"https:\/\/tabletpress-store.com\/fr\/impressum\/","title":{"rendered":"Avis juridique"},"content":{"rendered":"<section class=\"wpb-content-wrapper\"><div class=\"vc_row wpb_row row top-row\"><div class=\"vc_column_container col-md-12\"><div class=\"wpb_wrapper vc_column-inner\"><div class=\"porto-u-heading  wpb_custom_95aa9a11c17ad45cfabaf210d84ee7cc porto-u-3789\"><div class=\"porto-u-main-heading\"><h2  >Avis juridique<\/h2><\/div><div class=\"porto-u-sub-heading\" style=\"\">\n<p><\/div><div class=\"porto-u-heading-spacer line_only\" style=\"height:1px;\"><span class=\"porto-u-headings-line\" style=\"border-style:solid;border-bottom-width:1px;border-color:#ccc;width:auto;\"><\/span><\/div><style>.porto-u-3789.porto-u-heading{text-align:center} .porto-u-3789 .porto-u-headings-line{float: unset;}<\/style><\/div><div class=\"vc_empty_space\"   style=\"height: 32px\"><span class=\"vc_empty_space_inner\"><\/span><\/div>\n\t<div class=\"wpb_text_column wpb_content_element\" >\n\t\t<div class=\"wpb_wrapper\">\n\t\t\t<p class=\"p1\">Shanghai Pharmaceutical Machinery Co., Ltd<br \/>\nNo, 78, Building 250, Ai Guo road, Shanghai<br \/>\nChina<\/p>\n<p class=\"p1\">Telefon: 016097911653<br \/>\nE-Mail: <a href=\"https:\/\/web.archive.org\/web\/20211127201913\/mailto:stefanzhujun@gmail.com\">stefanzhujun@gmail.com<\/a><\/p>\n<p><strong>Haftungsausschluss (Disclaimer)<\/strong><\/p>\n<p><strong>Responsabilit\u00e9 du contenu<\/strong><\/p>\n<p>En tant que prestataire de services, nous sommes responsables de nos propres contenus sur ces pages conform\u00e9ment \u00e0 la l\u00e9gislation g\u00e9n\u00e9rale conform\u00e9ment \u00e0 l'article 7 (1) de la loi allemande sur les t\u00e9l\u00e9m\u00e9dias (TMG). Conform\u00e9ment aux \u00a7\u00a7 8 \u00e0 10 de la TMG, nous ne sommes toutefois pas tenus, en tant que prestataire de services, de surveiller les informations transmises ou enregistr\u00e9es par des tiers ni d'enqu\u00eater sur les circonstances qui indiquent une activit\u00e9 ill\u00e9gale. Les obligations de supprimer ou de bloquer l'utilisation des informations en vertu des lois g\u00e9n\u00e9rales restent inchang\u00e9es. Toutefois, la responsabilit\u00e9 \u00e0 cet \u00e9gard n'est possible qu'\u00e0 partir du moment o\u00f9 une infraction concr\u00e8te \u00e0 la loi est connue. Si nous avons connaissance de telles infractions, nous supprimerons imm\u00e9diatement ces contenus.<\/p>\n<p><strong>Responsabilit\u00e9 pour les liens<\/strong><\/p>\n<p>Notre offre contient des liens vers des sites Internet externes de tiers, sur le contenu desquels nous n'avons aucune influence. Par cons\u00e9quent, nous ne pouvons assumer aucune responsabilit\u00e9 pour ces contenus externes. Le fournisseur ou l'exploitant respectif des pages est toujours responsable du contenu des pages li\u00e9es. Les pages li\u00e9es ont \u00e9t\u00e9 contr\u00f4l\u00e9es au moment de la cr\u00e9ation du lien pour d\u00e9celer d'\u00e9ventuelles violations de la loi. Les contenus ill\u00e9gaux n'\u00e9taient pas reconnaissables au moment de la cr\u00e9ation du lien. Cependant, un contr\u00f4le permanent du contenu des pages li\u00e9es n'est pas raisonnable sans preuve concr\u00e8te d'une violation de la loi. Si nous avons connaissance d'infractions, nous supprimerons imm\u00e9diatement ces liens.<\/p>\n<p><strong>Droits d'auteur<\/strong><\/p>\n<p>Les contenus et \u0153uvres cr\u00e9\u00e9s par les exploitants du site sur ces pages sont soumis \u00e0 la l\u00e9gislation allemande sur le droit d'auteur. La duplication, le traitement, la diffusion ou toute forme de commercialisation de ces \u00e9l\u00e9ments au-del\u00e0 du champ d'application de la l\u00e9gislation sur le droit d'auteur n\u00e9cessitent le consentement \u00e9crit pr\u00e9alable de l'auteur ou du cr\u00e9ateur respectif. Les t\u00e9l\u00e9chargements et copies de ce site ne sont autoris\u00e9s que pour un usage priv\u00e9 et non commercial. Dans la mesure o\u00f9 les contenus de ce site n'ont pas \u00e9t\u00e9 cr\u00e9\u00e9s par l'exploitant, les droits d'auteur de tiers sont respect\u00e9s. En particulier, les contenus de tiers sont identifi\u00e9s comme tels. Si vous avez n\u00e9anmoins connaissance d'une violation du droit d'auteur, veuillez nous en informer. Si nous avons connaissance d'une infraction, nous supprimerons imm\u00e9diatement ces contenus.<\/p>\n<div class=\"wpb_text_column wpb_content_element\">\n<div class=\"wpb_wrapper\">\n<div class=\"woocommerce woocommerce-gzd woocommerce-gzd-complaints-shortcode\">\n<p><strong>R\u00e8glement alternatif des litiges conform\u00e9ment \u00e0 l'art. 14 (1) du r\u00e8glement ODR et au \u00a7 36 de la VSBG :<\/strong><\/p>\n<p>La Commission europ\u00e9enne met \u00e0 disposition une plateforme de r\u00e9solution des litiges en ligne (OS), \u00e0 laquelle vous pouvez acc\u00e9der \u00e0 l'adresse\u00a0<a href=\"https:\/\/web.archive.org\/web\/20211127211908\/https:\/\/ec.europa.eu\/consumers\/odr\" target=\"_blank\" rel=\"noopener noreferrer\">https:\/\/ec.europa.eu\/consumers\/odr<\/a>\u00a0Nous ne sommes pas oblig\u00e9s ni dispos\u00e9s \u00e0 participer \u00e0 une proc\u00e9dure de r\u00e8glement des litiges devant un conseil d'arbitrage des consommateurs.<\/p>\n<\/div>\n<\/div>\n<\/div>\n\n\t\t<\/div>\n\t<\/div>\n<\/div><\/div><\/div><div class=\"vc_row wpb_row row top-row\"><div class=\"vc_column_container col-md-12\"><div class=\"wpb_wrapper vc_column-inner\">\n\t<div class=\"wpb_text_column wpb_content_element\" >\n\t\t<div class=\"wpb_wrapper\">\n\t\t\t<div class=\"woocommerce woocommerce-gzd woocommerce-gzd-complaints-shortcode\">\n\t\t\t<h3>Alternative Dispute Resolution in accordance with Art. 14 (1) ODR-VO and \u00a7 36 VSBG:<\/h3>\n\t\n<p>Die Europ\u00e4ische Kommission stellt eine Plattform zur Online-Streitbeilegung (OS) bereit, die du unter <a href=\"https:\/\/ec.europa.eu\/consumers\/odr\" target=\"_blank\">https:\/\/ec.europa.eu\/consumers\/odr<\/a> findest. Zur Teilnahme an einem Streitbeilegungsverfahren vor einer Verbraucherschlichtungsstelle sind wir nicht verpflichtet und nicht bereit.<\/p>\n<\/div>\n\n\t\t<\/div>\n\t<\/div>\n<\/div><\/div><\/div>\n<\/section>","protected":false},"excerpt":{"rendered":"Impressum Shanghai Pharmaceutical Machinery Co., Ltd No, 78, Building 250, Ai Guo road, Shanghai China Telefon: 016097911653 E-Mail: stefanzhujun@gmail.com Haftungsausschluss (Disclaimer) Haftung f\u00fcr Inhalte Als Diensteanbieter sind wir gem\u00e4\u00df \u00a7 7 Abs.1 TMG f\u00fcr eigene Inhalte auf diesen Seiten nach den allgemeinen Gesetzen verantwortlich. Nach \u00a7\u00a7 8 bis 10 TMG sind wir als Diensteanbieter jedoch [...]","protected":false},"author":1,"featured_media":0,"parent":0,"menu_order":0,"comment_status":"closed","ping_status":"closed","template":"","meta":{"footnotes":""},"class_list":["post-2246","page","type-page","status-publish","hentry"],"yoast_head":"<!-- This site is optimized with the Yoast SEO plugin v23.3 - https:\/\/yoast.com\/wordpress\/plugins\/seo\/ -->\n<title>Rechtlicher Hinweis - Hochwertige Tablettenpresse - Tabletpress Store<\/title>\n<meta name=\"description\" content=\"Impressum - Kaufen Sie Tablettenpresse Maschine und Ausr\u00fcstung. Konkurrenzf\u00e4higer Preis - Schnelle Lieferzeit - Sichere Zahlung - Strenge Qualit\u00e4t - 24\/7\" \/>\n<meta name=\"robots\" content=\"index, follow, max-snippet:-1, max-image-preview:large, max-video-preview:-1\" \/>\n<link rel=\"canonical\" href=\"https:\/\/tabletpress-store.com\/fr\/impressum\/\" \/>\n<meta property=\"og:locale\" content=\"fr_FR\" \/>\n<meta property=\"og:type\" content=\"article\" \/>\n<meta property=\"og:title\" content=\"Rechtlicher Hinweis - Hochwertige Tablettenpresse - Tabletpress Store\" \/>\n<meta property=\"og:description\" content=\"Impressum - Kaufen Sie Tablettenpresse Maschine und Ausr\u00fcstung. Konkurrenzf\u00e4higer Preis - Schnelle Lieferzeit - Sichere Zahlung - Strenge Qualit\u00e4t - 24\/7\" \/>\n<meta property=\"og:url\" content=\"https:\/\/tabletpress-store.com\/fr\/impressum\/\" \/>\n<meta property=\"og:site_name\" content=\"Tablettenpressen\" \/>\n<meta property=\"article:modified_time\" content=\"2024-01-09T11:39:29+00:00\" \/>\n<meta name=\"twitter:card\" content=\"summary_large_image\" \/>\n<meta name=\"twitter:label1\" content=\"Dur\u00e9e de lecture estim\u00e9e\" \/>\n\t<meta name=\"twitter:data1\" content=\"2 minutes\" \/>\n<script type=\"application\/ld+json\" class=\"yoast-schema-graph\">{\"@context\":\"https:\/\/schema.org\",\"@graph\":[{\"@type\":\"WebPage\",\"@id\":\"https:\/\/tabletpress-store.com\/pl\/impressum\/\",\"url\":\"https:\/\/tabletpress-store.com\/pl\/impressum\/\",\"name\":\"Rechtlicher Hinweis - Hochwertige Tablettenpresse - Tabletpress Store\",\"isPartOf\":{\"@id\":\"https:\/\/tabletpress-store.com\/pl\/#website\"},\"datePublished\":\"2023-07-15T09:38:25+00:00\",\"dateModified\":\"2024-01-09T11:39:29+00:00\",\"description\":\"Impressum - Kaufen Sie Tablettenpresse Maschine und Ausr\u00fcstung. Konkurrenzf\u00e4higer Preis - Schnelle Lieferzeit - Sichere Zahlung - Strenge Qualit\u00e4t - 24\/7\",\"breadcrumb\":{\"@id\":\"https:\/\/tabletpress-store.com\/pl\/impressum\/#breadcrumb\"},\"inLanguage\":\"fr-FR\",\"potentialAction\":[{\"@type\":\"ReadAction\",\"target\":[\"https:\/\/tabletpress-store.com\/pl\/impressum\/\"]}]},{\"@type\":\"BreadcrumbList\",\"@id\":\"https:\/\/tabletpress-store.com\/pl\/impressum\/#breadcrumb\",\"itemListElement\":[{\"@type\":\"ListItem\",\"position\":1,\"name\":\"Startseite\",\"item\":\"https:\/\/tabletpress-store.com\/\"},{\"@type\":\"ListItem\",\"position\":2,\"name\":\"Impressum\"}]},{\"@type\":\"WebSite\",\"@id\":\"https:\/\/tabletpress-store.com\/pl\/#website\",\"url\":\"https:\/\/tabletpress-store.com\/pl\/\",\"name\":\"Tabletpress Store\",\"description\":\"Tablettenpressen f\u00fcr die Produktion von Medikamenten oder Supplements\",\"publisher\":{\"@id\":\"https:\/\/tabletpress-store.com\/pl\/#organization\"},\"potentialAction\":[{\"@type\":\"SearchAction\",\"target\":{\"@type\":\"EntryPoint\",\"urlTemplate\":\"https:\/\/tabletpress-store.com\/pl\/?s={search_term_string}\"},\"query-input\":\"required name=search_term_string\"}],\"inLanguage\":\"fr-FR\"},{\"@type\":\"Organization\",\"@id\":\"https:\/\/tabletpress-store.com\/pl\/#organization\",\"name\":\"Tabletpress Store\",\"url\":\"https:\/\/tabletpress-store.com\/pl\/\",\"logo\":{\"@type\":\"ImageObject\",\"inLanguage\":\"fr-FR\",\"@id\":\"https:\/\/tabletpress-store.com\/pl\/#\/schema\/logo\/image\/\",\"url\":\"https:\/\/tabletpress-store.com\/wp-content\/uploads\/2023\/07\/tablettpress-store-logo.png\",\"contentUrl\":\"https:\/\/tabletpress-store.com\/wp-content\/uploads\/2023\/07\/tablettpress-store-logo.png\",\"width\":1800,\"height\":1800,\"caption\":\"Tabletpress Store\"},\"image\":{\"@id\":\"https:\/\/tabletpress-store.com\/pl\/#\/schema\/logo\/image\/\"}}]}<\/script>\n<!-- \/ Yoast SEO plugin. -->","yoast_head_json":{"title":"Rechtlicher Hinweis - Hochwertige Tablettenpresse - Tabletpress Store","description":"Impressum - Kaufen Sie Tablettenpresse Maschine und Ausr\u00fcstung. Konkurrenzf\u00e4higer Preis - Schnelle Lieferzeit - Sichere Zahlung - Strenge Qualit\u00e4t - 24\/7","robots":{"index":"index","follow":"follow","max-snippet":"max-snippet:-1","max-image-preview":"max-image-preview:large","max-video-preview":"max-video-preview:-1"},"canonical":"https:\/\/tabletpress-store.com\/fr\/impressum\/","og_locale":"fr_FR","og_type":"article","og_title":"Rechtlicher Hinweis - Hochwertige Tablettenpresse - Tabletpress Store","og_description":"Impressum - Kaufen Sie Tablettenpresse Maschine und Ausr\u00fcstung. Konkurrenzf\u00e4higer Preis - Schnelle Lieferzeit - Sichere Zahlung - Strenge Qualit\u00e4t - 24\/7","og_url":"https:\/\/tabletpress-store.com\/fr\/impressum\/","og_site_name":"Tablettenpressen","article_modified_time":"2024-01-09T11:39:29+00:00","twitter_card":"summary_large_image","twitter_misc":{"Dur\u00e9e de lecture estim\u00e9e":"2 minutes"},"schema":{"@context":"https:\/\/schema.org","@graph":[{"@type":"WebPage","@id":"https:\/\/tabletpress-store.com\/pl\/impressum\/","url":"https:\/\/tabletpress-store.com\/pl\/impressum\/","name":"Rechtlicher Hinweis - Hochwertige Tablettenpresse - Tabletpress Store","isPartOf":{"@id":"https:\/\/tabletpress-store.com\/pl\/#website"},"datePublished":"2023-07-15T09:38:25+00:00","dateModified":"2024-01-09T11:39:29+00:00","description":"Impressum - Kaufen Sie Tablettenpresse Maschine und Ausr\u00fcstung. Konkurrenzf\u00e4higer Preis - Schnelle Lieferzeit - Sichere Zahlung - Strenge Qualit\u00e4t - 24\/7","breadcrumb":{"@id":"https:\/\/tabletpress-store.com\/pl\/impressum\/#breadcrumb"},"inLanguage":"fr-FR","potentialAction":[{"@type":"ReadAction","target":["https:\/\/tabletpress-store.com\/pl\/impressum\/"]}]},{"@type":"BreadcrumbList","@id":"https:\/\/tabletpress-store.com\/pl\/impressum\/#breadcrumb","itemListElement":[{"@type":"ListItem","position":1,"name":"Startseite","item":"https:\/\/tabletpress-store.com\/"},{"@type":"ListItem","position":2,"name":"Impressum"}]},{"@type":"WebSite","@id":"https:\/\/tabletpress-store.com\/pl\/#website","url":"https:\/\/tabletpress-store.com\/pl\/","name":"Tabletpress Store","description":"Tablettenpressen f\u00fcr die Produktion von Medikamenten oder Supplements","publisher":{"@id":"https:\/\/tabletpress-store.com\/pl\/#organization"},"potentialAction":[{"@type":"SearchAction","target":{"@type":"EntryPoint","urlTemplate":"https:\/\/tabletpress-store.com\/pl\/?s={search_term_string}"},"query-input":"required name=search_term_string"}],"inLanguage":"fr-FR"},{"@type":"Organization","@id":"https:\/\/tabletpress-store.com\/pl\/#organization","name":"Tabletpress Store","url":"https:\/\/tabletpress-store.com\/pl\/","logo":{"@type":"ImageObject","inLanguage":"fr-FR","@id":"https:\/\/tabletpress-store.com\/pl\/#\/schema\/logo\/image\/","url":"https:\/\/tabletpress-store.com\/wp-content\/uploads\/2023\/07\/tablettpress-store-logo.png","contentUrl":"https:\/\/tabletpress-store.com\/wp-content\/uploads\/2023\/07\/tablettpress-store-logo.png","width":1800,"height":1800,"caption":"Tabletpress Store"},"image":{"@id":"https:\/\/tabletpress-store.com\/pl\/#\/schema\/logo\/image\/"}}]}},"_links":{"self":[{"href":"https:\/\/tabletpress-store.com\/fr\/wp-json\/wp\/v2\/pages\/2246","targetHints":{"allow":["GET"]}}],"collection":[{"href":"https:\/\/tabletpress-store.com\/fr\/wp-json\/wp\/v2\/pages"}],"about":[{"href":"https:\/\/tabletpress-store.com\/fr\/wp-json\/wp\/v2\/types\/page"}],"author":[{"embeddable":true,"href":"https:\/\/tabletpress-store.com\/fr\/wp-json\/wp\/v2\/users\/1"}],"replies":[{"embeddable":true,"href":"https:\/\/tabletpress-store.com\/fr\/wp-json\/wp\/v2\/comments?post=2246"}],"version-history":[{"count":4,"href":"https:\/\/tabletpress-store.com\/fr\/wp-json\/wp\/v2\/pages\/2246\/revisions"}],"predecessor-version":[{"id":2364,"href":"https:\/\/tabletpress-store.com\/fr\/wp-json\/wp\/v2\/pages\/2246\/revisions\/2364"}],"wp:attachment":[{"href":"https:\/\/tabletpress-store.com\/fr\/wp-json\/wp\/v2\/media?parent=2246"}],"curies":[{"name":"wp","href":"https:\/\/api.w.org\/{rel}","templated":true}]}}