{"id":2256,"date":"2023-07-16T12:27:05","date_gmt":"2023-07-16T10:27:05","guid":{"rendered":"https:\/\/tabletpress-store.com\/?post_type=product&#038;p=2256"},"modified":"2026-03-18T09:31:03","modified_gmt":"2026-03-18T08:31:03","slug":"tdp-5-single-punch-tablet-press","status":"publish","type":"product","link":"https:\/\/tabletpress-store.com\/fr\/produit\/tdp-5-single-punch-tablet-press\/","title":{"rendered":"TDP-5 Single Punch Tablet Press"},"content":{"rendered":"","protected":false},"excerpt":{"rendered":"<p><strong><strong>L'enl\u00e8vement en Allemagne est possible sur rendez-vous et avec un peu frais suppl\u00e9mentaires, je peux apporter la machine \u00e0 votre domicile, contre paiement en especes. N'h\u00e9sitez pas \u00e0 nous contacter au +49 (0) 160 979 116 53 par t\u00e9l\u00e9phone ou WhatsApp. Je parle francais.<\/strong><\/strong><\/p>\n<p style=\"text-align: justify;\" class=\"translation-block\">Bei der <strong>TDP-5 Single Punch Tablet Press<\/strong> ist das Arbeitsprinzip wie bei jeder anderen Tablettenpresse auch: Die TDP-5 Single Punch Tablet Press wird mit der jeweiligen Menge an Pulver oder Granulat bef\u00fcllt. Sodann wird durch den Stempel der Tablettenpresse Druck ausge\u00fcbt und das Pulver bzw. das Granulat in die gew\u00fcnschte Form gepresst.<\/p>\n<p style=\"text-align: justify;\">Die TDP-5 Single Punch Tablet Press ist vielseitig und komfortabel einsetzbar. Sie \u00fcberzeugt vor allem durch ihre Geschwindigkeit bei der Tablettenherstellung. Besonders vorteilhaft ist der Umstand, dass sie sowohl manuell betrieben werden kann als auch per Anbindung an die Stromversorgung l\u00e4uft.<\/p>\n<p style=\"text-align: justify;\">L'enl\u00e8vement en Allemagne est possible sur rendez-vous et, moyennant un suppl\u00e9ment, je peux vous livrer la machine chez vous, contre remboursement. N'h\u00e9sitez pas \u00e0 nous contacter au num\u00e9ro <a href=\"tel:4916097911653\"><strong>+49 (0) 160 979 116 53<\/strong><\/a>\u00a0par t\u00e9l\u00e9phone ou par WhatsApp.<\/p>\n<p>Vous pouvez venir chercher la presse dans notre entrep\u00f4t en Allemagne, mais nous pouvons aussi la livrer \u00e0 votre entreprise ou \u00e0 votre domicile dans tous les pays de l'UE en contre-remboursement. N'h\u00e9sitez pas \u00e0 nous contacter au num\u00e9ro +49(0)160 979 116 53 par WhatsApp ou par t\u00e9l\u00e9phone.<\/p>","protected":false},"featured_media":2273,"template":"","meta":[],"product_brand":[],"product_cat":[15],"product_tag":[],"class_list":{"0":"post-2256","1":"product","2":"type-product","3":"status-publish","4":"has-post-thumbnail","6":"product_cat-tablettenpressen","8":"first","9":"instock","10":"taxable","11":"shipping-taxable","12":"purchasable","13":"product-type-simple"},"yoast_head":"<!-- This site is optimized with the Yoast SEO plugin v23.3 - https:\/\/yoast.com\/wordpress\/plugins\/seo\/ -->\n<title>TDP-5 Single Punch Tablet Press - Hochwertige Tablettenpresse-<\/title>\n<meta name=\"description\" content=\"TDP-5 Single Punch Tablet Press - Prod\u00e1m stroj a za\u0159\u00edzen\u00ed na lisov\u00e1n\u00ed tablet za konkurenceschopnou cenu. Rychl\u00e9 dod\u00e1n\u00ed, bezpe\u010dn\u00e1 platba, p\u0159\u00edsn\u00e1 kontrola kvality a 24\/7 podpora pro spolehlivou v\u00fdrobu tablet.\" \/>\n<meta name=\"robots\" content=\"index, follow, max-snippet:-1, max-image-preview:large, max-video-preview:-1\" \/>\n<link rel=\"canonical\" href=\"https:\/\/tabletpress-store.com\/fr\/produit\/tdp-5-single-punch-tablet-press\/\" \/>\n<meta property=\"og:locale\" content=\"fr_FR\" \/>\n<meta property=\"og:type\" content=\"article\" \/>\n<meta property=\"og:title\" content=\"TDP-5 Single Punch Tablet Press - Hochwertige Tablettenpresse-\" \/>\n<meta property=\"og:description\" content=\"TDP-5 Single Punch Tablet Press - Prod\u00e1m stroj a za\u0159\u00edzen\u00ed na lisov\u00e1n\u00ed tablet za konkurenceschopnou cenu. Rychl\u00e9 dod\u00e1n\u00ed, bezpe\u010dn\u00e1 platba, p\u0159\u00edsn\u00e1 kontrola kvality a 24\/7 podpora pro spolehlivou v\u00fdrobu tablet.\" \/>\n<meta property=\"og:url\" content=\"https:\/\/tabletpress-store.com\/fr\/produit\/tdp-5-single-punch-tablet-press\/\" \/>\n<meta property=\"og:site_name\" content=\"Tablettenpressen\" \/>\n<meta property=\"article:modified_time\" content=\"2026-03-18T08:31:03+00:00\" \/>\n<meta property=\"og:image\" content=\"https:\/\/tabletpress-store.com\/wp-content\/uploads\/2023\/07\/tdp-5-single-punch-tablet-press.jpg\" \/>\n\t<meta property=\"og:image:width\" content=\"568\" \/>\n\t<meta property=\"og:image:height\" content=\"440\" \/>\n\t<meta property=\"og:image:type\" content=\"image\/jpeg\" \/>\n<meta name=\"twitter:card\" content=\"summary_large_image\" \/>\n<meta name=\"twitter:label1\" content=\"Dur\u00e9e de lecture estim\u00e9e\" \/>\n\t<meta name=\"twitter:data1\" content=\"1 minute\" \/>\n<script type=\"application\/ld+json\" class=\"yoast-schema-graph\">{\"@context\":\"https:\/\/schema.org\",\"@graph\":[{\"@type\":\"WebPage\",\"@id\":\"https:\/\/tabletpress-store.com\/produkt\/tdp-5-single-punch-tablet-press\/\",\"url\":\"https:\/\/tabletpress-store.com\/produkt\/tdp-5-single-punch-tablet-press\/\",\"name\":\"TDP-5 Single Punch Tablet Press - Hochwertige Tablettenpresse-\",\"isPartOf\":{\"@id\":\"https:\/\/tabletpress-store.com\/pl\/#website\"},\"primaryImageOfPage\":{\"@id\":\"https:\/\/tabletpress-store.com\/produkt\/tdp-5-single-punch-tablet-press\/#primaryimage\"},\"image\":{\"@id\":\"https:\/\/tabletpress-store.com\/produkt\/tdp-5-single-punch-tablet-press\/#primaryimage\"},\"thumbnailUrl\":\"https:\/\/tabletpress-store.com\/wp-content\/uploads\/2023\/07\/tdp-5-single-punch-tablet-press.jpg\",\"datePublished\":\"2023-07-16T10:27:05+00:00\",\"dateModified\":\"2026-03-18T08:31:03+00:00\",\"description\":\"TDP-5 Single Punch Tablet Press - Prod\u00e1m stroj a za\u0159\u00edzen\u00ed na lisov\u00e1n\u00ed tablet za konkurenceschopnou cenu. Rychl\u00e9 dod\u00e1n\u00ed, bezpe\u010dn\u00e1 platba, p\u0159\u00edsn\u00e1 kontrola kvality a 24\/7 podpora pro spolehlivou v\u00fdrobu tablet.\",\"breadcrumb\":{\"@id\":\"https:\/\/tabletpress-store.com\/produkt\/tdp-5-single-punch-tablet-press\/#breadcrumb\"},\"inLanguage\":\"fr-FR\",\"potentialAction\":[{\"@type\":\"ReadAction\",\"target\":[\"https:\/\/tabletpress-store.com\/produkt\/tdp-5-single-punch-tablet-press\/\"]}]},{\"@type\":\"ImageObject\",\"inLanguage\":\"fr-FR\",\"@id\":\"https:\/\/tabletpress-store.com\/produkt\/tdp-5-single-punch-tablet-press\/#primaryimage\",\"url\":\"https:\/\/tabletpress-store.com\/wp-content\/uploads\/2023\/07\/tdp-5-single-punch-tablet-press.jpg\",\"contentUrl\":\"https:\/\/tabletpress-store.com\/wp-content\/uploads\/2023\/07\/tdp-5-single-punch-tablet-press.jpg\",\"width\":568,\"height\":440,\"caption\":\"Tablettenpresse zum besten Preis kaufen\"},{\"@type\":\"BreadcrumbList\",\"@id\":\"https:\/\/tabletpress-store.com\/produkt\/tdp-5-single-punch-tablet-press\/#breadcrumb\",\"itemListElement\":[{\"@type\":\"ListItem\",\"position\":1,\"name\":\"Startseite\",\"item\":\"https:\/\/tabletpress-store.com\/\"},{\"@type\":\"ListItem\",\"position\":2,\"name\":\"Shop\",\"item\":\"https:\/\/tabletpress-store.com\/shop\/\"},{\"@type\":\"ListItem\",\"position\":3,\"name\":\"TDP-5 Single Punch Tablet Press\"}]},{\"@type\":\"WebSite\",\"@id\":\"https:\/\/tabletpress-store.com\/pl\/#website\",\"url\":\"https:\/\/tabletpress-store.com\/pl\/\",\"name\":\"Tabletpress Store\",\"description\":\"Tablettenpressen f\u00fcr die Produktion von Medikamenten oder Supplements\",\"publisher\":{\"@id\":\"https:\/\/tabletpress-store.com\/pl\/#organization\"},\"potentialAction\":[{\"@type\":\"SearchAction\",\"target\":{\"@type\":\"EntryPoint\",\"urlTemplate\":\"https:\/\/tabletpress-store.com\/pl\/?s={search_term_string}\"},\"query-input\":\"required name=search_term_string\"}],\"inLanguage\":\"fr-FR\"},{\"@type\":\"Organization\",\"@id\":\"https:\/\/tabletpress-store.com\/pl\/#organization\",\"name\":\"Tabletpress Store\",\"url\":\"https:\/\/tabletpress-store.com\/pl\/\",\"logo\":{\"@type\":\"ImageObject\",\"inLanguage\":\"fr-FR\",\"@id\":\"https:\/\/tabletpress-store.com\/pl\/#\/schema\/logo\/image\/\",\"url\":\"https:\/\/tabletpress-store.com\/wp-content\/uploads\/2023\/07\/tablettpress-store-logo.png\",\"contentUrl\":\"https:\/\/tabletpress-store.com\/wp-content\/uploads\/2023\/07\/tablettpress-store-logo.png\",\"width\":1800,\"height\":1800,\"caption\":\"Tabletpress Store\"},\"image\":{\"@id\":\"https:\/\/tabletpress-store.com\/pl\/#\/schema\/logo\/image\/\"}}]}<\/script>\n<!-- \/ Yoast SEO plugin. -->","yoast_head_json":{"title":"TDP-5 Single Punch Tablet Press - Hochwertige Tablettenpresse-","description":"TDP-5 Single Punch Tablet Press - Prod\u00e1m stroj a za\u0159\u00edzen\u00ed na lisov\u00e1n\u00ed tablet za konkurenceschopnou cenu. Rychl\u00e9 dod\u00e1n\u00ed, bezpe\u010dn\u00e1 platba, p\u0159\u00edsn\u00e1 kontrola kvality a 24\/7 podpora pro spolehlivou v\u00fdrobu tablet.","robots":{"index":"index","follow":"follow","max-snippet":"max-snippet:-1","max-image-preview":"max-image-preview:large","max-video-preview":"max-video-preview:-1"},"canonical":"https:\/\/tabletpress-store.com\/fr\/produit\/tdp-5-single-punch-tablet-press\/","og_locale":"fr_FR","og_type":"article","og_title":"TDP-5 Single Punch Tablet Press - Hochwertige Tablettenpresse-","og_description":"TDP-5 Single Punch Tablet Press - Prod\u00e1m stroj a za\u0159\u00edzen\u00ed na lisov\u00e1n\u00ed tablet za konkurenceschopnou cenu. Rychl\u00e9 dod\u00e1n\u00ed, bezpe\u010dn\u00e1 platba, p\u0159\u00edsn\u00e1 kontrola kvality a 24\/7 podpora pro spolehlivou v\u00fdrobu tablet.","og_url":"https:\/\/tabletpress-store.com\/fr\/produit\/tdp-5-single-punch-tablet-press\/","og_site_name":"Tablettenpressen","article_modified_time":"2026-03-18T08:31:03+00:00","og_image":[{"width":568,"height":440,"url":"https:\/\/tabletpress-store.com\/wp-content\/uploads\/2023\/07\/tdp-5-single-punch-tablet-press.jpg","type":"image\/jpeg"}],"twitter_card":"summary_large_image","twitter_misc":{"Dur\u00e9e de lecture estim\u00e9e":"1 minute"},"schema":{"@context":"https:\/\/schema.org","@graph":[{"@type":"WebPage","@id":"https:\/\/tabletpress-store.com\/produkt\/tdp-5-single-punch-tablet-press\/","url":"https:\/\/tabletpress-store.com\/produkt\/tdp-5-single-punch-tablet-press\/","name":"TDP-5 Single Punch Tablet Press - Hochwertige Tablettenpresse-","isPartOf":{"@id":"https:\/\/tabletpress-store.com\/pl\/#website"},"primaryImageOfPage":{"@id":"https:\/\/tabletpress-store.com\/produkt\/tdp-5-single-punch-tablet-press\/#primaryimage"},"image":{"@id":"https:\/\/tabletpress-store.com\/produkt\/tdp-5-single-punch-tablet-press\/#primaryimage"},"thumbnailUrl":"https:\/\/tabletpress-store.com\/wp-content\/uploads\/2023\/07\/tdp-5-single-punch-tablet-press.jpg","datePublished":"2023-07-16T10:27:05+00:00","dateModified":"2026-03-18T08:31:03+00:00","description":"TDP-5 Single Punch Tablet Press - Prod\u00e1m stroj a za\u0159\u00edzen\u00ed na lisov\u00e1n\u00ed tablet za konkurenceschopnou cenu. Rychl\u00e9 dod\u00e1n\u00ed, bezpe\u010dn\u00e1 platba, p\u0159\u00edsn\u00e1 kontrola kvality a 24\/7 podpora pro spolehlivou v\u00fdrobu tablet.","breadcrumb":{"@id":"https:\/\/tabletpress-store.com\/produkt\/tdp-5-single-punch-tablet-press\/#breadcrumb"},"inLanguage":"fr-FR","potentialAction":[{"@type":"ReadAction","target":["https:\/\/tabletpress-store.com\/produkt\/tdp-5-single-punch-tablet-press\/"]}]},{"@type":"ImageObject","inLanguage":"fr-FR","@id":"https:\/\/tabletpress-store.com\/produkt\/tdp-5-single-punch-tablet-press\/#primaryimage","url":"https:\/\/tabletpress-store.com\/wp-content\/uploads\/2023\/07\/tdp-5-single-punch-tablet-press.jpg","contentUrl":"https:\/\/tabletpress-store.com\/wp-content\/uploads\/2023\/07\/tdp-5-single-punch-tablet-press.jpg","width":568,"height":440,"caption":"Tablettenpresse zum besten Preis kaufen"},{"@type":"BreadcrumbList","@id":"https:\/\/tabletpress-store.com\/produkt\/tdp-5-single-punch-tablet-press\/#breadcrumb","itemListElement":[{"@type":"ListItem","position":1,"name":"Startseite","item":"https:\/\/tabletpress-store.com\/"},{"@type":"ListItem","position":2,"name":"Shop","item":"https:\/\/tabletpress-store.com\/shop\/"},{"@type":"ListItem","position":3,"name":"TDP-5 Single Punch Tablet Press"}]},{"@type":"WebSite","@id":"https:\/\/tabletpress-store.com\/pl\/#website","url":"https:\/\/tabletpress-store.com\/pl\/","name":"Tabletpress Store","description":"Tablettenpressen f\u00fcr die Produktion von Medikamenten oder Supplements","publisher":{"@id":"https:\/\/tabletpress-store.com\/pl\/#organization"},"potentialAction":[{"@type":"SearchAction","target":{"@type":"EntryPoint","urlTemplate":"https:\/\/tabletpress-store.com\/pl\/?s={search_term_string}"},"query-input":"required name=search_term_string"}],"inLanguage":"fr-FR"},{"@type":"Organization","@id":"https:\/\/tabletpress-store.com\/pl\/#organization","name":"Tabletpress Store","url":"https:\/\/tabletpress-store.com\/pl\/","logo":{"@type":"ImageObject","inLanguage":"fr-FR","@id":"https:\/\/tabletpress-store.com\/pl\/#\/schema\/logo\/image\/","url":"https:\/\/tabletpress-store.com\/wp-content\/uploads\/2023\/07\/tablettpress-store-logo.png","contentUrl":"https:\/\/tabletpress-store.com\/wp-content\/uploads\/2023\/07\/tablettpress-store-logo.png","width":1800,"height":1800,"caption":"Tabletpress Store"},"image":{"@id":"https:\/\/tabletpress-store.com\/pl\/#\/schema\/logo\/image\/"}}]}},"_links":{"self":[{"href":"https:\/\/tabletpress-store.com\/fr\/wp-json\/wp\/v2\/product\/2256","targetHints":{"allow":["GET"]}}],"collection":[{"href":"https:\/\/tabletpress-store.com\/fr\/wp-json\/wp\/v2\/product"}],"about":[{"href":"https:\/\/tabletpress-store.com\/fr\/wp-json\/wp\/v2\/types\/product"}],"wp:featuredmedia":[{"embeddable":true,"href":"https:\/\/tabletpress-store.com\/fr\/wp-json\/wp\/v2\/media\/2273"}],"wp:attachment":[{"href":"https:\/\/tabletpress-store.com\/fr\/wp-json\/wp\/v2\/media?parent=2256"}],"wp:term":[{"taxonomy":"product_brand","embeddable":true,"href":"https:\/\/tabletpress-store.com\/fr\/wp-json\/wp\/v2\/product_brand?post=2256"},{"taxonomy":"product_cat","embeddable":true,"href":"https:\/\/tabletpress-store.com\/fr\/wp-json\/wp\/v2\/product_cat?post=2256"},{"taxonomy":"product_tag","embeddable":true,"href":"https:\/\/tabletpress-store.com\/fr\/wp-json\/wp\/v2\/product_tag?post=2256"}],"curies":[{"name":"wp","href":"https:\/\/api.w.org\/{rel}","templated":true}]}}