{"id":2237,"date":"2023-07-15T11:15:12","date_gmt":"2023-07-15T09:15:12","guid":{"rendered":"https:\/\/tabletpress-store.com\/?page_id=2237"},"modified":"2024-09-09T20:45:00","modified_gmt":"2024-09-09T18:45:00","slug":"allgemeine-geschaeftsbedingungen","status":"publish","type":"page","link":"https:\/\/tabletpress-store.com\/nl\/allgemeine-geschaeftsbedingungen\/","title":{"rendered":"Allgemeine Gesch\u00e4ftsbedingungen"},"content":{"rendered":"<section class=\"wpb-content-wrapper\"><div class=\"vc_row wpb_row row top-row\"><div class=\"vc_column_container col-md-12\"><div class=\"wpb_wrapper vc_column-inner\"><div class=\"porto-u-heading  wpb_custom_95aa9a11c17ad45cfabaf210d84ee7cc porto-u-8196\"><div class=\"porto-u-main-heading\"><h2  >Allgemeine Gesch\u00e4ftsbedingungen<\/h2><\/div><div class=\"porto-u-sub-heading\" style=\"\">f\u00fcr dieses Angebot<\/p>\n<p><\/div><div class=\"porto-u-heading-spacer line_only\" style=\"height:1px;\"><span class=\"porto-u-headings-line\" style=\"border-style:solid;border-bottom-width:1px;border-color:#ccc;width:auto;\"><\/span><\/div><style>.porto-u-8196.porto-u-heading{text-align:center} .porto-u-8196 .porto-u-headings-line{float: unset;}<\/style><\/div><div class=\"vc_empty_space\"   style=\"height: 32px\"><span class=\"vc_empty_space_inner\"><\/span><\/div>\n\t<div class=\"wpb_text_column wpb_content_element\" >\n\t\t<div class=\"wpb_wrapper\">\n\t\t\t<p><strong>\u00a7 1 Geltungsbereich, Vertragsgegenstand und Identit\u00e4t des Verk\u00e4ufers<\/strong><\/p>\n<p>(1) Die nachfolgenden Bestimmungen gelten f\u00fcr alle Vertr\u00e4ge zwischen uns, n\u00e4mlich<\/p>\n<p class=\"p1\">Shanghai Pharmaceutical Machinery Co., Ltd<br \/>\nNo, 78, Building 250, Ai Guo road, Shanghai<br \/>\nChina<\/p>\n<p class=\"p1\">Telefon: 016097911653<br \/>\nE-Mail: <a href=\"https:\/\/web.archive.org\/web\/20211127201913\/mailto:stefanzhujun@gmail.com\">stefanzhujun@gmail.com<\/a><\/p>\n<p>als Verk\u00e4ufer, und Ihnen als K\u00e4ufer \u00fcber den Verkauf und die Lieferung der von uns \u00fcber die Internetplattform eBay angebotenen Artikel.<\/p>\n<p><strong>\u00a7 2 Verbraucher und Unternehmer<\/strong><\/p>\n<p>(1) Unsere Angebote richten sich sowohl an Verbraucher als auch an Unternehmer.<\/p>\n<p>(2) Verbraucher in diesem Sinne ist jede nat\u00fcrliche Person, die den Vertrag mit uns zu Zwecken abschlie\u00dft, die \u00fcberwiegend weder ihrer gewerblichen noch ihrer selbst\u00e4ndigen beruflichen T\u00e4tigkeit zugerechnet werden k\u00f6nnen.<\/p>\n<p>(3) Unternehmer in diesem Sinne ist eine nat\u00fcrliche oder juristische Person oder eine rechtsf\u00e4hige Personengesellschaft, die bei Abschluss des Vertrags mit uns in Aus\u00fcbung ihrer gewerblichen oder selbst\u00e4ndigen beruflichen T\u00e4tigkeit handelt.<\/p>\n<p><strong>\u00a7 3 Vereinbarungen und Informationen zum Zustandekommen des Vertrages<\/strong><\/p>\n<p>(1) Die einzelnen technischen Schritte, die zum Vertragsschluss f\u00fchren, der Vertragsschluss selbst und die Berichtigungsm\u00f6glichkeiten erfolgen nach Ma\u00dfgabe der folgenden Bestimmungen.<\/p>\n<p>(2) Wird ein Artikel von uns bei eBay eingestellt, liegt in der Freischaltung der Artikelseite bei eBay das verbindliche Angebot zum Abschluss eines Kaufvertrages zu den in der Artikelseite enthaltenen Bedingungen.<\/p>\n<p>(3) F\u00fcr das Zustandekommen des Vertrages gelten die eBay-AGB. Ein Link zu den eBay-AGB findet sich auf jeder eBay-Seite unten.<\/p>\n<p>In den eBay-AGB ist der Vertragsschluss abh\u00e4ngig vom jeweiligen Format des Angebots wie folgt geregelt:<\/p>\n<p>\u201e\u00a7 6 Angebotsformate und Vertragsschluss (\u2026)<br \/>\n2. Stellt ein Verk\u00e4ufer mittels der eBay-Dienste einen Artikel im Auktions- oder Festpreisformat ein, so gibt er ein verbindliches Angebot zum Abschluss eines Vertrags \u00fcber diesen Artikel ab. Dabei bestimmt er einen Start- bzw. Festpreis und eine Frist, binnen derer das Angebot angenommen werden kann (Angebotsdauer). Legt der Verk\u00e4ufer beim Auktionsformat einen Mindestpreis fest, so steht das Angebot unter der aufschiebenden Bedingung, dass der Mindestpreis erreicht wird.<br \/>\n3. Der Verk\u00e4ufer kann Angebote im Auktionsformat zus\u00e4tzlich mit einer Sofort-Kaufen-Funktion versehen. Diese kann von einem K\u00e4ufer ausge\u00fcbt werden, solange noch kein Gebot auf den Artikel abgegeben oder ein Mindestpreis noch nicht erreicht wurde. eBay beh\u00e4lt sich vor, diese Funktion in der Zukunft zu \u00e4ndern. (\u2026)<br \/>\n4. Bei Festpreisartikeln nimmt der K\u00e4ufer das Angebot an, indem er den Button \u201eSofort-Kaufen\u201c anklickt und anschlie\u00dfend best\u00e4tigt. Bei Festpreisartikeln, bei denen der Verk\u00e4ufer die Option \u201esofortige Bezahlung\u201c ausgew\u00e4hlt hat, nimmt der K\u00e4ufer das Angebot an, indem er den Button \u201eSofort-Kaufen\u201c anklickt und den unmittelbar nachfolgenden Zahlungsvorgang abschlie\u00dft. Der K\u00e4ufer kann Angebote f\u00fcr mehrere Artikel auch dadurch annehmen, dass er die Artikel in den Warenkorb (sofern verf\u00fcgbar) legt und den unmittelbar nachfolgenden Zahlungsvorgang abschlie\u00dft.<br \/>\n5. Bei Auktionen nimmt der K\u00e4ufer das Angebot durch Abgabe eines Gebots an. Die Annahme erfolgt unter der aufschiebenden Bedingung, dass der K\u00e4ufer nach Ablauf der Angebotsdauer H\u00f6chstbietender ist. Ein Gebot erlischt, wenn ein anderer K\u00e4ufer w\u00e4hrend der Angebotsdauer ein h\u00f6heres Gebot abgibt. (\u2026)<br \/>\n6. Bei vorzeitiger Beendigung des Angebots durch den Verk\u00e4ufer kommt zwischen diesem und dem H\u00f6chstbietenden ein Vertrag zustande, es sei denn der Verk\u00e4ufer war dazu berechtigt, das Angebot zur\u00fcckzunehmen und die vorliegenden Gebote zu streichen.<br \/>\n7. K\u00e4ufer k\u00f6nnen Gebote nur zur\u00fccknehmen, wenn dazu ein berechtigter Grund vorliegt. Nach einer berechtigten Gebotsr\u00fccknahme kommt zwischen dem Nutzer, der nach Ablauf der Auktion aufgrund der Gebotsr\u00fccknahme wieder H\u00f6chstbietender ist und dem Verk\u00e4ufer kein Vertrag zustande.<br \/>\n8. In bestimmten Kategorien kann der Verk\u00e4ufer sein Angebot mit einer Preisvorschlag-Funktion versehen. Die Preisvorschlag-Funktion erm\u00f6glicht es K\u00e4ufern und Verk\u00e4ufern, den Preis f\u00fcr einen Artikel auszuhandeln. (\u2026)<br \/>\n11. Wird ein Artikel vor Ablauf der Angebotsdauer von eBay gel\u00f6scht, kommt kein wirksamer Vertrag zwischen K\u00e4ufer und Verk\u00e4ufer zustande.\u201c<\/p>\n<p><strong>(4) Kauf \u00fcber die Funktion \u201eSofort-Kaufen\u201c oder \u201eBieten\u201c<\/strong><\/p>\n<p>Durch das Anklicken der auf den Artikelseiten enthaltenen Schaltfl\u00e4chen \u201eSofort-Kaufen\u201c oder \u201eBieten\u201c wird von Ihnen noch keine verbindliche Vertragserkl\u00e4rung abgegeben. Auch danach haben Sie die M\u00f6glichkeit, die von Ihnen gemachten Angaben zu \u00fcberpr\u00fcfen und \u00fcber die \u201eZur\u00fcck\u201c-Funktion Ihres Internetbrowsers zu berichtigen oder den Kauf abzubrechen. Diese M\u00f6glichkeit besteht erst dann nicht mehr, wenn Sie eine verbindliche Vertragserkl\u00e4rung abgegeben haben. Durch welche Handlung Sie bei Durchf\u00fchrung eines Kaufes eine verbindliche Vertragserkl\u00e4rung abgeben und der Vertrag zustande kommt, ergibt sich aus der Men\u00fcf\u00fchrung von eBay.<\/p>\n<p><strong>(5) Kauf \u00fcber den Warenkorb<\/strong><\/p>\n<p>Soweit ein Kauf \u00fcber den Warenkorb angeboten wird, legen Sie die zum Kauf beabsichtigte Ware im \u201eWarenkorb\u201c ab, indem Sie die auf der Artikelseite enthaltene Schaltfl\u00e4che \u201eIn den Warenkorb\u201c anklicken. Im Anschluss wird Ihnen der \u201eWarenkorb\u201c angezeigt. Ferner k\u00f6nnen Sie \u00fcber die entsprechende Schaltfl\u00e4che in der Navigationsleiste den \u201eWarenkorb\u201c aufrufen und dort jederzeit \u00c4nderungen vornehmen. Nachdem Sie die Seite \u201eWeiter zur Kaufabwicklung\u201c aufgerufen und Lieferadresse eingegeben sowie Zahlungsart ausgew\u00e4hlt haben, werden Ihnen abschlie\u00dfend s\u00e4mtliche Bestelldaten auf der Bestell\u00fcbersichtsseite nochmals angezeigt.<\/p>\n<p>Soweit Sie als Zahlungsart \u201ePayPal\u201c ausw\u00e4hlen, werden Sie zun\u00e4chst auf ein Log-In-Fenster von PayPal gef\u00fchrt. Nachdem Sie sich bei PayPal erfolgreich angemeldet haben, werden Sie auf die Bestell\u00fcbersichtsseite bei eBay weitergeleitet.<\/p>\n<p>Bevor Sie die Bestellung absenden, haben Sie hier die M\u00f6glichkeit, alle Angaben nochmals zu \u00fcberpr\u00fcfen, zu \u00e4ndern \u2013 dies auch \u00fcber die \u201eZur\u00fcck\u201c-Funktion Ihres Internetbrowsers \u2013 oder den Kauf abzubrechen.<\/p>\n<p>Wenn Sie die Schaltfl\u00e4che \u201eKaufen und zahlen\u201c anklicken, erkl\u00e4ren Sie rechtsverbindlich die Annahme des Angebotes. Hierdurch kommt der Kaufvertrag zustande.<\/p>\n<p><strong>(6) Kauf \u00fcber die Funktion \u201ePreisvorschlag\u201c<\/strong><\/p>\n<p>Soweit die Funktion \u201ePreisvorschlag\u201c angeboten wird, haben Sie hierbei die M\u00f6glichkeit, uns ein Gegenangebot zu unterbreiten. Dies geschieht, indem Sie auf der Artikelseite die Schaltfl\u00e4che \u201ePreisvorschlag senden\u201c anklicken, auf der folgenden Seite Ihren Preisvorschlag eintragen, die Schaltfl\u00e4che \u201ePreisvorschlag \u00fcberpr\u00fcfen\u201c anw\u00e4hlen und auf der nachfolgenden Seite die Schaltfl\u00e4che \u201ePreisvorschlag senden\u201c best\u00e4tigen. Dies stellt ein verbindliches Angebot dar. An den uns \u00fcbermittelten Preisvorschlag sind Sie zwei Tage gebunden. Wenn wir Ihren Preisvorschlag annehmen, kommt der Kaufvertrag zustande.<\/p>\n<p>(7) Die Abwicklung der Bestellung und \u00dcbermittlung s\u00e4mtlicher im Zusammenhang mit dem Vertragsschluss erforderlichen Informationen erfolgt per E-Mail. Sie sind daher verpflichtet sicherzustellen, dass die von Ihnen uns gegen\u00fcber angegebene E-Mail-Adresse korrekt ist und der Empfang von E-Mails technisch sichergestellt ist, also insbesondere nicht z.B. durch SPAM-Filter blockiert wird.<\/p>\n<p><strong>\u00a7 4 Speicherung des Vertragstextes und Sprache des Vertrages<\/strong><\/p>\n<p>(1) Der vollst\u00e4ndige Vertragstext wird von uns nicht gespeichert. Bevor Sie die Bestellung absenden, k\u00f6nnen Sie die Vertragsdaten \u00fcber die Druckfunktion Ihres Internetbrowsers ausdrucken oder elektronisch speichern. Nachdem Ihre Bestellung bei uns eingegangen ist, werden die Bestelldaten, die Allgemeinen Gesch\u00e4ftsbedingungen einschlie\u00dflich der bei Fernabsatzvertr\u00e4gen gesetzlich vorgeschriebenen Informationen nochmals per E-Mail an Sie \u00fcbermittelt.<\/p>\n<p>(2) Die f\u00fcr den Vertragsschluss zur Verf\u00fcgung stehende Sprache ist deutsch.<\/p>\n<p><strong>\u00a7 5 Wesentliche Merkmale der Waren<\/strong><\/p>\n<p>Die wesentlichen Merkmale der Waren finden Sie in der Artikelbeschreibung der jeweiligen Angebote.<\/p>\n<p><strong>\u00a7 6 Preise, Versandkosten, R\u00fccksendekosten im Falle des Widerrufs sowie Zahlungsbedingungen<\/strong><\/p>\n<p>(1) Die auf den jeweiligen Artikelseiten genannten von Ihnen zu zahlenden Kaufpreise enthalten die gesetzliche Mehrwertsteuer.<\/p>\n<p>(2) Bei jeder Bestellung fallen zus\u00e4tzlich Versandkosten an. Sie sind \u00fcber eine entsprechend bezeichnete Schaltfl\u00e4che in der jeweiligen Artikelbeschreibung aufrufbar, werden im Laufe des Bestellvorganges gesondert ausgewiesen und sind von Ihnen zus\u00e4tzlich zu tragen, soweit nicht die kostenlose Lieferung zugesagt ist.<\/p>\n<p>(3) Im Falle des Widerrufs tragen Sie die unmittelbaren Kosten der R\u00fccksendung der Waren.<\/p>\n<p>(4) Die zur Verf\u00fcgung stehenden Zahlungsarten sind in der jeweiligen Artikelbeschreibung aufgef\u00fchrt.<\/p>\n<p>(5) Soweit dies bei den einzelnen Zahlungsarten nicht anders angegeben ist, ist der von Ihnen zu zahlende Kaufpreis sofort zur Zahlung f\u00e4llig.<\/p>\n<p>(6) Soweit ein Kauf auf Rechnung \u00fcber PayPal erfolgt, treten wir unsere gegen Sie gerichtete Forderung in vollem Umfang sowie unwiderruflich an die PayPal (Europe) S.\u00e0 r.l. et Cie, S.C.A., 22-24 Boulevard Royal, L-2449 Luxembourg ab. Sie stimmen zu, dass die PayPal (Europe) S.\u00e0 r.l. et Cie, S.C.A. unter Verwendung der \u00fcbermittelten Daten vor Annahme der Abtretung eine Bonit\u00e4tspr\u00fcfung durchf\u00fchrt. Wir behalten uns das Recht vor, Ihnen im Ergebnis der Bonit\u00e4tspr\u00fcfung diese Zahlungsart zu verweigern. In der eBay-Kaufabwicklung werden Sie hier\u00fcber informiert. Bei Zulassung des Kaufs auf Rechnung \u00fcber PayPal nimmt die PayPal (Europe) S.\u00e0 r.l. et Cie, S.C.A. die Abtretung an, so dass schuldbefreiende Zahlungen nur noch an die PayPal (Europe) S.\u00e0 r.l. et Cie, S.C.A. geleistet werden k\u00f6nnen. Die Zahlungsfrist betr\u00e4gt 14 Tage ab Erhalt der Ware.<\/p>\n<p><strong>\u00a7 7 Lieferbedingungen<\/strong><\/p>\n<p>Die Lieferbedingungen, der Liefertermin sowie ggf. bestehende Lieferbeschr\u00e4nkungen finden sich in der jeweiligen Artikelbeschreibung. Soweit in der Artikelbeschreibung keine andere Frist angegeben ist, erfolgt die Lieferung der Ware innerhalb von drei bis f\u00fcnf Tagen nach Vertragsschluss, bei vereinbarter Vorauszahlung jedoch erst nach dem Zeitpunkt Ihrer Zahlungsanweisung.<\/p>\n<p><strong>\u00a7 8 Gew\u00e4hrleistung<\/strong><\/p>\n<p>Es bestehen die gesetzlichen M\u00e4ngelhaftungsrechte f\u00fcr die Waren.<\/p>\n<p><strong>\u00a7 9 Garantien<\/strong><\/p>\n<p>Auf den jeweiligen Artikelseiten und auf besonderen Informationsseiten im eBay-Shop finden Sie Informationen zu gegebenenfalls zus\u00e4tzlich bestehenden Garantien und deren genaue Bedingungen.<\/p>\n<p><strong>\u00a7 10 Streitbeilegung \/ OS-Plattform<\/strong><\/p>\n<p>(1) Die Europ\u00e4ische Kommission bietet f\u00fcr Verbraucher eine Plattform zur au\u00dfergerichtlichen Online-Streitbeilegung (sogenannte OS-Plattform) unter\u00a0<a href=\"https:\/\/web.archive.org\/web\/20211127201913\/https:\/\/ec.europa.eu\/consumers\/odr\/\">https:\/\/ec.europa.eu\/consumers\/odr\/<\/a>\u00a0an, an die sich der Verbraucher bei Meinungsverschiedenheiten im Zusammenhang mit einem \u00fcber elektronischen Gesch\u00e4ftsverkehr online abgeschlossenen Kauf- oder Dienstleistungsvertrag wenden kann.<\/p>\n<p>(2) Zu der Teilnahme an Streitbeilegungsverfahren vor einer Verbraucherschlichtungsstelle sind wir nicht verpflichtet und nicht bereit.<\/p>\n\n\t\t<\/div>\n\t<\/div>\n<\/div><\/div><\/div>\n<\/section>","protected":false},"excerpt":{"rendered":"Allgemeine Gesch\u00e4ftsbedingungenf\u00fcr dieses Angebot \u00a7 1 Geltungsbereich, Vertragsgegenstand und Identit\u00e4t des Verk\u00e4ufers (1) Die nachfolgenden Bestimmungen gelten f\u00fcr alle Vertr\u00e4ge zwischen uns, n\u00e4mlich Shanghai Pharmaceutical Machinery Co., Ltd No, 78, Building 250, Ai Guo road, Shanghai China Telefon: 016097911653 E-Mail: stefanzhujun@gmail.com als Verk\u00e4ufer, und Ihnen als K\u00e4ufer \u00fcber den Verkauf und die Lieferung der von [...]","protected":false},"author":1,"featured_media":0,"parent":0,"menu_order":0,"comment_status":"closed","ping_status":"closed","template":"","meta":{"footnotes":""},"class_list":["post-2237","page","type-page","status-publish","hentry"],"yoast_head":"<!-- This site is optimized with the Yoast SEO plugin v23.3 - https:\/\/yoast.com\/wordpress\/plugins\/seo\/ -->\n<title>Allgemeine Gesch\u00e4ftsbedingungen - Hochwertige Tablettenpresse-<\/title>\n<meta name=\"description\" content=\"Allgemeine Gesch\u00e4ftsbedingungen - Kaufen Sie Tablettenpresse Maschine und Ausr\u00fcstung. Konkurrenzf\u00e4higer Preis - Schnelle Lieferzeit - Sichere Zahlung - Strenge Qualit\u00e4t - 24\/7\" \/>\n<meta name=\"robots\" content=\"index, follow, max-snippet:-1, max-image-preview:large, max-video-preview:-1\" \/>\n<link rel=\"canonical\" href=\"https:\/\/tabletpress-store.com\/nl\/allgemeine-geschaeftsbedingungen\/\" \/>\n<meta property=\"og:locale\" content=\"nl_NL\" \/>\n<meta property=\"og:type\" content=\"article\" \/>\n<meta property=\"og:title\" content=\"Allgemeine Gesch\u00e4ftsbedingungen - Hochwertige Tablettenpresse-\" \/>\n<meta property=\"og:description\" content=\"Allgemeine Gesch\u00e4ftsbedingungen - Kaufen Sie Tablettenpresse Maschine und Ausr\u00fcstung. Konkurrenzf\u00e4higer Preis - Schnelle Lieferzeit - Sichere Zahlung - Strenge Qualit\u00e4t - 24\/7\" \/>\n<meta property=\"og:url\" content=\"https:\/\/tabletpress-store.com\/nl\/allgemeine-geschaeftsbedingungen\/\" \/>\n<meta property=\"og:site_name\" content=\"Tablettenpressen\" \/>\n<meta property=\"article:modified_time\" content=\"2024-09-09T18:45:00+00:00\" \/>\n<meta name=\"twitter:card\" content=\"summary_large_image\" \/>\n<meta name=\"twitter:label1\" content=\"Geschatte leestijd\" \/>\n\t<meta name=\"twitter:data1\" content=\"9 minuten\" \/>\n<script type=\"application\/ld+json\" class=\"yoast-schema-graph\">{\"@context\":\"https:\/\/schema.org\",\"@graph\":[{\"@type\":\"WebPage\",\"@id\":\"https:\/\/tabletpress-store.com\/allgemeine-geschaeftsbedingungen\/\",\"url\":\"https:\/\/tabletpress-store.com\/allgemeine-geschaeftsbedingungen\/\",\"name\":\"Allgemeine Gesch\u00e4ftsbedingungen - Hochwertige Tablettenpresse-\",\"isPartOf\":{\"@id\":\"https:\/\/tabletpress-store.com\/pl\/#website\"},\"datePublished\":\"2023-07-15T09:15:12+00:00\",\"dateModified\":\"2024-09-09T18:45:00+00:00\",\"description\":\"Allgemeine Gesch\u00e4ftsbedingungen - Kaufen Sie Tablettenpresse Maschine und Ausr\u00fcstung. Konkurrenzf\u00e4higer Preis - Schnelle Lieferzeit - Sichere Zahlung - Strenge Qualit\u00e4t - 24\/7\",\"breadcrumb\":{\"@id\":\"https:\/\/tabletpress-store.com\/allgemeine-geschaeftsbedingungen\/#breadcrumb\"},\"inLanguage\":\"nl-NL\",\"potentialAction\":[{\"@type\":\"ReadAction\",\"target\":[\"https:\/\/tabletpress-store.com\/allgemeine-geschaeftsbedingungen\/\"]}]},{\"@type\":\"BreadcrumbList\",\"@id\":\"https:\/\/tabletpress-store.com\/allgemeine-geschaeftsbedingungen\/#breadcrumb\",\"itemListElement\":[{\"@type\":\"ListItem\",\"position\":1,\"name\":\"Startseite\",\"item\":\"https:\/\/tabletpress-store.com\/\"},{\"@type\":\"ListItem\",\"position\":2,\"name\":\"Allgemeine Gesch\u00e4ftsbedingungen\"}]},{\"@type\":\"WebSite\",\"@id\":\"https:\/\/tabletpress-store.com\/pl\/#website\",\"url\":\"https:\/\/tabletpress-store.com\/pl\/\",\"name\":\"Tabletpress Store\",\"description\":\"Tablettenpressen f\u00fcr die Produktion von Medikamenten oder Supplements\",\"publisher\":{\"@id\":\"https:\/\/tabletpress-store.com\/pl\/#organization\"},\"potentialAction\":[{\"@type\":\"SearchAction\",\"target\":{\"@type\":\"EntryPoint\",\"urlTemplate\":\"https:\/\/tabletpress-store.com\/pl\/?s={search_term_string}\"},\"query-input\":\"required name=search_term_string\"}],\"inLanguage\":\"nl-NL\"},{\"@type\":\"Organization\",\"@id\":\"https:\/\/tabletpress-store.com\/pl\/#organization\",\"name\":\"Tabletpress Store\",\"url\":\"https:\/\/tabletpress-store.com\/pl\/\",\"logo\":{\"@type\":\"ImageObject\",\"inLanguage\":\"nl-NL\",\"@id\":\"https:\/\/tabletpress-store.com\/pl\/#\/schema\/logo\/image\/\",\"url\":\"https:\/\/tabletpress-store.com\/wp-content\/uploads\/2023\/07\/tablettpress-store-logo.png\",\"contentUrl\":\"https:\/\/tabletpress-store.com\/wp-content\/uploads\/2023\/07\/tablettpress-store-logo.png\",\"width\":1800,\"height\":1800,\"caption\":\"Tabletpress Store\"},\"image\":{\"@id\":\"https:\/\/tabletpress-store.com\/pl\/#\/schema\/logo\/image\/\"}}]}<\/script>\n<!-- \/ Yoast SEO plugin. -->","yoast_head_json":{"title":"Allgemeine Gesch\u00e4ftsbedingungen - Hochwertige Tablettenpresse-","description":"Allgemeine Gesch\u00e4ftsbedingungen - Kaufen Sie Tablettenpresse Maschine und Ausr\u00fcstung. Konkurrenzf\u00e4higer Preis - Schnelle Lieferzeit - Sichere Zahlung - Strenge Qualit\u00e4t - 24\/7","robots":{"index":"index","follow":"follow","max-snippet":"max-snippet:-1","max-image-preview":"max-image-preview:large","max-video-preview":"max-video-preview:-1"},"canonical":"https:\/\/tabletpress-store.com\/nl\/allgemeine-geschaeftsbedingungen\/","og_locale":"nl_NL","og_type":"article","og_title":"Allgemeine Gesch\u00e4ftsbedingungen - Hochwertige Tablettenpresse-","og_description":"Allgemeine Gesch\u00e4ftsbedingungen - Kaufen Sie Tablettenpresse Maschine und Ausr\u00fcstung. Konkurrenzf\u00e4higer Preis - Schnelle Lieferzeit - Sichere Zahlung - Strenge Qualit\u00e4t - 24\/7","og_url":"https:\/\/tabletpress-store.com\/nl\/allgemeine-geschaeftsbedingungen\/","og_site_name":"Tablettenpressen","article_modified_time":"2024-09-09T18:45:00+00:00","twitter_card":"summary_large_image","twitter_misc":{"Geschatte leestijd":"9 minuten"},"schema":{"@context":"https:\/\/schema.org","@graph":[{"@type":"WebPage","@id":"https:\/\/tabletpress-store.com\/allgemeine-geschaeftsbedingungen\/","url":"https:\/\/tabletpress-store.com\/allgemeine-geschaeftsbedingungen\/","name":"Allgemeine Gesch\u00e4ftsbedingungen - Hochwertige Tablettenpresse-","isPartOf":{"@id":"https:\/\/tabletpress-store.com\/pl\/#website"},"datePublished":"2023-07-15T09:15:12+00:00","dateModified":"2024-09-09T18:45:00+00:00","description":"Allgemeine Gesch\u00e4ftsbedingungen - Kaufen Sie Tablettenpresse Maschine und Ausr\u00fcstung. Konkurrenzf\u00e4higer Preis - Schnelle Lieferzeit - Sichere Zahlung - Strenge Qualit\u00e4t - 24\/7","breadcrumb":{"@id":"https:\/\/tabletpress-store.com\/allgemeine-geschaeftsbedingungen\/#breadcrumb"},"inLanguage":"nl-NL","potentialAction":[{"@type":"ReadAction","target":["https:\/\/tabletpress-store.com\/allgemeine-geschaeftsbedingungen\/"]}]},{"@type":"BreadcrumbList","@id":"https:\/\/tabletpress-store.com\/allgemeine-geschaeftsbedingungen\/#breadcrumb","itemListElement":[{"@type":"ListItem","position":1,"name":"Startseite","item":"https:\/\/tabletpress-store.com\/"},{"@type":"ListItem","position":2,"name":"Allgemeine Gesch\u00e4ftsbedingungen"}]},{"@type":"WebSite","@id":"https:\/\/tabletpress-store.com\/pl\/#website","url":"https:\/\/tabletpress-store.com\/pl\/","name":"Tabletpress Store","description":"Tablettenpressen f\u00fcr die Produktion von Medikamenten oder Supplements","publisher":{"@id":"https:\/\/tabletpress-store.com\/pl\/#organization"},"potentialAction":[{"@type":"SearchAction","target":{"@type":"EntryPoint","urlTemplate":"https:\/\/tabletpress-store.com\/pl\/?s={search_term_string}"},"query-input":"required name=search_term_string"}],"inLanguage":"nl-NL"},{"@type":"Organization","@id":"https:\/\/tabletpress-store.com\/pl\/#organization","name":"Tabletpress Store","url":"https:\/\/tabletpress-store.com\/pl\/","logo":{"@type":"ImageObject","inLanguage":"nl-NL","@id":"https:\/\/tabletpress-store.com\/pl\/#\/schema\/logo\/image\/","url":"https:\/\/tabletpress-store.com\/wp-content\/uploads\/2023\/07\/tablettpress-store-logo.png","contentUrl":"https:\/\/tabletpress-store.com\/wp-content\/uploads\/2023\/07\/tablettpress-store-logo.png","width":1800,"height":1800,"caption":"Tabletpress Store"},"image":{"@id":"https:\/\/tabletpress-store.com\/pl\/#\/schema\/logo\/image\/"}}]}},"_links":{"self":[{"href":"https:\/\/tabletpress-store.com\/nl\/wp-json\/wp\/v2\/pages\/2237","targetHints":{"allow":["GET"]}}],"collection":[{"href":"https:\/\/tabletpress-store.com\/nl\/wp-json\/wp\/v2\/pages"}],"about":[{"href":"https:\/\/tabletpress-store.com\/nl\/wp-json\/wp\/v2\/types\/page"}],"author":[{"embeddable":true,"href":"https:\/\/tabletpress-store.com\/nl\/wp-json\/wp\/v2\/users\/1"}],"replies":[{"embeddable":true,"href":"https:\/\/tabletpress-store.com\/nl\/wp-json\/wp\/v2\/comments?post=2237"}],"version-history":[{"count":4,"href":"https:\/\/tabletpress-store.com\/nl\/wp-json\/wp\/v2\/pages\/2237\/revisions"}],"predecessor-version":[{"id":2363,"href":"https:\/\/tabletpress-store.com\/nl\/wp-json\/wp\/v2\/pages\/2237\/revisions\/2363"}],"wp:attachment":[{"href":"https:\/\/tabletpress-store.com\/nl\/wp-json\/wp\/v2\/media?parent=2237"}],"curies":[{"name":"wp","href":"https:\/\/api.w.org\/{rel}","templated":true}]}}