{"id":73,"date":"2016-06-14T06:15:58","date_gmt":"2016-06-14T06:15:58","guid":{"rendered":"http:\/\/sw-themes.com\/porto_dummy\/?page_id=73"},"modified":"2024-01-09T15:43:20","modified_gmt":"2024-01-09T14:43:20","slug":"kontakt","status":"publish","type":"page","link":"https:\/\/tabletpress-store.com\/nl\/kontakt\/","title":{"rendered":"Contact"},"content":{"rendered":"<section class=\"wpb-content-wrapper\"><div class=\"vc_row wpb_row top-row m-t-md porto-inner-container\"><div class=\"porto-wrap-container container\"><div class=\"row\"><div class=\"vc_column_container col-md-12\"><div class=\"wpb_wrapper vc_column-inner\"><div class=\"porto-u-heading m-b-xxl  wpb_custom_95aa9a11c17ad45cfabaf210d84ee7cc porto-u-9811\"><div class=\"porto-u-main-heading\"><h2   style=\"margin-bottom: 5px;font-size:24px;letter-spacing:-0.025em;\">Contact<\/h2><\/div><div class=\"porto-u-sub-heading\" style=\"font-size:14px;line-height:28px;letter-spacing:-0.025em;\">Heb je vragen over onze producten of wil je een vraag stellen? U kunt ons contactformulier gebruiken of op de volgende manieren contact met ons opnemen:<\/div><style>.porto-u-9811.porto-u-heading{text-align:left}<\/style><\/div><div class=\"vc_row wpb_row vc_inner row\"><div class=\"vc_column_container col-md-4\"><div class=\"wpb_wrapper vc_column-inner\"><div class=\"porto-sicon-box custom-info-1  wpb_custom_6bd3ea43243bb56571d580d187f8d1d7 style_1 top-icon\"><div class=\"porto-sicon-top\"><div class=\"porto-just-icon-wrapper porto-icon none\" style=\"color:#1e73be;font-size:45px;margin-bottom:20px;\"><i class=\"Simple-Line-Icons-pointer\"><\/i><\/div><\/div><div class=\"porto-sicon-header\"><h3 class=\"porto-sicon-title\" style=\"font-weight:700;font-size:20px;line-height:22px;letter-spacing:-0.025em;\">Adres<\/h3><p style=\"font-size:14px;line-height:22px;letter-spacing:-0.025em;\">Ringstra\u00dfe 1, 01968 Senftenberg<\/p><\/div> <!-- header --><\/div><!-- porto-sicon-box --><\/div><\/div><div class=\"vc_column_container col-md-4\"><div class=\"wpb_wrapper vc_column-inner\"><a class=\"porto-sicon-box-link\" href=\"tel:+4916097911653\"><div class=\"porto-sicon-box text-color-body custom-info-1  wpb_custom_6bd3ea43243bb56571d580d187f8d1d7 style_1 top-icon\"><div class=\"porto-sicon-top\"><div class=\"porto-just-icon-wrapper porto-icon none\" style=\"color:#1e73be;font-size:45px;margin-bottom:20px;\"><i class=\"fas fa-mobile-alt\"><\/i><\/div><\/div><div class=\"porto-sicon-header\"><h3 class=\"porto-sicon-title\" style=\"font-weight:700;font-size:20px;line-height:22px;letter-spacing:-0.025em;\">Telefoon<\/h3><p style=\"font-size:14px;line-height:22px;letter-spacing:-0.025em;color:#777777;\">+49 160 979 116 53<\/p><\/div> <!-- header --><\/div><!-- porto-sicon-box --><\/a><\/div><\/div><div class=\"vc_column_container col-md-4\"><div class=\"wpb_wrapper vc_column-inner\"><a class=\"porto-sicon-box-link\" href=\"mailto:info@tabletpress-store.com\"><div class=\"porto-sicon-box text-color-body custom-info-1  wpb_custom_6bd3ea43243bb56571d580d187f8d1d7 style_1 top-icon\"><div class=\"porto-sicon-top\"><div class=\"porto-just-icon-wrapper porto-icon none\" style=\"color:#1e73be;font-size:45px;margin-bottom:20px;\"><i class=\"far fa-envelope\"><\/i><\/div><\/div><div class=\"porto-sicon-header\"><h3 class=\"porto-sicon-title\" style=\"font-weight:700;font-size:20px;line-height:22px;letter-spacing:-0.025em;\">E-Mail<\/h3><p style=\"font-size:14px;line-height:22px;letter-spacing:-0.025em;color:#777777;\">info@tabletpress-store.com<\/p><\/div> <!-- header --><\/div><!-- porto-sicon-box --><\/a><\/div><\/div><\/div><\/div><\/div><div class=\"vc_column_container col-md-12\"><div class=\"wpb_wrapper vc_column-inner\"><div class=\"porto-separator   my-5 pb-3\"><hr class=\"separator-line  align_center\" style=\"background-image: -webkit-linear-gradient(left, transparent, #e7e7e7, transparent); background-image: linear-gradient(to right, transparent, #e7e7e7, transparent);\"><\/div><\/div><\/div><\/div><\/div><\/div><div class=\"vc_row wpb_row top-row m-b-xxl p-b-sm porto-inner-container\"><div class=\"porto-wrap-container container\"><div class=\"row\"><div class=\"vc_column_container col-md-12 col-xl-6 col-lg-6\"><div class=\"wpb_wrapper vc_column-inner\"><h2 style=\"font-size: 24px\" class=\"vc_custom_heading ls-negative-1 vc_custom_1689260931324 align-left\" >Stuur ons een bericht<\/h2><div class=\"wpb_custom_9c3b335856f670235edcfcaf561ac48b\">\n<div class=\"wpcf7 no-js\" id=\"wpcf7-f74-o1\" lang=\"en-US\" dir=\"ltr\" data-wpcf7-id=\"74\">\n<div class=\"screen-reader-response\"><p role=\"status\" aria-live=\"polite\" aria-atomic=\"true\"><\/p> <ul><\/ul><\/div>\n<form action=\"\/nl\/wp-json\/wp\/v2\/pages\/73#wpcf7-f74-o1\" method=\"post\" class=\"wpcf7-form init\" aria-label=\"Contact form\" novalidate=\"novalidate\" data-status=\"init\" data-trp-original-action=\"\/nl\/wp-json\/wp\/v2\/pages\/73#wpcf7-f74-o1\">\n<div style=\"display: none;\">\n<input type=\"hidden\" name=\"_wpcf7\" value=\"74\" \/>\n<input type=\"hidden\" name=\"_wpcf7_version\" value=\"6.0.6\" \/>\n<input type=\"hidden\" name=\"_wpcf7_locale\" value=\"en_US\" \/>\n<input type=\"hidden\" name=\"_wpcf7_unit_tag\" value=\"wpcf7-f74-o1\" \/>\n<input type=\"hidden\" name=\"_wpcf7_container_post\" value=\"0\" \/>\n<input type=\"hidden\" name=\"_wpcf7_posted_data_hash\" value=\"\" \/>\n<input type=\"hidden\" name=\"_wpcf7_recaptcha_response\" value=\"\" \/>\n<\/div>\n<div class=\"row\">\n\t<div class=\"col-lg-12\">\n\t\t<div class=\"form-group\">\n\t\t\t<p><label for=\"contact-name\" class=\"custom-font-family font-weight-medium\">Uw naam <span class=\"text-secondary\">*<\/span><\/label><br \/>\n<span class=\"wpcf7-form-control-wrap\" data-name=\"your-name\"><input size=\"40\" maxlength=\"400\" class=\"wpcf7-form-control wpcf7-text wpcf7-validates-as-required form-control line-height-lg\" id=\"contact-name\" aria-required=\"true\" aria-invalid=\"false\" value=\"\" type=\"text\" name=\"your-name\" \/><\/span>\n\t\t\t<\/p>\n\t\t<\/div>\n\t<\/div>\n\t<div class=\"col-lg-12\">\n\t\t<div class=\"form-group\">\n\t\t\t<p><label for=\"contact-email\" class=\"custom-font-family font-weight-medium\">Uw e-mailadres <span class=\"text-secondary\">*<\/span><\/label><br \/>\n<span class=\"wpcf7-form-control-wrap\" data-name=\"your-email\"><input size=\"40\" maxlength=\"400\" class=\"wpcf7-form-control wpcf7-email wpcf7-validates-as-required wpcf7-text wpcf7-validates-as-email form-control line-height-lg\" id=\"contact-email\" aria-required=\"true\" aria-invalid=\"false\" value=\"\" type=\"email\" name=\"your-email\" \/><\/span>\n\t\t\t<\/p>\n\t\t<\/div>\n\t<\/div>\n\t<div class=\"col-lg-12\">\n\t\t<div class=\"form-group\">\n\t\t\t<p><label for=\"contact-message\" class=\"custom-font-family font-weight-medium\">Uw bericht<\/label><br \/>\n<span class=\"wpcf7-form-control-wrap\" data-name=\"your-message\"><textarea cols=\"40\" rows=\"7\" maxlength=\"2000\" class=\"wpcf7-form-control wpcf7-textarea form-control\" id=\"contact-message\" aria-invalid=\"false\" name=\"your-message\"><\/textarea><\/span>\n\t\t\t<\/p>\n\t\t<\/div>\n\t<\/div>\n\t<div class=\"col-lg-12\">\n\t\t<div class=\"form-group\">\n\t\t\t<p><input class=\"wpcf7-form-control wpcf7-submit has-spinner btn btn-dark btn-lg px-5 p-t-md p-b-md\" type=\"submit\" value=\"VERZENDEN\" \/>\n\t\t\t<\/p>\n\t\t<\/div>\n\t<\/div>\n<\/div><div class=\"wpcf7-response-output\" aria-hidden=\"true\"><\/div>\n<input type=\"hidden\" name=\"trp-form-language\" value=\"nl\"\/><\/form>\n<\/div>\n<\/div><\/div><\/div><div class=\"mt-5 mt-lg-0 vc_column_container col-md-12 col-xl-6 col-lg-6\"><div class=\"wpb_wrapper vc_column-inner\"><h2 style=\"font-size: 24px\" class=\"vc_custom_heading ls-negative-1 mb-2 vc_custom_1689261553005 align-left\" >Veelgestelde vragen \/ FAQ<\/h2><div class=\"porto-faqs porto-faqswc14 wpb_content_element  custom-faq-1\">\r\n\t<div class=\"page-faqs clearfix wpb_custom_90616ef076151305d7e43b041552b6ea\" id=\"porto_faqs_cmkr\">\r\n\r\n\t\t\r\n\t\t\r\n\t\t<div class=\"faq-row faqs-container\">\r\n\t\t\t\r\n<div class=\"faq brand post-29 type-faq status-publish hentry faq_cat-brand\">\r\n\t<section class=\"toggle\">\r\n\t\t<label>Waar is een tabletpers voor nodig?<\/label>\r\n\t\t<div class=\"toggle-content\">\r\n\t\t<h3 class=\"entry-title\" style=\"display: none;\">Waar is een tabletpers voor nodig?<\/h3><span class=\"vcard\" style=\"display: none;\"><span class=\"fn\"><a href=\"https:\/\/tabletpress-store.com\/nl\/author\/recrutis\/\" title=\"Berichten van Recrutis\" rel=\"author\">Recrutis<\/a><\/span><\/span><span class=\"updated\" style=\"display:none\">2023-07-13T17:15:32+02:00<\/span>Eine <strong>Tablettenpresse<\/strong> Een tablettenpers wordt altijd gebruikt als poeder moet worden samengeperst tot tabletten. Meestal gaat het dan om farmaceutische producten. Maar niet alleen geneesmiddelen, ook lifestyleproducten, voedingssupplementen en cosmetica kunnen met een tablettenpers worden verwerkt tot producten voor retailers en eindgebruikers. Het voordeel van een tablettenpers is duidelijk: het garandeert dat de geproduceerde tabletten uniform zijn in grootte, vorm en gewicht - vooral het laatste punt is van het grootste belang als het gaat om de productie van tabletten voor medisch gebruik.\t\t<\/div>\r\n\t<\/section>\r\n<\/div>\r\n\r\n<div class=\"faq design post-28 type-faq status-publish hentry faq_cat-design\">\r\n\t<section class=\"toggle\">\r\n\t\t<label>Hoe worden tabletten geproduceerd in een tablettenpers?<\/label>\r\n\t\t<div class=\"toggle-content\">\r\n\t\t<h3 class=\"entry-title\" style=\"display: none;\">Hoe worden tabletten geproduceerd in een tablettenpers?<\/h3><span class=\"vcard\" style=\"display: none;\"><span class=\"fn\"><a href=\"https:\/\/tabletpress-store.com\/nl\/author\/recrutis\/\" title=\"Berichten van Recrutis\" rel=\"author\">Recrutis<\/a><\/span><\/span><span class=\"updated\" style=\"display:none\">2023-07-13T17:16:54+02:00<\/span>Beim Einsatz einer <strong>Tablettenpresse<\/strong> Bij het gebruik van een tablettenpers is het uitgangsproduct altijd een poeder, ongeacht het eindproduct. Het poeder kan uit verschillende stoffen bestaan. Deze zijn afhankelijk van het doel dat wordt nagestreefd bij het gebruik van de toekomstige tabletten. Naast werkzame stoffen worden er natuurlijk ook hulpstoffen aan het poeder toegevoegd - bijvoorbeeld kleurstoffen, maar ook bindmiddelen en soortgelijke hulpstoffen. Het kant-en-klare poeder wordt vervolgens in de tablettenpers gevuld. De capaciteit van de machine hangt af van de grootte van de tablettenpers. Dit betekent dat hoe groter de machine, hoe meer poeder er kan worden gevuld - en hoe meer tabletten er in \u00e9\u00e9n bewerking kunnen worden geproduceerd. Het poeder wordt dan via een trechter in een matrijs gevoerd, die aan de boven- en onderkant is voorzien van ponsen en het poeder vervolgens in de gewenste vorm perst. Het resultaat is een afgewerkte en duurzame tablet die ook klaar is voor verdere verwerking of verpakking.\t\t<\/div>\r\n\t<\/section>\r\n<\/div>\r\n\r\n<div class=\"faq design post-27 type-faq status-publish hentry faq_cat-design\">\r\n\t<section class=\"toggle\">\r\n\t\t<label>Welke materialen heb ik nodig voor een tabletpers?<\/label>\r\n\t\t<div class=\"toggle-content\">\r\n\t\t<h3 class=\"entry-title\" style=\"display: none;\">Welke materialen heb ik nodig voor een tabletpers?<\/h3><span class=\"vcard\" style=\"display: none;\"><span class=\"fn\"><a href=\"https:\/\/tabletpress-store.com\/nl\/author\/recrutis\/\" title=\"Berichten van Recrutis\" rel=\"author\">Recrutis<\/a><\/span><\/span><span class=\"updated\" style=\"display:none\">2023-07-13T17:17:44+02:00<\/span>Tabletten, die mit einer <strong>Tablettenpresse<\/strong> Tabletten die geproduceerd worden met een tablettenpers bestaan meestal uit korrelig uitgangsmateriaal. Hoe fijner en poedervormiger het poeder, hoe geconcentreerder het eindproduct. Niet elk tablet is echter bedoeld voor gebruik met superfijn poeder - het is de moeite waard om te kijken naar de specifieke vereisten van de machine. Alleen professioneel gebruik garandeert een bevredigend resultaat voor zowel fabrikanten als consumenten. In de regel kunnen ook geen vochtige uitgangsmaterialen worden gebruikt. Ook hier hangt het gebruik en de toelaatbaarheid van het vochtgehalte af van de specifieke tablettenpers. In de context van flexibel gebruik van de tablettenpers is een ander aspect belangrijk voor fabrikanten en producenten: niet alle tablettenpersen laten de keuze tussen puur mechanische handbediening en elektrische bediening voor grootschalige productie. Met een flexibele tablettenpers kan dit van geval tot geval worden aangepast - wat betekent dat de productie op elk moment kan worden aangepast en aangepast zonder productiestilstand en onnodige kosten te veroorzaken.\t\t<\/div>\r\n\t<\/section>\r\n<\/div>\r\n\r\n<div class=\"faq logo post-26 type-faq status-publish hentry faq_cat-logo\">\r\n\t<section class=\"toggle\">\r\n\t\t<label>Welke onderdelen horen bij een tabletpers?<\/label>\r\n\t\t<div class=\"toggle-content\">\r\n\t\t<h3 class=\"entry-title\" style=\"display: none;\">Welke onderdelen horen bij een tabletpers?<\/h3><span class=\"vcard\" style=\"display: none;\"><span class=\"fn\"><a href=\"https:\/\/tabletpress-store.com\/nl\/author\/recrutis\/\" title=\"Berichten van Recrutis\" rel=\"author\">Recrutis<\/a><\/span><\/span><span class=\"updated\" style=\"display:none\">2023-07-13T17:18:15+02:00<\/span>De <strong>Tablettenpresse<\/strong>, vor allem die Ger\u00e4te im industriellen Einsatz, bestehen regelm\u00e4\u00dfig aus den gleichen Komponenten. Dazu geh\u00f6rt zum einen der oben bereits erw\u00e4hnte F\u00fcllraum f\u00fcr das fertig angemischte Pulver, der Trichter, \u00fcber den das Pulver in die Matrize gef\u00fcllt wird und mit den Stempeln \u201ein Form\u201c gebracht wird.\r\n\r\nDamit sind die wesentlichen Komponenten einer Tablettenpresse erfasst \u2013 sowohl f\u00fcr Tablettenpressen, die mechanisch bzw. mit Muskelkraft betrieben werden als auch f\u00fcr die Tablettenpressen, die mit Elektromotor betrieben werden. Das sind in der Regel die Ger\u00e4te, die gro\u00dfe Mengen an Tabletten produzieren k\u00f6nnen und daher auf einen reinen Handbetrieb verzichten.\t\t<\/div>\r\n\t<\/section>\r\n<\/div>\r\n\t\t<\/div>\r\n\r\n\t\t\r\n\t<\/div>\r\n\r\n\t\r\n\t<\/div><\/div><\/div><\/div><\/div><\/div><div class=\"vc_row wpb_row row top-row\"><div class=\"vc_column_container col-md-12\"><div class=\"wpb_wrapper vc_column-inner\">\n\t<div class=\"wpb_raw_code wpb_raw_js\" >\n\t\t<div class=\"wpb_wrapper\">\n\t\t\t<script type=\"application\/ld+json\">\n{\n\t\"@context\": \"http:\/\/schema.org\/\",\n\t\"@type\": \"FAQPage\",\n\t\"mainEntity\": [\n\t\t{\n\t\t\t\"@type\": \"Question\",\n\t\t\t\"name\": \"What is a tablet press needed for?\",\n\t\t\t\"acceptedAnswer\": {\n\t\t\t\t\"@type\": \"Answer\",\n\t\t\t\t\"text\": \"A Tablet Press is always used where powder is to be compressed into tablets. As a rule, these are pharmaceutical products. However, not only medicines, but also lifestyle products, dietary supplements and cosmetics can be turned into products for retailers and end consumers in a tablet press. The advantage of a tablet press is obvious: it guarantees that the tablets produced are uniform in size, shape and also weight - especially the last point is of paramount importance when it comes to the production of tablets for medical use.\"\n\t\t\t}\n\t\t},\n\t\t{\n\t\t\t\"@type\": \"Question\",\n\t\t\t\"name\": \"How are tablets made in a tablet press?\",\n\t\t\t\"acceptedAnswer\": {\n\t\t\t\t\"@type\": \"Answer\",\n\t\t\t\t\"text\": \"When using a tablet press, the starting product is always a powder - and this is completely independent of the final product in which it is to be used afterwards. The powder can consist of various substances. These depend on the objective that will be pursued in the use of the future tablets. In addition to active substances, of course, excipients are also added to the powder - for example, colorants, but also binders and similar excipients. The ready mixed powder is then filled into the tablet press. Depending on the size of the tablet press, the capacity of the machine is also aligned. This means: The larger the machine, the more powder can be filled - and the more tablets can be produced in one operation. The powder is then fed via a hopper into a die, which is fitted with punches from above and below and then presses the powder into the desired shape. The result is a finished and durable tablet that is also ready for further processing or packaging.\"\n\t\t\t}\n\t\t},\n\t\t{\n\t\t\t\"@type\": \"Question\",\n\t\t\t\"name\": \"What materials do I need for a tablet press?\",\n\t\t\t\"acceptedAnswer\": {\n\t\t\t\t\"@type\": \"Answer\",\n\t\t\t\t\"text\": \"Tablets produced with a tablet press usually consist of granular starting material. The finer and more powdery the powder, the more concentrated the end product. However, not every tablet is also intended for use with superfine powder - here it is worth taking a look at the specific requirements of the machine. Only professional use guarantees a satisfactory result for manufacturers and also for consumers. Moist starting materials cannot be used either. Here, too, the use and permissibility of the moisture contained depends on the specific tablet press. In the context of flexible use of the tablet press, another aspect is of concern to manufacturers and producers: not all tablet presses allow the choice between purely mechanical manual operation and electrical operation in the context of large-scale production. In the case of a flexible tablet press, this can certainly be set on a case-by-case basis - so production can be customized and individually adapted at any time without causing production downtime and unnecessary costs.\"\n\t\t\t}\n\t\t},\n\t\t{\n\t\t\t\"@type\": \"Question\",\n\t\t\t\"name\": \"What are the components of a tablet press?\",\n\t\t\t\"acceptedAnswer\": {\n\t\t\t\t\"@type\": \"Answer\",\n\t\t\t\t\"text\": \"The tablet press, especially the devices in industrial use, regularly consist of the same components. These include, on the one hand, the filling chamber for the ready-mixed powder, already mentioned above, the hopper through which the powder is filled into the die and brought into shape with the punches. This covers the essential components of a tablet press - both for tablet presses that are operated mechanically or with muscle power and for tablet presses that are operated with an electric motor. These are usually the devices that can produce large quantities of tablets and therefore dispense with purely manual operation.\"\n\t\t\t}\n\t\t}\n\t]\n}\n<\/script>\n\t\t<\/div>\n\t<\/div>\n<\/div><\/div><\/div>\n<\/section>","protected":false},"excerpt":{"rendered":"Die Tablettenpresse, vor allem die Ger\u00e4te im industriellen Einsatz, bestehen regelm\u00e4\u00dfig aus den gleichen Komponenten. Dazu geh\u00f6rt zum einen der oben bereits erw\u00e4hnte F\u00fcllraum f\u00fcr das fertig angemischte Pulver, der Trichter, \u00fcber den das Pulver in die Matrize gef\u00fcllt wird und mit den Stempeln \u201ein Form\u201c gebracht wird. Damit sind die wesentlichen Komponenten einer Tablettenpresse [...]","protected":false},"author":1,"featured_media":0,"parent":0,"menu_order":0,"comment_status":"closed","ping_status":"closed","template":"","meta":{"footnotes":""},"class_list":["post-73","page","type-page","status-publish","hentry"],"yoast_head":"<!-- This site is optimized with the Yoast SEO plugin v23.3 - https:\/\/yoast.com\/wordpress\/plugins\/seo\/ -->\n<title>Kontakte - Hochwertige Tablettenpresse - Tabletpress Store<\/title>\n<meta name=\"description\" content=\"Kontakt - Kaufen Sie Tablettenpresse Maschine und Ausr\u00fcstung. Konkurrenzf\u00e4higer Preis - Schnelle Lieferzeit - Sichere Zahlung - Strenge Qualit\u00e4t - 24\/7\" \/>\n<meta name=\"robots\" content=\"index, follow, max-snippet:-1, max-image-preview:large, max-video-preview:-1\" \/>\n<link rel=\"canonical\" href=\"https:\/\/tabletpress-store.com\/nl\/kontakt\/\" \/>\n<meta property=\"og:locale\" content=\"nl_NL\" \/>\n<meta property=\"og:type\" content=\"article\" \/>\n<meta property=\"og:title\" content=\"Kontakte - Hochwertige Tablettenpresse - Tabletpress Store\" \/>\n<meta property=\"og:description\" content=\"Kontakt - Kaufen Sie Tablettenpresse Maschine und Ausr\u00fcstung. Konkurrenzf\u00e4higer Preis - Schnelle Lieferzeit - Sichere Zahlung - Strenge Qualit\u00e4t - 24\/7\" \/>\n<meta property=\"og:url\" content=\"https:\/\/tabletpress-store.com\/nl\/kontakt\/\" \/>\n<meta property=\"og:site_name\" content=\"Tablettenpressen\" \/>\n<meta property=\"article:modified_time\" content=\"2024-01-09T14:43:20+00:00\" \/>\n<meta name=\"twitter:card\" content=\"summary_large_image\" \/>\n<meta name=\"twitter:label1\" content=\"Geschatte leestijd\" \/>\n\t<meta name=\"twitter:data1\" content=\"1 minuut\" \/>\n<script type=\"application\/ld+json\" class=\"yoast-schema-graph\">{\"@context\":\"https:\/\/schema.org\",\"@graph\":[{\"@type\":\"WebPage\",\"@id\":\"https:\/\/tabletpress-store.com\/kontakt\/\",\"url\":\"https:\/\/tabletpress-store.com\/kontakt\/\",\"name\":\"Kontakte - Hochwertige Tablettenpresse - Tabletpress Store\",\"isPartOf\":{\"@id\":\"https:\/\/tabletpress-store.com\/pl\/#website\"},\"datePublished\":\"2016-06-14T06:15:58+00:00\",\"dateModified\":\"2024-01-09T14:43:20+00:00\",\"description\":\"Kontakt - Kaufen Sie Tablettenpresse Maschine und Ausr\u00fcstung. Konkurrenzf\u00e4higer Preis - Schnelle Lieferzeit - Sichere Zahlung - Strenge Qualit\u00e4t - 24\/7\",\"breadcrumb\":{\"@id\":\"https:\/\/tabletpress-store.com\/kontakt\/#breadcrumb\"},\"inLanguage\":\"nl-NL\",\"potentialAction\":[{\"@type\":\"ReadAction\",\"target\":[\"https:\/\/tabletpress-store.com\/kontakt\/\"]}]},{\"@type\":\"BreadcrumbList\",\"@id\":\"https:\/\/tabletpress-store.com\/kontakt\/#breadcrumb\",\"itemListElement\":[{\"@type\":\"ListItem\",\"position\":1,\"name\":\"Startseite\",\"item\":\"https:\/\/tabletpress-store.com\/\"},{\"@type\":\"ListItem\",\"position\":2,\"name\":\"Kontakt\"}]},{\"@type\":\"WebSite\",\"@id\":\"https:\/\/tabletpress-store.com\/pl\/#website\",\"url\":\"https:\/\/tabletpress-store.com\/pl\/\",\"name\":\"Tabletpress Store\",\"description\":\"Tablettenpressen f\u00fcr die Produktion von Medikamenten oder Supplements\",\"publisher\":{\"@id\":\"https:\/\/tabletpress-store.com\/pl\/#organization\"},\"potentialAction\":[{\"@type\":\"SearchAction\",\"target\":{\"@type\":\"EntryPoint\",\"urlTemplate\":\"https:\/\/tabletpress-store.com\/pl\/?s={search_term_string}\"},\"query-input\":\"required name=search_term_string\"}],\"inLanguage\":\"nl-NL\"},{\"@type\":\"Organization\",\"@id\":\"https:\/\/tabletpress-store.com\/pl\/#organization\",\"name\":\"Tabletpress Store\",\"url\":\"https:\/\/tabletpress-store.com\/pl\/\",\"logo\":{\"@type\":\"ImageObject\",\"inLanguage\":\"nl-NL\",\"@id\":\"https:\/\/tabletpress-store.com\/pl\/#\/schema\/logo\/image\/\",\"url\":\"https:\/\/tabletpress-store.com\/wp-content\/uploads\/2023\/07\/tablettpress-store-logo.png\",\"contentUrl\":\"https:\/\/tabletpress-store.com\/wp-content\/uploads\/2023\/07\/tablettpress-store-logo.png\",\"width\":1800,\"height\":1800,\"caption\":\"Tabletpress Store\"},\"image\":{\"@id\":\"https:\/\/tabletpress-store.com\/pl\/#\/schema\/logo\/image\/\"}}]}<\/script>\n<!-- \/ Yoast SEO plugin. -->","yoast_head_json":{"title":"Kontakte - Hochwertige Tablettenpresse - Tabletpress Store","description":"Kontakt - Kaufen Sie Tablettenpresse Maschine und Ausr\u00fcstung. Konkurrenzf\u00e4higer Preis - Schnelle Lieferzeit - Sichere Zahlung - Strenge Qualit\u00e4t - 24\/7","robots":{"index":"index","follow":"follow","max-snippet":"max-snippet:-1","max-image-preview":"max-image-preview:large","max-video-preview":"max-video-preview:-1"},"canonical":"https:\/\/tabletpress-store.com\/nl\/kontakt\/","og_locale":"nl_NL","og_type":"article","og_title":"Kontakte - Hochwertige Tablettenpresse - Tabletpress Store","og_description":"Kontakt - Kaufen Sie Tablettenpresse Maschine und Ausr\u00fcstung. Konkurrenzf\u00e4higer Preis - Schnelle Lieferzeit - Sichere Zahlung - Strenge Qualit\u00e4t - 24\/7","og_url":"https:\/\/tabletpress-store.com\/nl\/kontakt\/","og_site_name":"Tablettenpressen","article_modified_time":"2024-01-09T14:43:20+00:00","twitter_card":"summary_large_image","twitter_misc":{"Geschatte leestijd":"1 minuut"},"schema":{"@context":"https:\/\/schema.org","@graph":[{"@type":"WebPage","@id":"https:\/\/tabletpress-store.com\/kontakt\/","url":"https:\/\/tabletpress-store.com\/kontakt\/","name":"Kontakte - Hochwertige Tablettenpresse - Tabletpress Store","isPartOf":{"@id":"https:\/\/tabletpress-store.com\/pl\/#website"},"datePublished":"2016-06-14T06:15:58+00:00","dateModified":"2024-01-09T14:43:20+00:00","description":"Kontakt - Kaufen Sie Tablettenpresse Maschine und Ausr\u00fcstung. Konkurrenzf\u00e4higer Preis - Schnelle Lieferzeit - Sichere Zahlung - Strenge Qualit\u00e4t - 24\/7","breadcrumb":{"@id":"https:\/\/tabletpress-store.com\/kontakt\/#breadcrumb"},"inLanguage":"nl-NL","potentialAction":[{"@type":"ReadAction","target":["https:\/\/tabletpress-store.com\/kontakt\/"]}]},{"@type":"BreadcrumbList","@id":"https:\/\/tabletpress-store.com\/kontakt\/#breadcrumb","itemListElement":[{"@type":"ListItem","position":1,"name":"Startseite","item":"https:\/\/tabletpress-store.com\/"},{"@type":"ListItem","position":2,"name":"Kontakt"}]},{"@type":"WebSite","@id":"https:\/\/tabletpress-store.com\/pl\/#website","url":"https:\/\/tabletpress-store.com\/pl\/","name":"Tabletpress Store","description":"Tablettenpressen f\u00fcr die Produktion von Medikamenten oder Supplements","publisher":{"@id":"https:\/\/tabletpress-store.com\/pl\/#organization"},"potentialAction":[{"@type":"SearchAction","target":{"@type":"EntryPoint","urlTemplate":"https:\/\/tabletpress-store.com\/pl\/?s={search_term_string}"},"query-input":"required name=search_term_string"}],"inLanguage":"nl-NL"},{"@type":"Organization","@id":"https:\/\/tabletpress-store.com\/pl\/#organization","name":"Tabletpress Store","url":"https:\/\/tabletpress-store.com\/pl\/","logo":{"@type":"ImageObject","inLanguage":"nl-NL","@id":"https:\/\/tabletpress-store.com\/pl\/#\/schema\/logo\/image\/","url":"https:\/\/tabletpress-store.com\/wp-content\/uploads\/2023\/07\/tablettpress-store-logo.png","contentUrl":"https:\/\/tabletpress-store.com\/wp-content\/uploads\/2023\/07\/tablettpress-store-logo.png","width":1800,"height":1800,"caption":"Tabletpress Store"},"image":{"@id":"https:\/\/tabletpress-store.com\/pl\/#\/schema\/logo\/image\/"}}]}},"_links":{"self":[{"href":"https:\/\/tabletpress-store.com\/nl\/wp-json\/wp\/v2\/pages\/73","targetHints":{"allow":["GET"]}}],"collection":[{"href":"https:\/\/tabletpress-store.com\/nl\/wp-json\/wp\/v2\/pages"}],"about":[{"href":"https:\/\/tabletpress-store.com\/nl\/wp-json\/wp\/v2\/types\/page"}],"author":[{"embeddable":true,"href":"https:\/\/tabletpress-store.com\/nl\/wp-json\/wp\/v2\/users\/1"}],"replies":[{"embeddable":true,"href":"https:\/\/tabletpress-store.com\/nl\/wp-json\/wp\/v2\/comments?post=73"}],"version-history":[{"count":14,"href":"https:\/\/tabletpress-store.com\/nl\/wp-json\/wp\/v2\/pages\/73\/revisions"}],"predecessor-version":[{"id":2365,"href":"https:\/\/tabletpress-store.com\/nl\/wp-json\/wp\/v2\/pages\/73\/revisions\/2365"}],"wp:attachment":[{"href":"https:\/\/tabletpress-store.com\/nl\/wp-json\/wp\/v2\/media?parent=73"}],"curies":[{"name":"wp","href":"https:\/\/api.w.org\/{rel}","templated":true}]}}