{"id":2250,"date":"2023-07-15T13:13:18","date_gmt":"2023-07-15T11:13:18","guid":{"rendered":"https:\/\/tabletpress-store.com\/?post_type=product&#038;p=2250"},"modified":"2026-03-18T09:33:47","modified_gmt":"2026-03-18T08:33:47","slug":"tdp-6-single-punch-tablet-press","status":"publish","type":"product","link":"https:\/\/tabletpress-store.com\/nl\/product\/tdp-6-single-punch-tablet-press\/","title":{"rendered":"TDP-6 Einzelstempel-Tablettenpresse"},"content":{"rendered":"<p><img loading=\"lazy\" decoding=\"async\" class=\"alignnone size-medium wp-image-2299\" src=\"https:\/\/tabletpress-store.com\/wp-content\/uploads\/2023\/07\/TDP-6-2-300x200.jpg\" alt=\"\" width=\"300\" height=\"200\" \/><\/p>","protected":false},"excerpt":{"rendered":"<p><strong>We kunnen tabletpersmachines leveren aan Polen, Nederland, Frankrijk, Duitsland, Tsjechi\u00eb<\/strong><\/p>\n<p style=\"text-align: justify;\" class=\"translation-block\">De <strong>TDP-6 Enkelvoudige Tablettenpers<\/strong> is een automatische tablettenpers. Hij is uitgerust met een krachtige motor en is bijzonder geschikt voor onregelmatige tabletvormen.<\/p>\n<p style=\"text-align: justify;\">De TDP-6 Tablettenpers met enkele perforatie is gebaseerd op de TDP-5 Tablettenpers met enkele perforatie, maar overtuigt gebruikers met een verbeterd aandrijfmechanisme, een krachtigere motor en een hogere maximale druk bij de tabletproductie.<\/p>\n<p style=\"text-align: justify;\">Ophalen in Duitsland is mogelijk op afspraak en voor een meerprijs kan ik de machine bij je thuis brengen, onder rembours. Neem gerust contact met ons op via het volgende telefoonnummer <a href=\"tel:4916097911653\"><strong>+49 (0) 160 979 116 53<\/strong><\/a>\u00a0by phone call or WhatsApp.<\/p>\n<p>Je kunt de pers ophalen in ons voorraadhuis in Duitsland. Daarnaast kunnen we de pers ook onder rembours bij je bedrijf of thuis afleveren in alle EU-landen. Neem gerust contact met ons op via WhatsApp op het nummer +49(0)160 979 116 53 of bel ons op.<\/p>","protected":false},"featured_media":2299,"template":"","meta":[],"product_brand":[],"product_cat":[15],"product_tag":[],"class_list":{"0":"post-2250","1":"product","2":"type-product","3":"status-publish","4":"has-post-thumbnail","6":"product_cat-tablettenpressen","8":"first","9":"instock","10":"taxable","11":"shipping-taxable","12":"purchasable","13":"product-type-simple"},"yoast_head":"<!-- This site is optimized with the Yoast SEO plugin v23.3 - https:\/\/yoast.com\/wordpress\/plugins\/seo\/ -->\n<title>TDP-6 Single Punch Tablet Press - Hochwertige Tablettenpresse- Tabletpress Store<\/title>\n<meta name=\"description\" content=\"TDP-6 Single Punch Tablet Press - Prod\u00e1m stroj a za\u0159\u00edzen\u00ed na lisov\u00e1n\u00ed tablet. Nab\u00edz\u00edm konkurenceschopnou cenu, rychl\u00e9 dod\u00e1n\u00ed, bezpe\u010dnou platbu, p\u0159\u00edsnou kontrolu kvality a 24\/7 podporu pro spolehlivou v\u00fdrobu tablet.\" \/>\n<meta name=\"robots\" content=\"index, follow, max-snippet:-1, max-image-preview:large, max-video-preview:-1\" \/>\n<link rel=\"canonical\" href=\"https:\/\/tabletpress-store.com\/nl\/product\/tdp-6-single-punch-tablet-press\/\" \/>\n<meta property=\"og:locale\" content=\"nl_NL\" \/>\n<meta property=\"og:type\" content=\"article\" \/>\n<meta property=\"og:title\" content=\"TDP-6 Single Punch Tablet Press - Hochwertige Tablettenpresse- Tabletpress Store\" \/>\n<meta property=\"og:description\" content=\"TDP-6 Single Punch Tablet Press - Prod\u00e1m stroj a za\u0159\u00edzen\u00ed na lisov\u00e1n\u00ed tablet. Nab\u00edz\u00edm konkurenceschopnou cenu, rychl\u00e9 dod\u00e1n\u00ed, bezpe\u010dnou platbu, p\u0159\u00edsnou kontrolu kvality a 24\/7 podporu pro spolehlivou v\u00fdrobu tablet.\" \/>\n<meta property=\"og:url\" content=\"https:\/\/tabletpress-store.com\/nl\/product\/tdp-6-single-punch-tablet-press\/\" \/>\n<meta property=\"og:site_name\" content=\"Tablettenpressen\" \/>\n<meta property=\"article:modified_time\" content=\"2026-03-18T08:33:47+00:00\" \/>\n<meta property=\"og:image\" content=\"https:\/\/tabletpress-store.com\/wp-content\/uploads\/2023\/07\/TDP-6-2.jpg\" \/>\n\t<meta property=\"og:image:width\" content=\"800\" \/>\n\t<meta property=\"og:image:height\" content=\"533\" \/>\n\t<meta property=\"og:image:type\" content=\"image\/jpeg\" \/>\n<meta name=\"twitter:card\" content=\"summary_large_image\" \/>\n<meta name=\"twitter:label1\" content=\"Geschatte leestijd\" \/>\n\t<meta name=\"twitter:data1\" content=\"1 minuut\" \/>\n<script type=\"application\/ld+json\" class=\"yoast-schema-graph\">{\"@context\":\"https:\/\/schema.org\",\"@graph\":[{\"@type\":\"WebPage\",\"@id\":\"https:\/\/tabletpress-store.com\/produkt\/tdp-6-single-punch-tablet-press\/\",\"url\":\"https:\/\/tabletpress-store.com\/produkt\/tdp-6-single-punch-tablet-press\/\",\"name\":\"TDP-6 Single Punch Tablet Press - Hochwertige Tablettenpresse- Tabletpress Store\",\"isPartOf\":{\"@id\":\"https:\/\/tabletpress-store.com\/pl\/#website\"},\"primaryImageOfPage\":{\"@id\":\"https:\/\/tabletpress-store.com\/produkt\/tdp-6-single-punch-tablet-press\/#primaryimage\"},\"image\":{\"@id\":\"https:\/\/tabletpress-store.com\/produkt\/tdp-6-single-punch-tablet-press\/#primaryimage\"},\"thumbnailUrl\":\"https:\/\/tabletpress-store.com\/wp-content\/uploads\/2023\/07\/TDP-6-2.jpg\",\"datePublished\":\"2023-07-15T11:13:18+00:00\",\"dateModified\":\"2026-03-18T08:33:47+00:00\",\"description\":\"TDP-6 Single Punch Tablet Press - Prod\u00e1m stroj a za\u0159\u00edzen\u00ed na lisov\u00e1n\u00ed tablet. Nab\u00edz\u00edm konkurenceschopnou cenu, rychl\u00e9 dod\u00e1n\u00ed, bezpe\u010dnou platbu, p\u0159\u00edsnou kontrolu kvality a 24\/7 podporu pro spolehlivou v\u00fdrobu tablet.\",\"breadcrumb\":{\"@id\":\"https:\/\/tabletpress-store.com\/produkt\/tdp-6-single-punch-tablet-press\/#breadcrumb\"},\"inLanguage\":\"nl-NL\",\"potentialAction\":[{\"@type\":\"ReadAction\",\"target\":[\"https:\/\/tabletpress-store.com\/produkt\/tdp-6-single-punch-tablet-press\/\"]}]},{\"@type\":\"ImageObject\",\"inLanguage\":\"nl-NL\",\"@id\":\"https:\/\/tabletpress-store.com\/produkt\/tdp-6-single-punch-tablet-press\/#primaryimage\",\"url\":\"https:\/\/tabletpress-store.com\/wp-content\/uploads\/2023\/07\/TDP-6-2.jpg\",\"contentUrl\":\"https:\/\/tabletpress-store.com\/wp-content\/uploads\/2023\/07\/TDP-6-2.jpg\",\"width\":800,\"height\":533,\"caption\":\"tablet press machine\"},{\"@type\":\"BreadcrumbList\",\"@id\":\"https:\/\/tabletpress-store.com\/produkt\/tdp-6-single-punch-tablet-press\/#breadcrumb\",\"itemListElement\":[{\"@type\":\"ListItem\",\"position\":1,\"name\":\"Startseite\",\"item\":\"https:\/\/tabletpress-store.com\/\"},{\"@type\":\"ListItem\",\"position\":2,\"name\":\"Shop\",\"item\":\"https:\/\/tabletpress-store.com\/shop\/\"},{\"@type\":\"ListItem\",\"position\":3,\"name\":\"TDP-6 Single Punch Tablet Press\"}]},{\"@type\":\"WebSite\",\"@id\":\"https:\/\/tabletpress-store.com\/pl\/#website\",\"url\":\"https:\/\/tabletpress-store.com\/pl\/\",\"name\":\"Tabletpress Store\",\"description\":\"Tablettenpressen f\u00fcr die Produktion von Medikamenten oder Supplements\",\"publisher\":{\"@id\":\"https:\/\/tabletpress-store.com\/pl\/#organization\"},\"potentialAction\":[{\"@type\":\"SearchAction\",\"target\":{\"@type\":\"EntryPoint\",\"urlTemplate\":\"https:\/\/tabletpress-store.com\/pl\/?s={search_term_string}\"},\"query-input\":\"required name=search_term_string\"}],\"inLanguage\":\"nl-NL\"},{\"@type\":\"Organization\",\"@id\":\"https:\/\/tabletpress-store.com\/pl\/#organization\",\"name\":\"Tabletpress Store\",\"url\":\"https:\/\/tabletpress-store.com\/pl\/\",\"logo\":{\"@type\":\"ImageObject\",\"inLanguage\":\"nl-NL\",\"@id\":\"https:\/\/tabletpress-store.com\/pl\/#\/schema\/logo\/image\/\",\"url\":\"https:\/\/tabletpress-store.com\/wp-content\/uploads\/2023\/07\/tablettpress-store-logo.png\",\"contentUrl\":\"https:\/\/tabletpress-store.com\/wp-content\/uploads\/2023\/07\/tablettpress-store-logo.png\",\"width\":1800,\"height\":1800,\"caption\":\"Tabletpress Store\"},\"image\":{\"@id\":\"https:\/\/tabletpress-store.com\/pl\/#\/schema\/logo\/image\/\"}}]}<\/script>\n<!-- \/ Yoast SEO plugin. -->","yoast_head_json":{"title":"TDP-6 Single Punch Tablet Press - Hochwertige Tablettenpresse- Tabletpress Store","description":"TDP-6 Single Punch Tablet Press - Prod\u00e1m stroj a za\u0159\u00edzen\u00ed na lisov\u00e1n\u00ed tablet. Nab\u00edz\u00edm konkurenceschopnou cenu, rychl\u00e9 dod\u00e1n\u00ed, bezpe\u010dnou platbu, p\u0159\u00edsnou kontrolu kvality a 24\/7 podporu pro spolehlivou v\u00fdrobu tablet.","robots":{"index":"index","follow":"follow","max-snippet":"max-snippet:-1","max-image-preview":"max-image-preview:large","max-video-preview":"max-video-preview:-1"},"canonical":"https:\/\/tabletpress-store.com\/nl\/product\/tdp-6-single-punch-tablet-press\/","og_locale":"nl_NL","og_type":"article","og_title":"TDP-6 Single Punch Tablet Press - Hochwertige Tablettenpresse- Tabletpress Store","og_description":"TDP-6 Single Punch Tablet Press - Prod\u00e1m stroj a za\u0159\u00edzen\u00ed na lisov\u00e1n\u00ed tablet. Nab\u00edz\u00edm konkurenceschopnou cenu, rychl\u00e9 dod\u00e1n\u00ed, bezpe\u010dnou platbu, p\u0159\u00edsnou kontrolu kvality a 24\/7 podporu pro spolehlivou v\u00fdrobu tablet.","og_url":"https:\/\/tabletpress-store.com\/nl\/product\/tdp-6-single-punch-tablet-press\/","og_site_name":"Tablettenpressen","article_modified_time":"2026-03-18T08:33:47+00:00","og_image":[{"width":800,"height":533,"url":"https:\/\/tabletpress-store.com\/wp-content\/uploads\/2023\/07\/TDP-6-2.jpg","type":"image\/jpeg"}],"twitter_card":"summary_large_image","twitter_misc":{"Geschatte leestijd":"1 minuut"},"schema":{"@context":"https:\/\/schema.org","@graph":[{"@type":"WebPage","@id":"https:\/\/tabletpress-store.com\/produkt\/tdp-6-single-punch-tablet-press\/","url":"https:\/\/tabletpress-store.com\/produkt\/tdp-6-single-punch-tablet-press\/","name":"TDP-6 Single Punch Tablet Press - Hochwertige Tablettenpresse- Tabletpress Store","isPartOf":{"@id":"https:\/\/tabletpress-store.com\/pl\/#website"},"primaryImageOfPage":{"@id":"https:\/\/tabletpress-store.com\/produkt\/tdp-6-single-punch-tablet-press\/#primaryimage"},"image":{"@id":"https:\/\/tabletpress-store.com\/produkt\/tdp-6-single-punch-tablet-press\/#primaryimage"},"thumbnailUrl":"https:\/\/tabletpress-store.com\/wp-content\/uploads\/2023\/07\/TDP-6-2.jpg","datePublished":"2023-07-15T11:13:18+00:00","dateModified":"2026-03-18T08:33:47+00:00","description":"TDP-6 Single Punch Tablet Press - Prod\u00e1m stroj a za\u0159\u00edzen\u00ed na lisov\u00e1n\u00ed tablet. Nab\u00edz\u00edm konkurenceschopnou cenu, rychl\u00e9 dod\u00e1n\u00ed, bezpe\u010dnou platbu, p\u0159\u00edsnou kontrolu kvality a 24\/7 podporu pro spolehlivou v\u00fdrobu tablet.","breadcrumb":{"@id":"https:\/\/tabletpress-store.com\/produkt\/tdp-6-single-punch-tablet-press\/#breadcrumb"},"inLanguage":"nl-NL","potentialAction":[{"@type":"ReadAction","target":["https:\/\/tabletpress-store.com\/produkt\/tdp-6-single-punch-tablet-press\/"]}]},{"@type":"ImageObject","inLanguage":"nl-NL","@id":"https:\/\/tabletpress-store.com\/produkt\/tdp-6-single-punch-tablet-press\/#primaryimage","url":"https:\/\/tabletpress-store.com\/wp-content\/uploads\/2023\/07\/TDP-6-2.jpg","contentUrl":"https:\/\/tabletpress-store.com\/wp-content\/uploads\/2023\/07\/TDP-6-2.jpg","width":800,"height":533,"caption":"tablet press machine"},{"@type":"BreadcrumbList","@id":"https:\/\/tabletpress-store.com\/produkt\/tdp-6-single-punch-tablet-press\/#breadcrumb","itemListElement":[{"@type":"ListItem","position":1,"name":"Startseite","item":"https:\/\/tabletpress-store.com\/"},{"@type":"ListItem","position":2,"name":"Shop","item":"https:\/\/tabletpress-store.com\/shop\/"},{"@type":"ListItem","position":3,"name":"TDP-6 Single Punch Tablet Press"}]},{"@type":"WebSite","@id":"https:\/\/tabletpress-store.com\/pl\/#website","url":"https:\/\/tabletpress-store.com\/pl\/","name":"Tabletpress Store","description":"Tablettenpressen f\u00fcr die Produktion von Medikamenten oder Supplements","publisher":{"@id":"https:\/\/tabletpress-store.com\/pl\/#organization"},"potentialAction":[{"@type":"SearchAction","target":{"@type":"EntryPoint","urlTemplate":"https:\/\/tabletpress-store.com\/pl\/?s={search_term_string}"},"query-input":"required name=search_term_string"}],"inLanguage":"nl-NL"},{"@type":"Organization","@id":"https:\/\/tabletpress-store.com\/pl\/#organization","name":"Tabletpress Store","url":"https:\/\/tabletpress-store.com\/pl\/","logo":{"@type":"ImageObject","inLanguage":"nl-NL","@id":"https:\/\/tabletpress-store.com\/pl\/#\/schema\/logo\/image\/","url":"https:\/\/tabletpress-store.com\/wp-content\/uploads\/2023\/07\/tablettpress-store-logo.png","contentUrl":"https:\/\/tabletpress-store.com\/wp-content\/uploads\/2023\/07\/tablettpress-store-logo.png","width":1800,"height":1800,"caption":"Tabletpress Store"},"image":{"@id":"https:\/\/tabletpress-store.com\/pl\/#\/schema\/logo\/image\/"}}]}},"_links":{"self":[{"href":"https:\/\/tabletpress-store.com\/nl\/wp-json\/wp\/v2\/product\/2250","targetHints":{"allow":["GET"]}}],"collection":[{"href":"https:\/\/tabletpress-store.com\/nl\/wp-json\/wp\/v2\/product"}],"about":[{"href":"https:\/\/tabletpress-store.com\/nl\/wp-json\/wp\/v2\/types\/product"}],"wp:featuredmedia":[{"embeddable":true,"href":"https:\/\/tabletpress-store.com\/nl\/wp-json\/wp\/v2\/media\/2299"}],"wp:attachment":[{"href":"https:\/\/tabletpress-store.com\/nl\/wp-json\/wp\/v2\/media?parent=2250"}],"wp:term":[{"taxonomy":"product_brand","embeddable":true,"href":"https:\/\/tabletpress-store.com\/nl\/wp-json\/wp\/v2\/product_brand?post=2250"},{"taxonomy":"product_cat","embeddable":true,"href":"https:\/\/tabletpress-store.com\/nl\/wp-json\/wp\/v2\/product_cat?post=2250"},{"taxonomy":"product_tag","embeddable":true,"href":"https:\/\/tabletpress-store.com\/nl\/wp-json\/wp\/v2\/product_tag?post=2250"}],"curies":[{"name":"wp","href":"https:\/\/api.w.org\/{rel}","templated":true}]}}