{"id":2267,"date":"2023-07-16T14:29:36","date_gmt":"2023-07-16T12:29:36","guid":{"rendered":"https:\/\/tabletpress-store.com\/?post_type=product&#038;p=2267"},"modified":"2025-10-06T11:25:13","modified_gmt":"2025-10-06T09:25:13","slug":"zp-10b-rotary-tablet-press","status":"publish","type":"product","link":"https:\/\/tabletpress-store.com\/nl\/product\/zp-10b-rotary-tablet-press\/","title":{"rendered":"ZP-10B Rundlauf-Tablettenpresse"},"content":{"rendered":"","protected":false},"excerpt":{"rendered":"<p><strong><strong>We kunnen tabletpersmachines leveren aan Polen, Nederland, Frankrijk, Duitsland, Tsjechi\u00eb<\/strong><\/strong><\/p>\n<p style=\"text-align: justify;\" class=\"translation-block\">De <strong>ZP-10\/12B Roterende Tablettenpers<\/strong> is - zoals de naam al doet vermoeden - een krachtige roterende tablettenpers waarmee de gebruiker snel en effici\u00ebnt grote hoeveelheden tabletten van hoge kwaliteit kan produceren.<\/p>\n<p style=\"text-align: justify;\">De geavanceerde functies van de ZP-10\/12B Roterende Tablettenpers omvatten een digitale interface en een uiterst handig bedieningspaneel. Samen maken ze het de operator gemakkelijk om de machine te gebruiken zonder tijdrovende en omslachtige handmatige aanpassingen aan bouten en schroeven.<\/p>\n<p style=\"text-align: justify;\">Ophalen in Duitsland is mogelijk op afspraak en voor een meerprijs kan ik de machine bij je thuis brengen, onder rembours. Neem gerust contact met ons op via het volgende telefoonnummer <a href=\"tel:4916097911653\"><strong>+49 (0) 160 979 116 53<\/strong><\/a>\u00a0by phone call or WhatsApp.<\/p>\n<p>Je kunt de pers ophalen in ons voorraadhuis in Duitsland. Daarnaast kunnen we de pers ook onder rembours bij je bedrijf of thuis afleveren in alle EU-landen. Neem gerust contact met ons op via WhatsApp op het nummer +49(0)160 979 116 53 of bel ons op.<\/p>","protected":false},"featured_media":2270,"template":"","meta":[],"product_brand":[],"product_cat":[15],"product_tag":[],"class_list":{"0":"post-2267","1":"product","2":"type-product","3":"status-publish","4":"has-post-thumbnail","6":"product_cat-tablettenpressen","8":"first","9":"instock","10":"taxable","11":"shipping-taxable","12":"purchasable","13":"product-type-simple"},"yoast_head":"<!-- This site is optimized with the Yoast SEO plugin v23.3 - https:\/\/yoast.com\/wordpress\/plugins\/seo\/ -->\n<title>ZP-10B Rotary Tablet Press - Hochwertige Tablettenpresse-<\/title>\n<meta name=\"description\" content=\"ZP-10B Rotary Tablet Press - Prod\u00e1m stroj a za\u0159\u00edzen\u00ed na lisov\u00e1n\u00ed tablet. Konkuren\u010dn\u00ed cena - Rychl\u00e1 dodac\u00ed lh\u016fta - Bezpe\u010dn\u00e1 platba - P\u0159\u00edsn\u00e1 kvalita - 24\/7\" \/>\n<meta name=\"robots\" content=\"index, follow, max-snippet:-1, max-image-preview:large, max-video-preview:-1\" \/>\n<link rel=\"canonical\" href=\"https:\/\/tabletpress-store.com\/nl\/product\/zp-10b-rotary-tablet-press\/\" \/>\n<meta property=\"og:locale\" content=\"nl_NL\" \/>\n<meta property=\"og:type\" content=\"article\" \/>\n<meta property=\"og:title\" content=\"ZP-10B Rotary Tablet Press - Hochwertige Tablettenpresse-\" \/>\n<meta property=\"og:description\" content=\"ZP-10B Rotary Tablet Press - Prod\u00e1m stroj a za\u0159\u00edzen\u00ed na lisov\u00e1n\u00ed tablet. Konkuren\u010dn\u00ed cena - Rychl\u00e1 dodac\u00ed lh\u016fta - Bezpe\u010dn\u00e1 platba - P\u0159\u00edsn\u00e1 kvalita - 24\/7\" \/>\n<meta property=\"og:url\" content=\"https:\/\/tabletpress-store.com\/nl\/product\/zp-10b-rotary-tablet-press\/\" \/>\n<meta property=\"og:site_name\" content=\"Tablettenpressen\" \/>\n<meta property=\"article:modified_time\" content=\"2025-10-06T09:25:13+00:00\" \/>\n<meta property=\"og:image\" content=\"https:\/\/tabletpress-store.com\/wp-content\/uploads\/2023\/07\/zp130a-scaled.jpg\" \/>\n\t<meta property=\"og:image:width\" content=\"2560\" \/>\n\t<meta property=\"og:image:height\" content=\"1920\" \/>\n\t<meta property=\"og:image:type\" content=\"image\/jpeg\" \/>\n<meta name=\"twitter:card\" content=\"summary_large_image\" \/>\n<meta name=\"twitter:label1\" content=\"Geschatte leestijd\" \/>\n\t<meta name=\"twitter:data1\" content=\"1 minuut\" \/>\n<script type=\"application\/ld+json\" class=\"yoast-schema-graph\">{\"@context\":\"https:\/\/schema.org\",\"@graph\":[{\"@type\":\"WebPage\",\"@id\":\"https:\/\/tabletpress-store.com\/produkt\/zp-10b-rotary-tablet-press\/\",\"url\":\"https:\/\/tabletpress-store.com\/produkt\/zp-10b-rotary-tablet-press\/\",\"name\":\"ZP-10B Rotary Tablet Press - Hochwertige Tablettenpresse-\",\"isPartOf\":{\"@id\":\"https:\/\/tabletpress-store.com\/pl\/#website\"},\"primaryImageOfPage\":{\"@id\":\"https:\/\/tabletpress-store.com\/produkt\/zp-10b-rotary-tablet-press\/#primaryimage\"},\"image\":{\"@id\":\"https:\/\/tabletpress-store.com\/produkt\/zp-10b-rotary-tablet-press\/#primaryimage\"},\"thumbnailUrl\":\"https:\/\/tabletpress-store.com\/wp-content\/uploads\/2023\/07\/zp130a-scaled.jpg\",\"datePublished\":\"2023-07-16T12:29:36+00:00\",\"dateModified\":\"2025-10-06T09:25:13+00:00\",\"description\":\"ZP-10B Rotary Tablet Press - Prod\u00e1m stroj a za\u0159\u00edzen\u00ed na lisov\u00e1n\u00ed tablet. Konkuren\u010dn\u00ed cena - Rychl\u00e1 dodac\u00ed lh\u016fta - Bezpe\u010dn\u00e1 platba - P\u0159\u00edsn\u00e1 kvalita - 24\/7\",\"breadcrumb\":{\"@id\":\"https:\/\/tabletpress-store.com\/produkt\/zp-10b-rotary-tablet-press\/#breadcrumb\"},\"inLanguage\":\"nl-NL\",\"potentialAction\":[{\"@type\":\"ReadAction\",\"target\":[\"https:\/\/tabletpress-store.com\/produkt\/zp-10b-rotary-tablet-press\/\"]}]},{\"@type\":\"ImageObject\",\"inLanguage\":\"nl-NL\",\"@id\":\"https:\/\/tabletpress-store.com\/produkt\/zp-10b-rotary-tablet-press\/#primaryimage\",\"url\":\"https:\/\/tabletpress-store.com\/wp-content\/uploads\/2023\/07\/zp130a-scaled.jpg\",\"contentUrl\":\"https:\/\/tabletpress-store.com\/wp-content\/uploads\/2023\/07\/zp130a-scaled.jpg\",\"width\":2560,\"height\":1920,\"caption\":\"Bestellung der Rundlauftablettenpresse ZP-10B\"},{\"@type\":\"BreadcrumbList\",\"@id\":\"https:\/\/tabletpress-store.com\/produkt\/zp-10b-rotary-tablet-press\/#breadcrumb\",\"itemListElement\":[{\"@type\":\"ListItem\",\"position\":1,\"name\":\"Startseite\",\"item\":\"https:\/\/tabletpress-store.com\/\"},{\"@type\":\"ListItem\",\"position\":2,\"name\":\"Shop\",\"item\":\"https:\/\/tabletpress-store.com\/shop\/\"},{\"@type\":\"ListItem\",\"position\":3,\"name\":\"ZP-10B Rotary Tablet Press\"}]},{\"@type\":\"WebSite\",\"@id\":\"https:\/\/tabletpress-store.com\/pl\/#website\",\"url\":\"https:\/\/tabletpress-store.com\/pl\/\",\"name\":\"Tabletpress Store\",\"description\":\"Tablettenpressen f\u00fcr die Produktion von Medikamenten oder Supplements\",\"publisher\":{\"@id\":\"https:\/\/tabletpress-store.com\/pl\/#organization\"},\"potentialAction\":[{\"@type\":\"SearchAction\",\"target\":{\"@type\":\"EntryPoint\",\"urlTemplate\":\"https:\/\/tabletpress-store.com\/pl\/?s={search_term_string}\"},\"query-input\":\"required name=search_term_string\"}],\"inLanguage\":\"nl-NL\"},{\"@type\":\"Organization\",\"@id\":\"https:\/\/tabletpress-store.com\/pl\/#organization\",\"name\":\"Tabletpress Store\",\"url\":\"https:\/\/tabletpress-store.com\/pl\/\",\"logo\":{\"@type\":\"ImageObject\",\"inLanguage\":\"nl-NL\",\"@id\":\"https:\/\/tabletpress-store.com\/pl\/#\/schema\/logo\/image\/\",\"url\":\"https:\/\/tabletpress-store.com\/wp-content\/uploads\/2023\/07\/tablettpress-store-logo.png\",\"contentUrl\":\"https:\/\/tabletpress-store.com\/wp-content\/uploads\/2023\/07\/tablettpress-store-logo.png\",\"width\":1800,\"height\":1800,\"caption\":\"Tabletpress Store\"},\"image\":{\"@id\":\"https:\/\/tabletpress-store.com\/pl\/#\/schema\/logo\/image\/\"}}]}<\/script>\n<!-- \/ Yoast SEO plugin. -->","yoast_head_json":{"title":"ZP-10B Rotary Tablet Press - Hochwertige Tablettenpresse-","description":"ZP-10B Rotary Tablet Press - Prod\u00e1m stroj a za\u0159\u00edzen\u00ed na lisov\u00e1n\u00ed tablet. Konkuren\u010dn\u00ed cena - Rychl\u00e1 dodac\u00ed lh\u016fta - Bezpe\u010dn\u00e1 platba - P\u0159\u00edsn\u00e1 kvalita - 24\/7","robots":{"index":"index","follow":"follow","max-snippet":"max-snippet:-1","max-image-preview":"max-image-preview:large","max-video-preview":"max-video-preview:-1"},"canonical":"https:\/\/tabletpress-store.com\/nl\/product\/zp-10b-rotary-tablet-press\/","og_locale":"nl_NL","og_type":"article","og_title":"ZP-10B Rotary Tablet Press - Hochwertige Tablettenpresse-","og_description":"ZP-10B Rotary Tablet Press - Prod\u00e1m stroj a za\u0159\u00edzen\u00ed na lisov\u00e1n\u00ed tablet. Konkuren\u010dn\u00ed cena - Rychl\u00e1 dodac\u00ed lh\u016fta - Bezpe\u010dn\u00e1 platba - P\u0159\u00edsn\u00e1 kvalita - 24\/7","og_url":"https:\/\/tabletpress-store.com\/nl\/product\/zp-10b-rotary-tablet-press\/","og_site_name":"Tablettenpressen","article_modified_time":"2025-10-06T09:25:13+00:00","og_image":[{"width":2560,"height":1920,"url":"https:\/\/tabletpress-store.com\/wp-content\/uploads\/2023\/07\/zp130a-scaled.jpg","type":"image\/jpeg"}],"twitter_card":"summary_large_image","twitter_misc":{"Geschatte leestijd":"1 minuut"},"schema":{"@context":"https:\/\/schema.org","@graph":[{"@type":"WebPage","@id":"https:\/\/tabletpress-store.com\/produkt\/zp-10b-rotary-tablet-press\/","url":"https:\/\/tabletpress-store.com\/produkt\/zp-10b-rotary-tablet-press\/","name":"ZP-10B Rotary Tablet Press - Hochwertige Tablettenpresse-","isPartOf":{"@id":"https:\/\/tabletpress-store.com\/pl\/#website"},"primaryImageOfPage":{"@id":"https:\/\/tabletpress-store.com\/produkt\/zp-10b-rotary-tablet-press\/#primaryimage"},"image":{"@id":"https:\/\/tabletpress-store.com\/produkt\/zp-10b-rotary-tablet-press\/#primaryimage"},"thumbnailUrl":"https:\/\/tabletpress-store.com\/wp-content\/uploads\/2023\/07\/zp130a-scaled.jpg","datePublished":"2023-07-16T12:29:36+00:00","dateModified":"2025-10-06T09:25:13+00:00","description":"ZP-10B Rotary Tablet Press - Prod\u00e1m stroj a za\u0159\u00edzen\u00ed na lisov\u00e1n\u00ed tablet. Konkuren\u010dn\u00ed cena - Rychl\u00e1 dodac\u00ed lh\u016fta - Bezpe\u010dn\u00e1 platba - P\u0159\u00edsn\u00e1 kvalita - 24\/7","breadcrumb":{"@id":"https:\/\/tabletpress-store.com\/produkt\/zp-10b-rotary-tablet-press\/#breadcrumb"},"inLanguage":"nl-NL","potentialAction":[{"@type":"ReadAction","target":["https:\/\/tabletpress-store.com\/produkt\/zp-10b-rotary-tablet-press\/"]}]},{"@type":"ImageObject","inLanguage":"nl-NL","@id":"https:\/\/tabletpress-store.com\/produkt\/zp-10b-rotary-tablet-press\/#primaryimage","url":"https:\/\/tabletpress-store.com\/wp-content\/uploads\/2023\/07\/zp130a-scaled.jpg","contentUrl":"https:\/\/tabletpress-store.com\/wp-content\/uploads\/2023\/07\/zp130a-scaled.jpg","width":2560,"height":1920,"caption":"Bestellung der Rundlauftablettenpresse ZP-10B"},{"@type":"BreadcrumbList","@id":"https:\/\/tabletpress-store.com\/produkt\/zp-10b-rotary-tablet-press\/#breadcrumb","itemListElement":[{"@type":"ListItem","position":1,"name":"Startseite","item":"https:\/\/tabletpress-store.com\/"},{"@type":"ListItem","position":2,"name":"Shop","item":"https:\/\/tabletpress-store.com\/shop\/"},{"@type":"ListItem","position":3,"name":"ZP-10B Rotary Tablet Press"}]},{"@type":"WebSite","@id":"https:\/\/tabletpress-store.com\/pl\/#website","url":"https:\/\/tabletpress-store.com\/pl\/","name":"Tabletpress Store","description":"Tablettenpressen f\u00fcr die Produktion von Medikamenten oder Supplements","publisher":{"@id":"https:\/\/tabletpress-store.com\/pl\/#organization"},"potentialAction":[{"@type":"SearchAction","target":{"@type":"EntryPoint","urlTemplate":"https:\/\/tabletpress-store.com\/pl\/?s={search_term_string}"},"query-input":"required name=search_term_string"}],"inLanguage":"nl-NL"},{"@type":"Organization","@id":"https:\/\/tabletpress-store.com\/pl\/#organization","name":"Tabletpress Store","url":"https:\/\/tabletpress-store.com\/pl\/","logo":{"@type":"ImageObject","inLanguage":"nl-NL","@id":"https:\/\/tabletpress-store.com\/pl\/#\/schema\/logo\/image\/","url":"https:\/\/tabletpress-store.com\/wp-content\/uploads\/2023\/07\/tablettpress-store-logo.png","contentUrl":"https:\/\/tabletpress-store.com\/wp-content\/uploads\/2023\/07\/tablettpress-store-logo.png","width":1800,"height":1800,"caption":"Tabletpress Store"},"image":{"@id":"https:\/\/tabletpress-store.com\/pl\/#\/schema\/logo\/image\/"}}]}},"_links":{"self":[{"href":"https:\/\/tabletpress-store.com\/nl\/wp-json\/wp\/v2\/product\/2267","targetHints":{"allow":["GET"]}}],"collection":[{"href":"https:\/\/tabletpress-store.com\/nl\/wp-json\/wp\/v2\/product"}],"about":[{"href":"https:\/\/tabletpress-store.com\/nl\/wp-json\/wp\/v2\/types\/product"}],"wp:featuredmedia":[{"embeddable":true,"href":"https:\/\/tabletpress-store.com\/nl\/wp-json\/wp\/v2\/media\/2270"}],"wp:attachment":[{"href":"https:\/\/tabletpress-store.com\/nl\/wp-json\/wp\/v2\/media?parent=2267"}],"wp:term":[{"taxonomy":"product_brand","embeddable":true,"href":"https:\/\/tabletpress-store.com\/nl\/wp-json\/wp\/v2\/product_brand?post=2267"},{"taxonomy":"product_cat","embeddable":true,"href":"https:\/\/tabletpress-store.com\/nl\/wp-json\/wp\/v2\/product_cat?post=2267"},{"taxonomy":"product_tag","embeddable":true,"href":"https:\/\/tabletpress-store.com\/nl\/wp-json\/wp\/v2\/product_tag?post=2267"}],"curies":[{"name":"wp","href":"https:\/\/api.w.org\/{rel}","templated":true}]}}