{"id":1045,"date":"2018-03-01T02:24:52","date_gmt":"2018-03-01T02:24:52","guid":{"rendered":"http:\/\/sw-themes.com\/porto_dummy\/?page_id=1045"},"modified":"2024-04-10T15:16:48","modified_gmt":"2024-04-10T13:16:48","slug":"ueber-uns","status":"publish","type":"page","link":"https:\/\/tabletpress-store.com\/pl\/ueber-uns\/","title":{"rendered":"O nas"},"content":{"rendered":"<section class=\"wpb-content-wrapper\"><div class=\"vc_row wpb_row top-row vc_custom_1519871900664 text-center porto-inner-container\"><div class=\"porto-wrap-container container\"><div class=\"row\"><div class=\"mx-auto vc_column_container col-md-12 offset-xl-0 col-xl-8 offset-lg-0 col-lg-10\"><div class=\"wpb_wrapper vc_column-inner\">\n\t<div class=\"wpb_text_column wpb_content_element\" >\n\t\t<div class=\"wpb_wrapper\">\n\t\t\t<p style=\"text-align: left;\" class=\"translation-block\"><strong>Tablettenpressen<\/strong> do u\u017cytku w sektorze farmaceutycznym lub w obszarze suplement\u00f3w diety s\u0105 podstaw\u0105 ka\u017cdej dzia\u0142alno\u015bci gospodarczej producent\u00f3w. Jest to ca\u0142kowicie niezale\u017cne od tego, czy chcesz produkowa\u0107 du\u017ce partie, czy \u0142atwe do zarz\u0105dzania ilo\u015bci za pomoc\u0105 maszyny.<\/p>\n<p style=\"text-align: left;\">Zapewniamy rozwi\u0105zania dostosowane do indywidualnych potrzeb, dzi\u0119ki czemu mo\u017cna natychmiast rozpocz\u0105\u0107 produkcj\u0119 zgodnie z dok\u0142adnymi wymaganiami. Twoja korzy\u015b\u0107: dzi\u0119ki bezp\u0142atnej wysy\u0142ce na terenie ca\u0142ej Europy, otrzymasz swoj\u0105 tabletkark\u0119 w wyj\u0105tkowo korzystnej cenie.<\/p>\n<p style=\"text-align: left;\">Dzi\u0119ki naszemu magazynowi w Niemczech jeste\u015bmy w stanie samodzielnie zaj\u0105\u0107 si\u0119 niezb\u0119dn\u0105 logistyk\u0105 i dostarczy\u0107 tabletkark\u0119 zgodnie z \u017cyczeniem w mo\u017cliwie najkr\u00f3tszym czasie.<\/p>\n<p style=\"text-align: left;\">Tabletkarki naszej firmy oferuj\u0105 szeroki zakres opcji. Je\u015bli jako producent nie jeste\u015b pewien, kt\u00f3ra z nich najlepiej nadaje si\u0119 do Twojej produkcji, powiniene\u015b skontaktowa\u0107 si\u0119 z nami. Ch\u0119tnie udzielimy porad i pomocy za po\u015brednictwem formularza kontaktowego, a tak\u017ce drog\u0105 mailow\u0105 i telefoniczn\u0105 oraz pomo\u017cemy wybra\u0107 odpowiedni\u0105 tabletkark\u0119 dla Twojej firmy.<\/p>\n<h2>Gdzie mo\u017cna kupi\u0107 tabletkarki?<\/h2>\n<p style=\"text-align: left;\">Czy chcia\u0142by\u015b wysokiej jako\u015bci <a href=\"https:\/\/tabletpress-store.com\/pl\/shop\/\">Tabletkarki<\/a> z wysy\u0142k\u0105 na ca\u0142y \u015bwiat? Nie szukaj dalej ni\u017c Tabletpress Store! U nas znajdziesz wszystko, czego potrzebujesz do swoich tabletkarek. Oferujemy szerok\u0105 gam\u0119 wysokiej jako\u015bci maszyn, kt\u00f3re spe\u0142niaj\u0105 wymagania produkcji komercyjnej.<\/p>\n<p style=\"text-align: left;\">My w <a href=\"https:\/\/tabletpress-store.com\/pl\/\">Tabletpress Store<\/a> wiemy, jak wa\u017cna jest wydajno\u015b\u0107 i niezawodno\u015b\u0107 w procesie produkcji. Dlatego starannie dobieramy nasz\u0105 ofert\u0119 i zapewniamy, \u017ce ka\u017cda maszyna spe\u0142nia nasze surowe standardy wydajno\u015bci i trwa\u0142o\u015bci. Niezale\u017cnie od tego, czy jeste\u015b producentem farmaceutycznym, firm\u0105 spo\u017cywcz\u0105 czy inn\u0105 bran\u017c\u0105, w kt\u00f3rej konieczne jest wytwarzanie tabletek, mamy dla Ciebie odpowiednie rozwi\u0105zanie.<\/p>\n<p style=\"text-align: left;\">Nasze tabletkarki s\u0105 zaprojektowane tak, aby zapewnia\u0107 sp\u00f3jne wyniki, dzi\u0119ki czemu mo\u017cna produkowa\u0107 jednolite tabletki z precyzj\u0105 i dok\u0142adno\u015bci\u0105. Od pras jednostanowiskowych po szybkie prasy rotacyjne, mamy modele spe\u0142niaj\u0105ce ka\u017cde wymagania produkcyjne. A dzi\u0119ki naszym opcjom wysy\u0142ki na ca\u0142y \u015bwiat, sprz\u0119t mo\u017cna wygodnie dostarczy\u0107 pod same drzwi, bez wzgl\u0119du na to, gdzie si\u0119 znajdujesz.<\/p>\n<p style=\"text-align: left;\">Je\u015bli jeste\u015b zainteresowany Tabletpress Store, mo\u017cesz oczekiwa\u0107 wyj\u0105tkowej obs\u0142ugi klienta na ka\u017cdym kroku. Nasz zesp\u00f3\u0142 ekspert\u00f3w pomo\u017ce ci wybra\u0107 idealn\u0105 maszyn\u0119 do twoich potrzeb i zapewni sta\u0142e wsparcie, aby zapewni\u0107 ci satysfakcj\u0119.<\/p>\n<p style=\"text-align: left;\">Nie zadowalaj si\u0119 gorszym sprz\u0119tem do produkcji tablet\u00f3w. Zaufaj Tabletpress Store, je\u015bli chodzi o wysokiej jako\u015bci maszyny i niezawodn\u0105 wysy\u0142k\u0119 na ca\u0142y \u015bwiat. Przejrzyj nasz\u0105 ofert\u0119 ju\u017c dzi\u015b i przenie\u015b swoje mo\u017cliwo\u015bci produkcyjne na wy\u017cszy poziom!<\/p>\n\n\t\t<\/div>\n\t<\/div>\n<\/div><\/div><\/div><\/div><\/div><div class=\"vc_row wpb_row top-row vc_custom_1519878974553 porto-inner-container\"><div class=\"porto-wrap-container container\"><div class=\"row\"><div class=\"vc_column_container col-md-12\"><div class=\"wpb_wrapper vc_column-inner\"><div class=\"porto-u-heading  wpb_custom_95aa9a11c17ad45cfabaf210d84ee7cc porto-u-6589\"><div class=\"porto-u-main-heading\"><h2   style=\"font-family:Oswald;font-weight:700;color:#282d3b;margin-bottom: 30px;font-size:16px;line-height:16px;\">NASZE US\u0141UGI<\/h2><\/div><style>.porto-u-6589.porto-u-heading{text-align:left}<\/style><\/div><div class=\"vc_row wpb_row vc_inner row\"><div class=\"vc_column_container col-md-4\"><div class=\"wpb_wrapper vc_column-inner\"><div class=\"porto-sicon-box  wpb_custom_53e73a674388c5cfe74ddc58c1fd48fa style_1 default-icon\"><div class=\"porto-sicon-default\"><div class=\"porto-just-icon-wrapper porto-icon advanced\" style=\"color:#1e73be;border-style:solid;border-color:#1e73be;border-width:2px;width:56px;height:56px;line-height:56px;border-radius:56px;font-size:28px;\"><i class=\"fas fa-truck\"><\/i><\/div><\/div><div class=\"porto-sicon-header\"><h3 class=\"porto-sicon-title\" style=\"font-weight:700;font-size:15px;line-height:15px;color:#2b2b2d;\">DARMOWA WYSY\u0141KA<\/h3><p style=\"font-size:14px;line-height:27px;color:#4a505e;\">Darmowa wysy\u0142ka - na ca\u0142y \u015bwiat<\/p><\/div> <!-- header --><\/div><!-- porto-sicon-box --><\/div><\/div><div class=\"vc_column_container col-md-4\"><div class=\"wpb_wrapper vc_column-inner\"><div class=\"porto-sicon-box  wpb_custom_53e73a674388c5cfe74ddc58c1fd48fa style_1 default-icon\"><div class=\"porto-sicon-default\"><div class=\"porto-just-icon-wrapper porto-icon advanced\" style=\"color:#1e73be;border-style:solid;border-color:#1e73be;border-width:2px;width:56px;height:56px;line-height:56px;border-radius:56px;font-size:28px;\"><i class=\"fas fa-euro-sign\"><\/i><\/div><\/div><div class=\"porto-sicon-header\"><h3 class=\"porto-sicon-title\" style=\"font-weight:700;font-size:15px;line-height:15px;color:#2b2b2d;\">KORZYSTNE CENY<\/h3><p style=\"font-size:14px;line-height:27px;color:#4a505e;\">Atrakcyjne ceny dla naszych klient\u00f3w<\/p><\/div> <!-- header --><\/div><!-- porto-sicon-box --><\/div><\/div><div class=\"vc_column_container col-md-4\"><div class=\"wpb_wrapper vc_column-inner\"><div class=\"porto-sicon-box  wpb_custom_53e73a674388c5cfe74ddc58c1fd48fa style_1 default-icon\"><div class=\"porto-sicon-default\"><div class=\"porto-just-icon-wrapper porto-icon advanced\" style=\"color:#1e73be;border-style:solid;border-color:#1e73be;border-width:2px;width:56px;height:56px;line-height:56px;border-radius:56px;font-size:28px;\"><i class=\"fas fa-shipping-fast\"><\/i><\/div><\/div><div class=\"porto-sicon-header\"><h3 class=\"porto-sicon-title\" style=\"font-weight:700;font-size:15px;line-height:15px;color:#2b2b2d;\">SZYBKA WYSY\u0141KA<\/h3><p style=\"font-size:14px;line-height:27px;color:#4a505e;\">Szybka wysy\u0142ka z Niemiec<\/p><\/div> <!-- header --><\/div><!-- porto-sicon-box --><\/div><\/div><\/div><div class=\"vc_empty_space\"   style=\"height: 32px\"><span class=\"vc_empty_space_inner\"><\/span><\/div><\/div><\/div><\/div><\/div><\/div>\n<\/section>","protected":false},"excerpt":{"rendered":"Tablettenpressen f\u00fcr den Einsatz im pharmazeutischen Bereich oder auch im Bereich der Nahrungserg\u00e4nzungsmittel sind die Grundlage f\u00fcr jede wirtschaftliche Bet\u00e4tigung von Herstellern. Dies ist ganz unabh\u00e4ngig davon, ob Sie mit der Maschine gro\u00dfe Chargen oder \u00fcberschaubare Mengen herstellen wollen. Wir liefern Ihnen ma\u00dfgeschneiderte L\u00f6sungen, damit Sie genau nach Ihren Bed\u00fcrfnissen sofort mit der Produktion starten [...]","protected":false},"author":1,"featured_media":0,"parent":0,"menu_order":0,"comment_status":"closed","ping_status":"closed","template":"","meta":{"footnotes":""},"class_list":["post-1045","page","type-page","status-publish","hentry"],"yoast_head":"<!-- This site is optimized with the Yoast SEO plugin v23.3 - https:\/\/yoast.com\/wordpress\/plugins\/seo\/ -->\n<title>\u00dcber uns - Hochwertige Tablettenpresse - Tabletpress Store<\/title>\n<meta name=\"description\" content=\"\u00dcber uns - Kaufen Sie Tablettenpresse Maschine und Ausr\u00fcstung. Konkurrenzf\u00e4higer Preis - Schnelle Lieferzeit - Sichere Zahlung - Strenge Qualit\u00e4t - 24\/7\" \/>\n<meta name=\"robots\" content=\"index, follow, max-snippet:-1, max-image-preview:large, max-video-preview:-1\" \/>\n<link rel=\"canonical\" href=\"https:\/\/tabletpress-store.com\/pl\/ueber-uns\/\" \/>\n<meta property=\"og:locale\" content=\"pl_PL\" \/>\n<meta property=\"og:type\" content=\"article\" \/>\n<meta property=\"og:title\" content=\"\u00dcber uns - Hochwertige Tablettenpresse - Tabletpress Store\" \/>\n<meta property=\"og:description\" content=\"\u00dcber uns - Kaufen Sie Tablettenpresse Maschine und Ausr\u00fcstung. Konkurrenzf\u00e4higer Preis - Schnelle Lieferzeit - Sichere Zahlung - Strenge Qualit\u00e4t - 24\/7\" \/>\n<meta property=\"og:url\" content=\"https:\/\/tabletpress-store.com\/pl\/ueber-uns\/\" \/>\n<meta property=\"og:site_name\" content=\"Tablettenpressen\" \/>\n<meta property=\"article:modified_time\" content=\"2024-04-10T13:16:48+00:00\" \/>\n<meta name=\"twitter:card\" content=\"summary_large_image\" \/>\n<meta name=\"twitter:label1\" content=\"Szacowany czas czytania\" \/>\n\t<meta name=\"twitter:data1\" content=\"2 minuty\" \/>\n<script type=\"application\/ld+json\" class=\"yoast-schema-graph\">{\"@context\":\"https:\/\/schema.org\",\"@graph\":[{\"@type\":\"WebPage\",\"@id\":\"https:\/\/tabletpress-store.com\/ueber-uns\/\",\"url\":\"https:\/\/tabletpress-store.com\/ueber-uns\/\",\"name\":\"\u00dcber uns - Hochwertige Tablettenpresse - Tabletpress Store\",\"isPartOf\":{\"@id\":\"https:\/\/tabletpress-store.com\/pl\/#website\"},\"datePublished\":\"2018-03-01T02:24:52+00:00\",\"dateModified\":\"2024-04-10T13:16:48+00:00\",\"description\":\"\u00dcber uns - Kaufen Sie Tablettenpresse Maschine und Ausr\u00fcstung. Konkurrenzf\u00e4higer Preis - Schnelle Lieferzeit - Sichere Zahlung - Strenge Qualit\u00e4t - 24\/7\",\"breadcrumb\":{\"@id\":\"https:\/\/tabletpress-store.com\/ueber-uns\/#breadcrumb\"},\"inLanguage\":\"pl-PL\",\"potentialAction\":[{\"@type\":\"ReadAction\",\"target\":[\"https:\/\/tabletpress-store.com\/ueber-uns\/\"]}]},{\"@type\":\"BreadcrumbList\",\"@id\":\"https:\/\/tabletpress-store.com\/ueber-uns\/#breadcrumb\",\"itemListElement\":[{\"@type\":\"ListItem\",\"position\":1,\"name\":\"Startseite\",\"item\":\"https:\/\/tabletpress-store.com\/\"},{\"@type\":\"ListItem\",\"position\":2,\"name\":\"\u00dcber uns\"}]},{\"@type\":\"WebSite\",\"@id\":\"https:\/\/tabletpress-store.com\/pl\/#website\",\"url\":\"https:\/\/tabletpress-store.com\/pl\/\",\"name\":\"Tabletpress Store\",\"description\":\"Tablettenpressen f\u00fcr die Produktion von Medikamenten oder Supplements\",\"publisher\":{\"@id\":\"https:\/\/tabletpress-store.com\/pl\/#organization\"},\"potentialAction\":[{\"@type\":\"SearchAction\",\"target\":{\"@type\":\"EntryPoint\",\"urlTemplate\":\"https:\/\/tabletpress-store.com\/pl\/?s={search_term_string}\"},\"query-input\":\"required name=search_term_string\"}],\"inLanguage\":\"pl-PL\"},{\"@type\":\"Organization\",\"@id\":\"https:\/\/tabletpress-store.com\/pl\/#organization\",\"name\":\"Tabletpress Store\",\"url\":\"https:\/\/tabletpress-store.com\/pl\/\",\"logo\":{\"@type\":\"ImageObject\",\"inLanguage\":\"pl-PL\",\"@id\":\"https:\/\/tabletpress-store.com\/pl\/#\/schema\/logo\/image\/\",\"url\":\"https:\/\/tabletpress-store.com\/wp-content\/uploads\/2023\/07\/tablettpress-store-logo.png\",\"contentUrl\":\"https:\/\/tabletpress-store.com\/wp-content\/uploads\/2023\/07\/tablettpress-store-logo.png\",\"width\":1800,\"height\":1800,\"caption\":\"Tabletpress Store\"},\"image\":{\"@id\":\"https:\/\/tabletpress-store.com\/pl\/#\/schema\/logo\/image\/\"}}]}<\/script>\n<!-- \/ Yoast SEO plugin. -->","yoast_head_json":{"title":"\u00dcber uns - Hochwertige Tablettenpresse - Tabletpress Store","description":"\u00dcber uns - Kaufen Sie Tablettenpresse Maschine und Ausr\u00fcstung. Konkurrenzf\u00e4higer Preis - Schnelle Lieferzeit - Sichere Zahlung - Strenge Qualit\u00e4t - 24\/7","robots":{"index":"index","follow":"follow","max-snippet":"max-snippet:-1","max-image-preview":"max-image-preview:large","max-video-preview":"max-video-preview:-1"},"canonical":"https:\/\/tabletpress-store.com\/pl\/ueber-uns\/","og_locale":"pl_PL","og_type":"article","og_title":"\u00dcber uns - Hochwertige Tablettenpresse - Tabletpress Store","og_description":"\u00dcber uns - Kaufen Sie Tablettenpresse Maschine und Ausr\u00fcstung. Konkurrenzf\u00e4higer Preis - Schnelle Lieferzeit - Sichere Zahlung - Strenge Qualit\u00e4t - 24\/7","og_url":"https:\/\/tabletpress-store.com\/pl\/ueber-uns\/","og_site_name":"Tablettenpressen","article_modified_time":"2024-04-10T13:16:48+00:00","twitter_card":"summary_large_image","twitter_misc":{"Szacowany czas czytania":"2 minuty"},"schema":{"@context":"https:\/\/schema.org","@graph":[{"@type":"WebPage","@id":"https:\/\/tabletpress-store.com\/ueber-uns\/","url":"https:\/\/tabletpress-store.com\/ueber-uns\/","name":"\u00dcber uns - Hochwertige Tablettenpresse - Tabletpress Store","isPartOf":{"@id":"https:\/\/tabletpress-store.com\/pl\/#website"},"datePublished":"2018-03-01T02:24:52+00:00","dateModified":"2024-04-10T13:16:48+00:00","description":"\u00dcber uns - Kaufen Sie Tablettenpresse Maschine und Ausr\u00fcstung. Konkurrenzf\u00e4higer Preis - Schnelle Lieferzeit - Sichere Zahlung - Strenge Qualit\u00e4t - 24\/7","breadcrumb":{"@id":"https:\/\/tabletpress-store.com\/ueber-uns\/#breadcrumb"},"inLanguage":"pl-PL","potentialAction":[{"@type":"ReadAction","target":["https:\/\/tabletpress-store.com\/ueber-uns\/"]}]},{"@type":"BreadcrumbList","@id":"https:\/\/tabletpress-store.com\/ueber-uns\/#breadcrumb","itemListElement":[{"@type":"ListItem","position":1,"name":"Startseite","item":"https:\/\/tabletpress-store.com\/"},{"@type":"ListItem","position":2,"name":"\u00dcber uns"}]},{"@type":"WebSite","@id":"https:\/\/tabletpress-store.com\/pl\/#website","url":"https:\/\/tabletpress-store.com\/pl\/","name":"Tabletpress Store","description":"Tablettenpressen f\u00fcr die Produktion von Medikamenten oder Supplements","publisher":{"@id":"https:\/\/tabletpress-store.com\/pl\/#organization"},"potentialAction":[{"@type":"SearchAction","target":{"@type":"EntryPoint","urlTemplate":"https:\/\/tabletpress-store.com\/pl\/?s={search_term_string}"},"query-input":"required name=search_term_string"}],"inLanguage":"pl-PL"},{"@type":"Organization","@id":"https:\/\/tabletpress-store.com\/pl\/#organization","name":"Tabletpress Store","url":"https:\/\/tabletpress-store.com\/pl\/","logo":{"@type":"ImageObject","inLanguage":"pl-PL","@id":"https:\/\/tabletpress-store.com\/pl\/#\/schema\/logo\/image\/","url":"https:\/\/tabletpress-store.com\/wp-content\/uploads\/2023\/07\/tablettpress-store-logo.png","contentUrl":"https:\/\/tabletpress-store.com\/wp-content\/uploads\/2023\/07\/tablettpress-store-logo.png","width":1800,"height":1800,"caption":"Tabletpress Store"},"image":{"@id":"https:\/\/tabletpress-store.com\/pl\/#\/schema\/logo\/image\/"}}]}},"_links":{"self":[{"href":"https:\/\/tabletpress-store.com\/pl\/wp-json\/wp\/v2\/pages\/1045","targetHints":{"allow":["GET"]}}],"collection":[{"href":"https:\/\/tabletpress-store.com\/pl\/wp-json\/wp\/v2\/pages"}],"about":[{"href":"https:\/\/tabletpress-store.com\/pl\/wp-json\/wp\/v2\/types\/page"}],"author":[{"embeddable":true,"href":"https:\/\/tabletpress-store.com\/pl\/wp-json\/wp\/v2\/users\/1"}],"replies":[{"embeddable":true,"href":"https:\/\/tabletpress-store.com\/pl\/wp-json\/wp\/v2\/comments?post=1045"}],"version-history":[{"count":17,"href":"https:\/\/tabletpress-store.com\/pl\/wp-json\/wp\/v2\/pages\/1045\/revisions"}],"predecessor-version":[{"id":2402,"href":"https:\/\/tabletpress-store.com\/pl\/wp-json\/wp\/v2\/pages\/1045\/revisions\/2402"}],"wp:attachment":[{"href":"https:\/\/tabletpress-store.com\/pl\/wp-json\/wp\/v2\/media?parent=1045"}],"curies":[{"name":"wp","href":"https:\/\/api.w.org\/{rel}","templated":true}]}}