{"id":12,"date":"2016-06-20T09:22:56","date_gmt":"2016-06-20T09:22:56","guid":{"rendered":"https:\/\/tabletpress-store.com\/?page_id=12"},"modified":"2025-05-09T20:21:23","modified_gmt":"2025-05-09T18:21:23","slug":"shop","status":"publish","type":"page","link":"https:\/\/tabletpress-store.com\/pl\/shop\/","title":{"rendered":"Shop"},"content":{"rendered":"<section class=\"wpb-content-wrapper\"><div class=\"vc_row wpb_row row top-row\"><div class=\"vc_column_container col-md-12\"><div class=\"wpb_wrapper vc_column-inner\">\n\t<div class=\"wpb_text_column wpb_content_element\" >\n\t\t<div class=\"wpb_wrapper\">\n\t\t\t<h3>Jakie s\u0105 r\u00f3\u017cnice mi\u0119dzy tabletkarkami?<\/h3>\n<p>Tabletkarki, znane r\u00f3wnie\u017c jako tabletkarki lub tabletkarki, odgrywaj\u0105 kluczow\u0105 rol\u0119 w przemy\u015ble farmaceutycznym i przetw\u00f3rczym. Maszyny te s\u0105 przeznaczone do wydajnej produkcji tabletek o r\u00f3\u017cnych kszta\u0142tach, rozmiarach i formu\u0142ach. Na rynku dost\u0119pne s\u0105 r\u00f3\u017cne rodzaje tabletkarek, kt\u00f3re maj\u0105 pewne wsp\u00f3lne cechy i r\u00f3\u017cni\u0105 si\u0119 pod pewnymi wzgl\u0119dami w zale\u017cno\u015bci od ich przeznaczenia i wymaga\u0144 produkcyjnych.<\/p>\n<p>Kluczowe rozr\u00f3\u017cnienie le\u017cy w konstrukcji tabletkarek, przy czym dwie g\u0142\u00f3wne kategorie to tabletkarki z pojedynczym stemplem i tabletkarki rotacyjne. Maszyny z pojedynczym stemplem nadaj\u0105 si\u0119 do produkcji mniejszych ilo\u015bci i s\u0105 proste i \u0142atwe w obs\u0142udze. Tabletkarki rotacyjne, z drugiej strony, s\u0105 bardziej zaawansowane i nadaj\u0105 si\u0119 do produkcji wi\u0119kszych ilo\u015bci. S\u0105 one znane ze swoich wy\u017cszych zdolno\u015bci produkcyjnych i funkcji automatyzacji, kt\u00f3re przyczyniaj\u0105 si\u0119 do wi\u0119kszej wydajno\u015bci.<\/p>\n<p>Proces prasowania tabletek obejmuje kilka etap\u00f3w, w tym podawanie proszku, prasowanie i wyrzucanie. R\u00f3\u017cne maszyny mog\u0105 wykorzystywa\u0107 r\u00f3\u017cne mechanizmy do osi\u0105gni\u0119cia tych etap\u00f3w, np. podawanie grawitacyjne, podawanie wymuszone lub wst\u0119pne prasowanie. Wyb\u00f3r mechanizmu zale\u017cy od charakterystyki surowc\u00f3w i po\u017c\u0105danych w\u0142a\u015bciwo\u015bci tabletki.<\/p>\n<p>Ponadto tabletkarki r\u00f3\u017cni\u0105 si\u0119 pod wzgl\u0119dem system\u00f3w form, przy czym dost\u0119pne s\u0105 zar\u00f3wno formy z wieloma ko\u0144c\u00f3wkami, jak i formy z jedn\u0105 ko\u0144c\u00f3wk\u0105. Formy z wieloma ko\u0144c\u00f3wkami zwi\u0119kszaj\u0105 wydajno\u015b\u0107 produkcji poprzez jednoczesne prasowanie kilku tabletek, podczas gdy formy z jedn\u0105 ko\u0144c\u00f3wk\u0105 s\u0105 zwykle u\u017cywane do specjalnych receptur lub mniejszych partii<\/p>\n<p>Kolejnym decyduj\u0105cym czynnikiem jest stopie\u0144 automatyzacji i funkcje sterowania. Nowoczesne tabletkarki s\u0105 cz\u0119sto wyposa\u017cone w zaawansowane technologie, takie jak interfejsy dotykowe, monitorowanie w czasie rzeczywistym i rejestrowanie danych. Funkcje te przyczyniaj\u0105 si\u0119 do precyzji, sp\u00f3jno\u015bci i zgodno\u015bci z normami prawnymi w przemy\u015ble farmaceutycznym.<\/p>\n<p>Tabletkarki r\u00f3\u017cni\u0105 si\u0119 pod wzgl\u0119dem konstrukcji, zdolno\u015bci produkcyjnej, system\u00f3w form i funkcji automatyzacji. Wyb\u00f3r najbardziej odpowiedniej tabletkarki zale\u017cy od konkretnych wymaga\u0144 produkcyjnych, zakresu i po\u017c\u0105danych funkcji procesu produkcyjnego.<\/p>\n\n\t\t<\/div>\n\t<\/div>\n<\/div><\/div><\/div>\n<\/section>","protected":false},"excerpt":{"rendered":"Was sind die Unterschiede zwischen Tablettenpressen? Tablettenpressen, auch bekannt als Tablettenpressen oder Pillenpressen, spielen eine entscheidende Rolle in der pharmazeutischen und verarbeitenden Industrie. Diese Maschinen sind f\u00fcr die effiziente Herstellung von Tabletten in verschiedenen Formen, Gr\u00f6\u00dfen und Formulierungen konzipiert. Auf dem Markt sind verschiedene Arten von Tablettenpressen erh\u00e4ltlich, die im Allgemeinen einige gemeinsame Merkmale aufweisen [...]","protected":false},"author":1,"featured_media":0,"parent":0,"menu_order":0,"comment_status":"closed","ping_status":"closed","template":"","meta":{"footnotes":""},"class_list":["post-12","page","type-page","status-publish","hentry"],"yoast_head":"<!-- This site is optimized with the Yoast SEO plugin v23.3 - https:\/\/yoast.com\/wordpress\/plugins\/seo\/ -->\n<title>Tablettenpresse | G\u00fcnstige Preise | Schneller Versand<\/title>\n<meta name=\"description\" content=\"Tablettenpresse f\u00fcr die Produktion von Medikamenten oder Supplements? Jetzt bestellen! Attraktive Preise \u2713 Schneller und kostenfreier Versand\" \/>\n<meta name=\"robots\" content=\"index, follow, max-snippet:-1, max-image-preview:large, max-video-preview:-1\" \/>\n<link rel=\"canonical\" href=\"https:\/\/tabletpress-store.com\/pl\/shop\/\" \/>\n<meta property=\"og:locale\" content=\"pl_PL\" \/>\n<meta property=\"og:type\" content=\"article\" \/>\n<meta property=\"og:title\" content=\"Tablettenpresse | G\u00fcnstige Preise | Schneller Versand\" \/>\n<meta property=\"og:description\" content=\"Tablettenpresse f\u00fcr die Produktion von Medikamenten oder Supplements? Jetzt bestellen! Attraktive Preise \u2713 Schneller und kostenfreier Versand\" \/>\n<meta property=\"og:url\" content=\"https:\/\/tabletpress-store.com\/pl\/shop\/\" \/>\n<meta property=\"og:site_name\" content=\"Tablettenpressen\" \/>\n<meta property=\"article:modified_time\" content=\"2025-05-09T18:21:23+00:00\" \/>\n<meta name=\"twitter:card\" content=\"summary_large_image\" \/>\n<meta name=\"twitter:label1\" content=\"Szacowany czas czytania\" \/>\n\t<meta name=\"twitter:data1\" content=\"2 minuty\" \/>\n<script type=\"application\/ld+json\" class=\"yoast-schema-graph\">{\"@context\":\"https:\/\/schema.org\",\"@graph\":[{\"@type\":\"WebPage\",\"@id\":\"https:\/\/tabletpress-store.com\/shop\/\",\"url\":\"https:\/\/tabletpress-store.com\/shop\/\",\"name\":\"Tablettenpresse | G\u00fcnstige Preise | Schneller Versand\",\"isPartOf\":{\"@id\":\"https:\/\/tabletpress-store.com\/pl\/#website\"},\"datePublished\":\"2016-06-20T09:22:56+00:00\",\"dateModified\":\"2025-05-09T18:21:23+00:00\",\"description\":\"Tablettenpresse f\u00fcr die Produktion von Medikamenten oder Supplements? Jetzt bestellen! Attraktive Preise \u2713 Schneller und kostenfreier Versand\",\"breadcrumb\":{\"@id\":\"https:\/\/tabletpress-store.com\/shop\/#breadcrumb\"},\"inLanguage\":\"pl-PL\",\"potentialAction\":[{\"@type\":\"ReadAction\",\"target\":[\"https:\/\/tabletpress-store.com\/shop\/\"]}]},{\"@type\":\"BreadcrumbList\",\"@id\":\"https:\/\/tabletpress-store.com\/shop\/#breadcrumb\",\"itemListElement\":[{\"@type\":\"ListItem\",\"position\":1,\"name\":\"Startseite\",\"item\":\"https:\/\/tabletpress-store.com\/\"},{\"@type\":\"ListItem\",\"position\":2,\"name\":\"Shop\"}]},{\"@type\":\"WebSite\",\"@id\":\"https:\/\/tabletpress-store.com\/pl\/#website\",\"url\":\"https:\/\/tabletpress-store.com\/pl\/\",\"name\":\"Tabletpress Store\",\"description\":\"Tablettenpressen f\u00fcr die Produktion von Medikamenten oder Supplements\",\"publisher\":{\"@id\":\"https:\/\/tabletpress-store.com\/pl\/#organization\"},\"potentialAction\":[{\"@type\":\"SearchAction\",\"target\":{\"@type\":\"EntryPoint\",\"urlTemplate\":\"https:\/\/tabletpress-store.com\/pl\/?s={search_term_string}\"},\"query-input\":\"required name=search_term_string\"}],\"inLanguage\":\"pl-PL\"},{\"@type\":\"Organization\",\"@id\":\"https:\/\/tabletpress-store.com\/pl\/#organization\",\"name\":\"Tabletpress Store\",\"url\":\"https:\/\/tabletpress-store.com\/pl\/\",\"logo\":{\"@type\":\"ImageObject\",\"inLanguage\":\"pl-PL\",\"@id\":\"https:\/\/tabletpress-store.com\/pl\/#\/schema\/logo\/image\/\",\"url\":\"https:\/\/tabletpress-store.com\/wp-content\/uploads\/2023\/07\/tablettpress-store-logo.png\",\"contentUrl\":\"https:\/\/tabletpress-store.com\/wp-content\/uploads\/2023\/07\/tablettpress-store-logo.png\",\"width\":1800,\"height\":1800,\"caption\":\"Tabletpress Store\"},\"image\":{\"@id\":\"https:\/\/tabletpress-store.com\/pl\/#\/schema\/logo\/image\/\"}}]}<\/script>\n<!-- \/ Yoast SEO plugin. -->","yoast_head_json":{"title":"Tablettenpresse | G\u00fcnstige Preise | Schneller Versand","description":"Tablettenpresse f\u00fcr die Produktion von Medikamenten oder Supplements? Jetzt bestellen! Attraktive Preise \u2713 Schneller und kostenfreier Versand","robots":{"index":"index","follow":"follow","max-snippet":"max-snippet:-1","max-image-preview":"max-image-preview:large","max-video-preview":"max-video-preview:-1"},"canonical":"https:\/\/tabletpress-store.com\/pl\/shop\/","og_locale":"pl_PL","og_type":"article","og_title":"Tablettenpresse | G\u00fcnstige Preise | Schneller Versand","og_description":"Tablettenpresse f\u00fcr die Produktion von Medikamenten oder Supplements? Jetzt bestellen! Attraktive Preise \u2713 Schneller und kostenfreier Versand","og_url":"https:\/\/tabletpress-store.com\/pl\/shop\/","og_site_name":"Tablettenpressen","article_modified_time":"2025-05-09T18:21:23+00:00","twitter_card":"summary_large_image","twitter_misc":{"Szacowany czas czytania":"2 minuty"},"schema":{"@context":"https:\/\/schema.org","@graph":[{"@type":"WebPage","@id":"https:\/\/tabletpress-store.com\/shop\/","url":"https:\/\/tabletpress-store.com\/shop\/","name":"Tablettenpresse | G\u00fcnstige Preise | Schneller Versand","isPartOf":{"@id":"https:\/\/tabletpress-store.com\/pl\/#website"},"datePublished":"2016-06-20T09:22:56+00:00","dateModified":"2025-05-09T18:21:23+00:00","description":"Tablettenpresse f\u00fcr die Produktion von Medikamenten oder Supplements? Jetzt bestellen! Attraktive Preise \u2713 Schneller und kostenfreier Versand","breadcrumb":{"@id":"https:\/\/tabletpress-store.com\/shop\/#breadcrumb"},"inLanguage":"pl-PL","potentialAction":[{"@type":"ReadAction","target":["https:\/\/tabletpress-store.com\/shop\/"]}]},{"@type":"BreadcrumbList","@id":"https:\/\/tabletpress-store.com\/shop\/#breadcrumb","itemListElement":[{"@type":"ListItem","position":1,"name":"Startseite","item":"https:\/\/tabletpress-store.com\/"},{"@type":"ListItem","position":2,"name":"Shop"}]},{"@type":"WebSite","@id":"https:\/\/tabletpress-store.com\/pl\/#website","url":"https:\/\/tabletpress-store.com\/pl\/","name":"Tabletpress Store","description":"Tablettenpressen f\u00fcr die Produktion von Medikamenten oder Supplements","publisher":{"@id":"https:\/\/tabletpress-store.com\/pl\/#organization"},"potentialAction":[{"@type":"SearchAction","target":{"@type":"EntryPoint","urlTemplate":"https:\/\/tabletpress-store.com\/pl\/?s={search_term_string}"},"query-input":"required name=search_term_string"}],"inLanguage":"pl-PL"},{"@type":"Organization","@id":"https:\/\/tabletpress-store.com\/pl\/#organization","name":"Tabletpress Store","url":"https:\/\/tabletpress-store.com\/pl\/","logo":{"@type":"ImageObject","inLanguage":"pl-PL","@id":"https:\/\/tabletpress-store.com\/pl\/#\/schema\/logo\/image\/","url":"https:\/\/tabletpress-store.com\/wp-content\/uploads\/2023\/07\/tablettpress-store-logo.png","contentUrl":"https:\/\/tabletpress-store.com\/wp-content\/uploads\/2023\/07\/tablettpress-store-logo.png","width":1800,"height":1800,"caption":"Tabletpress Store"},"image":{"@id":"https:\/\/tabletpress-store.com\/pl\/#\/schema\/logo\/image\/"}}]}},"_links":{"self":[{"href":"https:\/\/tabletpress-store.com\/pl\/wp-json\/wp\/v2\/pages\/12","targetHints":{"allow":["GET"]}}],"collection":[{"href":"https:\/\/tabletpress-store.com\/pl\/wp-json\/wp\/v2\/pages"}],"about":[{"href":"https:\/\/tabletpress-store.com\/pl\/wp-json\/wp\/v2\/types\/page"}],"author":[{"embeddable":true,"href":"https:\/\/tabletpress-store.com\/pl\/wp-json\/wp\/v2\/users\/1"}],"replies":[{"embeddable":true,"href":"https:\/\/tabletpress-store.com\/pl\/wp-json\/wp\/v2\/comments?post=12"}],"version-history":[{"count":7,"href":"https:\/\/tabletpress-store.com\/pl\/wp-json\/wp\/v2\/pages\/12\/revisions"}],"predecessor-version":[{"id":2575,"href":"https:\/\/tabletpress-store.com\/pl\/wp-json\/wp\/v2\/pages\/12\/revisions\/2575"}],"wp:attachment":[{"href":"https:\/\/tabletpress-store.com\/pl\/wp-json\/wp\/v2\/media?parent=12"}],"curies":[{"name":"wp","href":"https:\/\/api.w.org\/{rel}","templated":true}]}}