{"id":2233,"date":"2023-07-15T10:49:56","date_gmt":"2023-07-15T08:49:56","guid":{"rendered":"https:\/\/tabletpress-store.com\/?page_id=2233"},"modified":"2023-07-15T10:49:56","modified_gmt":"2023-07-15T08:49:56","slug":"versandarten","status":"publish","type":"page","link":"https:\/\/tabletpress-store.com\/pl\/versandarten\/","title":{"rendered":"Metody wysy\u0142ki"},"content":{"rendered":"<section class=\"wpb-content-wrapper\"><div class=\"vc_row wpb_row row top-row\"><div class=\"vc_column_container col-md-12\"><div class=\"wpb_wrapper vc_column-inner\"><div class=\"porto-u-heading  wpb_custom_95aa9a11c17ad45cfabaf210d84ee7cc porto-u-6977\"><div class=\"porto-u-main-heading\"><h2  >Metody wysy\u0142ki<\/h2><\/div><div class=\"porto-u-sub-heading\" style=\"\">Wysy\u0142ka jest bezp\u0142atna na ca\u0142ym \u015bwiecie*!<\/p>\n<p>&nbsp;<\/div><div class=\"porto-u-heading-spacer line_only\" style=\"height:1px;\"><span class=\"porto-u-headings-line\" style=\"border-style:solid;border-bottom-width:1px;border-color:#ccc;width:auto;\"><\/span><\/div><style>.porto-u-6977.porto-u-heading{text-align:center} .porto-u-6977 .porto-u-headings-line{float: unset;}<\/style><\/div><div class=\"vc_empty_space\"   style=\"height: 32px\"><span class=\"vc_empty_space_inner\"><\/span><\/div>\n\t<div class=\"wpb_text_column wpb_content_element\" >\n\t\t<div class=\"wpb_wrapper\">\n\t\t\t<p><strong>Czas dostawy<\/strong><\/p>\n<p>Je\u015bli w danej ofercie nie okre\u015blono innego terminu, towary zostan\u0105 dostarczone w Niemczech w ci\u0105gu 3-5 dni, w przypadku dostaw za granic\u0119 w ci\u0105gu 3-5 dni od zawarcia umowy (w przypadku uzgodnionej p\u0142atno\u015bci z g\u00f3ry po z\u0142o\u017ceniu dyspozycji p\u0142atno\u015bci).<\/p>\n<p>Nale\u017cy pami\u0119ta\u0107, \u017ce dostawa nie jest realizowana w niedziele i \u015bwi\u0119ta. W przypadku zam\u00f3wienia produkt\u00f3w o r\u00f3\u017cnych terminach dostawy, towary zostan\u0105 wys\u0142ane w jednej przesy\u0142ce, chyba \u017ce uzgodniono inaczej. W takim przypadku czas dostawy zale\u017cy od zam\u00f3wionego produktu o najd\u0142u\u017cszym czasie dostawy.<\/p>\n<p>&nbsp;<\/p>\n<p>* Nast\u0119puj\u0105ce kraje nie mog\u0105 by\u0107 dostarczone: Norwegia, Rosja i Szwajcaria<\/p>\n<p>&nbsp;<\/p>\n<p>W razie jakichkolwiek pyta\u0144 prosimy o kontakt za po\u015brednictwem naszej strony internetowej\u00a0<a href=\"https:\/\/tabletpress-store.com\/pl\/kontakt\/\">Strona kontaktowa<\/a>.<\/p>\n\n\t\t<\/div>\n\t<\/div>\n<\/div><\/div><\/div>\n<\/section>","protected":false},"excerpt":{"rendered":"VersandartenDer Versand ist weltweit* kostenfrei f\u00fcr Sie! &nbsp; Lieferfristen Soweit im jeweiligen Angebot keine andere Frist angegeben ist, erfolgt die Lieferung der Ware im Inland (Deutschland) innerhalb von 3 \u2013 5 Tagen, bei Auslandslieferungen innerhalb von 3-5 Tagen nach Vertragsschluss (bei vereinbarter Vorauszahlung nach dem Zeitpunkt Ihrer Zahlungsanweisung). Beachten Sie, dass an Sonn- und Feiertagen [...]","protected":false},"author":1,"featured_media":0,"parent":0,"menu_order":0,"comment_status":"closed","ping_status":"closed","template":"","meta":{"footnotes":""},"class_list":["post-2233","page","type-page","status-publish","hentry"],"yoast_head":"<!-- This site is optimized with the Yoast SEO plugin v23.3 - https:\/\/yoast.com\/wordpress\/plugins\/seo\/ -->\n<title>Versandarten - Hochwertige Tablettenpresse- Tabletpress Store<\/title>\n<meta name=\"description\" content=\"Versandarten - Kaufen Sie Tablettenpresse Maschine und Ausr\u00fcstung. Konkurrenzf\u00e4higer Preis - Schnelle Lieferzeit - Sichere Zahlung - Strenge Qualit\u00e4t - 24\/7\" \/>\n<meta name=\"robots\" content=\"index, follow, max-snippet:-1, max-image-preview:large, max-video-preview:-1\" \/>\n<link rel=\"canonical\" href=\"https:\/\/tabletpress-store.com\/pl\/versandarten\/\" \/>\n<meta property=\"og:locale\" content=\"pl_PL\" \/>\n<meta property=\"og:type\" content=\"article\" \/>\n<meta property=\"og:title\" content=\"Versandarten - Hochwertige Tablettenpresse- Tabletpress Store\" \/>\n<meta property=\"og:description\" content=\"Versandarten - Kaufen Sie Tablettenpresse Maschine und Ausr\u00fcstung. Konkurrenzf\u00e4higer Preis - Schnelle Lieferzeit - Sichere Zahlung - Strenge Qualit\u00e4t - 24\/7\" \/>\n<meta property=\"og:url\" content=\"https:\/\/tabletpress-store.com\/pl\/versandarten\/\" \/>\n<meta property=\"og:site_name\" content=\"Tablettenpressen\" \/>\n<meta name=\"twitter:card\" content=\"summary_large_image\" \/>\n<meta name=\"twitter:label1\" content=\"Szacowany czas czytania\" \/>\n\t<meta name=\"twitter:data1\" content=\"1 minuta\" \/>\n<script type=\"application\/ld+json\" class=\"yoast-schema-graph\">{\"@context\":\"https:\/\/schema.org\",\"@graph\":[{\"@type\":\"WebPage\",\"@id\":\"https:\/\/tabletpress-store.com\/versandarten\/\",\"url\":\"https:\/\/tabletpress-store.com\/versandarten\/\",\"name\":\"Versandarten - Hochwertige Tablettenpresse- Tabletpress Store\",\"isPartOf\":{\"@id\":\"https:\/\/tabletpress-store.com\/pl\/#website\"},\"datePublished\":\"2023-07-15T08:49:56+00:00\",\"dateModified\":\"2023-07-15T08:49:56+00:00\",\"description\":\"Versandarten - Kaufen Sie Tablettenpresse Maschine und Ausr\u00fcstung. Konkurrenzf\u00e4higer Preis - Schnelle Lieferzeit - Sichere Zahlung - Strenge Qualit\u00e4t - 24\/7\",\"breadcrumb\":{\"@id\":\"https:\/\/tabletpress-store.com\/versandarten\/#breadcrumb\"},\"inLanguage\":\"pl-PL\",\"potentialAction\":[{\"@type\":\"ReadAction\",\"target\":[\"https:\/\/tabletpress-store.com\/versandarten\/\"]}]},{\"@type\":\"BreadcrumbList\",\"@id\":\"https:\/\/tabletpress-store.com\/versandarten\/#breadcrumb\",\"itemListElement\":[{\"@type\":\"ListItem\",\"position\":1,\"name\":\"Startseite\",\"item\":\"https:\/\/tabletpress-store.com\/\"},{\"@type\":\"ListItem\",\"position\":2,\"name\":\"Versandarten\"}]},{\"@type\":\"WebSite\",\"@id\":\"https:\/\/tabletpress-store.com\/pl\/#website\",\"url\":\"https:\/\/tabletpress-store.com\/pl\/\",\"name\":\"Tabletpress Store\",\"description\":\"Tablettenpressen f\u00fcr die Produktion von Medikamenten oder Supplements\",\"publisher\":{\"@id\":\"https:\/\/tabletpress-store.com\/pl\/#organization\"},\"potentialAction\":[{\"@type\":\"SearchAction\",\"target\":{\"@type\":\"EntryPoint\",\"urlTemplate\":\"https:\/\/tabletpress-store.com\/pl\/?s={search_term_string}\"},\"query-input\":\"required name=search_term_string\"}],\"inLanguage\":\"pl-PL\"},{\"@type\":\"Organization\",\"@id\":\"https:\/\/tabletpress-store.com\/pl\/#organization\",\"name\":\"Tabletpress Store\",\"url\":\"https:\/\/tabletpress-store.com\/pl\/\",\"logo\":{\"@type\":\"ImageObject\",\"inLanguage\":\"pl-PL\",\"@id\":\"https:\/\/tabletpress-store.com\/pl\/#\/schema\/logo\/image\/\",\"url\":\"https:\/\/tabletpress-store.com\/wp-content\/uploads\/2023\/07\/tablettpress-store-logo.png\",\"contentUrl\":\"https:\/\/tabletpress-store.com\/wp-content\/uploads\/2023\/07\/tablettpress-store-logo.png\",\"width\":1800,\"height\":1800,\"caption\":\"Tabletpress Store\"},\"image\":{\"@id\":\"https:\/\/tabletpress-store.com\/pl\/#\/schema\/logo\/image\/\"}}]}<\/script>\n<!-- \/ Yoast SEO plugin. -->","yoast_head_json":{"title":"Versandarten - Hochwertige Tablettenpresse- Tabletpress Store","description":"Versandarten - Kaufen Sie Tablettenpresse Maschine und Ausr\u00fcstung. Konkurrenzf\u00e4higer Preis - Schnelle Lieferzeit - Sichere Zahlung - Strenge Qualit\u00e4t - 24\/7","robots":{"index":"index","follow":"follow","max-snippet":"max-snippet:-1","max-image-preview":"max-image-preview:large","max-video-preview":"max-video-preview:-1"},"canonical":"https:\/\/tabletpress-store.com\/pl\/versandarten\/","og_locale":"pl_PL","og_type":"article","og_title":"Versandarten - Hochwertige Tablettenpresse- Tabletpress Store","og_description":"Versandarten - Kaufen Sie Tablettenpresse Maschine und Ausr\u00fcstung. Konkurrenzf\u00e4higer Preis - Schnelle Lieferzeit - Sichere Zahlung - Strenge Qualit\u00e4t - 24\/7","og_url":"https:\/\/tabletpress-store.com\/pl\/versandarten\/","og_site_name":"Tablettenpressen","twitter_card":"summary_large_image","twitter_misc":{"Szacowany czas czytania":"1 minuta"},"schema":{"@context":"https:\/\/schema.org","@graph":[{"@type":"WebPage","@id":"https:\/\/tabletpress-store.com\/versandarten\/","url":"https:\/\/tabletpress-store.com\/versandarten\/","name":"Versandarten - Hochwertige Tablettenpresse- Tabletpress Store","isPartOf":{"@id":"https:\/\/tabletpress-store.com\/pl\/#website"},"datePublished":"2023-07-15T08:49:56+00:00","dateModified":"2023-07-15T08:49:56+00:00","description":"Versandarten - Kaufen Sie Tablettenpresse Maschine und Ausr\u00fcstung. Konkurrenzf\u00e4higer Preis - Schnelle Lieferzeit - Sichere Zahlung - Strenge Qualit\u00e4t - 24\/7","breadcrumb":{"@id":"https:\/\/tabletpress-store.com\/versandarten\/#breadcrumb"},"inLanguage":"pl-PL","potentialAction":[{"@type":"ReadAction","target":["https:\/\/tabletpress-store.com\/versandarten\/"]}]},{"@type":"BreadcrumbList","@id":"https:\/\/tabletpress-store.com\/versandarten\/#breadcrumb","itemListElement":[{"@type":"ListItem","position":1,"name":"Startseite","item":"https:\/\/tabletpress-store.com\/"},{"@type":"ListItem","position":2,"name":"Versandarten"}]},{"@type":"WebSite","@id":"https:\/\/tabletpress-store.com\/pl\/#website","url":"https:\/\/tabletpress-store.com\/pl\/","name":"Tabletpress Store","description":"Tablettenpressen f\u00fcr die Produktion von Medikamenten oder Supplements","publisher":{"@id":"https:\/\/tabletpress-store.com\/pl\/#organization"},"potentialAction":[{"@type":"SearchAction","target":{"@type":"EntryPoint","urlTemplate":"https:\/\/tabletpress-store.com\/pl\/?s={search_term_string}"},"query-input":"required name=search_term_string"}],"inLanguage":"pl-PL"},{"@type":"Organization","@id":"https:\/\/tabletpress-store.com\/pl\/#organization","name":"Tabletpress Store","url":"https:\/\/tabletpress-store.com\/pl\/","logo":{"@type":"ImageObject","inLanguage":"pl-PL","@id":"https:\/\/tabletpress-store.com\/pl\/#\/schema\/logo\/image\/","url":"https:\/\/tabletpress-store.com\/wp-content\/uploads\/2023\/07\/tablettpress-store-logo.png","contentUrl":"https:\/\/tabletpress-store.com\/wp-content\/uploads\/2023\/07\/tablettpress-store-logo.png","width":1800,"height":1800,"caption":"Tabletpress Store"},"image":{"@id":"https:\/\/tabletpress-store.com\/pl\/#\/schema\/logo\/image\/"}}]}},"_links":{"self":[{"href":"https:\/\/tabletpress-store.com\/pl\/wp-json\/wp\/v2\/pages\/2233","targetHints":{"allow":["GET"]}}],"collection":[{"href":"https:\/\/tabletpress-store.com\/pl\/wp-json\/wp\/v2\/pages"}],"about":[{"href":"https:\/\/tabletpress-store.com\/pl\/wp-json\/wp\/v2\/types\/page"}],"author":[{"embeddable":true,"href":"https:\/\/tabletpress-store.com\/pl\/wp-json\/wp\/v2\/users\/1"}],"replies":[{"embeddable":true,"href":"https:\/\/tabletpress-store.com\/pl\/wp-json\/wp\/v2\/comments?post=2233"}],"version-history":[{"count":2,"href":"https:\/\/tabletpress-store.com\/pl\/wp-json\/wp\/v2\/pages\/2233\/revisions"}],"predecessor-version":[{"id":2235,"href":"https:\/\/tabletpress-store.com\/pl\/wp-json\/wp\/v2\/pages\/2233\/revisions\/2235"}],"wp:attachment":[{"href":"https:\/\/tabletpress-store.com\/pl\/wp-json\/wp\/v2\/media?parent=2233"}],"curies":[{"name":"wp","href":"https:\/\/api.w.org\/{rel}","templated":true}]}}