{"id":2237,"date":"2023-07-15T11:15:12","date_gmt":"2023-07-15T09:15:12","guid":{"rendered":"https:\/\/tabletpress-store.com\/?page_id=2237"},"modified":"2024-09-09T20:45:00","modified_gmt":"2024-09-09T18:45:00","slug":"allgemeine-geschaeftsbedingungen","status":"publish","type":"page","link":"https:\/\/tabletpress-store.com\/pl\/allgemeine-geschaeftsbedingungen\/","title":{"rendered":"Og\u00f3lne warunki handlowe"},"content":{"rendered":"<section class=\"wpb-content-wrapper\"><div class=\"vc_row wpb_row row top-row\"><div class=\"vc_column_container col-md-12\"><div class=\"wpb_wrapper vc_column-inner\"><div class=\"porto-u-heading  wpb_custom_95aa9a11c17ad45cfabaf210d84ee7cc porto-u-7851\"><div class=\"porto-u-main-heading\"><h2  >Og\u00f3lne warunki handlowe<\/h2><\/div><div class=\"porto-u-sub-heading\" style=\"\">dla tej oferty<\/p>\n<p><\/div><div class=\"porto-u-heading-spacer line_only\" style=\"height:1px;\"><span class=\"porto-u-headings-line\" style=\"border-style:solid;border-bottom-width:1px;border-color:#ccc;width:auto;\"><\/span><\/div><style>.porto-u-7851.porto-u-heading{text-align:center} .porto-u-7851 .porto-u-headings-line{float: unset;}<\/style><\/div><div class=\"vc_empty_space\"   style=\"height: 32px\"><span class=\"vc_empty_space_inner\"><\/span><\/div>\n\t<div class=\"wpb_text_column wpb_content_element\" >\n\t\t<div class=\"wpb_wrapper\">\n\t\t\t<p><strong>\u00a7 1 Zakres zastosowania, przedmiot umowy i to\u017csamo\u015b\u0107 sprzedawcy<\/strong><\/p>\n<p>(1) Poni\u017csze postanowienia maj\u0105 zastosowanie do wszystkich um\u00f3w mi\u0119dzy nami, a mianowicie<\/p>\n<p class=\"p1\">Shanghai Pharmaceutical Machinery Co., Ltd<br \/>\nNo, 78, Building 250, Ai Guo road, Shanghai<br \/>\nChiny<\/p>\n<p class=\"p1\">Telefon: 016097911653<br \/>\nE-Mail: <a href=\"https:\/\/web.archive.org\/web\/20211127201913\/mailto:stefanzhujun@gmail.com\">stefanzhujun@gmail.com<\/a><\/p>\n<p>jako sprzedaj\u0105cym, a u\u017cytkownikiem jako kupuj\u0105cym o sprzeda\u017cy i dostawie przedmiot\u00f3w oferowanych przez nas za po\u015brednictwem platformy internetowej eBay.<\/p>\n<p><strong>\u00a7 2 Konsumenci i przedsi\u0119biorcy<\/strong><\/p>\n<p>(1) Nasze oferty skierowane s\u0105 zar\u00f3wno do konsument\u00f3w, jak i przedsi\u0119biorc\u00f3w.<\/p>\n<p>(2) Konsumentem w tym znaczeniu jest ka\u017cda osoba fizyczna, kt\u00f3ra zawiera z nami umow\u0119 w celach, kt\u00f3rych nie mo\u017cna przypisa\u0107 przede wszystkim jej dzia\u0142alno\u015bci handlowej lub niezale\u017cnej dzia\u0142alno\u015bci zawodowej.<\/p>\n<p>(3) Przedsi\u0119biorc\u0105 w tym znaczeniu jest osoba fizyczna, prawna lub sp\u00f3\u0142ka osobowa posiadaj\u0105ca zdolno\u015b\u0107 prawn\u0105, kt\u00f3ra zawieraj\u0105c z nami umow\u0119 dzia\u0142a w ramach swojej dzia\u0142alno\u015bci handlowej lub niezale\u017cnej dzia\u0142alno\u015bci zawodowej.<\/p>\n<p><strong>\u00a7 3 Umowy i informacje o zawarciu umowy<\/strong><\/p>\n<p>(1) Poszczeg\u00f3lne kroki techniczne prowadz\u0105ce do zawarcia umowy, samo zawarcie umowy i opcje korekty s\u0105 przeprowadzane zgodnie z nast\u0119puj\u0105cymi przepisami.<\/p>\n<p>(2) Je\u015bli umie\u015bcimy przedmiot w serwisie eBay, aktywacja strony przedmiotu w serwisie eBay stanowi wi\u0105\u017c\u0105c\u0105 ofert\u0119 zawarcia umowy kupna na warunkach zawartych na stronie przedmiotu.<\/p>\n<p>(3) Do zawarcia umowy maj\u0105 zastosowanie warunki korzystania z serwisu eBay. Link do regulaminu eBay mo\u017cna znale\u017a\u0107 na dole ka\u017cdej strony eBay.<\/p>\n<p>Zawarcie umowy jest uregulowane w Og\u00f3lnych Warunkach eBay w nast\u0119puj\u0105cy spos\u00f3b, w zale\u017cno\u015bci od odpowiedniego formatu oferty:<\/p>\n<p>\u00a7 6 Formaty ofert i zawarcie umowy (...)<br \/>\n2. je\u015bli sprzedawca wystawia przedmiot na aukcji lub w formacie sta\u0142ej ceny, korzystaj\u0105c z us\u0142ug eBay, sk\u0142ada wi\u0105\u017c\u0105c\u0105 ofert\u0119 zawarcia umowy dotycz\u0105cej tego przedmiotu. Sprzedawca okre\u015bla cen\u0119 pocz\u0105tkow\u0105 lub sta\u0142\u0105 oraz okres, w kt\u00f3rym oferta mo\u017ce zosta\u0107 przyj\u0119ta (okres oferty). Je\u015bli sprzedawca okre\u015bli cen\u0119 minimaln\u0105 w formacie aukcji, oferta podlega warunkowi zawieszaj\u0105cemu, jakim jest osi\u0105gni\u0119cie ceny minimalnej.<br \/>\n3. sprzedawca mo\u017ce dodatkowo udost\u0119pnia\u0107 oferty w formacie aukcji z funkcj\u0105 kup teraz. Kupuj\u0105cy mo\u017ce z niej skorzysta\u0107, o ile nie zosta\u0142a z\u0142o\u017cona \u017cadna oferta lub nie zosta\u0142a jeszcze osi\u0105gni\u0119ta cena minimalna. eBay zastrzega sobie prawo do zmiany tej funkcji w przysz\u0142o\u015bci. (...)<br \/>\n4. w przypadku przedmiot\u00f3w o sta\u0142ej cenie kupuj\u0105cy akceptuje ofert\u0119, klikaj\u0105c przycisk \"Kup teraz\", a nast\u0119pnie potwierdzaj\u0105c j\u0105. W przypadku przedmiot\u00f3w o sta\u0142ej cenie, dla kt\u00f3rych sprzedawca wybra\u0142 opcj\u0119 \"natychmiastowej p\u0142atno\u015bci\", kupuj\u0105cy akceptuje ofert\u0119, klikaj\u0105c przycisk \"Kup teraz\" i natychmiast po tym ko\u0144cz\u0105c proces p\u0142atno\u015bci. Kupuj\u0105cy mo\u017ce r\u00f3wnie\u017c zaakceptowa\u0107 oferty dotycz\u0105ce kilku przedmiot\u00f3w, umieszczaj\u0105c je w koszyku (je\u015bli jest dost\u0119pny) i dokonuj\u0105c natychmiastowej p\u0142atno\u015bci.<br \/>\n5. w przypadku aukcji, kupuj\u0105cy akceptuje ofert\u0119 poprzez z\u0142o\u017cenie oferty. Akceptacja podlega warunkowi zawieszaj\u0105cemu, zgodnie z kt\u00f3rym kupuj\u0105cy jest oferentem sk\u0142adaj\u0105cym najwy\u017csz\u0105 ofert\u0119 na koniec okresu licytacji. Oferta wygasa, je\u015bli inny kupuj\u0105cy z\u0142o\u017cy wy\u017csz\u0105 ofert\u0119 w okresie licytacji. (...)<br \/>\n6. w przypadku przedwczesnego wycofania oferty przez sprzedaj\u0105cego, umowa zostaje zawarta pomi\u0119dzy sprzedaj\u0105cym a oferentem, kt\u00f3ry zaoferowa\u0142 najwy\u017csz\u0105 cen\u0119, chyba \u017ce sprzedaj\u0105cy zosta\u0142 upowa\u017cniony do wycofania oferty i anulowania istniej\u0105cych ofert.<br \/>\n7. Kupuj\u0105cy mog\u0105 wycofywa\u0107 oferty tylko wtedy, gdy istnieje ku temu uzasadniony pow\u00f3d. Po uzasadnionym wycofaniu oferty nie dochodzi do zawarcia umowy mi\u0119dzy u\u017cytkownikiem, kt\u00f3ry po zako\u0144czeniu aukcji z powodu wycofania oferty ponownie oferuje najwy\u017csz\u0105 cen\u0119, a sprzedaj\u0105cym.<br \/>\n8. w niekt\u00f3rych kategoriach sprzedawca mo\u017ce doda\u0107 do swojej oferty funkcj\u0119 propozycji ceny. Funkcja propozycji ceny umo\u017cliwia kupuj\u0105cym i sprzedaj\u0105cym negocjowanie ceny za przedmiot. (...)<br \/>\n11. je\u015bli przedmiot zostanie usuni\u0119ty z serwisu eBay przed ko\u0144cem okresu wystawienia, nie dojdzie do zawarcia skutecznej umowy mi\u0119dzy kupuj\u0105cym a sprzedaj\u0105cym\".<\/p>\n<p><strong>(4) Zakup za po\u015brednictwem funkcji \"Kup teraz\" lub \"Licytuj\".<\/strong><\/p>\n<p>Klikaj\u0105c przyciski \"Kup teraz\" lub \"Licytuj\" na stronach przedmiot\u00f3w, u\u017cytkownik nie sk\u0142ada jeszcze wi\u0105\u017c\u0105cej deklaracji umownej. Nawet p\u00f3\u017aniej u\u017cytkownik ma mo\u017cliwo\u015b\u0107 sprawdzenia podanych informacji i skorzystania z funkcji \"Wstecz\" przegl\u0105darki internetowej w celu skorygowania lub anulowania zakupu. Opcja ta nie istnieje do momentu z\u0142o\u017cenia wi\u0105\u017c\u0105cego o\u015bwiadczenia umownego. Czynno\u015b\u0107, za pomoc\u0105 kt\u00f3rej u\u017cytkownik sk\u0142ada wi\u0105\u017c\u0105ce o\u015bwiadczenie umowne podczas dokonywania zakupu, a umowa zostaje zawarta, mo\u017cna zobaczy\u0107 w menu nawigacyjnym eBay.<\/p>\n<p><strong>(5) Zakup za po\u015brednictwem koszyka zakup\u00f3w<\/strong><\/p>\n<p>Je\u015bli zakup jest oferowany za po\u015brednictwem koszyka, nale\u017cy umie\u015bci\u0107 towary przeznaczone do zakupu w \"koszyku\", klikaj\u0105c przycisk \"Dodaj do koszyka\" na stronie przedmiotu. Zostanie w\u00f3wczas wy\u015bwietlony \"koszyk zakup\u00f3w\". \"Koszyk zakup\u00f3w\" mo\u017cna r\u00f3wnie\u017c wywo\u0142a\u0107 za pomoc\u0105 odpowiedniego przycisku na pasku nawigacyjnym i w ka\u017cdej chwili dokona\u0107 w nim zmian. Po wywo\u0142aniu strony \"Przejd\u017a do kasy\" i wprowadzeniu adresu dostawy oraz wybraniu metody p\u0142atno\u015bci, wszystkie dane zam\u00f3wienia zostan\u0105 ponownie wy\u015bwietlone na stronie przegl\u0105du zam\u00f3wie\u0144.<\/p>\n<p>Je\u015bli jako metod\u0119 p\u0142atno\u015bci wybierzesz \"PayPal\", najpierw zostaniesz przeniesiony do okna logowania PayPal. Po pomy\u015blnym zalogowaniu si\u0119 do systemu PayPal nast\u0105pi przekierowanie do strony przegl\u0105du zam\u00f3wienia w serwisie eBay.<\/p>\n<p>Przed wys\u0142aniem zam\u00f3wienia u\u017cytkownik ma mo\u017cliwo\u015b\u0107 ponownego sprawdzenia wszystkich szczeg\u00f3\u0142\u00f3w, ich zmiany - r\u00f3wnie\u017c za pomoc\u0105 funkcji \"Wstecz\" przegl\u0105darki internetowej - lub anulowania zakupu.<\/p>\n<p>Klikni\u0119cie przycisku \"Kupuj\u0119 i p\u0142ac\u0119\" oznacza prawnie wi\u0105\u017c\u0105c\u0105 akceptacj\u0119 oferty. W ten spos\u00f3b zostaje zawarta umowa kupna-sprzeda\u017cy.<\/p>\n<p><strong>(6) Zakup za po\u015brednictwem funkcji \"Propozycja ceny\"<\/strong><\/p>\n<p>Je\u015bli oferowana jest funkcja \"Propozycja ceny\", u\u017cytkownik ma mo\u017cliwo\u015b\u0107 z\u0142o\u017cenia nam kontroferty. Odbywa si\u0119 to poprzez klikni\u0119cie przycisku \"Wy\u015blij propozycj\u0119 ceny\" na stronie przedmiotu, wprowadzenie propozycji ceny na nast\u0119pnej stronie, wybranie przycisku \"Sprawd\u017a propozycj\u0119 ceny\" i potwierdzenie przycisku \"Wy\u015blij propozycj\u0119 ceny\" na nast\u0119pnej stronie. Stanowi to wi\u0105\u017c\u0105c\u0105 ofert\u0119. U\u017cytkownik jest zwi\u0105zany przes\u0142an\u0105 nam propozycj\u0105 ceny przez dwa dni. Je\u015bli zaakceptujemy propozycj\u0119 cenow\u0105, umowa kupna-sprzeda\u017cy zostanie zawarta.<\/p>\n<p>(7) Zam\u00f3wienie jest przetwarzane, a wszystkie informacje wymagane w zwi\u0105zku z zawarciem umowy s\u0105 przesy\u0142ane poczt\u0105 elektroniczn\u0105. W zwi\u0105zku z tym u\u017cytkownik jest zobowi\u0105zany do upewnienia si\u0119, \u017ce podany nam adres e-mail jest prawid\u0142owy i \u017ce odbi\u00f3r wiadomo\u015bci e-mail jest technicznie zapewniony, tj. w szczeg\u00f3lno\u015bci, \u017ce nie jest on blokowany np. przez filtry SPAM.<\/p>\n<p><strong>\u00a7 4 Przechowywanie tekstu i j\u0119zyka umowy<\/strong><\/p>\n<p>(1) Pe\u0142ny tekst umowy nie jest przez nas zapisywany. Przed wys\u0142aniem zam\u00f3wienia mo\u017cna wydrukowa\u0107 dane zam\u00f3wienia za pomoc\u0105 funkcji drukowania przegl\u0105darki internetowej lub zapisa\u0107 je w formie elektronicznej. Po otrzymaniu zam\u00f3wienia dane zam\u00f3wienia, Og\u00f3lne Warunki Handlowe, w tym informacje wymagane przez prawo w przypadku um\u00f3w sprzeda\u017cy na odleg\u0142o\u015b\u0107, zostan\u0105 ponownie przes\u0142ane poczt\u0105 elektroniczn\u0105.<\/p>\n<p>(2) J\u0119zykiem dost\u0119pnym do zawarcia umowy jest j\u0119zyk niemiecki.<\/p>\n<p><strong>\u00a7 5 Istotne cechy towar\u00f3w<\/strong><\/p>\n<p>G\u0142\u00f3wne cechy towar\u00f3w mo\u017cna znale\u017a\u0107 w opisie poszczeg\u00f3lnych ofert.<\/p>\n<p><strong>\u00a7 6 Ceny, koszty wysy\u0142ki, koszty zwrotu w przypadku anulowania i warunki p\u0142atno\u015bci<\/strong><\/p>\n<p>(1) Ceny zakupu podane na odpowiednich stronach artyku\u0142\u00f3w zawieraj\u0105 ustawowy podatek VAT.<\/p>\n<p>(2) Dla ka\u017cdego zam\u00f3wienia naliczane s\u0105 dodatkowe koszty wysy\u0142ki. Mo\u017cna je wywo\u0142a\u0107 za pomoc\u0105 odpowiednio oznaczonego przycisku w opisie danego przedmiotu, s\u0105 one wy\u015bwietlane osobno podczas procesu sk\u0142adania zam\u00f3wienia i s\u0105 dodatkowo ponoszone przez u\u017cytkownika, chyba \u017ce obiecano bezp\u0142atn\u0105 dostaw\u0119.<\/p>\n<p>(3) W przypadku odst\u0105pienia od umowy u\u017cytkownik ponosi bezpo\u015brednie koszty zwrotu towar\u00f3w.<\/p>\n<p>(4) Dost\u0119pne metody p\u0142atno\u015bci s\u0105 wymienione w opisie danego przedmiotu.<\/p>\n<p>(5) O ile nie okre\u015blono inaczej w poszczeg\u00f3lnych metodach p\u0142atno\u015bci, cena zakupu, kt\u00f3ra ma zosta\u0107 zap\u0142acona przez u\u017cytkownika, jest natychmiast wymagalna.<\/p>\n<p>(6) W przypadku dokonania zakupu na konto za po\u015brednictwem systemu PayPal, PayPal (Europe) S.\u00e0 r.l. et Cie, S.C.A., 22-24 Boulevard Royal, L-2449 Luxembourg przenosi nasze roszczenia wobec u\u017cytkownika w ca\u0142o\u015bci i nieodwo\u0142alnie na PayPal (Europe) S.\u00e0 r.l. et Cie, S.C.A., 22-24 Boulevard Royal, L-2449 Luxembourg. U\u017cytkownik zgadza si\u0119, \u017ce PayPal (Europe) S.\u00e0 r.l. et Cie, S.C.A. przeprowadzi kontrol\u0119 kredytow\u0105 przy u\u017cyciu przes\u0142anych danych przed zaakceptowaniem cesji. PayPal zastrzega sobie prawo do odrzucenia tej metody p\u0142atno\u015bci w wyniku kontroli kredytowej. U\u017cytkownik zostanie o tym poinformowany w procesie realizacji transakcji w serwisie eBay. W przypadku autoryzacji zakupu na konto PayPal, PayPal (Europe) S.\u00e0 r.l. et Cie, S.C.A. akceptuje cesj\u0119, w zwi\u0105zku z czym p\u0142atno\u015bci na poczet sp\u0142aty zad\u0142u\u017cenia mog\u0105 by\u0107 dokonywane wy\u0142\u0105cznie na rzecz PayPal (Europe) S.\u00e0 r.l. et Cie, S.C.A.. Termin p\u0142atno\u015bci wynosi 14 dni od otrzymania towaru.<\/p>\n<p><strong>\u00a7 7 Warunki dostawy<\/strong><\/p>\n<p>Warunki dostawy, termin dostawy i wszelkie istniej\u0105ce ograniczenia dostawy mo\u017cna znale\u017a\u0107 w opisie danego przedmiotu. Je\u015bli w opisie przedmiotu nie okre\u015blono innego terminu, towary zostan\u0105 dostarczone w ci\u0105gu trzech do pi\u0119ciu dni od zawarcia umowy, ale dopiero po dacie polecenia zap\u0142aty, je\u015bli uzgodniono p\u0142atno\u015b\u0107 z g\u00f3ry.<\/p>\n<p><strong>\u00a7 8 Gwarancja<\/strong><\/p>\n<p>Do towar\u00f3w maj\u0105 zastosowanie ustawowe prawa z tytu\u0142u r\u0119kojmi za wady.<\/p>\n<p><strong>\u00a7 9 Gwarancje<\/strong><\/p>\n<p>Na stronach poszczeg\u00f3lnych przedmiot\u00f3w oraz na specjalnych stronach informacyjnych w sklepie eBay mo\u017cna znale\u017a\u0107 informacje o wszelkich dodatkowych gwarancjach i ich dok\u0142adnych warunkach.<\/p>\n<p><strong>\u00a7 10 Rozstrzyganie spor\u00f3w \/ platforma systemu operacyjnego<\/strong><\/p>\n<p>(1) Komisja Europejska oferuje konsumentom platform\u0119 do pozas\u0105dowego rozwi\u0105zywania spor\u00f3w online (tzw. platform\u0119 ODR) pod adresem\u00a0<a href=\"https:\/\/web.archive.org\/web\/20211127201913\/https:\/\/ec.europa.eu\/consumers\/odr\/\">https:\/\/ec.europa.eu\/consumers\/odr\/<\/a>\u00a0do kt\u00f3rego konsument mo\u017ce si\u0119 zwr\u00f3ci\u0107 w przypadku r\u00f3\u017cnicy zda\u0144 w zwi\u0105zku z umow\u0105 kupna lub umow\u0105 o \u015bwiadczenie us\u0142ug zawart\u0105 przez Internet za po\u015brednictwem handlu elektronicznego.<\/p>\n<p>(2) Nie jeste\u015bmy zobowi\u0105zani ani ch\u0119tni do udzia\u0142u w post\u0119powaniu rozstrzygaj\u0105cym spory przed komisj\u0105 arbitra\u017cow\u0105 ds. konsument\u00f3w.<\/p>\n\n\t\t<\/div>\n\t<\/div>\n<\/div><\/div><\/div>\n<\/section>","protected":false},"excerpt":{"rendered":"Allgemeine Gesch\u00e4ftsbedingungenf\u00fcr dieses Angebot \u00a7 1 Geltungsbereich, Vertragsgegenstand und Identit\u00e4t des Verk\u00e4ufers (1) Die nachfolgenden Bestimmungen gelten f\u00fcr alle Vertr\u00e4ge zwischen uns, n\u00e4mlich Shanghai Pharmaceutical Machinery Co., Ltd No, 78, Building 250, Ai Guo road, Shanghai China Telefon: 016097911653 E-Mail: stefanzhujun@gmail.com als Verk\u00e4ufer, und Ihnen als K\u00e4ufer \u00fcber den Verkauf und die Lieferung der von [...]","protected":false},"author":1,"featured_media":0,"parent":0,"menu_order":0,"comment_status":"closed","ping_status":"closed","template":"","meta":{"footnotes":""},"class_list":["post-2237","page","type-page","status-publish","hentry"],"yoast_head":"<!-- This site is optimized with the Yoast SEO plugin v23.3 - https:\/\/yoast.com\/wordpress\/plugins\/seo\/ -->\n<title>Allgemeine Gesch\u00e4ftsbedingungen - Hochwertige Tablettenpresse-<\/title>\n<meta name=\"description\" content=\"Allgemeine Gesch\u00e4ftsbedingungen - Kaufen Sie Tablettenpresse Maschine und Ausr\u00fcstung. Konkurrenzf\u00e4higer Preis - Schnelle Lieferzeit - Sichere Zahlung - Strenge Qualit\u00e4t - 24\/7\" \/>\n<meta name=\"robots\" content=\"index, follow, max-snippet:-1, max-image-preview:large, max-video-preview:-1\" \/>\n<link rel=\"canonical\" href=\"https:\/\/tabletpress-store.com\/pl\/allgemeine-geschaeftsbedingungen\/\" \/>\n<meta property=\"og:locale\" content=\"pl_PL\" \/>\n<meta property=\"og:type\" content=\"article\" \/>\n<meta property=\"og:title\" content=\"Allgemeine Gesch\u00e4ftsbedingungen - Hochwertige Tablettenpresse-\" \/>\n<meta property=\"og:description\" content=\"Allgemeine Gesch\u00e4ftsbedingungen - Kaufen Sie Tablettenpresse Maschine und Ausr\u00fcstung. Konkurrenzf\u00e4higer Preis - Schnelle Lieferzeit - Sichere Zahlung - Strenge Qualit\u00e4t - 24\/7\" \/>\n<meta property=\"og:url\" content=\"https:\/\/tabletpress-store.com\/pl\/allgemeine-geschaeftsbedingungen\/\" \/>\n<meta property=\"og:site_name\" content=\"Tablettenpressen\" \/>\n<meta property=\"article:modified_time\" content=\"2024-09-09T18:45:00+00:00\" \/>\n<meta name=\"twitter:card\" content=\"summary_large_image\" \/>\n<meta name=\"twitter:label1\" content=\"Szacowany czas czytania\" \/>\n\t<meta name=\"twitter:data1\" content=\"9 minut\" \/>\n<script type=\"application\/ld+json\" class=\"yoast-schema-graph\">{\"@context\":\"https:\/\/schema.org\",\"@graph\":[{\"@type\":\"WebPage\",\"@id\":\"https:\/\/tabletpress-store.com\/allgemeine-geschaeftsbedingungen\/\",\"url\":\"https:\/\/tabletpress-store.com\/allgemeine-geschaeftsbedingungen\/\",\"name\":\"Allgemeine Gesch\u00e4ftsbedingungen - Hochwertige Tablettenpresse-\",\"isPartOf\":{\"@id\":\"https:\/\/tabletpress-store.com\/pl\/#website\"},\"datePublished\":\"2023-07-15T09:15:12+00:00\",\"dateModified\":\"2024-09-09T18:45:00+00:00\",\"description\":\"Allgemeine Gesch\u00e4ftsbedingungen - Kaufen Sie Tablettenpresse Maschine und Ausr\u00fcstung. Konkurrenzf\u00e4higer Preis - Schnelle Lieferzeit - Sichere Zahlung - Strenge Qualit\u00e4t - 24\/7\",\"breadcrumb\":{\"@id\":\"https:\/\/tabletpress-store.com\/allgemeine-geschaeftsbedingungen\/#breadcrumb\"},\"inLanguage\":\"pl-PL\",\"potentialAction\":[{\"@type\":\"ReadAction\",\"target\":[\"https:\/\/tabletpress-store.com\/allgemeine-geschaeftsbedingungen\/\"]}]},{\"@type\":\"BreadcrumbList\",\"@id\":\"https:\/\/tabletpress-store.com\/allgemeine-geschaeftsbedingungen\/#breadcrumb\",\"itemListElement\":[{\"@type\":\"ListItem\",\"position\":1,\"name\":\"Startseite\",\"item\":\"https:\/\/tabletpress-store.com\/\"},{\"@type\":\"ListItem\",\"position\":2,\"name\":\"Allgemeine Gesch\u00e4ftsbedingungen\"}]},{\"@type\":\"WebSite\",\"@id\":\"https:\/\/tabletpress-store.com\/pl\/#website\",\"url\":\"https:\/\/tabletpress-store.com\/pl\/\",\"name\":\"Tabletpress Store\",\"description\":\"Tablettenpressen f\u00fcr die Produktion von Medikamenten oder Supplements\",\"publisher\":{\"@id\":\"https:\/\/tabletpress-store.com\/pl\/#organization\"},\"potentialAction\":[{\"@type\":\"SearchAction\",\"target\":{\"@type\":\"EntryPoint\",\"urlTemplate\":\"https:\/\/tabletpress-store.com\/pl\/?s={search_term_string}\"},\"query-input\":\"required name=search_term_string\"}],\"inLanguage\":\"pl-PL\"},{\"@type\":\"Organization\",\"@id\":\"https:\/\/tabletpress-store.com\/pl\/#organization\",\"name\":\"Tabletpress Store\",\"url\":\"https:\/\/tabletpress-store.com\/pl\/\",\"logo\":{\"@type\":\"ImageObject\",\"inLanguage\":\"pl-PL\",\"@id\":\"https:\/\/tabletpress-store.com\/pl\/#\/schema\/logo\/image\/\",\"url\":\"https:\/\/tabletpress-store.com\/wp-content\/uploads\/2023\/07\/tablettpress-store-logo.png\",\"contentUrl\":\"https:\/\/tabletpress-store.com\/wp-content\/uploads\/2023\/07\/tablettpress-store-logo.png\",\"width\":1800,\"height\":1800,\"caption\":\"Tabletpress Store\"},\"image\":{\"@id\":\"https:\/\/tabletpress-store.com\/pl\/#\/schema\/logo\/image\/\"}}]}<\/script>\n<!-- \/ Yoast SEO plugin. -->","yoast_head_json":{"title":"Allgemeine Gesch\u00e4ftsbedingungen - Hochwertige Tablettenpresse-","description":"Allgemeine Gesch\u00e4ftsbedingungen - Kaufen Sie Tablettenpresse Maschine und Ausr\u00fcstung. Konkurrenzf\u00e4higer Preis - Schnelle Lieferzeit - Sichere Zahlung - Strenge Qualit\u00e4t - 24\/7","robots":{"index":"index","follow":"follow","max-snippet":"max-snippet:-1","max-image-preview":"max-image-preview:large","max-video-preview":"max-video-preview:-1"},"canonical":"https:\/\/tabletpress-store.com\/pl\/allgemeine-geschaeftsbedingungen\/","og_locale":"pl_PL","og_type":"article","og_title":"Allgemeine Gesch\u00e4ftsbedingungen - Hochwertige Tablettenpresse-","og_description":"Allgemeine Gesch\u00e4ftsbedingungen - Kaufen Sie Tablettenpresse Maschine und Ausr\u00fcstung. Konkurrenzf\u00e4higer Preis - Schnelle Lieferzeit - Sichere Zahlung - Strenge Qualit\u00e4t - 24\/7","og_url":"https:\/\/tabletpress-store.com\/pl\/allgemeine-geschaeftsbedingungen\/","og_site_name":"Tablettenpressen","article_modified_time":"2024-09-09T18:45:00+00:00","twitter_card":"summary_large_image","twitter_misc":{"Szacowany czas czytania":"9 minut"},"schema":{"@context":"https:\/\/schema.org","@graph":[{"@type":"WebPage","@id":"https:\/\/tabletpress-store.com\/allgemeine-geschaeftsbedingungen\/","url":"https:\/\/tabletpress-store.com\/allgemeine-geschaeftsbedingungen\/","name":"Allgemeine Gesch\u00e4ftsbedingungen - Hochwertige Tablettenpresse-","isPartOf":{"@id":"https:\/\/tabletpress-store.com\/pl\/#website"},"datePublished":"2023-07-15T09:15:12+00:00","dateModified":"2024-09-09T18:45:00+00:00","description":"Allgemeine Gesch\u00e4ftsbedingungen - Kaufen Sie Tablettenpresse Maschine und Ausr\u00fcstung. Konkurrenzf\u00e4higer Preis - Schnelle Lieferzeit - Sichere Zahlung - Strenge Qualit\u00e4t - 24\/7","breadcrumb":{"@id":"https:\/\/tabletpress-store.com\/allgemeine-geschaeftsbedingungen\/#breadcrumb"},"inLanguage":"pl-PL","potentialAction":[{"@type":"ReadAction","target":["https:\/\/tabletpress-store.com\/allgemeine-geschaeftsbedingungen\/"]}]},{"@type":"BreadcrumbList","@id":"https:\/\/tabletpress-store.com\/allgemeine-geschaeftsbedingungen\/#breadcrumb","itemListElement":[{"@type":"ListItem","position":1,"name":"Startseite","item":"https:\/\/tabletpress-store.com\/"},{"@type":"ListItem","position":2,"name":"Allgemeine Gesch\u00e4ftsbedingungen"}]},{"@type":"WebSite","@id":"https:\/\/tabletpress-store.com\/pl\/#website","url":"https:\/\/tabletpress-store.com\/pl\/","name":"Tabletpress Store","description":"Tablettenpressen f\u00fcr die Produktion von Medikamenten oder Supplements","publisher":{"@id":"https:\/\/tabletpress-store.com\/pl\/#organization"},"potentialAction":[{"@type":"SearchAction","target":{"@type":"EntryPoint","urlTemplate":"https:\/\/tabletpress-store.com\/pl\/?s={search_term_string}"},"query-input":"required name=search_term_string"}],"inLanguage":"pl-PL"},{"@type":"Organization","@id":"https:\/\/tabletpress-store.com\/pl\/#organization","name":"Tabletpress Store","url":"https:\/\/tabletpress-store.com\/pl\/","logo":{"@type":"ImageObject","inLanguage":"pl-PL","@id":"https:\/\/tabletpress-store.com\/pl\/#\/schema\/logo\/image\/","url":"https:\/\/tabletpress-store.com\/wp-content\/uploads\/2023\/07\/tablettpress-store-logo.png","contentUrl":"https:\/\/tabletpress-store.com\/wp-content\/uploads\/2023\/07\/tablettpress-store-logo.png","width":1800,"height":1800,"caption":"Tabletpress Store"},"image":{"@id":"https:\/\/tabletpress-store.com\/pl\/#\/schema\/logo\/image\/"}}]}},"_links":{"self":[{"href":"https:\/\/tabletpress-store.com\/pl\/wp-json\/wp\/v2\/pages\/2237","targetHints":{"allow":["GET"]}}],"collection":[{"href":"https:\/\/tabletpress-store.com\/pl\/wp-json\/wp\/v2\/pages"}],"about":[{"href":"https:\/\/tabletpress-store.com\/pl\/wp-json\/wp\/v2\/types\/page"}],"author":[{"embeddable":true,"href":"https:\/\/tabletpress-store.com\/pl\/wp-json\/wp\/v2\/users\/1"}],"replies":[{"embeddable":true,"href":"https:\/\/tabletpress-store.com\/pl\/wp-json\/wp\/v2\/comments?post=2237"}],"version-history":[{"count":4,"href":"https:\/\/tabletpress-store.com\/pl\/wp-json\/wp\/v2\/pages\/2237\/revisions"}],"predecessor-version":[{"id":2363,"href":"https:\/\/tabletpress-store.com\/pl\/wp-json\/wp\/v2\/pages\/2237\/revisions\/2363"}],"wp:attachment":[{"href":"https:\/\/tabletpress-store.com\/pl\/wp-json\/wp\/v2\/media?parent=2237"}],"curies":[{"name":"wp","href":"https:\/\/api.w.org\/{rel}","templated":true}]}}