{"id":2240,"date":"2023-07-15T11:17:03","date_gmt":"2023-07-15T09:17:03","guid":{"rendered":"https:\/\/tabletpress-store.com\/?page_id=2240"},"modified":"2025-12-05T09:50:57","modified_gmt":"2025-12-05T08:50:57","slug":"widerrufsbelehrung","status":"publish","type":"page","link":"https:\/\/tabletpress-store.com\/pl\/widerrufsbelehrung\/","title":{"rendered":"Polityka anulowania"},"content":{"rendered":"<section class=\"wpb-content-wrapper\"><div class=\"vc_row wpb_row row top-row\"><div class=\"vc_column_container col-md-12\"><div class=\"wpb_wrapper vc_column-inner\"><div class=\"porto-u-heading  wpb_custom_95aa9a11c17ad45cfabaf210d84ee7cc porto-u-7276\"><div class=\"porto-u-main-heading\"><h2  >Polityka anulowania<\/h2><\/div><div class=\"porto-u-sub-heading\" style=\"\">\n<p><\/div><div class=\"porto-u-heading-spacer line_only\" style=\"height:1px;\"><span class=\"porto-u-headings-line\" style=\"border-style:solid;border-bottom-width:1px;border-color:#ccc;width:auto;\"><\/span><\/div><style>.porto-u-7276.porto-u-heading{text-align:center} .porto-u-7276 .porto-u-headings-line{float: unset;}<\/style><\/div><div class=\"vc_empty_space\"   style=\"height: 32px\"><span class=\"vc_empty_space_inner\"><\/span><\/div>\n\t<div class=\"wpb_text_column wpb_content_element\" >\n\t\t<div class=\"wpb_wrapper\">\n\t\t\t<p><strong>Prawo do anulowania<\/strong><\/p>\n<p>U\u017cytkownik ma prawo do odst\u0105pienia od umowy w ci\u0105gu jednego miesi\u0105ca bez podania przyczyny.<\/p>\n<p>Okres anulowania wynosi jeden miesi\u0105c od dnia, w kt\u00f3rym u\u017cytkownik lub wskazana przez niego osoba trzecia, nieb\u0119d\u0105ca przewo\u017anikiem, anuluje zam\u00f3wienie,<\/p>\n<p>- towar\u00f3w (w przypadku dostawy jednego produktu lub jednolitej dostawy kilku produkt\u00f3w zam\u00f3wionych w ramach jednolitego zam\u00f3wienia) lub<br \/>\n- ostatni towar (w przypadku oddzielnej dostawy kilku towar\u00f3w zam\u00f3wionych w ramach jednego zam\u00f3wienia) lub<br \/>\n- obj\u0119cia w posiadanie ostatniej cz\u0119\u015bciowej przesy\u0142ki lub ostatniej pozycji (w przypadku dostawy jednego lub wi\u0119kszej liczby towar\u00f3w zam\u00f3wionych w ramach jednego zam\u00f3wienia, w kilku cz\u0119\u015bciowych przesy\u0142kach lub pozycjach).<\/p>\n<p>Aby skorzysta\u0107 z prawa do odst\u0105pienia od umowy, nale\u017cy poinformowa\u0107 nas (,Seidenstrasse GmbH, Ringstr. 1, 01968 Senftenberg, Deutschland, Phone: 016097911653, E-Mail: stefanzhujun@163.com) o swojej decyzji o odst\u0105pieniu od niniejszej umowy w drodze jednoznacznego o\u015bwiadczenia (np. pismo wys\u0142ane poczt\u0105, faksem lub poczt\u0105 elektroniczn\u0105). Mo\u017cna skorzysta\u0107 z za\u0142\u0105czonego przyk\u0142adowego formularza odst\u0105pienia od umowy, ale nie jest to obowi\u0105zkowe. Aby dotrzyma\u0107 terminu odst\u0105pienia od umowy, wystarczy wys\u0142a\u0107 powiadomienie o skorzystaniu z prawa do odst\u0105pienia od umowy przed up\u0142ywem terminu do odst\u0105pienia od umowy.<\/p>\n<p><strong>Konsekwencje anulowania<\/strong><\/p>\n<p>W przypadku odst\u0105pienia od niniejszej umowy, zwr\u00f3cimy u\u017cytkownikowi wszystkie otrzymane od niego p\u0142atno\u015bci, w tym koszty dostawy (z wyj\u0105tkiem dodatkowych koszt\u00f3w wynikaj\u0105cych z wyboru przez u\u017cytkownika innego rodzaju dostawy ni\u017c najta\u0144szy oferowany przez nas rodzaj dostawy standardowej), bez zb\u0119dnej zw\u0142oki, a w ka\u017cdym razie nie p\u00f3\u017aniej ni\u017c 14 dni od dnia, w kt\u00f3rym zostali\u015bmy poinformowani o decyzji u\u017cytkownika o odst\u0105pieniu od niniejszej umowy. W celu dokonania zwrotu p\u0142atno\u015bci u\u017cyjemy tych samych \u015brodk\u00f3w p\u0142atniczych, kt\u00f3re zosta\u0142y u\u017cyte w pierwotnej transakcji, chyba \u017ce wyra\u017anie uzgodniono inaczej; w \u017cadnym wypadku nie zostaniesz obci\u0105\u017cony \u017cadnymi op\u0142atami za ten zwrot. Mo\u017cemy wstrzyma\u0107 si\u0119 ze zwrotem p\u0142atno\u015bci do czasu otrzymania towar\u00f3w z powrotem lub do czasu dostarczenia przez u\u017cytkownika dowodu ich odes\u0142ania, w zale\u017cno\u015bci od tego, kt\u00f3re zdarzenie nast\u0105pi wcze\u015bniej.<\/p>\n<p>U\u017cytkownik musi zwr\u00f3ci\u0107 lub przekaza\u0107 nam towary niezw\u0142ocznie, a w ka\u017cdym razie nie p\u00f3\u017aniej ni\u017c w ci\u0105gu czternastu dni od dnia, w kt\u00f3rym poinformowa\u0142 nas o odst\u0105pieniu od niniejszej umowy. Termin jest zachowany, je\u015bli towary zostan\u0105 wys\u0142ane przed up\u0142ywem czternastu dni.<\/p>\n<p>U\u017cytkownik ponosi bezpo\u015brednie koszty zwrotu towar\u00f3w.<\/p>\n<p>U\u017cytkownik musi zap\u0142aci\u0107 za utrat\u0119 warto\u015bci towar\u00f3w tylko wtedy, gdy utrata warto\u015bci wynika z obchodzenia si\u0119 z towarami, kt\u00f3re nie jest konieczne do sprawdzenia ich stanu, w\u0142a\u015bciwo\u015bci i funkcjonalno\u015bci.<\/p>\n<p><strong>Przyk\u0142adowy formularz anulowania<\/strong><\/p>\n<p>(Je\u015bli chcesz anulowa\u0107 umow\u0119, wype\u0142nij i ode\u015blij ten formularz)<br \/>\n\u2013 An<br \/>\nSeidenstrasse GmbH<br \/>\nRingstr. 1<br \/>\n01968 Senftenberg OT Kleinkoschen<br \/>\nNiemcy<br \/>\nE-Mail:\u00a0<a href=\"https:\/\/web.archive.org\/web\/20211127194947\/mailto:stefanzhujun@163.com\">stefanzhujun@163.com<\/a><\/p>\n<p>&nbsp;<\/p>\n<p>Ja\/My (*) niniejszym odst\u0119puj\u0119\/odst\u0119pujemy (*) od zawartej przeze mnie\/nas (*) umowy zakupu nast\u0119puj\u0105cych towar\u00f3w:<\/p>\n<p>\u2026\u2026\u2026\u2026\u2026\u2026\u2026\u2026\u2026\u2026\u2026\u2026\u2026\u2026\u2026\u2026\u2026\u2026\u2026\u2026\u2026\u2026\u2026\u2026\u2026\u2026\u2026\u2026\u2026\u2026\u2026\u2026\u2026\u2026\u2026\u2026\u2026\u2026\u2026\u2026\u2026<br \/>\nZam\u00f3wione na:<\/p>\n<p>\u2026\u2026\u2026\u2026\u2026\u2026\u2026\u2026\u2026\u2026\u2026\u2026\u2026\u2026\u2026\u2026\u2026\u2026\u2026\u2026\u2026\u2026\u2026\u2026\u2026\u2026\u2026\u2026\u2026\u2026\u2026\u2026\u2026\u2026\u2026\u2026\u2026\u2026\u2026\u2026\u2026<br \/>\nOdebrano dnia:<\/p>\n<p>\u2026\u2026\u2026\u2026\u2026\u2026\u2026\u2026\u2026\u2026\u2026\u2026\u2026\u2026\u2026\u2026\u2026\u2026\u2026\u2026\u2026\u2026\u2026\u2026\u2026\u2026\u2026\u2026\u2026\u2026\u2026\u2026\u2026\u2026\u2026\u2026\u2026\u2026\u2026\u2026\u2026<br \/>\nNazwa konsumenta(-\u00f3w):<\/p>\n<p>\u2026\u2026\u2026\u2026\u2026\u2026\u2026\u2026\u2026\u2026\u2026\u2026\u2026\u2026\u2026\u2026\u2026\u2026\u2026\u2026\u2026\u2026\u2026\u2026\u2026\u2026\u2026\u2026\u2026\u2026\u2026\u2026\u2026\u2026\u2026\u2026\u2026\u2026\u2026\u2026\u2026<br \/>\nAdres konsumenta(-\u00f3w):<\/p>\n<p>\u2026\u2026\u2026\u2026\u2026\u2026\u2026\u2026\u2026\u2026\u2026\u2026\u2026\u2026\u2026\u2026\u2026\u2026\u2026\u2026\u2026\u2026\u2026\u2026\u2026\u2026\u2026\u2026\u2026\u2026\u2026\u2026\u2026\u2026\u2026\u2026\u2026\u2026\u2026\u2026\u2026<br \/>\nPodpis konsumenta(-\u00f3w) (tylko w przypadku powiadomienia na papierze):<\/p>\n<p>\u2026\u2026\u2026\u2026\u2026\u2026\u2026\u2026\u2026\u2026\u2026\u2026\u2026\u2026\u2026\u2026\u2026\u2026\u2026\u2026\u2026\u2026\u2026\u2026\u2026\u2026\u2026\u2026\u2026\u2026\u2026\u2026\u2026\u2026\u2026\u2026\u2026\u2026\u2026\u2026\u2026<br \/>\nData:<\/p>\n<p>\u2026\u2026\u2026\u2026\u2026\u2026\u2026\u2026\u2026\u2026\u2026\u2026\u2026\u2026\u2026\u2026\u2026\u2026\u2026\u2026\u2026\u2026\u2026\u2026\u2026\u2026\u2026\u2026\u2026\u2026\u2026\u2026\u2026\u2026\u2026\u2026\u2026\u2026\u2026\u2026\u2026<\/p>\n<p>(*) Niepotrzebne skre\u015bli\u0107.<\/p>\n<p>Koniec polityki anulowania<\/p>\n\n\t\t<\/div>\n\t<\/div>\n<\/div><\/div><\/div>\n<\/section>","protected":false},"excerpt":{"rendered":"Widerrufsbelehrung Widerrufsrecht Sie haben das Recht, binnen eines Monats ohne Angabe von Gr\u00fcnden diesen Vertrag zu widerrufen. Die Widerrufsfrist betr\u00e4gt einen Monat ab dem Tag, an dem Sie oder ein von Ihnen benannter Dritter, der nicht der Bef\u00f6rderer ist, \u2013 die Waren (bei Lieferung einer Ware oder einheitlicher Lieferung mehrerer Waren, die Sie im Rahmen [...]","protected":false},"author":1,"featured_media":0,"parent":0,"menu_order":0,"comment_status":"closed","ping_status":"closed","template":"","meta":{"footnotes":""},"class_list":["post-2240","page","type-page","status-publish","hentry"],"yoast_head":"<!-- This site is optimized with the Yoast SEO plugin v23.3 - https:\/\/yoast.com\/wordpress\/plugins\/seo\/ -->\n<title>Widerrufsbelehrung - Hochwertige Tablettenpresse- Tabletpress Store<\/title>\n<meta name=\"description\" content=\"Widerrufsbelehrung: Kaufen Sie Tablettenpressen und Zubeh\u00f6r zu konkurrenzf\u00e4higen Preisen. Profitieren Sie von schneller Lieferung, sicherer Zahlung, strenger Qualit\u00e4tskontrolle und 24\/7 Service.\" \/>\n<meta name=\"robots\" content=\"index, follow, max-snippet:-1, max-image-preview:large, max-video-preview:-1\" \/>\n<link rel=\"canonical\" href=\"https:\/\/tabletpress-store.com\/pl\/widerrufsbelehrung\/\" \/>\n<meta property=\"og:locale\" content=\"pl_PL\" \/>\n<meta property=\"og:type\" content=\"article\" \/>\n<meta property=\"og:title\" content=\"Widerrufsbelehrung - Hochwertige Tablettenpresse- Tabletpress Store\" \/>\n<meta property=\"og:description\" content=\"Widerrufsbelehrung: Kaufen Sie Tablettenpressen und Zubeh\u00f6r zu konkurrenzf\u00e4higen Preisen. Profitieren Sie von schneller Lieferung, sicherer Zahlung, strenger Qualit\u00e4tskontrolle und 24\/7 Service.\" \/>\n<meta property=\"og:url\" content=\"https:\/\/tabletpress-store.com\/pl\/widerrufsbelehrung\/\" \/>\n<meta property=\"og:site_name\" content=\"Tablettenpressen\" \/>\n<meta property=\"article:modified_time\" content=\"2025-12-05T08:50:57+00:00\" \/>\n<meta name=\"twitter:card\" content=\"summary_large_image\" \/>\n<meta name=\"twitter:label1\" content=\"Szacowany czas czytania\" \/>\n\t<meta name=\"twitter:data1\" content=\"3 minuty\" \/>\n<script type=\"application\/ld+json\" class=\"yoast-schema-graph\">{\"@context\":\"https:\/\/schema.org\",\"@graph\":[{\"@type\":\"WebPage\",\"@id\":\"https:\/\/tabletpress-store.com\/widerrufsbelehrung\/\",\"url\":\"https:\/\/tabletpress-store.com\/widerrufsbelehrung\/\",\"name\":\"Widerrufsbelehrung - Hochwertige Tablettenpresse- Tabletpress Store\",\"isPartOf\":{\"@id\":\"https:\/\/tabletpress-store.com\/pl\/#website\"},\"datePublished\":\"2023-07-15T09:17:03+00:00\",\"dateModified\":\"2025-12-05T08:50:57+00:00\",\"description\":\"Widerrufsbelehrung: Kaufen Sie Tablettenpressen und Zubeh\u00f6r zu konkurrenzf\u00e4higen Preisen. Profitieren Sie von schneller Lieferung, sicherer Zahlung, strenger Qualit\u00e4tskontrolle und 24\/7 Service.\",\"breadcrumb\":{\"@id\":\"https:\/\/tabletpress-store.com\/widerrufsbelehrung\/#breadcrumb\"},\"inLanguage\":\"pl-PL\",\"potentialAction\":[{\"@type\":\"ReadAction\",\"target\":[\"https:\/\/tabletpress-store.com\/widerrufsbelehrung\/\"]}]},{\"@type\":\"BreadcrumbList\",\"@id\":\"https:\/\/tabletpress-store.com\/widerrufsbelehrung\/#breadcrumb\",\"itemListElement\":[{\"@type\":\"ListItem\",\"position\":1,\"name\":\"Startseite\",\"item\":\"https:\/\/tabletpress-store.com\/\"},{\"@type\":\"ListItem\",\"position\":2,\"name\":\"Widerrufsbelehrung\"}]},{\"@type\":\"WebSite\",\"@id\":\"https:\/\/tabletpress-store.com\/pl\/#website\",\"url\":\"https:\/\/tabletpress-store.com\/pl\/\",\"name\":\"Tabletpress Store\",\"description\":\"Tablettenpressen f\u00fcr die Produktion von Medikamenten oder Supplements\",\"publisher\":{\"@id\":\"https:\/\/tabletpress-store.com\/pl\/#organization\"},\"potentialAction\":[{\"@type\":\"SearchAction\",\"target\":{\"@type\":\"EntryPoint\",\"urlTemplate\":\"https:\/\/tabletpress-store.com\/pl\/?s={search_term_string}\"},\"query-input\":\"required name=search_term_string\"}],\"inLanguage\":\"pl-PL\"},{\"@type\":\"Organization\",\"@id\":\"https:\/\/tabletpress-store.com\/pl\/#organization\",\"name\":\"Tabletpress Store\",\"url\":\"https:\/\/tabletpress-store.com\/pl\/\",\"logo\":{\"@type\":\"ImageObject\",\"inLanguage\":\"pl-PL\",\"@id\":\"https:\/\/tabletpress-store.com\/pl\/#\/schema\/logo\/image\/\",\"url\":\"https:\/\/tabletpress-store.com\/wp-content\/uploads\/2023\/07\/tablettpress-store-logo.png\",\"contentUrl\":\"https:\/\/tabletpress-store.com\/wp-content\/uploads\/2023\/07\/tablettpress-store-logo.png\",\"width\":1800,\"height\":1800,\"caption\":\"Tabletpress Store\"},\"image\":{\"@id\":\"https:\/\/tabletpress-store.com\/pl\/#\/schema\/logo\/image\/\"}}]}<\/script>\n<!-- \/ Yoast SEO plugin. -->","yoast_head_json":{"title":"Widerrufsbelehrung - Hochwertige Tablettenpresse- Tabletpress Store","description":"Widerrufsbelehrung: Kaufen Sie Tablettenpressen und Zubeh\u00f6r zu konkurrenzf\u00e4higen Preisen. Profitieren Sie von schneller Lieferung, sicherer Zahlung, strenger Qualit\u00e4tskontrolle und 24\/7 Service.","robots":{"index":"index","follow":"follow","max-snippet":"max-snippet:-1","max-image-preview":"max-image-preview:large","max-video-preview":"max-video-preview:-1"},"canonical":"https:\/\/tabletpress-store.com\/pl\/widerrufsbelehrung\/","og_locale":"pl_PL","og_type":"article","og_title":"Widerrufsbelehrung - Hochwertige Tablettenpresse- Tabletpress Store","og_description":"Widerrufsbelehrung: Kaufen Sie Tablettenpressen und Zubeh\u00f6r zu konkurrenzf\u00e4higen Preisen. Profitieren Sie von schneller Lieferung, sicherer Zahlung, strenger Qualit\u00e4tskontrolle und 24\/7 Service.","og_url":"https:\/\/tabletpress-store.com\/pl\/widerrufsbelehrung\/","og_site_name":"Tablettenpressen","article_modified_time":"2025-12-05T08:50:57+00:00","twitter_card":"summary_large_image","twitter_misc":{"Szacowany czas czytania":"3 minuty"},"schema":{"@context":"https:\/\/schema.org","@graph":[{"@type":"WebPage","@id":"https:\/\/tabletpress-store.com\/widerrufsbelehrung\/","url":"https:\/\/tabletpress-store.com\/widerrufsbelehrung\/","name":"Widerrufsbelehrung - Hochwertige Tablettenpresse- Tabletpress Store","isPartOf":{"@id":"https:\/\/tabletpress-store.com\/pl\/#website"},"datePublished":"2023-07-15T09:17:03+00:00","dateModified":"2025-12-05T08:50:57+00:00","description":"Widerrufsbelehrung: Kaufen Sie Tablettenpressen und Zubeh\u00f6r zu konkurrenzf\u00e4higen Preisen. Profitieren Sie von schneller Lieferung, sicherer Zahlung, strenger Qualit\u00e4tskontrolle und 24\/7 Service.","breadcrumb":{"@id":"https:\/\/tabletpress-store.com\/widerrufsbelehrung\/#breadcrumb"},"inLanguage":"pl-PL","potentialAction":[{"@type":"ReadAction","target":["https:\/\/tabletpress-store.com\/widerrufsbelehrung\/"]}]},{"@type":"BreadcrumbList","@id":"https:\/\/tabletpress-store.com\/widerrufsbelehrung\/#breadcrumb","itemListElement":[{"@type":"ListItem","position":1,"name":"Startseite","item":"https:\/\/tabletpress-store.com\/"},{"@type":"ListItem","position":2,"name":"Widerrufsbelehrung"}]},{"@type":"WebSite","@id":"https:\/\/tabletpress-store.com\/pl\/#website","url":"https:\/\/tabletpress-store.com\/pl\/","name":"Tabletpress Store","description":"Tablettenpressen f\u00fcr die Produktion von Medikamenten oder Supplements","publisher":{"@id":"https:\/\/tabletpress-store.com\/pl\/#organization"},"potentialAction":[{"@type":"SearchAction","target":{"@type":"EntryPoint","urlTemplate":"https:\/\/tabletpress-store.com\/pl\/?s={search_term_string}"},"query-input":"required name=search_term_string"}],"inLanguage":"pl-PL"},{"@type":"Organization","@id":"https:\/\/tabletpress-store.com\/pl\/#organization","name":"Tabletpress Store","url":"https:\/\/tabletpress-store.com\/pl\/","logo":{"@type":"ImageObject","inLanguage":"pl-PL","@id":"https:\/\/tabletpress-store.com\/pl\/#\/schema\/logo\/image\/","url":"https:\/\/tabletpress-store.com\/wp-content\/uploads\/2023\/07\/tablettpress-store-logo.png","contentUrl":"https:\/\/tabletpress-store.com\/wp-content\/uploads\/2023\/07\/tablettpress-store-logo.png","width":1800,"height":1800,"caption":"Tabletpress Store"},"image":{"@id":"https:\/\/tabletpress-store.com\/pl\/#\/schema\/logo\/image\/"}}]}},"_links":{"self":[{"href":"https:\/\/tabletpress-store.com\/pl\/wp-json\/wp\/v2\/pages\/2240","targetHints":{"allow":["GET"]}}],"collection":[{"href":"https:\/\/tabletpress-store.com\/pl\/wp-json\/wp\/v2\/pages"}],"about":[{"href":"https:\/\/tabletpress-store.com\/pl\/wp-json\/wp\/v2\/types\/page"}],"author":[{"embeddable":true,"href":"https:\/\/tabletpress-store.com\/pl\/wp-json\/wp\/v2\/users\/1"}],"replies":[{"embeddable":true,"href":"https:\/\/tabletpress-store.com\/pl\/wp-json\/wp\/v2\/comments?post=2240"}],"version-history":[{"count":4,"href":"https:\/\/tabletpress-store.com\/pl\/wp-json\/wp\/v2\/pages\/2240\/revisions"}],"predecessor-version":[{"id":2624,"href":"https:\/\/tabletpress-store.com\/pl\/wp-json\/wp\/v2\/pages\/2240\/revisions\/2624"}],"wp:attachment":[{"href":"https:\/\/tabletpress-store.com\/pl\/wp-json\/wp\/v2\/media?parent=2240"}],"curies":[{"name":"wp","href":"https:\/\/api.w.org\/{rel}","templated":true}]}}