{"id":2246,"date":"2023-07-15T11:38:25","date_gmt":"2023-07-15T09:38:25","guid":{"rendered":"https:\/\/tabletpress-store.com\/?page_id=2246"},"modified":"2024-01-09T12:39:29","modified_gmt":"2024-01-09T11:39:29","slug":"impressum","status":"publish","type":"page","link":"https:\/\/tabletpress-store.com\/pl\/impressum\/","title":{"rendered":"Nadruk"},"content":{"rendered":"<section class=\"wpb-content-wrapper\"><div class=\"vc_row wpb_row row top-row\"><div class=\"vc_column_container col-md-12\"><div class=\"wpb_wrapper vc_column-inner\"><div class=\"porto-u-heading  wpb_custom_95aa9a11c17ad45cfabaf210d84ee7cc porto-u-5497\"><div class=\"porto-u-main-heading\"><h2  >Nadruk<\/h2><\/div><div class=\"porto-u-sub-heading\" style=\"\">\n<p><\/div><div class=\"porto-u-heading-spacer line_only\" style=\"height:1px;\"><span class=\"porto-u-headings-line\" style=\"border-style:solid;border-bottom-width:1px;border-color:#ccc;width:auto;\"><\/span><\/div><style>.porto-u-5497.porto-u-heading{text-align:center} .porto-u-5497 .porto-u-headings-line{float: unset;}<\/style><\/div><div class=\"vc_empty_space\"   style=\"height: 32px\"><span class=\"vc_empty_space_inner\"><\/span><\/div>\n\t<div class=\"wpb_text_column wpb_content_element\" >\n\t\t<div class=\"wpb_wrapper\">\n\t\t\t<p class=\"p1\">Shanghai Pharmaceutical Machinery Co., Ltd<br \/>\nNo, 78, Building 250, Ai Guo road, Shanghai<br \/>\nChiny<\/p>\n<p class=\"p1\">Telefon: 016097911653<br \/>\nE-Mail: <a href=\"https:\/\/web.archive.org\/web\/20211127201913\/mailto:stefanzhujun@gmail.com\">stefanzhujun@gmail.com<\/a><\/p>\n<p><strong>Wy\u0142\u0105czenie odpowiedzialno\u015bci<\/strong><\/p>\n<p><strong>Odpowiedzialno\u015b\u0107 za tre\u015b\u0107<\/strong><\/p>\n<p>Jako dostawca us\u0142ug jeste\u015bmy odpowiedzialni za w\u0142asne tre\u015bci na tych stronach zgodnie z \u00a7 7 (1) TMG (niemiecka ustawa o telemediach) i og\u00f3lnymi przepisami prawa. Zgodnie z \u00a7\u00a7 8 do 10 TMG, jako us\u0142ugodawca nie jeste\u015bmy jednak zobowi\u0105zani do monitorowania przekazywanych lub przechowywanych informacji os\u00f3b trzecich ani do badania okoliczno\u015bci wskazuj\u0105cych na nielegaln\u0105 dzia\u0142alno\u015b\u0107. Nie ma to wp\u0142ywu na obowi\u0105zek usuni\u0119cia lub zablokowania korzystania z informacji zgodnie z og\u00f3lnymi przepisami prawa. Odpowiedzialno\u015b\u0107 w tym zakresie jest jednak mo\u017cliwa dopiero od momentu powzi\u0119cia informacji o konkretnym naruszeniu. Gdy tylko dowiemy si\u0119 o takich naruszeniach, niezw\u0142ocznie usuniemy te tre\u015bci.<\/p>\n<p><strong>Odpowiedzialno\u015b\u0107 za linki<\/strong><\/p>\n<p>Nasza witryna internetowa zawiera \u0142\u0105cza do zewn\u0119trznych witryn internetowych os\u00f3b trzecich, na kt\u00f3rych tre\u015b\u0107 nie mamy wp\u0142ywu. W zwi\u0105zku z tym nie mo\u017cemy ponosi\u0107 \u017cadnej odpowiedzialno\u015bci za tre\u015bci stron trzecich. Odpowiedni dostawca lub operator stron jest zawsze odpowiedzialny za tre\u015b\u0107 stron, do kt\u00f3rych prowadz\u0105 linki. Po\u0142\u0105czone strony zosta\u0142y sprawdzone pod k\u0105tem mo\u017cliwych narusze\u0144 prawa w momencie \u0142\u0105czenia. Nielegalne tre\u015bci nie zosta\u0142y rozpoznane w momencie linkowania. Sta\u0142e monitorowanie tre\u015bci stron, do kt\u00f3rych prowadz\u0105 linki, nie jest jednak uzasadnione bez konkretnych dowod\u00f3w naruszenia prawa. Je\u015bli dowiemy si\u0119 o jakichkolwiek naruszeniach prawa, natychmiast usuniemy takie linki.<\/p>\n<p><strong>Prawa autorskie<\/strong><\/p>\n<p>Tre\u015bci i dzie\u0142a stworzone przez operator\u00f3w witryn na tych stronach podlegaj\u0105 niemieckiemu prawu autorskiemu. Powielanie, przetwarzanie, rozpowszechnianie i wszelkiego rodzaju wykorzystywanie poza granicami prawa autorskiego wymaga pisemnej zgody odpowiedniego autora lub tw\u00f3rcy. Pobieranie i kopiowanie tej strony jest dozwolone wy\u0142\u0105cznie do prywatnego, niekomercyjnego u\u017cytku. O ile tre\u015bci na tej stronie nie zosta\u0142y stworzone przez operatora, prawa autorskie os\u00f3b trzecich s\u0105 przestrzegane. W szczeg\u00f3lno\u015bci tre\u015bci os\u00f3b trzecich s\u0105 oznaczone jako takie. Je\u015bli mimo to dowiesz si\u0119 o naruszeniu praw autorskich, poinformuj nas o tym. Je\u015bli dowiemy si\u0119 o jakichkolwiek naruszeniach, niezw\u0142ocznie usuniemy takie tre\u015bci.<\/p>\n<div class=\"wpb_text_column wpb_content_element\">\n<div class=\"wpb_wrapper\">\n<div class=\"woocommerce woocommerce-gzd woocommerce-gzd-complaints-shortcode\">\n<p><strong>Alternatywne rozstrzyganie spor\u00f3w zgodnie z art. 14 ust. 1 ODR-VO i \u00a7 36 VSBG:<\/strong><\/p>\n<p>Komisja Europejska zapewnia platform\u0119 internetowego rozstrzygania spor\u00f3w (OS), do kt\u00f3rej mo\u017cna uzyska\u0107 dost\u0119p pod adresem\u00a0<a href=\"https:\/\/web.archive.org\/web\/20211127211908\/https:\/\/ec.europa.eu\/consumers\/odr\" target=\"_blank\" rel=\"noopener noreferrer\">https:\/\/ec.europa.eu\/consumers\/odr<\/a>\u00a0znale\u017a\u0107. Nie jeste\u015bmy zobowi\u0105zani ani ch\u0119tni do udzia\u0142u w post\u0119powaniu rozstrzygaj\u0105cym spory przed komisj\u0105 arbitra\u017cow\u0105 konsument\u00f3w.<\/p>\n<\/div>\n<\/div>\n<\/div>\n\n\t\t<\/div>\n\t<\/div>\n<\/div><\/div><\/div><div class=\"vc_row wpb_row row top-row\"><div class=\"vc_column_container col-md-12\"><div class=\"wpb_wrapper vc_column-inner\">\n\t<div class=\"wpb_text_column wpb_content_element\" >\n\t\t<div class=\"wpb_wrapper\">\n\t\t\t<div class=\"woocommerce woocommerce-gzd woocommerce-gzd-complaints-shortcode\">\n\t\t\t<h3>Alternative Dispute Resolution in accordance with Art. 14 (1) ODR-VO and \u00a7 36 VSBG:<\/h3>\n\t\n<p>Komisja Europejska zapewnia platform\u0119 internetowego rozstrzygania spor\u00f3w (OS), do kt\u00f3rej mo\u017cna uzyska\u0107 dost\u0119p pod adresem <a href=\"https:\/\/ec.europa.eu\/consumers\/odr\" target=\"_blank\">https:\/\/ec.europa.eu\/consumers\/odr<\/a> znale\u017a\u0107. Nie jeste\u015bmy zobowi\u0105zani ani ch\u0119tni do udzia\u0142u w post\u0119powaniu rozstrzygaj\u0105cym spory przed komisj\u0105 arbitra\u017cow\u0105 konsument\u00f3w.<\/p>\n<\/div>\n\n\t\t<\/div>\n\t<\/div>\n<\/div><\/div><\/div>\n<\/section>","protected":false},"excerpt":{"rendered":"Impressum Shanghai Pharmaceutical Machinery Co., Ltd No, 78, Building 250, Ai Guo road, Shanghai China Telefon: 016097911653 E-Mail: stefanzhujun@gmail.com Haftungsausschluss (Disclaimer) Haftung f\u00fcr Inhalte Als Diensteanbieter sind wir gem\u00e4\u00df \u00a7 7 Abs.1 TMG f\u00fcr eigene Inhalte auf diesen Seiten nach den allgemeinen Gesetzen verantwortlich. Nach \u00a7\u00a7 8 bis 10 TMG sind wir als Diensteanbieter jedoch [...]","protected":false},"author":1,"featured_media":0,"parent":0,"menu_order":0,"comment_status":"closed","ping_status":"closed","template":"","meta":{"footnotes":""},"class_list":["post-2246","page","type-page","status-publish","hentry"],"yoast_head":"<!-- This site is optimized with the Yoast SEO plugin v23.3 - https:\/\/yoast.com\/wordpress\/plugins\/seo\/ -->\n<title>Rechtlicher Hinweis - Hochwertige Tablettenpresse - Tabletpress Store<\/title>\n<meta name=\"description\" content=\"Impressum - Kaufen Sie Tablettenpresse Maschine und Ausr\u00fcstung. Konkurrenzf\u00e4higer Preis - Schnelle Lieferzeit - Sichere Zahlung - Strenge Qualit\u00e4t - 24\/7\" \/>\n<meta name=\"robots\" content=\"index, follow, max-snippet:-1, max-image-preview:large, max-video-preview:-1\" \/>\n<link rel=\"canonical\" href=\"https:\/\/tabletpress-store.com\/pl\/impressum\/\" \/>\n<meta property=\"og:locale\" content=\"pl_PL\" \/>\n<meta property=\"og:type\" content=\"article\" \/>\n<meta property=\"og:title\" content=\"Rechtlicher Hinweis - Hochwertige Tablettenpresse - Tabletpress Store\" \/>\n<meta property=\"og:description\" content=\"Impressum - Kaufen Sie Tablettenpresse Maschine und Ausr\u00fcstung. Konkurrenzf\u00e4higer Preis - Schnelle Lieferzeit - Sichere Zahlung - Strenge Qualit\u00e4t - 24\/7\" \/>\n<meta property=\"og:url\" content=\"https:\/\/tabletpress-store.com\/pl\/impressum\/\" \/>\n<meta property=\"og:site_name\" content=\"Tablettenpressen\" \/>\n<meta property=\"article:modified_time\" content=\"2024-01-09T11:39:29+00:00\" \/>\n<meta name=\"twitter:card\" content=\"summary_large_image\" \/>\n<meta name=\"twitter:label1\" content=\"Szacowany czas czytania\" \/>\n\t<meta name=\"twitter:data1\" content=\"2 minuty\" \/>\n<script type=\"application\/ld+json\" class=\"yoast-schema-graph\">{\"@context\":\"https:\/\/schema.org\",\"@graph\":[{\"@type\":\"WebPage\",\"@id\":\"https:\/\/tabletpress-store.com\/pl\/impressum\/\",\"url\":\"https:\/\/tabletpress-store.com\/pl\/impressum\/\",\"name\":\"Rechtlicher Hinweis - Hochwertige Tablettenpresse - Tabletpress Store\",\"isPartOf\":{\"@id\":\"https:\/\/tabletpress-store.com\/pl\/#website\"},\"datePublished\":\"2023-07-15T09:38:25+00:00\",\"dateModified\":\"2024-01-09T11:39:29+00:00\",\"description\":\"Impressum - Kaufen Sie Tablettenpresse Maschine und Ausr\u00fcstung. Konkurrenzf\u00e4higer Preis - Schnelle Lieferzeit - Sichere Zahlung - Strenge Qualit\u00e4t - 24\/7\",\"breadcrumb\":{\"@id\":\"https:\/\/tabletpress-store.com\/pl\/impressum\/#breadcrumb\"},\"inLanguage\":\"pl-PL\",\"potentialAction\":[{\"@type\":\"ReadAction\",\"target\":[\"https:\/\/tabletpress-store.com\/pl\/impressum\/\"]}]},{\"@type\":\"BreadcrumbList\",\"@id\":\"https:\/\/tabletpress-store.com\/pl\/impressum\/#breadcrumb\",\"itemListElement\":[{\"@type\":\"ListItem\",\"position\":1,\"name\":\"Startseite\",\"item\":\"https:\/\/tabletpress-store.com\/\"},{\"@type\":\"ListItem\",\"position\":2,\"name\":\"Impressum\"}]},{\"@type\":\"WebSite\",\"@id\":\"https:\/\/tabletpress-store.com\/pl\/#website\",\"url\":\"https:\/\/tabletpress-store.com\/pl\/\",\"name\":\"Tabletpress Store\",\"description\":\"Tablettenpressen f\u00fcr die Produktion von Medikamenten oder Supplements\",\"publisher\":{\"@id\":\"https:\/\/tabletpress-store.com\/pl\/#organization\"},\"potentialAction\":[{\"@type\":\"SearchAction\",\"target\":{\"@type\":\"EntryPoint\",\"urlTemplate\":\"https:\/\/tabletpress-store.com\/pl\/?s={search_term_string}\"},\"query-input\":\"required name=search_term_string\"}],\"inLanguage\":\"pl-PL\"},{\"@type\":\"Organization\",\"@id\":\"https:\/\/tabletpress-store.com\/pl\/#organization\",\"name\":\"Tabletpress Store\",\"url\":\"https:\/\/tabletpress-store.com\/pl\/\",\"logo\":{\"@type\":\"ImageObject\",\"inLanguage\":\"pl-PL\",\"@id\":\"https:\/\/tabletpress-store.com\/pl\/#\/schema\/logo\/image\/\",\"url\":\"https:\/\/tabletpress-store.com\/wp-content\/uploads\/2023\/07\/tablettpress-store-logo.png\",\"contentUrl\":\"https:\/\/tabletpress-store.com\/wp-content\/uploads\/2023\/07\/tablettpress-store-logo.png\",\"width\":1800,\"height\":1800,\"caption\":\"Tabletpress Store\"},\"image\":{\"@id\":\"https:\/\/tabletpress-store.com\/pl\/#\/schema\/logo\/image\/\"}}]}<\/script>\n<!-- \/ Yoast SEO plugin. -->","yoast_head_json":{"title":"Rechtlicher Hinweis - Hochwertige Tablettenpresse - Tabletpress Store","description":"Impressum - Kaufen Sie Tablettenpresse Maschine und Ausr\u00fcstung. Konkurrenzf\u00e4higer Preis - Schnelle Lieferzeit - Sichere Zahlung - Strenge Qualit\u00e4t - 24\/7","robots":{"index":"index","follow":"follow","max-snippet":"max-snippet:-1","max-image-preview":"max-image-preview:large","max-video-preview":"max-video-preview:-1"},"canonical":"https:\/\/tabletpress-store.com\/pl\/impressum\/","og_locale":"pl_PL","og_type":"article","og_title":"Rechtlicher Hinweis - Hochwertige Tablettenpresse - Tabletpress Store","og_description":"Impressum - Kaufen Sie Tablettenpresse Maschine und Ausr\u00fcstung. Konkurrenzf\u00e4higer Preis - Schnelle Lieferzeit - Sichere Zahlung - Strenge Qualit\u00e4t - 24\/7","og_url":"https:\/\/tabletpress-store.com\/pl\/impressum\/","og_site_name":"Tablettenpressen","article_modified_time":"2024-01-09T11:39:29+00:00","twitter_card":"summary_large_image","twitter_misc":{"Szacowany czas czytania":"2 minuty"},"schema":{"@context":"https:\/\/schema.org","@graph":[{"@type":"WebPage","@id":"https:\/\/tabletpress-store.com\/pl\/impressum\/","url":"https:\/\/tabletpress-store.com\/pl\/impressum\/","name":"Rechtlicher Hinweis - Hochwertige Tablettenpresse - Tabletpress Store","isPartOf":{"@id":"https:\/\/tabletpress-store.com\/pl\/#website"},"datePublished":"2023-07-15T09:38:25+00:00","dateModified":"2024-01-09T11:39:29+00:00","description":"Impressum - Kaufen Sie Tablettenpresse Maschine und Ausr\u00fcstung. Konkurrenzf\u00e4higer Preis - Schnelle Lieferzeit - Sichere Zahlung - Strenge Qualit\u00e4t - 24\/7","breadcrumb":{"@id":"https:\/\/tabletpress-store.com\/pl\/impressum\/#breadcrumb"},"inLanguage":"pl-PL","potentialAction":[{"@type":"ReadAction","target":["https:\/\/tabletpress-store.com\/pl\/impressum\/"]}]},{"@type":"BreadcrumbList","@id":"https:\/\/tabletpress-store.com\/pl\/impressum\/#breadcrumb","itemListElement":[{"@type":"ListItem","position":1,"name":"Startseite","item":"https:\/\/tabletpress-store.com\/"},{"@type":"ListItem","position":2,"name":"Impressum"}]},{"@type":"WebSite","@id":"https:\/\/tabletpress-store.com\/pl\/#website","url":"https:\/\/tabletpress-store.com\/pl\/","name":"Tabletpress Store","description":"Tablettenpressen f\u00fcr die Produktion von Medikamenten oder Supplements","publisher":{"@id":"https:\/\/tabletpress-store.com\/pl\/#organization"},"potentialAction":[{"@type":"SearchAction","target":{"@type":"EntryPoint","urlTemplate":"https:\/\/tabletpress-store.com\/pl\/?s={search_term_string}"},"query-input":"required name=search_term_string"}],"inLanguage":"pl-PL"},{"@type":"Organization","@id":"https:\/\/tabletpress-store.com\/pl\/#organization","name":"Tabletpress Store","url":"https:\/\/tabletpress-store.com\/pl\/","logo":{"@type":"ImageObject","inLanguage":"pl-PL","@id":"https:\/\/tabletpress-store.com\/pl\/#\/schema\/logo\/image\/","url":"https:\/\/tabletpress-store.com\/wp-content\/uploads\/2023\/07\/tablettpress-store-logo.png","contentUrl":"https:\/\/tabletpress-store.com\/wp-content\/uploads\/2023\/07\/tablettpress-store-logo.png","width":1800,"height":1800,"caption":"Tabletpress Store"},"image":{"@id":"https:\/\/tabletpress-store.com\/pl\/#\/schema\/logo\/image\/"}}]}},"_links":{"self":[{"href":"https:\/\/tabletpress-store.com\/pl\/wp-json\/wp\/v2\/pages\/2246","targetHints":{"allow":["GET"]}}],"collection":[{"href":"https:\/\/tabletpress-store.com\/pl\/wp-json\/wp\/v2\/pages"}],"about":[{"href":"https:\/\/tabletpress-store.com\/pl\/wp-json\/wp\/v2\/types\/page"}],"author":[{"embeddable":true,"href":"https:\/\/tabletpress-store.com\/pl\/wp-json\/wp\/v2\/users\/1"}],"replies":[{"embeddable":true,"href":"https:\/\/tabletpress-store.com\/pl\/wp-json\/wp\/v2\/comments?post=2246"}],"version-history":[{"count":4,"href":"https:\/\/tabletpress-store.com\/pl\/wp-json\/wp\/v2\/pages\/2246\/revisions"}],"predecessor-version":[{"id":2364,"href":"https:\/\/tabletpress-store.com\/pl\/wp-json\/wp\/v2\/pages\/2246\/revisions\/2364"}],"wp:attachment":[{"href":"https:\/\/tabletpress-store.com\/pl\/wp-json\/wp\/v2\/media?parent=2246"}],"curies":[{"name":"wp","href":"https:\/\/api.w.org\/{rel}","templated":true}]}}