{"id":2250,"date":"2023-07-15T13:13:18","date_gmt":"2023-07-15T11:13:18","guid":{"rendered":"https:\/\/tabletpress-store.com\/?post_type=product&#038;p=2250"},"modified":"2026-03-18T09:33:47","modified_gmt":"2026-03-18T08:33:47","slug":"tdp-6-single-punch-tablet-press","status":"publish","type":"product","link":"https:\/\/tabletpress-store.com\/pl\/produkt\/tdp-6-single-punch-tablet-press\/","title":{"rendered":"Tabletkarka z pojedynczym dziurkowaniem TDP-6"},"content":{"rendered":"<p><img loading=\"lazy\" decoding=\"async\" class=\"alignnone size-medium wp-image-2299\" src=\"https:\/\/tabletpress-store.com\/wp-content\/uploads\/2023\/07\/TDP-6-2-300x200.jpg\" alt=\"\" width=\"300\" height=\"200\" \/><\/p>","protected":false},"excerpt":{"rendered":"<p><strong>Mo\u017cliwy odbi\u00f3r na terenie Niemiec po wcze\u015bniejszym ustaleniu i za dodatkow\u0105 op\u0142at\u0105 mog\u0119 sprowadzi\u0107 maszyn\u0119 pod wskazany adres, got\u00f3wk\u0105. Zapraszamy do kontaktu pod numerem +49 (0) 160 979 116 53 telefonicznie lub poprzez WhatsApp. M\u00f3wi\u0119 po niemiecku i angielsku<\/strong><\/p>\n<p style=\"text-align: justify;\" class=\"translation-block\">Tabletkarka <strong>TDP-6 Single Punch Tablet Press<\/strong> to automatyczna tabletkarka. Jest wyposa\u017cona w mocny silnik i nadaje si\u0119 szczeg\u00f3lnie do tabletek o nieregularnych kszta\u0142tach.<\/p>\n<p style=\"text-align: justify;\">Tabletkarka TDP-6 z pojedynczym dziurkowaniem bazuje na tabletkarce TDP-5 z pojedynczym dziurkowaniem, ale przekonuje u\u017cytkownik\u00f3w ulepszonym mechanizmem nap\u0119dowym, mocniejszym silnikiem i wy\u017cszym maksymalnym naciskiem w produkcji tabletek<\/p>\n<p style=\"text-align: justify;\">Odbi\u00f3r w Niemczech jest mo\u017cliwy po uzgodnieniu, a za dodatkow\u0105 op\u0142at\u0105 mog\u0119 przywie\u017a\u0107 maszyn\u0119 do domu, za pobraniem. Zapraszam do kontaktu pod nast\u0119puj\u0105cym numerem telefonu <a href=\"tel:4916097911653\"><strong>+49 (0) 160 979 116 53<\/strong><\/a>\u00a0przez po\u0142\u0105czenie telefoniczne lub WhatsApp.<\/p>\n<p>Pras\u0119 mo\u017cna odebra\u0107 w naszym magazynie w Niemczech, poza tym mo\u017cemy r\u00f3wnie\u017c dostarczy\u0107 pras\u0119 do firmy lub domu we wszystkich krajach UE za pobraniem. Zach\u0119camy do kontaktu z nami pod numerem +49(0)160 979 116 53 za po\u015brednictwem WhatsApp lub telefonicznie.<\/p>","protected":false},"featured_media":2299,"template":"","meta":[],"product_brand":[],"product_cat":[15],"product_tag":[],"class_list":{"0":"post-2250","1":"product","2":"type-product","3":"status-publish","4":"has-post-thumbnail","6":"product_cat-tablettenpressen","8":"first","9":"instock","10":"taxable","11":"shipping-taxable","12":"purchasable","13":"product-type-simple"},"yoast_head":"<!-- This site is optimized with the Yoast SEO plugin v23.3 - https:\/\/yoast.com\/wordpress\/plugins\/seo\/ -->\n<title>TDP-6 Single Punch Tablet Press - Hochwertige Tablettenpresse- Tabletpress Store<\/title>\n<meta name=\"description\" content=\"TDP-6 Single Punch Tablet Press - Prod\u00e1m stroj a za\u0159\u00edzen\u00ed na lisov\u00e1n\u00ed tablet. Nab\u00edz\u00edm konkurenceschopnou cenu, rychl\u00e9 dod\u00e1n\u00ed, bezpe\u010dnou platbu, p\u0159\u00edsnou kontrolu kvality a 24\/7 podporu pro spolehlivou v\u00fdrobu tablet.\" \/>\n<meta name=\"robots\" content=\"index, follow, max-snippet:-1, max-image-preview:large, max-video-preview:-1\" \/>\n<link rel=\"canonical\" href=\"https:\/\/tabletpress-store.com\/pl\/produkt\/tdp-6-single-punch-tablet-press\/\" \/>\n<meta property=\"og:locale\" content=\"pl_PL\" \/>\n<meta property=\"og:type\" content=\"article\" \/>\n<meta property=\"og:title\" content=\"TDP-6 Single Punch Tablet Press - Hochwertige Tablettenpresse- Tabletpress Store\" \/>\n<meta property=\"og:description\" content=\"TDP-6 Single Punch Tablet Press - Prod\u00e1m stroj a za\u0159\u00edzen\u00ed na lisov\u00e1n\u00ed tablet. Nab\u00edz\u00edm konkurenceschopnou cenu, rychl\u00e9 dod\u00e1n\u00ed, bezpe\u010dnou platbu, p\u0159\u00edsnou kontrolu kvality a 24\/7 podporu pro spolehlivou v\u00fdrobu tablet.\" \/>\n<meta property=\"og:url\" content=\"https:\/\/tabletpress-store.com\/pl\/produkt\/tdp-6-single-punch-tablet-press\/\" \/>\n<meta property=\"og:site_name\" content=\"Tablettenpressen\" \/>\n<meta property=\"article:modified_time\" content=\"2026-03-18T08:33:47+00:00\" \/>\n<meta property=\"og:image\" content=\"https:\/\/tabletpress-store.com\/wp-content\/uploads\/2023\/07\/TDP-6-2.jpg\" \/>\n\t<meta property=\"og:image:width\" content=\"800\" \/>\n\t<meta property=\"og:image:height\" content=\"533\" \/>\n\t<meta property=\"og:image:type\" content=\"image\/jpeg\" \/>\n<meta name=\"twitter:card\" content=\"summary_large_image\" \/>\n<meta name=\"twitter:label1\" content=\"Szacowany czas czytania\" \/>\n\t<meta name=\"twitter:data1\" content=\"1 minuta\" \/>\n<script type=\"application\/ld+json\" class=\"yoast-schema-graph\">{\"@context\":\"https:\/\/schema.org\",\"@graph\":[{\"@type\":\"WebPage\",\"@id\":\"https:\/\/tabletpress-store.com\/produkt\/tdp-6-single-punch-tablet-press\/\",\"url\":\"https:\/\/tabletpress-store.com\/produkt\/tdp-6-single-punch-tablet-press\/\",\"name\":\"TDP-6 Single Punch Tablet Press - Hochwertige Tablettenpresse- Tabletpress Store\",\"isPartOf\":{\"@id\":\"https:\/\/tabletpress-store.com\/pl\/#website\"},\"primaryImageOfPage\":{\"@id\":\"https:\/\/tabletpress-store.com\/produkt\/tdp-6-single-punch-tablet-press\/#primaryimage\"},\"image\":{\"@id\":\"https:\/\/tabletpress-store.com\/produkt\/tdp-6-single-punch-tablet-press\/#primaryimage\"},\"thumbnailUrl\":\"https:\/\/tabletpress-store.com\/wp-content\/uploads\/2023\/07\/TDP-6-2.jpg\",\"datePublished\":\"2023-07-15T11:13:18+00:00\",\"dateModified\":\"2026-03-18T08:33:47+00:00\",\"description\":\"TDP-6 Single Punch Tablet Press - Prod\u00e1m stroj a za\u0159\u00edzen\u00ed na lisov\u00e1n\u00ed tablet. Nab\u00edz\u00edm konkurenceschopnou cenu, rychl\u00e9 dod\u00e1n\u00ed, bezpe\u010dnou platbu, p\u0159\u00edsnou kontrolu kvality a 24\/7 podporu pro spolehlivou v\u00fdrobu tablet.\",\"breadcrumb\":{\"@id\":\"https:\/\/tabletpress-store.com\/produkt\/tdp-6-single-punch-tablet-press\/#breadcrumb\"},\"inLanguage\":\"pl-PL\",\"potentialAction\":[{\"@type\":\"ReadAction\",\"target\":[\"https:\/\/tabletpress-store.com\/produkt\/tdp-6-single-punch-tablet-press\/\"]}]},{\"@type\":\"ImageObject\",\"inLanguage\":\"pl-PL\",\"@id\":\"https:\/\/tabletpress-store.com\/produkt\/tdp-6-single-punch-tablet-press\/#primaryimage\",\"url\":\"https:\/\/tabletpress-store.com\/wp-content\/uploads\/2023\/07\/TDP-6-2.jpg\",\"contentUrl\":\"https:\/\/tabletpress-store.com\/wp-content\/uploads\/2023\/07\/TDP-6-2.jpg\",\"width\":800,\"height\":533,\"caption\":\"tablet press machine\"},{\"@type\":\"BreadcrumbList\",\"@id\":\"https:\/\/tabletpress-store.com\/produkt\/tdp-6-single-punch-tablet-press\/#breadcrumb\",\"itemListElement\":[{\"@type\":\"ListItem\",\"position\":1,\"name\":\"Startseite\",\"item\":\"https:\/\/tabletpress-store.com\/\"},{\"@type\":\"ListItem\",\"position\":2,\"name\":\"Shop\",\"item\":\"https:\/\/tabletpress-store.com\/shop\/\"},{\"@type\":\"ListItem\",\"position\":3,\"name\":\"TDP-6 Single Punch Tablet Press\"}]},{\"@type\":\"WebSite\",\"@id\":\"https:\/\/tabletpress-store.com\/pl\/#website\",\"url\":\"https:\/\/tabletpress-store.com\/pl\/\",\"name\":\"Tabletpress Store\",\"description\":\"Tablettenpressen f\u00fcr die Produktion von Medikamenten oder Supplements\",\"publisher\":{\"@id\":\"https:\/\/tabletpress-store.com\/pl\/#organization\"},\"potentialAction\":[{\"@type\":\"SearchAction\",\"target\":{\"@type\":\"EntryPoint\",\"urlTemplate\":\"https:\/\/tabletpress-store.com\/pl\/?s={search_term_string}\"},\"query-input\":\"required name=search_term_string\"}],\"inLanguage\":\"pl-PL\"},{\"@type\":\"Organization\",\"@id\":\"https:\/\/tabletpress-store.com\/pl\/#organization\",\"name\":\"Tabletpress Store\",\"url\":\"https:\/\/tabletpress-store.com\/pl\/\",\"logo\":{\"@type\":\"ImageObject\",\"inLanguage\":\"pl-PL\",\"@id\":\"https:\/\/tabletpress-store.com\/pl\/#\/schema\/logo\/image\/\",\"url\":\"https:\/\/tabletpress-store.com\/wp-content\/uploads\/2023\/07\/tablettpress-store-logo.png\",\"contentUrl\":\"https:\/\/tabletpress-store.com\/wp-content\/uploads\/2023\/07\/tablettpress-store-logo.png\",\"width\":1800,\"height\":1800,\"caption\":\"Tabletpress Store\"},\"image\":{\"@id\":\"https:\/\/tabletpress-store.com\/pl\/#\/schema\/logo\/image\/\"}}]}<\/script>\n<!-- \/ Yoast SEO plugin. -->","yoast_head_json":{"title":"TDP-6 Single Punch Tablet Press - Hochwertige Tablettenpresse- Tabletpress Store","description":"TDP-6 Single Punch Tablet Press - Prod\u00e1m stroj a za\u0159\u00edzen\u00ed na lisov\u00e1n\u00ed tablet. Nab\u00edz\u00edm konkurenceschopnou cenu, rychl\u00e9 dod\u00e1n\u00ed, bezpe\u010dnou platbu, p\u0159\u00edsnou kontrolu kvality a 24\/7 podporu pro spolehlivou v\u00fdrobu tablet.","robots":{"index":"index","follow":"follow","max-snippet":"max-snippet:-1","max-image-preview":"max-image-preview:large","max-video-preview":"max-video-preview:-1"},"canonical":"https:\/\/tabletpress-store.com\/pl\/produkt\/tdp-6-single-punch-tablet-press\/","og_locale":"pl_PL","og_type":"article","og_title":"TDP-6 Single Punch Tablet Press - Hochwertige Tablettenpresse- Tabletpress Store","og_description":"TDP-6 Single Punch Tablet Press - Prod\u00e1m stroj a za\u0159\u00edzen\u00ed na lisov\u00e1n\u00ed tablet. Nab\u00edz\u00edm konkurenceschopnou cenu, rychl\u00e9 dod\u00e1n\u00ed, bezpe\u010dnou platbu, p\u0159\u00edsnou kontrolu kvality a 24\/7 podporu pro spolehlivou v\u00fdrobu tablet.","og_url":"https:\/\/tabletpress-store.com\/pl\/produkt\/tdp-6-single-punch-tablet-press\/","og_site_name":"Tablettenpressen","article_modified_time":"2026-03-18T08:33:47+00:00","og_image":[{"width":800,"height":533,"url":"https:\/\/tabletpress-store.com\/wp-content\/uploads\/2023\/07\/TDP-6-2.jpg","type":"image\/jpeg"}],"twitter_card":"summary_large_image","twitter_misc":{"Szacowany czas czytania":"1 minuta"},"schema":{"@context":"https:\/\/schema.org","@graph":[{"@type":"WebPage","@id":"https:\/\/tabletpress-store.com\/produkt\/tdp-6-single-punch-tablet-press\/","url":"https:\/\/tabletpress-store.com\/produkt\/tdp-6-single-punch-tablet-press\/","name":"TDP-6 Single Punch Tablet Press - Hochwertige Tablettenpresse- Tabletpress Store","isPartOf":{"@id":"https:\/\/tabletpress-store.com\/pl\/#website"},"primaryImageOfPage":{"@id":"https:\/\/tabletpress-store.com\/produkt\/tdp-6-single-punch-tablet-press\/#primaryimage"},"image":{"@id":"https:\/\/tabletpress-store.com\/produkt\/tdp-6-single-punch-tablet-press\/#primaryimage"},"thumbnailUrl":"https:\/\/tabletpress-store.com\/wp-content\/uploads\/2023\/07\/TDP-6-2.jpg","datePublished":"2023-07-15T11:13:18+00:00","dateModified":"2026-03-18T08:33:47+00:00","description":"TDP-6 Single Punch Tablet Press - Prod\u00e1m stroj a za\u0159\u00edzen\u00ed na lisov\u00e1n\u00ed tablet. Nab\u00edz\u00edm konkurenceschopnou cenu, rychl\u00e9 dod\u00e1n\u00ed, bezpe\u010dnou platbu, p\u0159\u00edsnou kontrolu kvality a 24\/7 podporu pro spolehlivou v\u00fdrobu tablet.","breadcrumb":{"@id":"https:\/\/tabletpress-store.com\/produkt\/tdp-6-single-punch-tablet-press\/#breadcrumb"},"inLanguage":"pl-PL","potentialAction":[{"@type":"ReadAction","target":["https:\/\/tabletpress-store.com\/produkt\/tdp-6-single-punch-tablet-press\/"]}]},{"@type":"ImageObject","inLanguage":"pl-PL","@id":"https:\/\/tabletpress-store.com\/produkt\/tdp-6-single-punch-tablet-press\/#primaryimage","url":"https:\/\/tabletpress-store.com\/wp-content\/uploads\/2023\/07\/TDP-6-2.jpg","contentUrl":"https:\/\/tabletpress-store.com\/wp-content\/uploads\/2023\/07\/TDP-6-2.jpg","width":800,"height":533,"caption":"tablet press machine"},{"@type":"BreadcrumbList","@id":"https:\/\/tabletpress-store.com\/produkt\/tdp-6-single-punch-tablet-press\/#breadcrumb","itemListElement":[{"@type":"ListItem","position":1,"name":"Startseite","item":"https:\/\/tabletpress-store.com\/"},{"@type":"ListItem","position":2,"name":"Shop","item":"https:\/\/tabletpress-store.com\/shop\/"},{"@type":"ListItem","position":3,"name":"TDP-6 Single Punch Tablet Press"}]},{"@type":"WebSite","@id":"https:\/\/tabletpress-store.com\/pl\/#website","url":"https:\/\/tabletpress-store.com\/pl\/","name":"Tabletpress Store","description":"Tablettenpressen f\u00fcr die Produktion von Medikamenten oder Supplements","publisher":{"@id":"https:\/\/tabletpress-store.com\/pl\/#organization"},"potentialAction":[{"@type":"SearchAction","target":{"@type":"EntryPoint","urlTemplate":"https:\/\/tabletpress-store.com\/pl\/?s={search_term_string}"},"query-input":"required name=search_term_string"}],"inLanguage":"pl-PL"},{"@type":"Organization","@id":"https:\/\/tabletpress-store.com\/pl\/#organization","name":"Tabletpress Store","url":"https:\/\/tabletpress-store.com\/pl\/","logo":{"@type":"ImageObject","inLanguage":"pl-PL","@id":"https:\/\/tabletpress-store.com\/pl\/#\/schema\/logo\/image\/","url":"https:\/\/tabletpress-store.com\/wp-content\/uploads\/2023\/07\/tablettpress-store-logo.png","contentUrl":"https:\/\/tabletpress-store.com\/wp-content\/uploads\/2023\/07\/tablettpress-store-logo.png","width":1800,"height":1800,"caption":"Tabletpress Store"},"image":{"@id":"https:\/\/tabletpress-store.com\/pl\/#\/schema\/logo\/image\/"}}]}},"_links":{"self":[{"href":"https:\/\/tabletpress-store.com\/pl\/wp-json\/wp\/v2\/product\/2250","targetHints":{"allow":["GET"]}}],"collection":[{"href":"https:\/\/tabletpress-store.com\/pl\/wp-json\/wp\/v2\/product"}],"about":[{"href":"https:\/\/tabletpress-store.com\/pl\/wp-json\/wp\/v2\/types\/product"}],"wp:featuredmedia":[{"embeddable":true,"href":"https:\/\/tabletpress-store.com\/pl\/wp-json\/wp\/v2\/media\/2299"}],"wp:attachment":[{"href":"https:\/\/tabletpress-store.com\/pl\/wp-json\/wp\/v2\/media?parent=2250"}],"wp:term":[{"taxonomy":"product_brand","embeddable":true,"href":"https:\/\/tabletpress-store.com\/pl\/wp-json\/wp\/v2\/product_brand?post=2250"},{"taxonomy":"product_cat","embeddable":true,"href":"https:\/\/tabletpress-store.com\/pl\/wp-json\/wp\/v2\/product_cat?post=2250"},{"taxonomy":"product_tag","embeddable":true,"href":"https:\/\/tabletpress-store.com\/pl\/wp-json\/wp\/v2\/product_tag?post=2250"}],"curies":[{"name":"wp","href":"https:\/\/api.w.org\/{rel}","templated":true}]}}