{"id":2256,"date":"2023-07-16T12:27:05","date_gmt":"2023-07-16T10:27:05","guid":{"rendered":"https:\/\/tabletpress-store.com\/?post_type=product&#038;p=2256"},"modified":"2026-03-18T09:31:03","modified_gmt":"2026-03-18T08:31:03","slug":"tdp-5-single-punch-tablet-press","status":"publish","type":"product","link":"https:\/\/tabletpress-store.com\/pl\/produkt\/tdp-5-single-punch-tablet-press\/","title":{"rendered":"Tabletkarka z pojedynczym dziurkaczem TDP-5"},"content":{"rendered":"","protected":false},"excerpt":{"rendered":"<p><strong><strong>Mo\u017cliwy odbi\u00f3r na terenie Niemiec po wcze\u015bniejszym ustaleniu i za dodatkow\u0105 op\u0142at\u0105 mog\u0119 sprowadzi\u0107 maszyn\u0119 pod wskazany adres, got\u00f3wk\u0105. Zapraszamy do kontaktu pod numerem +49 (0) 160 979 116 53 telefonicznie lub poprzez WhatsApp. M\u00f3wi\u0119 po niemiecku i angielsku<\/strong><\/strong><\/p>\n<p style=\"text-align: justify;\" class=\"translation-block\">Zasada dzia\u0142ania <strong>TDP-5 Single Punch Tablet Press<\/strong> jest taka sama jak w przypadku ka\u017cdej innej tabletkarki: Tabletkarka TDP-5 Single Punch jest nape\u0142niana wymagan\u0105 ilo\u015bci\u0105 proszku lub granulatu. Nast\u0119pnie stempel tabletkarki wywiera nacisk, a proszek lub granulat jest prasowany do po\u017c\u0105danego kszta\u0142tu.<\/p>\n<p style=\"text-align: justify;\">Tabletkarka TDP-5 Single Punch jest wszechstronna i wygodna w u\u017cyciu. Jej szybko\u015b\u0107 produkcji tabletek jest szczeg\u00f3lnie imponuj\u0105ca. Szczeg\u00f3ln\u0105 zalet\u0105 jest fakt, \u017ce mo\u017ce by\u0107 obs\u0142ugiwana zar\u00f3wno r\u0119cznie, jak i poprzez pod\u0142\u0105czenie do zasilania.<\/p>\n<p style=\"text-align: justify;\">Odbi\u00f3r w Niemczech jest mo\u017cliwy po uzgodnieniu, a za dodatkow\u0105 op\u0142at\u0105 mog\u0119 przywie\u017a\u0107 maszyn\u0119 do domu, za pobraniem. Zapraszam do kontaktu pod nast\u0119puj\u0105cym numerem telefonu <a href=\"tel:4916097911653\"><strong>+49 (0) 160 979 116 53<\/strong><\/a>\u00a0przez po\u0142\u0105czenie telefoniczne lub WhatsApp.<\/p>\n<p>Pras\u0119 mo\u017cna odebra\u0107 w naszym magazynie w Niemczech, poza tym mo\u017cemy r\u00f3wnie\u017c dostarczy\u0107 pras\u0119 do firmy lub domu we wszystkich krajach UE za pobraniem. Zach\u0119camy do kontaktu z nami pod numerem +49(0)160 979 116 53 za po\u015brednictwem WhatsApp lub telefonicznie.<\/p>","protected":false},"featured_media":2273,"template":"","meta":[],"product_brand":[],"product_cat":[15],"product_tag":[],"class_list":{"0":"post-2256","1":"product","2":"type-product","3":"status-publish","4":"has-post-thumbnail","6":"product_cat-tablettenpressen","8":"first","9":"instock","10":"taxable","11":"shipping-taxable","12":"purchasable","13":"product-type-simple"},"yoast_head":"<!-- This site is optimized with the Yoast SEO plugin v23.3 - https:\/\/yoast.com\/wordpress\/plugins\/seo\/ -->\n<title>TDP-5 Single Punch Tablet Press - Hochwertige Tablettenpresse-<\/title>\n<meta name=\"description\" content=\"TDP-5 Single Punch Tablet Press - Prod\u00e1m stroj a za\u0159\u00edzen\u00ed na lisov\u00e1n\u00ed tablet za konkurenceschopnou cenu. Rychl\u00e9 dod\u00e1n\u00ed, bezpe\u010dn\u00e1 platba, p\u0159\u00edsn\u00e1 kontrola kvality a 24\/7 podpora pro spolehlivou v\u00fdrobu tablet.\" \/>\n<meta name=\"robots\" content=\"index, follow, max-snippet:-1, max-image-preview:large, max-video-preview:-1\" \/>\n<link rel=\"canonical\" href=\"https:\/\/tabletpress-store.com\/pl\/produkt\/tdp-5-single-punch-tablet-press\/\" \/>\n<meta property=\"og:locale\" content=\"pl_PL\" \/>\n<meta property=\"og:type\" content=\"article\" \/>\n<meta property=\"og:title\" content=\"TDP-5 Single Punch Tablet Press - Hochwertige Tablettenpresse-\" \/>\n<meta property=\"og:description\" content=\"TDP-5 Single Punch Tablet Press - Prod\u00e1m stroj a za\u0159\u00edzen\u00ed na lisov\u00e1n\u00ed tablet za konkurenceschopnou cenu. Rychl\u00e9 dod\u00e1n\u00ed, bezpe\u010dn\u00e1 platba, p\u0159\u00edsn\u00e1 kontrola kvality a 24\/7 podpora pro spolehlivou v\u00fdrobu tablet.\" \/>\n<meta property=\"og:url\" content=\"https:\/\/tabletpress-store.com\/pl\/produkt\/tdp-5-single-punch-tablet-press\/\" \/>\n<meta property=\"og:site_name\" content=\"Tablettenpressen\" \/>\n<meta property=\"article:modified_time\" content=\"2026-03-18T08:31:03+00:00\" \/>\n<meta property=\"og:image\" content=\"https:\/\/tabletpress-store.com\/wp-content\/uploads\/2023\/07\/tdp-5-single-punch-tablet-press.jpg\" \/>\n\t<meta property=\"og:image:width\" content=\"568\" \/>\n\t<meta property=\"og:image:height\" content=\"440\" \/>\n\t<meta property=\"og:image:type\" content=\"image\/jpeg\" \/>\n<meta name=\"twitter:card\" content=\"summary_large_image\" \/>\n<meta name=\"twitter:label1\" content=\"Szacowany czas czytania\" \/>\n\t<meta name=\"twitter:data1\" content=\"1 minuta\" \/>\n<script type=\"application\/ld+json\" class=\"yoast-schema-graph\">{\"@context\":\"https:\/\/schema.org\",\"@graph\":[{\"@type\":\"WebPage\",\"@id\":\"https:\/\/tabletpress-store.com\/produkt\/tdp-5-single-punch-tablet-press\/\",\"url\":\"https:\/\/tabletpress-store.com\/produkt\/tdp-5-single-punch-tablet-press\/\",\"name\":\"TDP-5 Single Punch Tablet Press - Hochwertige Tablettenpresse-\",\"isPartOf\":{\"@id\":\"https:\/\/tabletpress-store.com\/pl\/#website\"},\"primaryImageOfPage\":{\"@id\":\"https:\/\/tabletpress-store.com\/produkt\/tdp-5-single-punch-tablet-press\/#primaryimage\"},\"image\":{\"@id\":\"https:\/\/tabletpress-store.com\/produkt\/tdp-5-single-punch-tablet-press\/#primaryimage\"},\"thumbnailUrl\":\"https:\/\/tabletpress-store.com\/wp-content\/uploads\/2023\/07\/tdp-5-single-punch-tablet-press.jpg\",\"datePublished\":\"2023-07-16T10:27:05+00:00\",\"dateModified\":\"2026-03-18T08:31:03+00:00\",\"description\":\"TDP-5 Single Punch Tablet Press - Prod\u00e1m stroj a za\u0159\u00edzen\u00ed na lisov\u00e1n\u00ed tablet za konkurenceschopnou cenu. Rychl\u00e9 dod\u00e1n\u00ed, bezpe\u010dn\u00e1 platba, p\u0159\u00edsn\u00e1 kontrola kvality a 24\/7 podpora pro spolehlivou v\u00fdrobu tablet.\",\"breadcrumb\":{\"@id\":\"https:\/\/tabletpress-store.com\/produkt\/tdp-5-single-punch-tablet-press\/#breadcrumb\"},\"inLanguage\":\"pl-PL\",\"potentialAction\":[{\"@type\":\"ReadAction\",\"target\":[\"https:\/\/tabletpress-store.com\/produkt\/tdp-5-single-punch-tablet-press\/\"]}]},{\"@type\":\"ImageObject\",\"inLanguage\":\"pl-PL\",\"@id\":\"https:\/\/tabletpress-store.com\/produkt\/tdp-5-single-punch-tablet-press\/#primaryimage\",\"url\":\"https:\/\/tabletpress-store.com\/wp-content\/uploads\/2023\/07\/tdp-5-single-punch-tablet-press.jpg\",\"contentUrl\":\"https:\/\/tabletpress-store.com\/wp-content\/uploads\/2023\/07\/tdp-5-single-punch-tablet-press.jpg\",\"width\":568,\"height\":440,\"caption\":\"Tablettenpresse zum besten Preis kaufen\"},{\"@type\":\"BreadcrumbList\",\"@id\":\"https:\/\/tabletpress-store.com\/produkt\/tdp-5-single-punch-tablet-press\/#breadcrumb\",\"itemListElement\":[{\"@type\":\"ListItem\",\"position\":1,\"name\":\"Startseite\",\"item\":\"https:\/\/tabletpress-store.com\/\"},{\"@type\":\"ListItem\",\"position\":2,\"name\":\"Shop\",\"item\":\"https:\/\/tabletpress-store.com\/shop\/\"},{\"@type\":\"ListItem\",\"position\":3,\"name\":\"TDP-5 Single Punch Tablet Press\"}]},{\"@type\":\"WebSite\",\"@id\":\"https:\/\/tabletpress-store.com\/pl\/#website\",\"url\":\"https:\/\/tabletpress-store.com\/pl\/\",\"name\":\"Tabletpress Store\",\"description\":\"Tablettenpressen f\u00fcr die Produktion von Medikamenten oder Supplements\",\"publisher\":{\"@id\":\"https:\/\/tabletpress-store.com\/pl\/#organization\"},\"potentialAction\":[{\"@type\":\"SearchAction\",\"target\":{\"@type\":\"EntryPoint\",\"urlTemplate\":\"https:\/\/tabletpress-store.com\/pl\/?s={search_term_string}\"},\"query-input\":\"required name=search_term_string\"}],\"inLanguage\":\"pl-PL\"},{\"@type\":\"Organization\",\"@id\":\"https:\/\/tabletpress-store.com\/pl\/#organization\",\"name\":\"Tabletpress Store\",\"url\":\"https:\/\/tabletpress-store.com\/pl\/\",\"logo\":{\"@type\":\"ImageObject\",\"inLanguage\":\"pl-PL\",\"@id\":\"https:\/\/tabletpress-store.com\/pl\/#\/schema\/logo\/image\/\",\"url\":\"https:\/\/tabletpress-store.com\/wp-content\/uploads\/2023\/07\/tablettpress-store-logo.png\",\"contentUrl\":\"https:\/\/tabletpress-store.com\/wp-content\/uploads\/2023\/07\/tablettpress-store-logo.png\",\"width\":1800,\"height\":1800,\"caption\":\"Tabletpress Store\"},\"image\":{\"@id\":\"https:\/\/tabletpress-store.com\/pl\/#\/schema\/logo\/image\/\"}}]}<\/script>\n<!-- \/ Yoast SEO plugin. -->","yoast_head_json":{"title":"TDP-5 Single Punch Tablet Press - Hochwertige Tablettenpresse-","description":"TDP-5 Single Punch Tablet Press - Prod\u00e1m stroj a za\u0159\u00edzen\u00ed na lisov\u00e1n\u00ed tablet za konkurenceschopnou cenu. Rychl\u00e9 dod\u00e1n\u00ed, bezpe\u010dn\u00e1 platba, p\u0159\u00edsn\u00e1 kontrola kvality a 24\/7 podpora pro spolehlivou v\u00fdrobu tablet.","robots":{"index":"index","follow":"follow","max-snippet":"max-snippet:-1","max-image-preview":"max-image-preview:large","max-video-preview":"max-video-preview:-1"},"canonical":"https:\/\/tabletpress-store.com\/pl\/produkt\/tdp-5-single-punch-tablet-press\/","og_locale":"pl_PL","og_type":"article","og_title":"TDP-5 Single Punch Tablet Press - Hochwertige Tablettenpresse-","og_description":"TDP-5 Single Punch Tablet Press - Prod\u00e1m stroj a za\u0159\u00edzen\u00ed na lisov\u00e1n\u00ed tablet za konkurenceschopnou cenu. Rychl\u00e9 dod\u00e1n\u00ed, bezpe\u010dn\u00e1 platba, p\u0159\u00edsn\u00e1 kontrola kvality a 24\/7 podpora pro spolehlivou v\u00fdrobu tablet.","og_url":"https:\/\/tabletpress-store.com\/pl\/produkt\/tdp-5-single-punch-tablet-press\/","og_site_name":"Tablettenpressen","article_modified_time":"2026-03-18T08:31:03+00:00","og_image":[{"width":568,"height":440,"url":"https:\/\/tabletpress-store.com\/wp-content\/uploads\/2023\/07\/tdp-5-single-punch-tablet-press.jpg","type":"image\/jpeg"}],"twitter_card":"summary_large_image","twitter_misc":{"Szacowany czas czytania":"1 minuta"},"schema":{"@context":"https:\/\/schema.org","@graph":[{"@type":"WebPage","@id":"https:\/\/tabletpress-store.com\/produkt\/tdp-5-single-punch-tablet-press\/","url":"https:\/\/tabletpress-store.com\/produkt\/tdp-5-single-punch-tablet-press\/","name":"TDP-5 Single Punch Tablet Press - Hochwertige Tablettenpresse-","isPartOf":{"@id":"https:\/\/tabletpress-store.com\/pl\/#website"},"primaryImageOfPage":{"@id":"https:\/\/tabletpress-store.com\/produkt\/tdp-5-single-punch-tablet-press\/#primaryimage"},"image":{"@id":"https:\/\/tabletpress-store.com\/produkt\/tdp-5-single-punch-tablet-press\/#primaryimage"},"thumbnailUrl":"https:\/\/tabletpress-store.com\/wp-content\/uploads\/2023\/07\/tdp-5-single-punch-tablet-press.jpg","datePublished":"2023-07-16T10:27:05+00:00","dateModified":"2026-03-18T08:31:03+00:00","description":"TDP-5 Single Punch Tablet Press - Prod\u00e1m stroj a za\u0159\u00edzen\u00ed na lisov\u00e1n\u00ed tablet za konkurenceschopnou cenu. Rychl\u00e9 dod\u00e1n\u00ed, bezpe\u010dn\u00e1 platba, p\u0159\u00edsn\u00e1 kontrola kvality a 24\/7 podpora pro spolehlivou v\u00fdrobu tablet.","breadcrumb":{"@id":"https:\/\/tabletpress-store.com\/produkt\/tdp-5-single-punch-tablet-press\/#breadcrumb"},"inLanguage":"pl-PL","potentialAction":[{"@type":"ReadAction","target":["https:\/\/tabletpress-store.com\/produkt\/tdp-5-single-punch-tablet-press\/"]}]},{"@type":"ImageObject","inLanguage":"pl-PL","@id":"https:\/\/tabletpress-store.com\/produkt\/tdp-5-single-punch-tablet-press\/#primaryimage","url":"https:\/\/tabletpress-store.com\/wp-content\/uploads\/2023\/07\/tdp-5-single-punch-tablet-press.jpg","contentUrl":"https:\/\/tabletpress-store.com\/wp-content\/uploads\/2023\/07\/tdp-5-single-punch-tablet-press.jpg","width":568,"height":440,"caption":"Tablettenpresse zum besten Preis kaufen"},{"@type":"BreadcrumbList","@id":"https:\/\/tabletpress-store.com\/produkt\/tdp-5-single-punch-tablet-press\/#breadcrumb","itemListElement":[{"@type":"ListItem","position":1,"name":"Startseite","item":"https:\/\/tabletpress-store.com\/"},{"@type":"ListItem","position":2,"name":"Shop","item":"https:\/\/tabletpress-store.com\/shop\/"},{"@type":"ListItem","position":3,"name":"TDP-5 Single Punch Tablet Press"}]},{"@type":"WebSite","@id":"https:\/\/tabletpress-store.com\/pl\/#website","url":"https:\/\/tabletpress-store.com\/pl\/","name":"Tabletpress Store","description":"Tablettenpressen f\u00fcr die Produktion von Medikamenten oder Supplements","publisher":{"@id":"https:\/\/tabletpress-store.com\/pl\/#organization"},"potentialAction":[{"@type":"SearchAction","target":{"@type":"EntryPoint","urlTemplate":"https:\/\/tabletpress-store.com\/pl\/?s={search_term_string}"},"query-input":"required name=search_term_string"}],"inLanguage":"pl-PL"},{"@type":"Organization","@id":"https:\/\/tabletpress-store.com\/pl\/#organization","name":"Tabletpress Store","url":"https:\/\/tabletpress-store.com\/pl\/","logo":{"@type":"ImageObject","inLanguage":"pl-PL","@id":"https:\/\/tabletpress-store.com\/pl\/#\/schema\/logo\/image\/","url":"https:\/\/tabletpress-store.com\/wp-content\/uploads\/2023\/07\/tablettpress-store-logo.png","contentUrl":"https:\/\/tabletpress-store.com\/wp-content\/uploads\/2023\/07\/tablettpress-store-logo.png","width":1800,"height":1800,"caption":"Tabletpress Store"},"image":{"@id":"https:\/\/tabletpress-store.com\/pl\/#\/schema\/logo\/image\/"}}]}},"_links":{"self":[{"href":"https:\/\/tabletpress-store.com\/pl\/wp-json\/wp\/v2\/product\/2256","targetHints":{"allow":["GET"]}}],"collection":[{"href":"https:\/\/tabletpress-store.com\/pl\/wp-json\/wp\/v2\/product"}],"about":[{"href":"https:\/\/tabletpress-store.com\/pl\/wp-json\/wp\/v2\/types\/product"}],"wp:featuredmedia":[{"embeddable":true,"href":"https:\/\/tabletpress-store.com\/pl\/wp-json\/wp\/v2\/media\/2273"}],"wp:attachment":[{"href":"https:\/\/tabletpress-store.com\/pl\/wp-json\/wp\/v2\/media?parent=2256"}],"wp:term":[{"taxonomy":"product_brand","embeddable":true,"href":"https:\/\/tabletpress-store.com\/pl\/wp-json\/wp\/v2\/product_brand?post=2256"},{"taxonomy":"product_cat","embeddable":true,"href":"https:\/\/tabletpress-store.com\/pl\/wp-json\/wp\/v2\/product_cat?post=2256"},{"taxonomy":"product_tag","embeddable":true,"href":"https:\/\/tabletpress-store.com\/pl\/wp-json\/wp\/v2\/product_tag?post=2256"}],"curies":[{"name":"wp","href":"https:\/\/api.w.org\/{rel}","templated":true}]}}