{"id":2366,"date":"2024-01-13T10:55:08","date_gmt":"2024-01-13T09:55:08","guid":{"rendered":"https:\/\/tabletpress-store.com\/?post_type=product&#038;p=2366"},"modified":"2026-01-06T09:26:58","modified_gmt":"2026-01-06T08:26:58","slug":"tdp-1-5-single-punch-tablet-press","status":"publish","type":"product","link":"https:\/\/tabletpress-store.com\/pl\/produkt\/tdp-1-5-single-punch-tablet-press\/","title":{"rendered":"THDP 5 Desktop Tablet Press"},"content":{"rendered":"<p>Die THDP 5 ist eine flexibel und einfach zu verwaltende Desktop-Format Tablettenpresse, die bemerkenswerte Mengen, Leistung und Flexibilit\u00e4t bietet. In der Lage mit Strom oder mit Handkraft zu laufen, ist dieses Ger\u00e4t die perfekte Wahl f\u00fcr jeden, der eine hochwertige Presse f\u00fcr Kleinserien-Fertigung und Probel\u00e4ufe ben\u00f6tigt, dies macht sie ideal f\u00fcr R &amp; D oder \u00e4hnliche Anwendungen.<\/p>\n<p>Odbi\u00f3r w Niemczech jest mo\u017cliwy po uzgodnieniu, a za dodatkow\u0105 op\u0142at\u0105 mog\u0119 przywie\u017a\u0107 maszyn\u0119 do domu, za pobraniem. Prosimy o kontakt pod numerem +49 (0) 160 979 116 53 przez telefon lub WhatsApp.<\/p>\n<p>Pras\u0119 mo\u017cna odebra\u0107 w naszym magazynie w Niemczech, poza tym mo\u017cemy r\u00f3wnie\u017c dostarczy\u0107 pras\u0119 do firmy lub domu we wszystkich krajach UE za pobraniem. Zach\u0119camy do kontaktu z nami pod numerem +49(0)160 979 116 53 za po\u015brednictwem WhatsApp lub telefonicznie.<\/p>\n<p>Oferujemy szerok\u0105 gam\u0119 wysokiej jako\u015bci tabletkarek, kt\u00f3re s\u0105 dostosowane do potrzeb naszych klient\u00f3w. Nasze produkty charakteryzuj\u0105 si\u0119 niezawodno\u015bci\u0105 i wydajno\u015bci\u0105, co czyni je idealnym wyborem dla przemys\u0142u farmaceutycznego i spo\u017cywczego.<\/p>\n<p><strong><strong>Mo\u017cliwy odbi\u00f3r na terenie Niemiec po wcze\u015bniejszym ustaleniu i za dodatkow\u0105 op\u0142at\u0105 mog\u0119 sprowadzi\u0107 maszyn\u0119 pod wskazany adres, got\u00f3wk\u0105. Zapraszamy do kontaktu pod numerem +49 (0) 160 979 116 53 telefonicznie lub poprzez WhatsApp. M\u00f3wi\u0119 po niemiecku i angielsku<\/strong><\/strong><\/p>\n<h3>Overview<br \/>\n4,200 Tablets per Hour, 50 kN of Pressure<\/h3>\n<p>Default Mold (\u00f86mm x1~6mm\/\u00f80.23\u2033 x0.04~0.23\u2033)<br \/>\nThe machine is suitable for most dry powder tablets, milk tablets, effervescent tablets, and other products.<\/p>\n<table width=\"374\">\n<tbody>\n<tr>\n<td width=\"187\">Model<\/td>\n<td width=\"187\">THDP-5<\/td>\n<\/tr>\n<tr>\n<td width=\"187\">Max.Pressure<\/td>\n<td width=\"187\">50kN<\/td>\n<\/tr>\n<tr>\n<td width=\"187\">Max.Tablet Diameter<\/td>\n<td width=\"187\">15mm\/0.59\u201d<\/td>\n<\/tr>\n<tr>\n<td width=\"187\">Max.Tablet Thickness<\/td>\n<td width=\"187\">7mm\/0.27\u201d<\/td>\n<\/tr>\n<tr>\n<td width=\"187\">Max.Filling Depth<\/td>\n<td width=\"187\">18mm\/0.70\u201d<\/td>\n<\/tr>\n<tr>\n<td width=\"187\">Production Capacity<\/td>\n<td width=\"187\">4200pcs\/hour<\/td>\n<\/tr>\n<tr>\n<td width=\"187\">Weight<\/td>\n<td width=\"187\">55kg<\/td>\n<\/tr>\n<tr>\n<td width=\"187\">Dimension<\/td>\n<td width=\"187\">480*460*620mm<\/td>\n<\/tr>\n<tr>\n<td width=\"187\">Motor Power<\/td>\n<td width=\"187\">750w<\/td>\n<\/tr>\n<\/tbody>\n<\/table>\n<h3>Jak u\u017cywa\u0107 tabletkarki stacjonarnej THDP 5?<\/h3>\n<p data-start=\"99\" data-end=\"750\">Tabletkarka stacjonarna THDP 5 to idealne rozwi\u0105zanie do ma\u0142ych i \u015brednich wolumen\u00f3w produkcji w laboratoriach, aptekach, o\u015brodkach badawczych lub do produkcji ma\u0142oseryjnej. Dzi\u0119ki kompaktowej konstrukcji \u0142\u0105czy w sobie profesjonaln\u0105 wydajno\u015b\u0107 z oszcz\u0119dno\u015bci\u0105 miejsca i \u0142atwo\u015bci\u0105 obs\u0142ugi. Obs\u0142uga THDP 5 jest niezwykle prosta i intuicyjna \u2013 mo\u017cna j\u0105 uruchomi\u0107 w bardzo kr\u00f3tkim czasie, bez konieczno\u015bci posiadania specjalistycznej wiedzy. Wszystkie ustawienia, takie jak si\u0142a nacisku, g\u0142\u0119boko\u015b\u0107 nape\u0142nienia i pr\u0119dko\u015b\u0107 prasy, mo\u017cna regulowa\u0107 r\u0119cznie i precyzyjnie, co gwarantuje maksymaln\u0105 elastyczno\u015b\u0107 w produkcji tabletek.<\/p>\n<p data-start=\"752\" data-end=\"1354\">Solidna konstrukcja wykonana z wysokiej jako\u015bci materia\u0142\u00f3w gwarantuje nie tylko trwa\u0142o\u015b\u0107, ale r\u00f3wnie\u017c niezmiennie wysok\u0105 jako\u015b\u0107 kompresji. Dzi\u0119ki maksymalnej sile kompresji do 50 kN, THDP 5 bez problemu produkuje tabletki z szerokiej gamy proszk\u00f3w lub granulat\u00f3w. Maszyna doskonale nadaje si\u0119 do produkcji suplement\u00f3w diety, produkt\u00f3w farmaceutycznych, tabletek chemicznych, a nawet pelet\u00f3w technicznych. Jej wydajno\u015b\u0107 i powtarzalno\u015b\u0107 sprawiaj\u0105, \u017ce jest ona niezast\u0105pionym narz\u0119dziem w procesach rozwojowych lub produkcji seryjnej ma\u0142ych partii.<\/p>\n<p data-start=\"1356\" data-end=\"1846\" data-is-last-node=\"\" data-is-only-node=\"\">Kolejn\u0105 zalet\u0105 jest \u0142atwo\u015b\u0107 czyszczenia i konserwacji \u2013 wszystkie istotne elementy s\u0105 \u0142atwo dost\u0119pne, co minimalizuje przestoje i spe\u0142nia wymogi higieniczne. THDP 5 jest nie tylko funkcjonalny, ale i bezpieczny: zintegrowane zabezpieczenia i wy\u0142\u0105cznik awaryjny zapewniaj\u0105 maksymaln\u0105 niezawodno\u015b\u0107 dzia\u0142ania. Ka\u017cdy, kto szuka wydajnego, kompaktowego i ekonomicznego rozwi\u0105zania do produkcji tabletek, uzna THDP 5 za doskona\u0142y wyb\u00f3r.<\/p>\n<h3 data-start=\"154\" data-end=\"259\"><strong data-start=\"154\" data-end=\"259\">Prasa tabletkarska THDP 5 Desktop \u2013 precyzyjna i niezawodna produkcja tabletek dla laboratori\u00f3w i ma\u0142ych serii produkcyjnych<\/strong><\/h3>\n<p data-start=\"261\" data-end=\"625\">Tabletkarka stacjonarna THDP 5 to idealne rozwi\u0105zanie dla laboratori\u00f3w, aptek i ma\u0142ych zak\u0142ad\u00f3w produkcyjnych, kt\u00f3re wymagaj\u0105 najwy\u017cszej precyzji i wydajno\u015bci w produkcji tabletek. Dzi\u0119ki kompaktowej konstrukcji, ta prasa stacjonarna \u0142\u0105czy w sobie najnowocze\u015bniejsz\u0105 technologi\u0119 z \u0142atwo\u015bci\u0105 obs\u0142ugi, umo\u017cliwiaj\u0105c bezproblemowe przetwarzanie nawet z\u0142o\u017conych formulacji.<\/p>\n<p data-start=\"627\" data-end=\"975\">THDP 5 zachwyca wyj\u0105tkow\u0105 si\u0142\u0105 kompresji i precyzyjnym dozowaniem, umo\u017cliwiaj\u0105c produkcj\u0119 tabletek o r\u00f3\u017cnych rozmiarach, kszta\u0142tach i twardo\u015bciach. Regulowane parametry pozwalaj\u0105 na precyzyjne dopasowanie do konkretnych wymaga\u0144, dzi\u0119ki czemu idealnie nadaje si\u0119 do eksperyment\u00f3w laboratoryjnych, prototyp\u00f3w lub produkcji ma\u0142oseryjnej.<\/p>\n<p data-start=\"977\" data-end=\"1340\">THDP 5 zosta\u0142 zaprojektowany z my\u015bl\u0105 o intuicyjnej obs\u0142udze, a przejrzysty panel sterowania umo\u017cliwia szybkie wprowadzanie ustawie\u0144 i \u0142atwe prze\u0142\u0105czanie mi\u0119dzy r\u00f3\u017cnymi partiami produkcyjnymi. Zintegrowany mechanizm bezpiecze\u0144stwa zapewnia niezawodn\u0105 i bezpieczn\u0105 prac\u0119, gwarantuj\u0105c p\u0142ynny proces produkcji.<\/p>\n<p data-start=\"1342\" data-end=\"1777\">Prasa sto\u0142owa wykonana jest z wysokiej jako\u015bci materia\u0142\u00f3w, kt\u00f3re gwarantuj\u0105 trwa\u0142o\u015b\u0107 i stabilno\u015b\u0107. Jest \u0142atwa w czyszczeniu i konserwacji, co umo\u017cliwia ci\u0105g\u0142\u0105 produkcj\u0119 bez przerw. Prasa THDP 5 nadaje si\u0119 do stosowania w laboratoriach badawczo-rozwojowych, aptekach, ma\u0142ych zak\u0142adach produkcyjnych, produkcji suplement\u00f3w diety oraz do wytwarzania prototyp\u00f3w i ma\u0142ych serii.<\/p>\n<p data-start=\"1779\" data-end=\"2056\">Z tabletkark\u0105 sto\u0142ow\u0105 THDP 5 inwestujesz w precyzj\u0119, wydajno\u015b\u0107 i bezpiecze\u0144stwo. Ta prasa sto\u0142owa to idealny wyb\u00f3r dla ka\u017cdego, kto poszukuje niezawodnego i elastycznego rozwi\u0105zania do produkcji tabletek i chce osi\u0105gn\u0105\u0107 najwy\u017csz\u0105 jako\u015b\u0107 w ka\u017cdej partii.<\/p>","protected":false},"excerpt":{"rendered":"<p><strong><strong>Mo\u017cliwy odbi\u00f3r na terenie Niemiec po wcze\u015bniejszym ustaleniu i za dodatkow\u0105 op\u0142at\u0105 mog\u0119 sprowadzi\u0107 maszyn\u0119 pod wskazany adres, got\u00f3wk\u0105. Zapraszamy do kontaktu pod numerem +49 (0) 160 979 116 53 telefonicznie lub poprzez WhatsApp. M\u00f3wi\u0119 po niemiecku i angielsku<\/strong><\/strong><\/p>","protected":false},"featured_media":2562,"template":"","meta":[],"product_brand":[],"product_cat":[15],"product_tag":[],"class_list":{"0":"post-2366","1":"product","2":"type-product","3":"status-publish","4":"has-post-thumbnail","6":"product_cat-tablettenpressen","8":"first","9":"instock","10":"taxable","11":"shipping-taxable","12":"purchasable","13":"product-type-simple"},"yoast_head":"<!-- This site is optimized with the Yoast SEO plugin v23.3 - https:\/\/yoast.com\/wordpress\/plugins\/seo\/ -->\n<title>THDP 5 Desktop Tablet Press - Hochwertige Tablettenpresse-<\/title>\n<meta name=\"description\" content=\"THDP 5 Desktop Tablet Press - Prod\u00e1m stroj a za\u0159\u00edzen\u00ed na lisov\u00e1n\u00ed tablet. Konkuren\u010dn\u00ed cena - Rychl\u00e1 dodac\u00ed lh\u016fta - Bezpe\u010dn\u00e1 platba - P\u0159\u00edsn\u00e1 kvalita - 24\/7\" \/>\n<meta name=\"robots\" content=\"index, follow, max-snippet:-1, max-image-preview:large, max-video-preview:-1\" \/>\n<link rel=\"canonical\" href=\"https:\/\/tabletpress-store.com\/pl\/produkt\/tdp-1-5-single-punch-tablet-press\/\" \/>\n<meta property=\"og:locale\" content=\"pl_PL\" \/>\n<meta property=\"og:type\" content=\"article\" \/>\n<meta property=\"og:title\" content=\"THDP 5 Desktop Tablet Press - Hochwertige Tablettenpresse-\" \/>\n<meta property=\"og:description\" content=\"THDP 5 Desktop Tablet Press - Prod\u00e1m stroj a za\u0159\u00edzen\u00ed na lisov\u00e1n\u00ed tablet. Konkuren\u010dn\u00ed cena - Rychl\u00e1 dodac\u00ed lh\u016fta - Bezpe\u010dn\u00e1 platba - P\u0159\u00edsn\u00e1 kvalita - 24\/7\" \/>\n<meta property=\"og:url\" content=\"https:\/\/tabletpress-store.com\/pl\/produkt\/tdp-1-5-single-punch-tablet-press\/\" \/>\n<meta property=\"og:site_name\" content=\"Tablettenpressen\" \/>\n<meta property=\"article:modified_time\" content=\"2026-01-06T08:26:58+00:00\" \/>\n<meta property=\"og:image\" content=\"https:\/\/tabletpress-store.com\/wp-content\/uploads\/2024\/01\/THDP-5-1-600x600.webp.png\" \/>\n\t<meta property=\"og:image:width\" content=\"600\" \/>\n\t<meta property=\"og:image:height\" content=\"600\" \/>\n\t<meta property=\"og:image:type\" content=\"image\/png\" \/>\n<meta name=\"twitter:card\" content=\"summary_large_image\" \/>\n<meta name=\"twitter:label1\" content=\"Szacowany czas czytania\" \/>\n\t<meta name=\"twitter:data1\" content=\"5 minut\" \/>\n<script type=\"application\/ld+json\" class=\"yoast-schema-graph\">{\"@context\":\"https:\/\/schema.org\",\"@graph\":[{\"@type\":\"WebPage\",\"@id\":\"https:\/\/tabletpress-store.com\/produkt\/tdp-1-5-single-punch-tablet-press\/\",\"url\":\"https:\/\/tabletpress-store.com\/produkt\/tdp-1-5-single-punch-tablet-press\/\",\"name\":\"THDP 5 Desktop Tablet Press - Hochwertige Tablettenpresse-\",\"isPartOf\":{\"@id\":\"https:\/\/tabletpress-store.com\/pl\/#website\"},\"primaryImageOfPage\":{\"@id\":\"https:\/\/tabletpress-store.com\/produkt\/tdp-1-5-single-punch-tablet-press\/#primaryimage\"},\"image\":{\"@id\":\"https:\/\/tabletpress-store.com\/produkt\/tdp-1-5-single-punch-tablet-press\/#primaryimage\"},\"thumbnailUrl\":\"https:\/\/tabletpress-store.com\/wp-content\/uploads\/2024\/01\/THDP-5-1-600x600.webp.png\",\"datePublished\":\"2024-01-13T09:55:08+00:00\",\"dateModified\":\"2026-01-06T08:26:58+00:00\",\"description\":\"THDP 5 Desktop Tablet Press - Prod\u00e1m stroj a za\u0159\u00edzen\u00ed na lisov\u00e1n\u00ed tablet. Konkuren\u010dn\u00ed cena - Rychl\u00e1 dodac\u00ed lh\u016fta - Bezpe\u010dn\u00e1 platba - P\u0159\u00edsn\u00e1 kvalita - 24\/7\",\"breadcrumb\":{\"@id\":\"https:\/\/tabletpress-store.com\/produkt\/tdp-1-5-single-punch-tablet-press\/#breadcrumb\"},\"inLanguage\":\"pl-PL\",\"potentialAction\":[{\"@type\":\"ReadAction\",\"target\":[\"https:\/\/tabletpress-store.com\/produkt\/tdp-1-5-single-punch-tablet-press\/\"]}]},{\"@type\":\"ImageObject\",\"inLanguage\":\"pl-PL\",\"@id\":\"https:\/\/tabletpress-store.com\/produkt\/tdp-1-5-single-punch-tablet-press\/#primaryimage\",\"url\":\"https:\/\/tabletpress-store.com\/wp-content\/uploads\/2024\/01\/THDP-5-1-600x600.webp.png\",\"contentUrl\":\"https:\/\/tabletpress-store.com\/wp-content\/uploads\/2024\/01\/THDP-5-1-600x600.webp.png\",\"width\":600,\"height\":600,\"caption\":\"rotary tablet press tdp 5\"},{\"@type\":\"BreadcrumbList\",\"@id\":\"https:\/\/tabletpress-store.com\/produkt\/tdp-1-5-single-punch-tablet-press\/#breadcrumb\",\"itemListElement\":[{\"@type\":\"ListItem\",\"position\":1,\"name\":\"Startseite\",\"item\":\"https:\/\/tabletpress-store.com\/\"},{\"@type\":\"ListItem\",\"position\":2,\"name\":\"Shop\",\"item\":\"https:\/\/tabletpress-store.com\/shop\/\"},{\"@type\":\"ListItem\",\"position\":3,\"name\":\"THDP 5 Desktop Tablet Press\"}]},{\"@type\":\"WebSite\",\"@id\":\"https:\/\/tabletpress-store.com\/pl\/#website\",\"url\":\"https:\/\/tabletpress-store.com\/pl\/\",\"name\":\"Tabletpress Store\",\"description\":\"Tablettenpressen f\u00fcr die Produktion von Medikamenten oder Supplements\",\"publisher\":{\"@id\":\"https:\/\/tabletpress-store.com\/pl\/#organization\"},\"potentialAction\":[{\"@type\":\"SearchAction\",\"target\":{\"@type\":\"EntryPoint\",\"urlTemplate\":\"https:\/\/tabletpress-store.com\/pl\/?s={search_term_string}\"},\"query-input\":\"required name=search_term_string\"}],\"inLanguage\":\"pl-PL\"},{\"@type\":\"Organization\",\"@id\":\"https:\/\/tabletpress-store.com\/pl\/#organization\",\"name\":\"Tabletpress Store\",\"url\":\"https:\/\/tabletpress-store.com\/pl\/\",\"logo\":{\"@type\":\"ImageObject\",\"inLanguage\":\"pl-PL\",\"@id\":\"https:\/\/tabletpress-store.com\/pl\/#\/schema\/logo\/image\/\",\"url\":\"https:\/\/tabletpress-store.com\/wp-content\/uploads\/2023\/07\/tablettpress-store-logo.png\",\"contentUrl\":\"https:\/\/tabletpress-store.com\/wp-content\/uploads\/2023\/07\/tablettpress-store-logo.png\",\"width\":1800,\"height\":1800,\"caption\":\"Tabletpress Store\"},\"image\":{\"@id\":\"https:\/\/tabletpress-store.com\/pl\/#\/schema\/logo\/image\/\"}}]}<\/script>\n<!-- \/ Yoast SEO plugin. -->","yoast_head_json":{"title":"THDP 5 Desktop Tablet Press - Hochwertige Tablettenpresse-","description":"THDP 5 Desktop Tablet Press - Prod\u00e1m stroj a za\u0159\u00edzen\u00ed na lisov\u00e1n\u00ed tablet. Konkuren\u010dn\u00ed cena - Rychl\u00e1 dodac\u00ed lh\u016fta - Bezpe\u010dn\u00e1 platba - P\u0159\u00edsn\u00e1 kvalita - 24\/7","robots":{"index":"index","follow":"follow","max-snippet":"max-snippet:-1","max-image-preview":"max-image-preview:large","max-video-preview":"max-video-preview:-1"},"canonical":"https:\/\/tabletpress-store.com\/pl\/produkt\/tdp-1-5-single-punch-tablet-press\/","og_locale":"pl_PL","og_type":"article","og_title":"THDP 5 Desktop Tablet Press - Hochwertige Tablettenpresse-","og_description":"THDP 5 Desktop Tablet Press - Prod\u00e1m stroj a za\u0159\u00edzen\u00ed na lisov\u00e1n\u00ed tablet. Konkuren\u010dn\u00ed cena - Rychl\u00e1 dodac\u00ed lh\u016fta - Bezpe\u010dn\u00e1 platba - P\u0159\u00edsn\u00e1 kvalita - 24\/7","og_url":"https:\/\/tabletpress-store.com\/pl\/produkt\/tdp-1-5-single-punch-tablet-press\/","og_site_name":"Tablettenpressen","article_modified_time":"2026-01-06T08:26:58+00:00","og_image":[{"width":600,"height":600,"url":"https:\/\/tabletpress-store.com\/wp-content\/uploads\/2024\/01\/THDP-5-1-600x600.webp.png","type":"image\/png"}],"twitter_card":"summary_large_image","twitter_misc":{"Szacowany czas czytania":"5 minut"},"schema":{"@context":"https:\/\/schema.org","@graph":[{"@type":"WebPage","@id":"https:\/\/tabletpress-store.com\/produkt\/tdp-1-5-single-punch-tablet-press\/","url":"https:\/\/tabletpress-store.com\/produkt\/tdp-1-5-single-punch-tablet-press\/","name":"THDP 5 Desktop Tablet Press - Hochwertige Tablettenpresse-","isPartOf":{"@id":"https:\/\/tabletpress-store.com\/pl\/#website"},"primaryImageOfPage":{"@id":"https:\/\/tabletpress-store.com\/produkt\/tdp-1-5-single-punch-tablet-press\/#primaryimage"},"image":{"@id":"https:\/\/tabletpress-store.com\/produkt\/tdp-1-5-single-punch-tablet-press\/#primaryimage"},"thumbnailUrl":"https:\/\/tabletpress-store.com\/wp-content\/uploads\/2024\/01\/THDP-5-1-600x600.webp.png","datePublished":"2024-01-13T09:55:08+00:00","dateModified":"2026-01-06T08:26:58+00:00","description":"THDP 5 Desktop Tablet Press - Prod\u00e1m stroj a za\u0159\u00edzen\u00ed na lisov\u00e1n\u00ed tablet. Konkuren\u010dn\u00ed cena - Rychl\u00e1 dodac\u00ed lh\u016fta - Bezpe\u010dn\u00e1 platba - P\u0159\u00edsn\u00e1 kvalita - 24\/7","breadcrumb":{"@id":"https:\/\/tabletpress-store.com\/produkt\/tdp-1-5-single-punch-tablet-press\/#breadcrumb"},"inLanguage":"pl-PL","potentialAction":[{"@type":"ReadAction","target":["https:\/\/tabletpress-store.com\/produkt\/tdp-1-5-single-punch-tablet-press\/"]}]},{"@type":"ImageObject","inLanguage":"pl-PL","@id":"https:\/\/tabletpress-store.com\/produkt\/tdp-1-5-single-punch-tablet-press\/#primaryimage","url":"https:\/\/tabletpress-store.com\/wp-content\/uploads\/2024\/01\/THDP-5-1-600x600.webp.png","contentUrl":"https:\/\/tabletpress-store.com\/wp-content\/uploads\/2024\/01\/THDP-5-1-600x600.webp.png","width":600,"height":600,"caption":"rotary tablet press tdp 5"},{"@type":"BreadcrumbList","@id":"https:\/\/tabletpress-store.com\/produkt\/tdp-1-5-single-punch-tablet-press\/#breadcrumb","itemListElement":[{"@type":"ListItem","position":1,"name":"Startseite","item":"https:\/\/tabletpress-store.com\/"},{"@type":"ListItem","position":2,"name":"Shop","item":"https:\/\/tabletpress-store.com\/shop\/"},{"@type":"ListItem","position":3,"name":"THDP 5 Desktop Tablet Press"}]},{"@type":"WebSite","@id":"https:\/\/tabletpress-store.com\/pl\/#website","url":"https:\/\/tabletpress-store.com\/pl\/","name":"Tabletpress Store","description":"Tablettenpressen f\u00fcr die Produktion von Medikamenten oder Supplements","publisher":{"@id":"https:\/\/tabletpress-store.com\/pl\/#organization"},"potentialAction":[{"@type":"SearchAction","target":{"@type":"EntryPoint","urlTemplate":"https:\/\/tabletpress-store.com\/pl\/?s={search_term_string}"},"query-input":"required name=search_term_string"}],"inLanguage":"pl-PL"},{"@type":"Organization","@id":"https:\/\/tabletpress-store.com\/pl\/#organization","name":"Tabletpress Store","url":"https:\/\/tabletpress-store.com\/pl\/","logo":{"@type":"ImageObject","inLanguage":"pl-PL","@id":"https:\/\/tabletpress-store.com\/pl\/#\/schema\/logo\/image\/","url":"https:\/\/tabletpress-store.com\/wp-content\/uploads\/2023\/07\/tablettpress-store-logo.png","contentUrl":"https:\/\/tabletpress-store.com\/wp-content\/uploads\/2023\/07\/tablettpress-store-logo.png","width":1800,"height":1800,"caption":"Tabletpress Store"},"image":{"@id":"https:\/\/tabletpress-store.com\/pl\/#\/schema\/logo\/image\/"}}]}},"_links":{"self":[{"href":"https:\/\/tabletpress-store.com\/pl\/wp-json\/wp\/v2\/product\/2366","targetHints":{"allow":["GET"]}}],"collection":[{"href":"https:\/\/tabletpress-store.com\/pl\/wp-json\/wp\/v2\/product"}],"about":[{"href":"https:\/\/tabletpress-store.com\/pl\/wp-json\/wp\/v2\/types\/product"}],"wp:featuredmedia":[{"embeddable":true,"href":"https:\/\/tabletpress-store.com\/pl\/wp-json\/wp\/v2\/media\/2562"}],"wp:attachment":[{"href":"https:\/\/tabletpress-store.com\/pl\/wp-json\/wp\/v2\/media?parent=2366"}],"wp:term":[{"taxonomy":"product_brand","embeddable":true,"href":"https:\/\/tabletpress-store.com\/pl\/wp-json\/wp\/v2\/product_brand?post=2366"},{"taxonomy":"product_cat","embeddable":true,"href":"https:\/\/tabletpress-store.com\/pl\/wp-json\/wp\/v2\/product_cat?post=2366"},{"taxonomy":"product_tag","embeddable":true,"href":"https:\/\/tabletpress-store.com\/pl\/wp-json\/wp\/v2\/product_tag?post=2366"}],"curies":[{"name":"wp","href":"https:\/\/api.w.org\/{rel}","templated":true}]}}